{"id":18591,"date":"2024-06-06T13:33:34","date_gmt":"2024-06-06T11:33:34","guid":{"rendered":"https:\/\/antoniuscaviar.com\/?page_id=18591"},"modified":"2024-07-19T11:50:17","modified_gmt":"2024-07-19T09:50:17","slug":"piscicultura","status":"publish","type":"page","link":"https:\/\/antoniuscaviar.com\/es\/piscicultura\/","title":{"rendered":"Piscicultura"},"content":{"rendered":"<div class=\"l-discover\">\n\t\t<div class=\"l-discover__resized-video js-resized-video-wrapper\">\n\t\t<span class=\"c-video-box__close js-video-close\">\n\t\t\t<svg width=\"32\" height=\"32\" viewBox=\"0 0 32 32\" xmlns=\"http:\/\/www.w3.org\/2000\/svg\">\n\t\t\t\t<path d=\"M4.93953 4.02002L4.01953 4.94002L15.0795 16L4.01953 27.06L4.93953 27.98L15.9995 16.92L27.0595 27.98L27.9795 27.06L16.9195 16L27.9795 4.94002L27.0595 4.02002L15.9995 15.08L4.93953 4.02002Z\"\/>\n\t\t\t<\/svg>\n\t\t<\/span>\n\t\t<div style=\"padding:56.25% 0 0 0;position:relative;\">\n\t\t\t<iframe class=\"js-resized-video l-discover__resized-video-iframe\" src=\"https:\/\/player.vimeo.com\/video\/776505902\" frameborder=\"0\" allow=\"autoplay; fullscreen; picture-in-picture\" allowfullscreen><\/iframe>\n\t\t<\/div>\n\t\t<script src=\"https:\/\/player.vimeo.com\/api\/player.js\"><\/script>\n\t<\/div>\n\t<div class=\"js-video-anim-trigger\">\n\t\t\t<nav class=\"l-discover__navigation\">\n\t\t<div class=\"l-inner\">\n\t\t\t<ul class=\"c-categories__list\">\n\t\t\t\t\t\t\t\t\t\t\t\t\t\t\t\t\t\t\t\t<li class=\"c-categories__list-item t-body-3 \" >\n\t\t\t\t\t\t\t<a href=\"https:\/\/antoniuscaviar.com\/es\/quienes-somos\/\" class=\"c-link c-link--border\">Qui\u00e9nes somos<\/a>\n\t\t\t\t\t\t<\/li>\n\t\t\t\t\t\t\t\t\t\t\t\t\t\t\t\t\t\t\t\t\t\t\t\t\t<li class=\"c-categories__list-item t-body-3 \" >\n\t\t\t\t\t\t\t<a href=\"https:\/\/antoniuscaviar.com\/es\/nuestros-valores\/\" class=\"c-link c-link--border\">Nuestros valores<\/a>\n\t\t\t\t\t\t<\/li>\n\t\t\t\t\t\t\t\t\t\t\t\t\t\t\t\t\t\t\t\t\t\t\t\t\t<li class=\"c-categories__list-item t-body-3  is-active\" >\n\t\t\t\t\t\t\t<a href=\"https:\/\/antoniuscaviar.com\/es\/piscicultura\/\" class=\"c-link c-link--border\">Piscicultura<\/a>\n\t\t\t\t\t\t<\/li>\n\t\t\t\t\t\t\t\t\t\t\t\t<\/ul>\n\t\t<\/div>\n\t<\/nav>\n\t\t<section class=\"l-spacing l-spacing--l\"><\/section>\n\t\t\t<section class=\"l-discover__section js-discover-heading-section\">\n\t\t<div class=\"l-inner\">\n\t\t\t<div class=\"c-discover__heading\">\n\t\t\t\t\t\t\t\t\t<h1 class=\"c-discover__heading-title t-headline-4 t-upper\">\n\t\t\t\t\t\tLA PERFECCI\u00d3N TIENE SU PRINCIPIO EN EL AGUA CRISTALINA\t\t\t\t\t<\/h1>\n\t\t\t\t\t\t\t\t\t\t\t<\/div>\n\t\t<\/div>\n\t<\/section>\n\t\t<section class=\"l-spacing l-spacing--l\"><\/section>\n\t\t\t<section class=\"l-discover__section js-discover-video-section\">\n\t\t<div class=\"l-inner l-inner--fullwidth-mobile\">\n\t\t\t<div class=\"c-discover__video js-small-video-wrapper\">\n\t\t\t\t<span class=\"c-discover__video-icon\">\n\t\t\t\t\t\t\t\t\t\t\t<span class=\"c-button c-button--bordered-white\">\n\t\t\t\t\t\t\tDescubre el v\u00eddeo sobre nosotros\t\t\t\t\t\t<\/span>\n\t\t\t\t\t\t\t\t\t<\/span>\n\t\t\t\t<div class=\"c-video-box\" style=\"background-image: url('https:\/\/antoniuscaviar.com\/wp-content\/uploads\/2022\/03\/hero.jpeg');\">\n\t\t\t\t\t<video class=\"c-video-box__video js-small-video\" poster=\"https:\/\/antoniuscaviar.com\/wp-content\/uploads\/2022\/03\/hero.jpeg\" autoplay muted loop playsinline data-keepplaying>\n\t\t\t\t\t\t<source src=\"https:\/\/antoniuscaviar.com\/wp-content\/uploads\/2022\/11\/teaser-2.mp4\" type=\"video\/mp4\">\n\t\t\t\t\t<\/video>\n\t\t\t\t<\/div>\n\t\t\t\t<img decoding=\"async\" src=\"https:\/\/antoniuscaviar.com\/wp-content\/uploads\/2022\/03\/hero.jpeg\" alt=\"\" class=\"c-discover__video-placeholder\">\n\t\t\t<\/div>\n\t\t<\/div>\n\t<\/section>\n\t<\/div>\n\t<section class=\"l-spacing l-spacing--l l-spacing--none-desktop\"><\/section>\n\n\t\t\t\t<section class=\"l-discover__section\">\n\t\t\t<div class=\"l-inner\">\n\t\t\t\t<div class=\"c-discover__image\">\n\t\t\t\t\t\t\t\t\t\t\t<p class=\"c-discover__image-text c-discover__image-text--alt c-discover__image-text--xl js-reveal-top\">\n\t\t\t\t\t\t\tLas aguas cristalinas, la naturaleza impoluta y salvaje, el ritmo de vida marcado por los ciclos naturales. Creemos que la calidad de nuestro caviar depende directamente del bienestar de nuestros esturiones.\t\t\t\t\t\t<\/p>\n\t\t\t\t\t\t\t\t\t\t\t\t\t\t\t\t<div class=\"c-discover__image-media c-discover__image-media--spacing-12 js-reveal-top\">\n\t\t\t\t\t\t\t<img decoding=\"async\" src=\"https:\/\/antoniuscaviar.com\/wp-content\/uploads\/2022\/03\/image-text-5.jpeg\" alt=\"\">\n\t\t\t\t\t\t<\/div>\n\t\t\t\t\t\t\t\t\t<\/div>\n\t\t\t<\/div>\n\t\t<\/section>\n\t\t<section class=\"l-spacing l-spacing--l l-spacing--none-desktop\"><\/section>\n\t\t\n\t\t\t\t<section class=\"l-discover__section\">\n\t\t\t<div class=\"l-inner\">\n\t\t\t\t<div class=\"c-discover__text c-discover__text--end js-reveal-top\">\n\t\t\t\t\t<p class=\"t-body-large\">\n\t\t\t\t\t\tLos id\u00edlicos paisajes de Varmia, Cuyavia y Gran Polonia es donde se encuentran nuestras tres piscifactor\u00edas. Alejados de la civilizaci\u00f3n entre prados, bosques y morrenas glaciares. En los territorios de la zona de protecci\u00f3n Natura 2000. Cerca de unas reservas naturales. Lejos de las ciudades y de las aglomeraciones.\t\t\t\t\t<\/p>\n\t\t\t\t<\/div>\n\t\t\t<\/div>\n\t\t<\/section>\n\t\t<section class=\"l-spacing l-spacing--l\"><\/section>\n\t\t\n\t\t\t\t<section class=\"l-discover__section\">\n\t\t\t<div class=\"l-inner\">\n\t\t\t\t<div class=\"c-discover__quote c-discover__quote--l js-reveal-top\">\n\t\t\t\t\t<p class=\"c-discover__quote-text\">\n\t\t\t\t\t\tAqu\u00ed es donde viven nuestros esturiones \u2013 nuestro orgullo, la raz\u00f3n de nuestros esfuerzos y cuidados.\t\t\t\t\t<\/p>\n\t\t\t\t<\/div>\n\t\t\t<\/div>\n\t\t<\/section>\n\t\t<section class=\"l-spacing l-spacing--l\"><\/section>\n\t\t\n\t\t\t\t<section class=\"l-discover__section\">\n\t\t\t<div class=\"l-inner\">\n\t\t\t\t<div class=\"c-discover__image c-discover__image--no-text js-reveal-top\">\n\t\t\t\t\t<div class=\"c-discover__image-media\">\n\t\t\t\t\t\t<img decoding=\"async\" src=\"https:\/\/antoniuscaviar.com\/wp-content\/uploads\/2022\/12\/MG_7690-1-e1669989293224.jpg\" alt=\"\">\n\t\t\t\t\t<\/div>\n\t\t\t\t<\/div>\n\t\t\t<\/div>\n\t\t<\/section>\n\t\t<section class=\"l-spacing l-spacing--l\"><\/section>\n\t\t\n\t\t\t\t<section class=\"l-discover__section\">\n\t\t\t<div class=\"l-inner\">\n\t\t\t\t<div class=\"c-discover__text c-discover__text--end js-reveal-top\">\n\t\t\t\t\t<p class=\"t-body-large\">\n\t\t\t\t\t\tLos criamos en las aguas puras de los r\u00edos cercanos. Viven en armon\u00eda con el ritmo de las estaciones y se desarrollan a su propio ritmo \u2013 no estimulamos artificialmente su crecimiento ni aceleramos nada.\t\t\t\t\t<\/p>\n\t\t\t\t<\/div>\n\t\t\t<\/div>\n\t\t<\/section>\n\t\t<section class=\"l-spacing l-spacing--l\"><\/section>\n\t\t\n\t\t\t\t<section class=\"l-discover__section\">\n\t\t\t<div class=\"l-inner\">\n\t\t\t\t<figure class=\"c-simple-image js-reveal-top\">\n\t\t\t\t\t<img decoding=\"async\" src=\"https:\/\/antoniuscaviar.com\/wp-content\/uploads\/2022\/12\/MG_7634-1-1920x1050.jpg\" alt=\"\">\n\t\t\t\t<\/figure>\n\t\t\t<\/div>\n\t\t<\/section>\n\t\t<section class=\"l-spacing l-spacing--l\"><\/section>\n\t\t\n\t\t\t\t<section class=\"l-discover__section\">\n\t\t\t<div class=\"l-inner\">\n\t\t\t\t<div class=\"c-discover__heading js-reveal-top\">\n\t\t\t\t\t<h2 class=\"c-discover__heading-title t-headline-4 t-upper\">\n\t\t\t\t\t\tSUAVE PARSIMONIA\t\t\t\t\t<\/h2>\n\t\t\t\t<\/div>\n\t\t\t<\/div>\n\t\t<\/section>\n\t\t<section class=\"l-spacing l-spacing--l\"><\/section>\n\t\t\n\t\t\t\t<section class=\"l-discover__section\">\n\t\t\t<div class=\"l-inner l-inner--fullwidth-mobile\">\n\t\t\t\t<div class=\"c-discover__image c-discover__image--fullwidth\">\n\t\t\t\t\t\t\t\t\t\t\t<p class=\"c-discover__image-text c-discover__image-text--alt c-discover__image-text--xl js-reveal-top\">\n\t\t\t\t\t\t\tAlimentamos a nuestros peces a mano con alimentos de alta calidad. Recreamos con todo detalle los entornos naturales de los esturiones y, al disponer de tres instalaciones diferentes, podemos proporcionar a nuestros peces las condiciones exactas que necesitan en cada etapa de su vida.\t\t\t\t\t\t<\/p>\n\t\t\t\t\t\t\t\t\t\t\t\t\t\t\t\t<div class=\"c-discover__image-media c-discover__image-media--spacing-12 js-reveal-top\">\n\t\t\t\t\t\t\t<img decoding=\"async\" src=\"https:\/\/antoniuscaviar.com\/wp-content\/uploads\/2022\/03\/image-text-7.jpeg\" alt=\"\">\n\t\t\t\t\t\t<\/div>\n\t\t\t\t\t\t\t\t\t<\/div>\n\t\t\t<\/div>\n\t\t<\/section>\n\t\t<section class=\"l-spacing l-spacing--l l-spacing--none-desktop\"><\/section>\n\t\t\n\t\t\t\t<section class=\"l-discover__section\">\n\t\t\t<div class=\"l-inner\">\n\t\t\t\t<div class=\"c-discover__text c-discover__text--end js-reveal-top\">\n\t\t\t\t\t<p class=\"t-body-large\">\n\t\t\t\t\t\tLa excepcional atenci\u00f3n a cada detalle se ve reflejada en la calidad del caviar. Sus perlas son firmes, el\u00e1sticas, bien formadas y brillantes, con una textura suave y untuosa. Sabor puro e intenso.\t\t\t\t\t<\/p>\n\t\t\t\t<\/div>\n\t\t\t<\/div>\n\t\t<\/section>\n\t\t<section class=\"l-spacing l-spacing--l\"><\/section>\n\t\t\n\t\t\t\t<section class=\"l-discover__section\">\n\t\t\t<div class=\"l-inner\">\n\t\t\t\t<div class=\"c-discover__text js-reveal-top\">\n\t\t\t\t\t<p class=\"t-body-large\">\n\t\t\t\t\tLa pureza del sabor resulta de las claras aguas artesianas profundas. All\u00ed es donde nuestros esturiones nadan en la \u00faltima etapa de cr\u00eda. Gracias a la temperatura estable de esas aguas, podemos producir caviar continuamente durante todo el a\u00f1o y nuestros clientes pueden disfrutar de su sabor en cualquier temporada.\t\t\t\t\t<\/p>\n\t\t\t\t<\/div>\n\t\t\t<\/div>\n\t\t<\/section>\n\t\t<section class=\"l-spacing l-spacing--l\"><\/section>\n\t\t\n\t\t\t\t<section class=\"l-discover__section\">\n\t\t\t<div class=\"l-inner\">\n\t\t\t\t<div class=\"c-discover__heading js-reveal-top\">\n\t\t\t\t\t<h2 class=\"c-discover__heading-title t-headline-4 t-upper\">\n\t\t\t\t\t\tLA PERFECCI\u00d3N EN CADA ESPECIE\t\t\t\t\t<\/h2>\n\t\t\t\t<\/div>\n\t\t\t<\/div>\n\t\t<\/section>\n\t\t<section class=\"l-spacing l-spacing--l\"><\/section>\n\t\t\n\t\t\t\t<section class=\"l-discover__section\">\n\t\t\t<div class=\"l-inner l-inner--fullwidth-mobile\">\n\t\t\t\t<div class=\"c-discover__image c-discover__image--fullwidth\">\n\t\t\t\t\t\t\t\t\t\t\t<p class=\"c-discover__image-text c-discover__image-text--alt c-discover__image-text--l js-reveal-top\">\n\t\t\t\t\t\t\tEn nuestras pisciculturas criamos dos especies de esturiones: Acipenser gueldenstaedtii, que proporciona nuestra ic\u00f3nica Oscietra, y Acipenser baerii, la base de nuestro extraordinario Siberian.\t\t\t\t\t\t<\/p>\n\t\t\t\t\t\t\t\t\t\t\t\t\t\t\t\t<div class=\"c-discover__image-media c-discover__image-media--spacing-12 js-reveal-top\">\n\t\t\t\t\t\t\t<img decoding=\"async\" src=\"https:\/\/antoniuscaviar.com\/wp-content\/uploads\/2022\/03\/image-text-8.jpeg\" alt=\"\">\n\t\t\t\t\t\t<\/div>\n\t\t\t\t\t\t\t\t\t<\/div>\n\t\t\t<\/div>\n\t\t<\/section>\n\t\t<section class=\"l-spacing l-spacing--l\"><\/section>\n\t\t\n\t\t\t\t<section class=\"l-discover__section\">\n\t\t\t<div class=\"l-inner\">\n\t\t\t\t<div class=\"c-discover__text js-reveal-top\">\n\t\t\t\t\t<p class=\"t-body-large\">\n\t\t\t\t\t\tTodos los peces est\u00e1n bajo nuestro cuidado constante y cada par\u00e1metro de la cr\u00eda se controla las 24 horas del d\u00eda. Desde la composici\u00f3n y cantidad de alimentos hasta la temperatura del aire y agua, hasta los an\u00e1lisis microbiol\u00f3gicos, bioqu\u00edmicos y fisicoqu\u00edmicos detallados de todo el ecosistema.\t\t\t\t\t<\/p>\n\t\t\t\t<\/div>\n\t\t\t<\/div>\n\t\t<\/section>\n\t\t<section class=\"l-spacing l-spacing--l\"><\/section>\n\t\t\n\t\t<section class=\"l-discover__section l-discover__section--cta\">\n\t\t<div class=\"l-inner\">\n\t\t\t<div class=\"c-discover__cta js-reveal-top\">\n\t\t\t\t\t\t\t\t\t<p class=\"c-discover__cta-heading t-body-3\">\n\t\t\t\t\t\tDescubre m\u00e1s\t\t\t\t\t<\/p>\n\t\t\t\t\t\t\t\t\t\t\t\t\t<a href=\"https:\/\/antoniuscaviar.com\/es\/quienes-somos\/\" class=\"c-discover__cta-link t-headline-4\"  >\n\t\t\t\t\t\t<div class=\"c-discover__cta-icon\">\n\t\t\t\t\t\t\t<svg width=\"24\" height=\"24\" viewBox=\"0 0 24 24\" xmlns=\"http:\/\/www.w3.org\/2000\/svg\">\n\t\t\t\t\t\t\t\t<path d=\"M6.71298 2.40548C6.71673 2.5311 6.76923 2.6511 6.8611 2.73923L16.1217 11.9999L6.8611 21.2605C6.76735 21.3505 6.71673 21.4742 6.71485 21.6036C6.71673 21.8005 6.83485 21.9749 7.01485 22.0499C7.19673 22.123 7.40298 22.0799 7.53985 21.9392L17.1399 12.3392C17.3274 12.1517 17.3274 11.848 17.1399 11.6605L7.53985 2.06048C7.40298 1.91798 7.1911 1.87485 7.00923 1.94985C6.82735 2.02673 6.70923 2.20673 6.71298 2.40548Z\" \/>\n\t\t\t\t\t\t\t<\/svg>\n\t\t\t\t\t\t<\/div>\n\t\t\t\t\t\t<p class=\"c-discover__cta-title\">\n\t\t\t\t\t\t\tQUI\u00c9NES SOMOS\t\t\t\t\t\t<\/p>\n\t\t\t\t\t<\/a>\n\t\t\t\t\t\t\t<\/div>\n\t\t<\/div>\n\t<\/section>\n\t<section class=\"l-spacing l-spacing--l\"><\/section>\n\t\t<section class=\"l-spacing l-spacing--l\"><\/section>\n<\/div>\n\n\n<section class=\"l-single-product-slider l-slider \">\n\t<div class=\"l-inner\">\n\t\t<div class=\"c-single-product-slider js-slider\" data-slider-type=\"singleProduct\">\n\t\t\t<ul class=\"c-single-product-slider__wrapper swiper-wrapper\">\n\t\t\t\t\t\t\t\t\t\t\t\t\t\t\t\t\t\t\t\t<li class=\"c-single-product-slider__slide swiper-slide\">\n\t\t\t\t\t\t\t<div class=\"c-single-product-box\">\n\t\t\t\t\t\t\t\t\t\t\t\t\t\t\t\t\t<div class=\"c-single-product-box__media\">\n\t\t\t\t\t\t\t\t\t\t<img decoding=\"async\" onClick='window.location.href = \"https:\/\/antoniuscaviar.com\/es\/categoria-producto\/caviar-siberian\/\"'\t\t\t\t\t\t\t\t\t\t src=\"https:\/\/antoniuscaviar.com\/wp-content\/uploads\/2022\/11\/can_siberian_6stars-288x288.png\" alt=\"\" \/>\n\t\t\t\t\t\t\t\t\t<\/div>\n\t\t\t\t\t\t\t\t\t\t\t\t\t\t\t\t<div class=\"c-single-product-box__content\">\n\t\t\t\t\t\t\t\t\t\t\t\t\t\t\t\t\t\t\t<h4 class=\"c-single-product-box__title t-headline-2\">\n\t\t\t\t\t\t\t\t\t\t\tCaviar Siberian\t\t\t\t\t\t\t\t\t\t<\/h4>\n\t\t\t\t\t\t\t\t\t\t\t\t\t\t\t\t\t\t\t\t\t\t\t\t\t\t\t\t<p class=\"c-single-product-box__desc t-body-3\">\n\t\t\t\t\t\t\t\t\t\t\tCaviar de esturiones de la especie Acipenser baerii (esturi\u00f3n siberiano). Destaca por su sabor rico y complejo, con un regusto final claro y largo.\t\t\t\t\t\t\t\t\t\t<\/p>\n\t\t\t\t\t\t\t\t\t\t\t\t\t\t\t\t\t\t\t\t\t\t\t\t\t\t\t\t<div class=\"c-single-product-box__action\">\n\t\t\t\t\t\t\t\t\t\t\t\t\t\t\t\t\t\t\t\t\t\t\t\t\t\t\t\t\t\t\t\t\t\t\t\t\t\t\t\t\t\t\t\t\t\t\t\t\t\t\t\t\t\t\t\t\t\t\t\t\t\t<a href=\"https:\/\/antoniuscaviar.com\/es\/gama-completa\/\" class=\"c-button c-button--bordered t-upper\" >TIENDA<\/a>\n\t\t\t\t\t\t\t\t\t\t\t\t\t\t\t\t\t\t\t\t\t\t\t\t\t\t\t\t\t\t\t\t\t\t\t\t\t\t\t\t\t\t\t\t\t\t\t\t\t\t\t\t\t\t\t\t\t\t\t\t\t\t\t\t\t\t\t\t\t\t\t\t\t\t\t\t\t\t\t\t\t\t\t\t\t\t\t<a href=\"https:\/\/antoniuscaviar.com\/es\/categoria-producto\/caviar-siberian\/\" class=\"c-link t-upper\" >LEER M\u00c1S<\/a>\n\t\t\t\t\t\t\t\t\t\t\t\t\t\t\t\t\t\t\t\t\t\t\t\t\t\t\t\t\t\t\t\t\t\t\t\t\t\t\t\t\t\t\t\t\t\t<\/div>\n\t\t\t\t\t\t\t\t\t\t\t\t\t\t\t\t\t<\/div>\n\t\t\t\t\t\t\t<\/div>\n\t\t\t\t\t\t<\/li>\n\t\t\t\t\t\t\t\t\t\t\t\t\t\t\t\t\t\t\t\t\t\t\t\t\t<li class=\"c-single-product-slider__slide swiper-slide\">\n\t\t\t\t\t\t\t<div class=\"c-single-product-box\">\n\t\t\t\t\t\t\t\t\t\t\t\t\t\t\t\t\t<div class=\"c-single-product-box__media\">\n\t\t\t\t\t\t\t\t\t\t<img decoding=\"async\" onClick='window.location.href = \"https:\/\/antoniuscaviar.com\/es\/categoria-producto\/caviar-oscietra\/\"'\t\t\t\t\t\t\t\t\t\t src=\"https:\/\/antoniuscaviar.com\/wp-content\/uploads\/2022\/11\/can_oscietra_6stars-288x288.png\" alt=\"\" \/>\n\t\t\t\t\t\t\t\t\t<\/div>\n\t\t\t\t\t\t\t\t\t\t\t\t\t\t\t\t<div class=\"c-single-product-box__content\">\n\t\t\t\t\t\t\t\t\t\t\t\t\t\t\t\t\t\t\t<h4 class=\"c-single-product-box__title t-headline-2\">\n\t\t\t\t\t\t\t\t\t\t\tCaviar Oscietra\t\t\t\t\t\t\t\t\t\t<\/h4>\n\t\t\t\t\t\t\t\t\t\t\t\t\t\t\t\t\t\t\t\t\t\t\t\t\t\t\t\t<p class=\"c-single-product-box__desc t-body-3\">\n\t\t\t\t\t\t\t\t\t\t\tCaviar de esturiones de la especie Acipenser gueldenstaedtii (esturi\u00f3n ruso). Es famoso por su agradable sabor a nueces y su untuoso y mantecoso regusto final.\t\t\t\t\t\t\t\t\t\t<\/p>\n\t\t\t\t\t\t\t\t\t\t\t\t\t\t\t\t\t\t\t\t\t\t\t\t\t\t\t\t<div class=\"c-single-product-box__action\">\n\t\t\t\t\t\t\t\t\t\t\t\t\t\t\t\t\t\t\t\t\t\t\t\t\t\t\t\t\t\t\t\t\t\t\t\t\t\t\t\t\t\t\t\t\t\t\t\t\t\t\t\t\t\t\t\t\t\t\t\t\t\t<a href=\"https:\/\/antoniuscaviar.com\/es\/gama-completa\/\" class=\"c-button c-button--bordered t-upper\" >TIENDA<\/a>\n\t\t\t\t\t\t\t\t\t\t\t\t\t\t\t\t\t\t\t\t\t\t\t\t\t\t\t\t\t\t\t\t\t\t\t\t\t\t\t\t\t\t\t\t\t\t\t\t\t\t\t\t\t\t\t\t\t\t\t\t\t\t\t\t\t\t\t\t\t\t\t\t\t\t\t\t\t\t\t\t\t\t\t\t\t\t\t<a href=\"https:\/\/antoniuscaviar.com\/es\/categoria-producto\/caviar-oscietra\/\" class=\"c-link t-upper\" >LEER M\u00c1S<\/a>\n\t\t\t\t\t\t\t\t\t\t\t\t\t\t\t\t\t\t\t\t\t\t\t\t\t\t\t\t\t\t\t\t\t\t\t\t\t\t\t\t\t\t\t\t\t\t<\/div>\n\t\t\t\t\t\t\t\t\t\t\t\t\t\t\t\t\t<\/div>\n\t\t\t\t\t\t\t<\/div>\n\t\t\t\t\t\t<\/li>\n\t\t\t\t\t\t\t\t\t\t\t\t<\/ul>\n\t\t\t<div class=\"c-single-product-slider__actions\">\n\t\t\t\t<div class=\"c-single-product-slider__pagination js-slider-pagination\"><\/div>\n\t\t\t\t<nav class=\"c-single-product-slider__nav\">\n\t\t\t\t\t<div class=\"c-slider-nav\">\n\t\t\t\t\t\t<button class=\"c-slider-nav__button c-slider-nav__button--prev swiper-button-prev js-slider-prev-btn\">\n\t\t\t\t\t\t\t<span class=\"sr-only\">Previous slide><\/span>\n\t\t\t\t\t\t<\/button>\n\t\t\t\t\t\t<button class=\"c-slider-nav__button c-slider-nav__button--next swiper-button-next js-slider-next-btn\">\n\t\t\t\t\t\t\t<span class=\"sr-only\">Next slide><\/span>\n\t\t\t\t\t\t<\/button>\n\t\t\t\t\t<\/div>\n\t\t\t\t<\/nav>\n\t\t\t<\/div>\n\t\t<\/div>\n\t<\/div>\n<\/section>\n\n\n<section class=\"l-spacing l-spacing--l\"><\/section>\n","protected":false},"excerpt":{"rendered":"","protected":false},"author":284,"featured_media":0,"parent":0,"menu_order":0,"comment_status":"closed","ping_status":"closed","template":"","meta":{"inline_featured_image":false},"acf":[],"yoast_head":"<!-- This site is optimized with the Yoast SEO plugin v19.10 - https:\/\/yoast.com\/wordpress\/plugins\/seo\/ -->\n<title>Piscicultura - Sklep \u2014 Antonius Caviar<\/title>\n<meta name=\"robots\" content=\"index, follow, max-snippet:-1, max-image-preview:large, max-video-preview:-1\" \/>\n<link rel=\"canonical\" href=\"https:\/\/antoniuscaviar.com\/es\/piscicultura\/\" \/>\n<meta property=\"og:locale\" content=\"es_ES\" \/>\n<meta property=\"og:type\" content=\"article\" \/>\n<meta property=\"og:title\" content=\"Piscicultura - Sklep \u2014 Antonius Caviar\" \/>\n<meta property=\"og:url\" content=\"https:\/\/antoniuscaviar.com\/es\/piscicultura\/\" \/>\n<meta property=\"og:site_name\" content=\"Sklep \u2014 Antonius Caviar\" \/>\n<meta property=\"article:modified_time\" content=\"2024-07-19T09:50:17+00:00\" \/>\n<meta name=\"twitter:card\" content=\"summary_large_image\" \/>\n<script type=\"application\/ld+json\" class=\"yoast-schema-graph\">{\"@context\":\"https:\/\/schema.org\",\"@graph\":[{\"@type\":\"WebPage\",\"@id\":\"https:\/\/antoniuscaviar.com\/es\/piscicultura\/\",\"url\":\"https:\/\/antoniuscaviar.com\/es\/piscicultura\/\",\"name\":\"Piscicultura - Sklep \u2014 Antonius Caviar\",\"isPartOf\":{\"@id\":\"https:\/\/antoniuscaviar.com\/es\/#website\"},\"datePublished\":\"2024-06-06T11:33:34+00:00\",\"dateModified\":\"2024-07-19T09:50:17+00:00\",\"breadcrumb\":{\"@id\":\"https:\/\/antoniuscaviar.com\/es\/piscicultura\/#breadcrumb\"},\"inLanguage\":\"es\",\"potentialAction\":[{\"@type\":\"ReadAction\",\"target\":[\"https:\/\/antoniuscaviar.com\/es\/piscicultura\/\"]}]},{\"@type\":\"BreadcrumbList\",\"@id\":\"https:\/\/antoniuscaviar.com\/es\/piscicultura\/#breadcrumb\",\"itemListElement\":[{\"@type\":\"ListItem\",\"position\":1,\"name\":\"Home\",\"item\":\"https:\/\/antoniuscaviar.com\/es\/\"},{\"@type\":\"ListItem\",\"position\":2,\"name\":\"Piscicultura\"}]},{\"@type\":\"WebSite\",\"@id\":\"https:\/\/antoniuscaviar.com\/es\/#website\",\"url\":\"https:\/\/antoniuscaviar.com\/es\/\",\"name\":\"Sklep \u2014 Antonius Caviar\",\"description\":\"\",\"potentialAction\":[{\"@type\":\"SearchAction\",\"target\":{\"@type\":\"EntryPoint\",\"urlTemplate\":\"https:\/\/antoniuscaviar.com\/es\/?s={search_term_string}\"},\"query-input\":\"required name=search_term_string\"}],\"inLanguage\":\"es\"}]}<\/script>\n<!-- \/ Yoast SEO plugin. -->","yoast_head_json":{"title":"Piscicultura - Sklep \u2014 Antonius Caviar","robots":{"index":"index","follow":"follow","max-snippet":"max-snippet:-1","max-image-preview":"max-image-preview:large","max-video-preview":"max-video-preview:-1"},"canonical":"https:\/\/antoniuscaviar.com\/es\/piscicultura\/","og_locale":"es_ES","og_type":"article","og_title":"Piscicultura - Sklep \u2014 Antonius Caviar","og_url":"https:\/\/antoniuscaviar.com\/es\/piscicultura\/","og_site_name":"Sklep \u2014 Antonius Caviar","article_modified_time":"2024-07-19T09:50:17+00:00","twitter_card":"summary_large_image","schema":{"@context":"https:\/\/schema.org","@graph":[{"@type":"WebPage","@id":"https:\/\/antoniuscaviar.com\/es\/piscicultura\/","url":"https:\/\/antoniuscaviar.com\/es\/piscicultura\/","name":"Piscicultura - Sklep \u2014 Antonius Caviar","isPartOf":{"@id":"https:\/\/antoniuscaviar.com\/es\/#website"},"datePublished":"2024-06-06T11:33:34+00:00","dateModified":"2024-07-19T09:50:17+00:00","breadcrumb":{"@id":"https:\/\/antoniuscaviar.com\/es\/piscicultura\/#breadcrumb"},"inLanguage":"es","potentialAction":[{"@type":"ReadAction","target":["https:\/\/antoniuscaviar.com\/es\/piscicultura\/"]}]},{"@type":"BreadcrumbList","@id":"https:\/\/antoniuscaviar.com\/es\/piscicultura\/#breadcrumb","itemListElement":[{"@type":"ListItem","position":1,"name":"Home","item":"https:\/\/antoniuscaviar.com\/es\/"},{"@type":"ListItem","position":2,"name":"Piscicultura"}]},{"@type":"WebSite","@id":"https:\/\/antoniuscaviar.com\/es\/#website","url":"https:\/\/antoniuscaviar.com\/es\/","name":"Sklep \u2014 Antonius Caviar","description":"","potentialAction":[{"@type":"SearchAction","target":{"@type":"EntryPoint","urlTemplate":"https:\/\/antoniuscaviar.com\/es\/?s={search_term_string}"},"query-input":"required name=search_term_string"}],"inLanguage":"es"}]}},"_links":{"self":[{"href":"https:\/\/antoniuscaviar.com\/es\/wp-json\/wp\/v2\/pages\/18591"}],"collection":[{"href":"https:\/\/antoniuscaviar.com\/es\/wp-json\/wp\/v2\/pages"}],"about":[{"href":"https:\/\/antoniuscaviar.com\/es\/wp-json\/wp\/v2\/types\/page"}],"author":[{"embeddable":true,"href":"https:\/\/antoniuscaviar.com\/es\/wp-json\/wp\/v2\/users\/284"}],"replies":[{"embeddable":true,"href":"https:\/\/antoniuscaviar.com\/es\/wp-json\/wp\/v2\/comments?post=18591"}],"version-history":[{"count":6,"href":"https:\/\/antoniuscaviar.com\/es\/wp-json\/wp\/v2\/pages\/18591\/revisions"}],"predecessor-version":[{"id":18910,"href":"https:\/\/antoniuscaviar.com\/es\/wp-json\/wp\/v2\/pages\/18591\/revisions\/18910"}],"wp:attachment":[{"href":"https:\/\/antoniuscaviar.com\/es\/wp-json\/wp\/v2\/media?parent=18591"}],"curies":[{"name":"wp","href":"https:\/\/api.w.org\/{rel}","templated":true}]}}