{"id":18594,"date":"2024-06-06T13:41:01","date_gmt":"2024-06-06T11:41:01","guid":{"rendered":"https:\/\/antoniuscaviar.com\/?page_id=18594"},"modified":"2024-07-25T07:26:48","modified_gmt":"2024-07-25T05:26:48","slug":"homepage","status":"publish","type":"page","link":"https:\/\/antoniuscaviar.com\/es\/","title":{"rendered":"Homepage"},"content":{"rendered":"\t<div class=\"l-hero\">\n\t\t<div class=\"c-video-box js-hero-video\" style=\"background-image: url('https:\/\/antoniuscaviar.com\/wp-content\/uploads\/2022\/03\/hero.jpeg');\">>\n\t\t\t<video class=\"c-video-box__video\" poster=\"https:\/\/antoniuscaviar.com\/wp-content\/uploads\/2022\/03\/hero.jpeg\" autoplay muted loop playsinline data-keepplaying>\n\t\t\t\t<source src=\"https:\/\/antoniuscaviar.com\/wp-content\/uploads\/2022\/10\/poprawiony-homepage.mp4\" type=\"video\/mp4\">\n\t\t\t<\/video>\n\t\t\t<div class=\"c-video-box__gradient js-hero-video-gradient\"><\/div>\n\t\t<\/div>\n\t\t<div class=\"l-hero__inner l-inner\">\n\t\t\t<div class=\"c-hero\">\n\t\t\t\t<div class=\"c-hero__content\">\n\t\t\t\t\t\t\t\t\t\t\t<h1 class=\"c-hero__title c-hero__title--xl-size js-hero-title\">\n\t\t\t\t\t\t\tCAVIAR <br \/>\r\nVERDADERO\t\t\t\t\t\t<\/h1>\n\t\t\t\t\t\t\t\t\t\t\t\t\t\t\t\t<h2 class=\"c-hero__subtitle js-hero-subtitle t-headline-4 t-headline-1-desktop t-upper\">\n\t\t\t\t\t\t\tPRODUCIDO CON ORGULLO EN POLONIA\t\t\t\t\t\t<\/h2>\n\t\t\t\t\t\t\t\t\t\t\t\t\t\t\t\t<div class=\"c-hero__desc\">\n\t\t\t\t\t\t\t<p class=\"t-body-3 t-upper\">\n\t\t\t\t\t\t\t\t<a class=\"c-hero__link js-scroll-sec\" href=\"#tabs-slider\">\n\t\t\t\t\t\t\t\t\tDESCUBRE M\u00c1S\t\t\t\t\t\t\t\t<\/a>\n\t\t\t\t\t\t\t<\/p>\n\t\t\t\t\t\t\t<span class=\"c-hero__line js-hero-line\"><\/span>\n\t\t\t\t\t\t<\/div>\n\t\t\t\t\t\t\t\t\t<\/div>\n\t\t\t<\/div>\n\t\t<\/div>\n\t<\/div>\n\n\n\t<div id=\"tabs-slider\"><\/div>\n\t<div class=\"l-inner js-reveal-top\">\n\t\t<div class=\"c-tabs-slider js-tabs-slider\">\n\t\t\t<nav class=\"c-tabs-slider__nav\"><\/nav>\n\t\t\t<div class=\"c-tabs-slider__content js-slider\" data-slider-type=\"tabs\">\n\t\t\t\t<ul class=\"c-tabs-slider__tabs swiper-wrapper\">\n\t\t\t\t\t\t\t\t\t\t\t\t\t\t\t\t\t<li class=\"c-tabs-slider__tab swiper-slide\">\n\t\t\t\t\t\t\t\t\t\t\t\t\t\t\t\t\t\t\t\t\t\t\t<div class=\"c-tabs-slider__media c-tabs-slider__media--portrait c-tabs-slider__media--right\">\n\t\t\t\t\t\t\t\t\t<img decoding=\"async\" src=\"https:\/\/antoniuscaviar.com\/wp-content\/uploads\/2022\/03\/tab-3-media.jpg\" alt=\"\" \/>\n\t\t\t\t\t\t\t\t<\/div>\n\t\t\t\t\t\t\t\t\t\t\t\t\t\t<div class=\"c-cta\">\n\t\t\t\t\t\t\t\t\t\t\t\t\t\t\t\t\t<h2 class=\"c-cta__title t-headline-4 t-headline-1-desktop t-upper\">\n\t\t\t\t\t\t\t\t\t\tDisfruta del insuperable sabor de nuestro caviar en tu propia casa\t\t\t\t\t\t\t\t\t<\/h2>\n\t\t\t\t\t\t\t\t\t\t\t\t\t\t\t\t\t\t\t\t\t\t\t\t\t<p class=\"c-cta__desc t-body-3\">\n\t\t\t\t\t\t\t\t\t\tPide caviar fresco online directamente de nuestra piscifactor\u00eda. Opta por una entrega r\u00e1pida y segura a tu puerta. Descubre la selecci\u00f3n de nuestra tienda.\t\t\t\t\t\t\t\t\t<\/p>\n\t\t\t\t\t\t\t\t\t\t\t\t\t\t\t\t\t\t\t\t\t\t\t\t\t<div class=\"c-cta__action\">\n\t\t\t\t\t\t\t\t\t\t<a class=\"c-link c-link--border c-link--upper t-body-3 js-slide-name\" href=\"https:\/\/antoniuscaviar.com\/es\/gama-completa\/\">Tienda<\/a>\n\t\t\t\t\t\t\t\t\t<\/div>\n\t\t\t\t\t\t\t\t\t\t\t\t\t\t\t<\/div>\n\t\t\t\t\t\t<\/li>\n\t\t\t\t\t\t\t\t\t\t\t\t\t\t\t\t\t<li class=\"c-tabs-slider__tab swiper-slide\">\n\t\t\t\t\t\t\t\t\t\t\t\t\t\t\t\t\t\t\t\t\t\t\t<div class=\"c-tabs-slider__media c-tabs-slider__media--horizontal c-tabs-slider__media--right\">\n\t\t\t\t\t\t\t\t\t<img decoding=\"async\" src=\"https:\/\/antoniuscaviar.com\/wp-content\/uploads\/2022\/03\/tab-2-media.jpg\" alt=\"\" \/>\n\t\t\t\t\t\t\t\t<\/div>\n\t\t\t\t\t\t\t\t\t\t\t\t\t\t<div class=\"c-cta\">\n\t\t\t\t\t\t\t\t\t\t\t\t\t\t\t\t\t<h2 class=\"c-cta__title t-headline-4 t-headline-1-desktop t-upper\">\n\t\t\t\t\t\t\t\t\t\tIncluye el caviar en la carta de tu restaurante\t\t\t\t\t\t\t\t\t<\/h2>\n\t\t\t\t\t\t\t\t\t\t\t\t\t\t\t\t\t\t\t\t\t\t\t\t\t<p class=\"c-cta__desc t-body-3\">\n\t\t\t\t\t\t\t\t\t\t\u00danete al c\u00edrculo de los mejores restaurantes del mundo que ya sirven nuestro caviar. Descubre la oferta para los restauradores.\t\t\t\t\t\t\t\t\t<\/p>\n\t\t\t\t\t\t\t\t\t\t\t\t\t\t\t\t\t\t\t\t\t\t\t\t\t<div class=\"c-cta__action\">\n\t\t\t\t\t\t\t\t\t\t<a class=\"c-link c-link--border c-link--upper t-body-3 js-slide-name\" href=\"https:\/\/antoniuscaviar.com\/es\/restaurantes\/\">Restaurantes<\/a>\n\t\t\t\t\t\t\t\t\t<\/div>\n\t\t\t\t\t\t\t\t\t\t\t\t\t\t\t<\/div>\n\t\t\t\t\t\t<\/li>\n\t\t\t\t\t\t\t\t\t\t\t\t\t\t\t\t\t<li class=\"c-tabs-slider__tab swiper-slide\">\n\t\t\t\t\t\t\t\t\t\t\t\t\t\t\t\t\t\t\t\t\t\t\t<div class=\"c-tabs-slider__media c-tabs-slider__media--portrait c-tabs-slider__media--left\">\n\t\t\t\t\t\t\t\t\t<img decoding=\"async\" src=\"https:\/\/antoniuscaviar.com\/wp-content\/uploads\/2022\/03\/tab-1-media.jpg\" alt=\"\" \/>\n\t\t\t\t\t\t\t\t<\/div>\n\t\t\t\t\t\t\t\t\t\t\t\t\t\t<div class=\"c-cta\">\n\t\t\t\t\t\t\t\t\t\t\t\t\t\t\t\t\t<h2 class=\"c-cta__title t-headline-4 t-headline-1-desktop t-upper\">\n\t\t\t\t\t\t\t\t\t\tAy\u00fadanos a crear el \u00e9xito de la marca familiar en los mercados mundiales\t\t\t\t\t\t\t\t\t<\/h2>\n\t\t\t\t\t\t\t\t\t\t\t\t\t\t\t\t\t\t\t\t\t\t\t\t\t<p class=\"c-cta__desc t-body-3\">\n\t\t\t\t\t\t\t\t\t\tConvi\u00e9rtete en distribuidor de uno de los mayores productores de caviar del mundo y en embajador de un enfoque \u00fanico a la producci\u00f3n de caviar.\t\t\t\t\t\t\t\t\t<\/p>\n\t\t\t\t\t\t\t\t\t\t\t\t\t\t\t\t\t\t\t\t\t\t\t\t\t<div class=\"c-cta__action\">\n\t\t\t\t\t\t\t\t\t\t<a class=\"c-link c-link--border c-link--upper t-body-3 js-slide-name\" href=\"https:\/\/antoniuscaviar.com\/es\/distribuidores\/\">Distribuidores<\/a>\n\t\t\t\t\t\t\t\t\t<\/div>\n\t\t\t\t\t\t\t\t\t\t\t\t\t\t\t<\/div>\n\t\t\t\t\t\t<\/li>\n\t\t\t\t\t\t\t\t\t<\/ul>\n\t\t\t<\/div>\n\t\t<\/div>\n\t<\/div>\n\n\n<section class=\"l-spacing l-spacing--xl\"><\/section>\n\n\n\t<div class=\"l-inner js-reveal-top\">\n\t\t<div class=\"c-cta\">\n\t\t\t\t\t\t\t<h2 class=\"c-cta__title t-headline-4 t-headline-1-desktop t-upper\">\n\t\t\t\t\tCREEMOS EN EL PODER DE LA NATURALEZA Y LA FUERZA DE LAS TRADICIONES FAMILIARES\t\t\t\t<\/h2>\n\t\t\t\t\t\t\t\t\t\t<p class=\"c-cta__desc t-body-3\">\n\t\t\t\t\tSomos un productor de caviar, pero sobre todo piscicultores de esturiones. Nos encontramos entre las pocas empresas del mundo que usan \u00fanicamente las huevas de su propia piscicultura. Gracias a ello, desde el principio tenemos control sobre la calidad y estabilidad de nuestro producto.<br \/>\r\n<br \/>\r\nDisfrutamos y respetamos los regalos de la naturaleza. Integrados en la naturaleza que nos rodea, cultivamos rituales artesanales transmitidos de generaci\u00f3n en generaci\u00f3n. <br \/>\r\n\t\t\t\t<\/p>\n\t\t\t\t\t\t\t\t\t\t<div class=\"c-cta__action\">\n\t\t\t\t\t<a class=\"c-link c-link--border c-link--upper t-body-3\" href=\"https:\/\/antoniuscaviar.com\/es\/quienes-somos\/\" >QUI\u00c9NES SOMOS<\/a>\n\t\t\t\t<\/div>\n\t\t\t\t\t<\/div>\n\t<\/div>\n\n\n<section class=\"l-spacing l-spacing--xl\"><\/section>\n\n\n\t<div class=\"l-inner js-reveal-top\">\n\t\t<figure class=\"c-simple-image\">\n\t\t\t<img decoding=\"async\" src=\"https:\/\/antoniuscaviar.com\/wp-content\/uploads\/2022\/03\/simple-image-1-1280x700.jpg\" alt=\"\" \/>\n\t\t<\/figure>\n\t<\/div>\n\n\n<section class=\"l-spacing l-spacing--xl\"><\/section>\n\n\n<section class=\"l-single-product-slider l-slider js-reveal-top\">\n\t<div class=\"l-inner\">\n\t\t<div class=\"c-single-product-slider js-slider\" data-slider-type=\"singleProduct\">\n\t\t\t<ul class=\"c-single-product-slider__wrapper swiper-wrapper\">\n\t\t\t\t\t\t\t\t\t\t\t\t\t\t\t\t\t\t\t\t<li class=\"c-single-product-slider__slide swiper-slide\">\n\t\t\t\t\t\t\t<div class=\"c-single-product-box\">\n\t\t\t\t\t\t\t\t\t\t\t\t\t\t\t\t\t<div class=\"c-single-product-box__media\">\n\t\t\t\t\t\t\t\t\t\t<img decoding=\"async\" onClick='window.location.href = \"https:\/\/antoniuscaviar.com\/es\/categoria-producto\/caviar-siberian\/\"'\t\t\t\t\t\t\t\t\t\t src=\"https:\/\/antoniuscaviar.com\/wp-content\/uploads\/2022\/11\/can_siberian_6stars-288x288.png\" alt=\"\" \/>\n\t\t\t\t\t\t\t\t\t<\/div>\n\t\t\t\t\t\t\t\t\t\t\t\t\t\t\t\t<div class=\"c-single-product-box__content\">\n\t\t\t\t\t\t\t\t\t\t\t\t\t\t\t\t\t\t\t<h4 class=\"c-single-product-box__title t-headline-2\">\n\t\t\t\t\t\t\t\t\t\t\tCaviar Siberian\t\t\t\t\t\t\t\t\t\t<\/h4>\n\t\t\t\t\t\t\t\t\t\t\t\t\t\t\t\t\t\t\t\t\t\t\t\t\t\t\t\t<p class=\"c-single-product-box__desc t-body-3\">\n\t\t\t\t\t\t\t\t\t\t\tCaviar de esturiones de la especie Acipenser baerii (esturi\u00f3n siberiano). Conocido por su sabor intenso y complejo y su regusto final largo y robusto.\t\t\t\t\t\t\t\t\t\t<\/p>\n\t\t\t\t\t\t\t\t\t\t\t\t\t\t\t\t\t\t\t\t\t\t\t\t\t\t\t\t<div class=\"c-single-product-box__action\">\n\t\t\t\t\t\t\t\t\t\t\t\t\t\t\t\t\t\t\t\t\t\t\t\t\t\t\t\t\t\t\t\t\t\t\t\t\t\t\t\t\t\t\t\t\t\t\t\t\t\t\t\t\t\t\t\t\t\t\t\t\t\t<a href=\"https:\/\/antoniuscaviar.com\/es\/gama-completa\/\" class=\"c-button c-button--bordered t-upper\" >TIENDA<\/a>\n\t\t\t\t\t\t\t\t\t\t\t\t\t\t\t\t\t\t\t\t\t\t\t\t\t\t\t\t\t\t\t\t\t\t\t\t\t\t\t\t\t\t\t\t\t\t\t\t\t\t\t\t\t\t\t\t\t\t\t\t\t\t\t\t\t\t\t\t\t\t\t\t\t\t\t\t\t\t\t\t\t\t\t\t\t\t\t<a href=\"https:\/\/antoniuscaviar.com\/es\/categoria-producto\/caviar-siberian\/\" class=\"c-link t-upper\" >LEER M\u00c1S<\/a>\n\t\t\t\t\t\t\t\t\t\t\t\t\t\t\t\t\t\t\t\t\t\t\t\t\t\t\t\t\t\t\t\t\t\t\t\t\t\t\t\t\t\t\t\t\t\t<\/div>\n\t\t\t\t\t\t\t\t\t\t\t\t\t\t\t\t\t<\/div>\n\t\t\t\t\t\t\t<\/div>\n\t\t\t\t\t\t<\/li>\n\t\t\t\t\t\t\t\t\t\t\t\t\t\t\t\t\t\t\t\t\t\t\t\t\t<li class=\"c-single-product-slider__slide swiper-slide\">\n\t\t\t\t\t\t\t<div class=\"c-single-product-box\">\n\t\t\t\t\t\t\t\t\t\t\t\t\t\t\t\t\t<div class=\"c-single-product-box__media\">\n\t\t\t\t\t\t\t\t\t\t<img decoding=\"async\" onClick='window.location.href = \"https:\/\/antoniuscaviar.com\/es\/categoria-producto\/caviar-oscietra\/\"'\t\t\t\t\t\t\t\t\t\t src=\"https:\/\/antoniuscaviar.com\/wp-content\/uploads\/2022\/11\/can_oscietra_6stars-288x288.png\" alt=\"\" \/>\n\t\t\t\t\t\t\t\t\t<\/div>\n\t\t\t\t\t\t\t\t\t\t\t\t\t\t\t\t<div class=\"c-single-product-box__content\">\n\t\t\t\t\t\t\t\t\t\t\t\t\t\t\t\t\t\t\t<h4 class=\"c-single-product-box__title t-headline-2\">\n\t\t\t\t\t\t\t\t\t\t\tCaviar Oscietra\t\t\t\t\t\t\t\t\t\t<\/h4>\n\t\t\t\t\t\t\t\t\t\t\t\t\t\t\t\t\t\t\t\t\t\t\t\t\t\t\t\t<p class=\"c-single-product-box__desc t-body-3\">\n\t\t\t\t\t\t\t\t\t\t\tCaviar de esturiones de la especie Acipenser gueldenstaedtii (esturi\u00f3n ruso). Se distingue por un ligero sabor a nuez de gran profundidad y un suave y mantecoso regusto final.\t\t\t\t\t\t\t\t\t\t<\/p>\n\t\t\t\t\t\t\t\t\t\t\t\t\t\t\t\t\t\t\t\t\t\t\t\t\t\t\t\t<div class=\"c-single-product-box__action\">\n\t\t\t\t\t\t\t\t\t\t\t\t\t\t\t\t\t\t\t\t\t\t\t\t\t\t\t\t\t\t\t\t\t\t\t\t\t\t\t\t\t\t\t\t\t\t\t\t\t\t\t\t\t\t\t\t\t\t\t\t\t\t<a href=\"https:\/\/antoniuscaviar.com\/es\/gama-completa\/\" class=\"c-button c-button--bordered t-upper\" >TIENDA<\/a>\n\t\t\t\t\t\t\t\t\t\t\t\t\t\t\t\t\t\t\t\t\t\t\t\t\t\t\t\t\t\t\t\t\t\t\t\t\t\t\t\t\t\t\t\t\t\t\t\t\t\t\t\t\t\t\t\t\t\t\t\t\t\t\t\t\t\t\t\t\t\t\t\t\t\t\t\t\t\t\t\t\t\t\t\t\t\t\t<a href=\"https:\/\/antoniuscaviar.com\/es\/categoria-producto\/caviar-oscietra\/\" class=\"c-link t-upper\" >LEER M\u00c1S<\/a>\n\t\t\t\t\t\t\t\t\t\t\t\t\t\t\t\t\t\t\t\t\t\t\t\t\t\t\t\t\t\t\t\t\t\t\t\t\t\t\t\t\t\t\t\t\t\t<\/div>\n\t\t\t\t\t\t\t\t\t\t\t\t\t\t\t\t\t<\/div>\n\t\t\t\t\t\t\t<\/div>\n\t\t\t\t\t\t<\/li>\n\t\t\t\t\t\t\t\t\t\t\t\t<\/ul>\n\t\t\t<div class=\"c-single-product-slider__actions\">\n\t\t\t\t<div class=\"c-single-product-slider__pagination js-slider-pagination\"><\/div>\n\t\t\t\t<nav class=\"c-single-product-slider__nav\">\n\t\t\t\t\t<div class=\"c-slider-nav\">\n\t\t\t\t\t\t<button class=\"c-slider-nav__button c-slider-nav__button--prev swiper-button-prev js-slider-prev-btn\">\n\t\t\t\t\t\t\t<span class=\"sr-only\">Previous slide><\/span>\n\t\t\t\t\t\t<\/button>\n\t\t\t\t\t\t<button class=\"c-slider-nav__button c-slider-nav__button--next swiper-button-next js-slider-next-btn\">\n\t\t\t\t\t\t\t<span class=\"sr-only\">Next slide><\/span>\n\t\t\t\t\t\t<\/button>\n\t\t\t\t\t<\/div>\n\t\t\t\t<\/nav>\n\t\t\t<\/div>\n\t\t<\/div>\n\t<\/div>\n<\/section>\n\n\n<section class=\"l-spacing l-spacing--l\"><\/section>\n\n\n<section class=\"l-our-blog l-slider js-reveal-top\">\n\t<div class=\"l-inner\">\n\t\t<div class=\"c-our-blog\">\n\t\t\t\t\t\t<div class=\"c-our-blog__slider js-slider\" data-slider-type=\"ourBlog\">\n\t\t\t\t<ul class=\"c-our-blog__list swiper-wrapper\">\n\t\t\t\t\t\t\t\t\t\t\t\t\t\t\t\t\t\t\t\t\t\t<li class=\"c-our-blog__list-item swiper-slide\">\n\t\t\t\t\t\t\t<a href=\"https:\/\/antoniuscaviar.com\/es\/beef-tartare-with-caviar\/\" class=\"c-related-link\">\n\t\t\t<div class=\"c-related-link__media\">\n\t\t\t<figure class=\"c-related-link__figure\">\n\t\t\t\t<img decoding=\"async\" src=\"https:\/\/antoniuscaviar.com\/wp-content\/uploads\/2018\/06\/1_tatar_Large-296x456.png\" alt=\"\" class=\"c-related-link__img\">\n\t\t\t<\/figure>\n\t\t<\/div>\n\t\t<p class=\"c-related-link__category t-body\">Recipes<\/p>\n\t<h4 class=\"c-related-link__title t-headline-4 t-headline-5-mobile\">Beef tartare with caviar<\/h4>\n<\/a>\n\t\t\t\t\t\t<\/li>\n\t\t\t\t\t\t\t\t\t\t\t\t\t\t\t\t\t<li class=\"c-our-blog__list-item swiper-slide\">\n\t\t\t\t\t\t\t<a href=\"https:\/\/antoniuscaviar.com\/es\/blinis-with-caviar\/\" class=\"c-related-link\">\n\t\t\t<div class=\"c-related-link__media\">\n\t\t\t<figure class=\"c-related-link__figure\">\n\t\t\t\t<img decoding=\"async\" src=\"https:\/\/antoniuscaviar.com\/wp-content\/uploads\/2018\/12\/ac_dania_II-255-1-296x456.jpg\" alt=\"\" class=\"c-related-link__img\">\n\t\t\t<\/figure>\n\t\t<\/div>\n\t\t<p class=\"c-related-link__category t-body\">Recipes<\/p>\n\t<h4 class=\"c-related-link__title t-headline-4 t-headline-5-mobile\">Blinis with caviar<\/h4>\n<\/a>\n\t\t\t\t\t\t<\/li>\n\t\t\t\t\t\t\t\t\t\t\t\t\t\t\t\t\t<li class=\"c-our-blog__list-item swiper-slide\">\n\t\t\t\t\t\t\t<a href=\"https:\/\/antoniuscaviar.com\/es\/avocado-with-caviar\/\" class=\"c-related-link\">\n\t\t\t<div class=\"c-related-link__media\">\n\t\t\t<figure class=\"c-related-link__figure\">\n\t\t\t\t<img decoding=\"async\" src=\"https:\/\/antoniuscaviar.com\/wp-content\/uploads\/2018\/10\/ac_dania_II-161-1-296x456.jpg\" alt=\"\" class=\"c-related-link__img\">\n\t\t\t<\/figure>\n\t\t<\/div>\n\t\t<p class=\"c-related-link__category t-body\">Recipes<\/p>\n\t<h4 class=\"c-related-link__title t-headline-4 t-headline-5-mobile\">Avocado with caviar<\/h4>\n<\/a>\n\t\t\t\t\t\t<\/li>\n\t\t\t\t\t\t\t\t\t\t\t\t\t\t\t\t\t<li class=\"c-our-blog__list-item swiper-slide\">\n\t\t\t\t\t\t\t<a href=\"https:\/\/antoniuscaviar.com\/es\/cod-with-caviar\/\" class=\"c-related-link\">\n\t\t\t<div class=\"c-related-link__media\">\n\t\t\t<figure class=\"c-related-link__figure\">\n\t\t\t\t<img decoding=\"async\" src=\"https:\/\/antoniuscaviar.com\/wp-content\/uploads\/2018\/09\/ac_dania_II-217-296x456.jpg\" alt=\"\" class=\"c-related-link__img\">\n\t\t\t<\/figure>\n\t\t<\/div>\n\t\t<p class=\"c-related-link__category t-body\">Recipes<\/p>\n\t<h4 class=\"c-related-link__title t-headline-4 t-headline-5-mobile\">Cod with caviar<\/h4>\n<\/a>\n\t\t\t\t\t\t<\/li>\n\t\t\t\t\t\t\t\t\t\t\t\t\t\t\t\t\t<li class=\"c-our-blog__list-item swiper-slide\">\n\t\t\t\t\t\t\t<a href=\"https:\/\/antoniuscaviar.com\/es\/banana-with-caviar\/\" class=\"c-related-link\">\n\t\t\t<div class=\"c-related-link__media\">\n\t\t\t<figure class=\"c-related-link__figure\">\n\t\t\t\t<img decoding=\"async\" src=\"https:\/\/antoniuscaviar.com\/wp-content\/uploads\/2019\/07\/ac_dania_II-093-296x456.jpg\" alt=\"\" class=\"c-related-link__img\">\n\t\t\t<\/figure>\n\t\t<\/div>\n\t\t<p class=\"c-related-link__category t-body\">Recipes<\/p>\n\t<h4 class=\"c-related-link__title t-headline-4 t-headline-5-mobile\">Banana with caviar<\/h4>\n<\/a>\n\t\t\t\t\t\t<\/li>\n\t\t\t\t\t\t\t\t\t\t\t\t\t\t\t\t\t<li class=\"c-our-blog__list-item swiper-slide\">\n\t\t\t\t\t\t\t<a href=\"https:\/\/antoniuscaviar.com\/es\/meringue-with-caviar\/\" class=\"c-related-link\">\n\t\t\t<div class=\"c-related-link__media\">\n\t\t\t<figure class=\"c-related-link__figure\">\n\t\t\t\t<img decoding=\"async\" src=\"https:\/\/antoniuscaviar.com\/wp-content\/uploads\/2019\/10\/ac_dania_II-062-1-296x456.jpg\" alt=\"\" class=\"c-related-link__img\">\n\t\t\t<\/figure>\n\t\t<\/div>\n\t\t<p class=\"c-related-link__category t-body\">Recipes<\/p>\n\t<h4 class=\"c-related-link__title t-headline-4 t-headline-5-mobile\">Meringue with caviar<\/h4>\n<\/a>\n\t\t\t\t\t\t<\/li>\n\t\t\t\t\t\t\t\t\t\t\t\t\t\t<\/ul>\n\t\t\t\t<div class=\"c-our-blog__actions\">\n\t\t\t\t\t<nav class=\"c-our-blog__nav\">\n\t\t\t\t\t\t<div class=\"c-slider-nav\">\n\t\t\t\t\t\t\t<button class=\"c-slider-nav__button c-slider-nav__button--prev swiper-button-prev js-slider-prev-btn\">\n\t\t\t\t\t\t\t\t<span class=\"sr-only\">Previous slide><\/span>\n\t\t\t\t\t\t\t<\/button>\n\t\t\t\t\t\t\t<button class=\"c-slider-nav__button c-slider-nav__button--next swiper-button-next js-slider-next-btn\">\n\t\t\t\t\t\t\t\t<span class=\"sr-only\">Next slide><\/span>\n\t\t\t\t\t\t\t<\/button>\n\t\t\t\t\t\t<\/div>\n\t\t\t\t\t<\/nav>\n\t\t\t\t<\/div>\n\t\t\t<\/div>\n\t\t<\/div>\n\t<\/div>\n<\/section>\n\n\n<section class=\"l-spacing l-spacing--l\"><\/section>\n","protected":false},"excerpt":{"rendered":"","protected":false},"author":284,"featured_media":0,"parent":0,"menu_order":0,"comment_status":"closed","ping_status":"closed","template":"","meta":{"inline_featured_image":false},"acf":[],"yoast_head":"<!-- This site is optimized with the Yoast SEO plugin v19.10 - https:\/\/yoast.com\/wordpress\/plugins\/seo\/ -->\n<title>Homepage - Sklep \u2014 Antonius Caviar<\/title>\n<meta name=\"robots\" content=\"index, follow, max-snippet:-1, max-image-preview:large, max-video-preview:-1\" \/>\n<link rel=\"canonical\" href=\"https:\/\/antoniuscaviar.com\/es\/\" \/>\n<meta property=\"og:locale\" content=\"es_ES\" \/>\n<meta property=\"og:type\" content=\"article\" \/>\n<meta property=\"og:title\" content=\"Homepage - Sklep \u2014 Antonius Caviar\" \/>\n<meta property=\"og:url\" content=\"https:\/\/antoniuscaviar.com\/es\/\" \/>\n<meta property=\"og:site_name\" content=\"Sklep \u2014 Antonius Caviar\" \/>\n<meta property=\"article:modified_time\" content=\"2024-07-25T05:26:48+00:00\" \/>\n<meta name=\"twitter:card\" content=\"summary_large_image\" \/>\n<script type=\"application\/ld+json\" class=\"yoast-schema-graph\">{\"@context\":\"https:\/\/schema.org\",\"@graph\":[{\"@type\":\"WebPage\",\"@id\":\"https:\/\/antoniuscaviar.com\/es\/\",\"url\":\"https:\/\/antoniuscaviar.com\/es\/\",\"name\":\"Homepage - Sklep \u2014 Antonius Caviar\",\"isPartOf\":{\"@id\":\"https:\/\/antoniuscaviar.com\/es\/#website\"},\"datePublished\":\"2024-06-06T11:41:01+00:00\",\"dateModified\":\"2024-07-25T05:26:48+00:00\",\"breadcrumb\":{\"@id\":\"https:\/\/antoniuscaviar.com\/es\/#breadcrumb\"},\"inLanguage\":\"es\",\"potentialAction\":[{\"@type\":\"ReadAction\",\"target\":[\"https:\/\/antoniuscaviar.com\/es\/\"]}]},{\"@type\":\"BreadcrumbList\",\"@id\":\"https:\/\/antoniuscaviar.com\/es\/#breadcrumb\",\"itemListElement\":[{\"@type\":\"ListItem\",\"position\":1,\"name\":\"Home\",\"item\":\"https:\/\/antoniuscaviar.com\/es\/\"},{\"@type\":\"ListItem\",\"position\":2,\"name\":\"Homepage\"}]},{\"@type\":\"WebSite\",\"@id\":\"https:\/\/antoniuscaviar.com\/es\/#website\",\"url\":\"https:\/\/antoniuscaviar.com\/es\/\",\"name\":\"Sklep \u2014 Antonius Caviar\",\"description\":\"\",\"potentialAction\":[{\"@type\":\"SearchAction\",\"target\":{\"@type\":\"EntryPoint\",\"urlTemplate\":\"https:\/\/antoniuscaviar.com\/es\/?s={search_term_string}\"},\"query-input\":\"required name=search_term_string\"}],\"inLanguage\":\"es\"}]}<\/script>\n<!-- \/ Yoast SEO plugin. -->","yoast_head_json":{"title":"Homepage - Sklep \u2014 Antonius Caviar","robots":{"index":"index","follow":"follow","max-snippet":"max-snippet:-1","max-image-preview":"max-image-preview:large","max-video-preview":"max-video-preview:-1"},"canonical":"https:\/\/antoniuscaviar.com\/es\/","og_locale":"es_ES","og_type":"article","og_title":"Homepage - Sklep \u2014 Antonius Caviar","og_url":"https:\/\/antoniuscaviar.com\/es\/","og_site_name":"Sklep \u2014 Antonius Caviar","article_modified_time":"2024-07-25T05:26:48+00:00","twitter_card":"summary_large_image","schema":{"@context":"https:\/\/schema.org","@graph":[{"@type":"WebPage","@id":"https:\/\/antoniuscaviar.com\/es\/","url":"https:\/\/antoniuscaviar.com\/es\/","name":"Homepage - Sklep \u2014 Antonius Caviar","isPartOf":{"@id":"https:\/\/antoniuscaviar.com\/es\/#website"},"datePublished":"2024-06-06T11:41:01+00:00","dateModified":"2024-07-25T05:26:48+00:00","breadcrumb":{"@id":"https:\/\/antoniuscaviar.com\/es\/#breadcrumb"},"inLanguage":"es","potentialAction":[{"@type":"ReadAction","target":["https:\/\/antoniuscaviar.com\/es\/"]}]},{"@type":"BreadcrumbList","@id":"https:\/\/antoniuscaviar.com\/es\/#breadcrumb","itemListElement":[{"@type":"ListItem","position":1,"name":"Home","item":"https:\/\/antoniuscaviar.com\/es\/"},{"@type":"ListItem","position":2,"name":"Homepage"}]},{"@type":"WebSite","@id":"https:\/\/antoniuscaviar.com\/es\/#website","url":"https:\/\/antoniuscaviar.com\/es\/","name":"Sklep \u2014 Antonius Caviar","description":"","potentialAction":[{"@type":"SearchAction","target":{"@type":"EntryPoint","urlTemplate":"https:\/\/antoniuscaviar.com\/es\/?s={search_term_string}"},"query-input":"required name=search_term_string"}],"inLanguage":"es"}]}},"_links":{"self":[{"href":"https:\/\/antoniuscaviar.com\/es\/wp-json\/wp\/v2\/pages\/18594"}],"collection":[{"href":"https:\/\/antoniuscaviar.com\/es\/wp-json\/wp\/v2\/pages"}],"about":[{"href":"https:\/\/antoniuscaviar.com\/es\/wp-json\/wp\/v2\/types\/page"}],"author":[{"embeddable":true,"href":"https:\/\/antoniuscaviar.com\/es\/wp-json\/wp\/v2\/users\/284"}],"replies":[{"embeddable":true,"href":"https:\/\/antoniuscaviar.com\/es\/wp-json\/wp\/v2\/comments?post=18594"}],"version-history":[{"count":21,"href":"https:\/\/antoniuscaviar.com\/es\/wp-json\/wp\/v2\/pages\/18594\/revisions"}],"predecessor-version":[{"id":19448,"href":"https:\/\/antoniuscaviar.com\/es\/wp-json\/wp\/v2\/pages\/18594\/revisions\/19448"}],"wp:attachment":[{"href":"https:\/\/antoniuscaviar.com\/es\/wp-json\/wp\/v2\/media?parent=18594"}],"curies":[{"name":"wp","href":"https:\/\/api.w.org\/{rel}","templated":true}]}}