{"id":18606,"date":"2024-06-06T14:48:16","date_gmt":"2024-06-06T12:48:16","guid":{"rendered":"https:\/\/antoniuscaviar.com\/?page_id=18606"},"modified":"2024-07-19T11:51:45","modified_gmt":"2024-07-19T09:51:45","slug":"nuestros-valores","status":"publish","type":"page","link":"https:\/\/antoniuscaviar.com\/es\/nuestros-valores\/","title":{"rendered":"Nuestros valores"},"content":{"rendered":"\t<nav class=\"l-discover__navigation\">\n\t\t<div class=\"l-inner\">\n\t\t\t<ul class=\"c-categories__list\">\n\t\t\t\t\t\t\t\t\t\t\t\t\t\t\t\t\t\t\t\t<li class=\"c-categories__list-item t-body-3 \" >\n\t\t\t\t\t\t\t<a href=\"https:\/\/antoniuscaviar.com\/es\/quienes-somos\/\" class=\"c-link c-link--border\">Qui\u00e9nes somos<\/a>\n\t\t\t\t\t\t<\/li>\n\t\t\t\t\t\t\t\t\t\t\t\t\t\t\t\t\t\t\t\t\t\t\t\t\t<li class=\"c-categories__list-item t-body-3  is-active\" >\n\t\t\t\t\t\t\t<a href=\"https:\/\/antoniuscaviar.com\/es\/nuestros-valores\/\" class=\"c-link c-link--border\">Nuestros valores<\/a>\n\t\t\t\t\t\t<\/li>\n\t\t\t\t\t\t\t\t\t\t\t\t\t\t\t\t\t\t\t\t\t\t\t\t\t<li class=\"c-categories__list-item t-body-3 \" >\n\t\t\t\t\t\t\t<a href=\"https:\/\/antoniuscaviar.com\/es\/piscicultura\/\" class=\"c-link c-link--border\">Piscicultura<\/a>\n\t\t\t\t\t\t<\/li>\n\t\t\t\t\t\t\t\t\t\t\t\t<\/ul>\n\t\t<\/div>\n\t<\/nav>\n\n\n<section class=\"l-spacing l-spacing--l\"><\/section>\n\n\n<section class=\"l-discover-section\">\n\t<div class=\"l-inner\">\n\t\t<div class=\"c-values-hero\">\n\t\t\t<figure class=\"c-values-hero__figure\">\n\t\t\t\t<img decoding=\"async\" src=\"https:\/\/antoniuscaviar.com\/wp-content\/uploads\/2022\/12\/MG_7734dark.jpg\" alt=\"\" class=\"c-values-hero__image\">\n\t\t\t<\/figure>\n\t\t\t<h2 class=\"c-values-hero__title t-headline-1 t-headline-4-mobile\">LA PASI\u00d3N, LA EXPERIENCIA Y LA DETERMINACI\u00d3N FORMAN LOS PILARES DE LA MARCA ANTONIUS CAVIAR<\/h2>\n\t\t\t<h3 class=\"c-values-hero__description t-headline-3 t-headline-5-mobile\">Pasi\u00f3n que roza el amor.<\/h3>\n\t\t<\/div>\n\t<\/div>\n<\/section>\n\n\n<section class=\"l-spacing l-spacing--l\"><\/section>\n\n\n\t<div class=\"l-media-wrapper\">\n\t\t\t<figure class=\"c-full-width-image \">\n\t\t<img decoding=\"async\" class=\"c-full-width-image__img\" src=\"https:\/\/antoniuscaviar.com\/wp-content\/uploads\/2022\/11\/values-1-1280x700.jpg\" alt=\"\">\n\t\t\t<\/figure>\n\t<\/div>\n\n\n<section class=\"l-spacing l-spacing--l\"><\/section>\n\n\n<section class=\"l-discover-section js-reveal-top\">\n\t<div class=\"l-inner\">\n\t\t<div class=\"c-values-text t-headline-4 t-headline-6-mobile\">\n\t\t\tLa experiencia ganada d\u00eda a d\u00eda por d\u00e9cadas resulta en algo mucho m\u00e1s que el conocimiento te\u00f3rico.\t\t<\/div>\n\t<\/div>\n<\/section>\n\n\n<section class=\"l-spacing l-spacing--l\"><\/section>\n\n\n<section class=\"l-discover-section js-reveal-top\">\n\t<div class=\"l-inner\">\n\t\t<ul class=\"c-values-images\">\n\t\t\t\t\t\t\t<li class=\"c-values-images__item\">\n\t\t\t\t\t<img decoding=\"async\" src=\"https:\/\/antoniuscaviar.com\/wp-content\/uploads\/2022\/11\/values-gal-1.jpg\" alt=\"\" class=\"c-values-images__image\">\n\t\t\t\t<\/li>\n\t\t\t\t\t\t\t<li class=\"c-values-images__item\">\n\t\t\t\t\t<img decoding=\"async\" src=\"https:\/\/antoniuscaviar.com\/wp-content\/uploads\/2022\/11\/values-gal-2.jpg\" alt=\"\" class=\"c-values-images__image\">\n\t\t\t\t<\/li>\n\t\t\t\t\t\t\t<li class=\"c-values-images__item\">\n\t\t\t\t\t<img decoding=\"async\" src=\"https:\/\/antoniuscaviar.com\/wp-content\/uploads\/2022\/11\/values-gal-3.jpg\" alt=\"\" class=\"c-values-images__image\">\n\t\t\t\t<\/li>\n\t\t\t\t\t<\/ul>\n\t<\/div>\n<\/section>\n\n\n<section class=\"l-spacing l-spacing--l\"><\/section>\n\n\n<section class=\"l-discover-section js-reveal-top\">\n\t<div class=\"l-inner\">\n\t\t<div class=\"c-values-text t-headline-4 t-headline-6-mobile\">\n\t\t\tLa determinaci\u00f3n del equipo entero que no se puede medir en horas de trabajo o ingresos. Sin ello no habr\u00eda posible el \u00e9xito global.\t\t<\/div>\n\t<\/div>\n<\/section>\n\n\n<section class=\"l-spacing l-spacing--l\"><\/section>\n\n\n<section class=\"l-discover-section l-slider js-reveal-top\">\n\t<div class=\"c-values-slider js-slider\" data-slider-type=\"imageSlider\">\n\t\t<ul class=\"c-values-slider__wrapper swiper-wrapper\">\n\t\t\t\t\t\t\t<li class=\"c-values-slider__slide swiper-slide\">\n\t\t\t\t\t<div class=\"c-image-box\">\n\t\t\t\t\t\t<img decoding=\"async\" src=\"https:\/\/antoniuscaviar.com\/wp-content\/uploads\/2022\/12\/MG_8241-1-1-pomn-1.jpg\" alt=\"\" class=\"c-image-box__image\">\n\t\t\t\t\t<\/div>\n\t\t\t\t<\/li>\n\t\t\t\t\t\t\t<li class=\"c-values-slider__slide swiper-slide\">\n\t\t\t\t\t<div class=\"c-image-box\">\n\t\t\t\t\t\t<img decoding=\"async\" src=\"https:\/\/antoniuscaviar.com\/wp-content\/uploads\/2022\/12\/MG_9513.jpg\" alt=\"\" class=\"c-image-box__image\">\n\t\t\t\t\t<\/div>\n\t\t\t\t<\/li>\n\t\t\t\t\t\t\t<li class=\"c-values-slider__slide swiper-slide\">\n\t\t\t\t\t<div class=\"c-image-box\">\n\t\t\t\t\t\t<img decoding=\"async\" src=\"https:\/\/antoniuscaviar.com\/wp-content\/uploads\/2022\/12\/MG_8121.jpg\" alt=\"\" class=\"c-image-box__image\">\n\t\t\t\t\t<\/div>\n\t\t\t\t<\/li>\n\t\t\t\t\t\t\t<li class=\"c-values-slider__slide swiper-slide\">\n\t\t\t\t\t<div class=\"c-image-box\">\n\t\t\t\t\t\t<img decoding=\"async\" src=\"https:\/\/antoniuscaviar.com\/wp-content\/uploads\/2022\/12\/MG_8186.jpg\" alt=\"\" class=\"c-image-box__image\">\n\t\t\t\t\t<\/div>\n\t\t\t\t<\/li>\n\t\t\t\t\t\t\t<li class=\"c-values-slider__slide swiper-slide\">\n\t\t\t\t\t<div class=\"c-image-box\">\n\t\t\t\t\t\t<img decoding=\"async\" src=\"https:\/\/antoniuscaviar.com\/wp-content\/uploads\/2022\/12\/MG_7694.jpg\" alt=\"\" class=\"c-image-box__image\">\n\t\t\t\t\t<\/div>\n\t\t\t\t<\/li>\n\t\t\t\t\t<\/ul>\n\t\t<nav class=\"c-values-slider__nav\">\n\t\t\t<div class=\"c-values-slider__pagination js-slider-pagination\"><\/div>\n\t\t\t<div class=\"c-slider-nav\">\n\t\t\t\t<button class=\"c-slider-nav__button c-slider-nav__button--prev swiper-button-prev js-slider-prev-btn\">\n\t\t\t\t\t<span class=\"sr-only\">Previous slide<\/span>\n\t\t\t\t<\/button>\n\t\t\t\t<button class=\"c-slider-nav__button c-slider-nav__button--next swiper-button-next js-slider-next-btn\">\n\t\t\t\t\t<span class=\"sr-only\">Next slide<\/span>\n\t\t\t\t<\/button>\n\t\t\t<\/div>\n\t\t<\/nav>\n\t<\/div>\n<\/section>\n\n\n<section class=\"l-spacing l-spacing--l\"><\/section>\n\n\n<section class=\"l-discover-section js-reveal-top\">\n\t<div class=\"l-inner\">\n\t\t<div class=\"c-values-text t-headline-4 t-headline-6-mobile\">\n\t\t\tAntonius Caviar no es solo un l\u00edder de la cr\u00eda de esturiones y uno de los principales productores de caviar del mundo. Es sobre todo una familia, formada no solo por los fundadores y siguientes generaciones desarrolladores de la empresa, pero tambi\u00e9n por los empleados y socios de cada nivel.\t\t<\/div>\n\t<\/div>\n<\/section>\n\n\n<section class=\"l-spacing l-spacing--l\"><\/section>\n\n\n\t<section class=\"l-discover__section l-discover__section--cta\">\n\t\t<div class=\"l-inner\">\n\t\t\t<div class=\"c-discover__cta js-reveal-top\">\n\t\t\t\t\t\t\t\t\t<p class=\"c-discover__cta-heading t-body-3\">\n\t\t\t\t\t\tDescubre m\u00e1s\t\t\t\t\t<\/p>\n\t\t\t\t\t\t\t\t\t\t\t\t\t<a href=\"https:\/\/antoniuscaviar.com\/es\/piscicultura\/\" class=\"c-discover__cta-link t-headline-4\"  >\n\t\t\t\t\t\t<div class=\"c-discover__cta-icon\">\n\t\t\t\t\t\t\t<svg width=\"24\" height=\"24\" viewBox=\"0 0 24 24\" xmlns=\"http:\/\/www.w3.org\/2000\/svg\">\n\t\t\t\t\t\t\t\t<path d=\"M6.71298 2.40548C6.71673 2.5311 6.76923 2.6511 6.8611 2.73923L16.1217 11.9999L6.8611 21.2605C6.76735 21.3505 6.71673 21.4742 6.71485 21.6036C6.71673 21.8005 6.83485 21.9749 7.01485 22.0499C7.19673 22.123 7.40298 22.0799 7.53985 21.9392L17.1399 12.3392C17.3274 12.1517 17.3274 11.848 17.1399 11.6605L7.53985 2.06048C7.40298 1.91798 7.1911 1.87485 7.00923 1.94985C6.82735 2.02673 6.70923 2.20673 6.71298 2.40548Z\" \/>\n\t\t\t\t\t\t\t<\/svg>\n\t\t\t\t\t\t<\/div>\n\t\t\t\t\t\t<p class=\"c-discover__cta-title\">\n\t\t\t\t\t\t\tPISCICULTURA\t\t\t\t\t\t<\/p>\n\t\t\t\t\t<\/a>\n\t\t\t\t\t\t\t<\/div>\n\t\t<\/div>\n\t<\/section>\n\n\n<section class=\"l-spacing l-spacing--l\"><\/section>\n\n\n<section class=\"l-single-product-slider l-slider \">\n\t<div class=\"l-inner\">\n\t\t<div class=\"c-single-product-slider js-slider\" data-slider-type=\"singleProduct\">\n\t\t\t<ul class=\"c-single-product-slider__wrapper swiper-wrapper\">\n\t\t\t\t\t\t\t\t\t\t\t\t\t\t\t\t\t\t\t\t<li class=\"c-single-product-slider__slide swiper-slide\">\n\t\t\t\t\t\t\t<div class=\"c-single-product-box\">\n\t\t\t\t\t\t\t\t\t\t\t\t\t\t\t\t\t<div class=\"c-single-product-box__media\">\n\t\t\t\t\t\t\t\t\t\t<img decoding=\"async\" onClick='window.location.href = \"https:\/\/antoniuscaviar.com\/es\/categoria-producto\/caviar-siberian\/\"'\t\t\t\t\t\t\t\t\t\t src=\"https:\/\/antoniuscaviar.com\/wp-content\/uploads\/2022\/11\/can_siberian_6stars-288x288.png\" alt=\"\" \/>\n\t\t\t\t\t\t\t\t\t<\/div>\n\t\t\t\t\t\t\t\t\t\t\t\t\t\t\t\t<div class=\"c-single-product-box__content\">\n\t\t\t\t\t\t\t\t\t\t\t\t\t\t\t\t\t\t\t<h4 class=\"c-single-product-box__title t-headline-2\">\n\t\t\t\t\t\t\t\t\t\t\tCaviar Siberian\t\t\t\t\t\t\t\t\t\t<\/h4>\n\t\t\t\t\t\t\t\t\t\t\t\t\t\t\t\t\t\t\t\t\t\t\t\t\t\t\t\t<p class=\"c-single-product-box__desc t-body-3\">\n\t\t\t\t\t\t\t\t\t\t\tCaviar de esturiones de la especie Acipenser baerii (esturi\u00f3n siberiano). Destaca por su sabor rico y complejo, con un regusto final claro y largo.\t\t\t\t\t\t\t\t\t\t<\/p>\n\t\t\t\t\t\t\t\t\t\t\t\t\t\t\t\t\t\t\t\t\t\t\t\t\t\t\t\t<div class=\"c-single-product-box__action\">\n\t\t\t\t\t\t\t\t\t\t\t\t\t\t\t\t\t\t\t\t\t\t\t\t\t\t\t\t\t\t\t\t\t\t\t\t\t\t\t\t\t\t\t\t\t\t\t\t\t\t\t\t\t\t\t\t\t\t\t\t\t\t<a href=\"https:\/\/antoniuscaviar.com\/es\/gama-completa\/\" class=\"c-button c-button--bordered t-upper\" >TIENDA<\/a>\n\t\t\t\t\t\t\t\t\t\t\t\t\t\t\t\t\t\t\t\t\t\t\t\t\t\t\t\t\t\t\t\t\t\t\t\t\t\t\t\t\t\t\t\t\t\t\t\t\t\t\t\t\t\t\t\t\t\t\t\t\t\t\t\t\t\t\t\t\t\t\t\t\t\t\t\t\t\t\t\t\t\t\t\t\t\t\t<a href=\"https:\/\/antoniuscaviar.com\/es\/categoria-producto\/caviar-siberian\/\" class=\"c-link t-upper\" >LEER M\u00c1S<\/a>\n\t\t\t\t\t\t\t\t\t\t\t\t\t\t\t\t\t\t\t\t\t\t\t\t\t\t\t\t\t\t\t\t\t\t\t\t\t\t\t\t\t\t\t\t\t\t<\/div>\n\t\t\t\t\t\t\t\t\t\t\t\t\t\t\t\t\t<\/div>\n\t\t\t\t\t\t\t<\/div>\n\t\t\t\t\t\t<\/li>\n\t\t\t\t\t\t\t\t\t\t\t\t\t\t\t\t\t\t\t\t\t\t\t\t\t<li class=\"c-single-product-slider__slide swiper-slide\">\n\t\t\t\t\t\t\t<div class=\"c-single-product-box\">\n\t\t\t\t\t\t\t\t\t\t\t\t\t\t\t\t\t<div class=\"c-single-product-box__media\">\n\t\t\t\t\t\t\t\t\t\t<img decoding=\"async\" onClick='window.location.href = \"https:\/\/antoniuscaviar.com\/es\/categoria-producto\/caviar-oscietra\/\"'\t\t\t\t\t\t\t\t\t\t src=\"https:\/\/antoniuscaviar.com\/wp-content\/uploads\/2022\/11\/can_oscietra_6stars-288x288.png\" alt=\"\" \/>\n\t\t\t\t\t\t\t\t\t<\/div>\n\t\t\t\t\t\t\t\t\t\t\t\t\t\t\t\t<div class=\"c-single-product-box__content\">\n\t\t\t\t\t\t\t\t\t\t\t\t\t\t\t\t\t\t\t<h4 class=\"c-single-product-box__title t-headline-2\">\n\t\t\t\t\t\t\t\t\t\t\tCaviar Oscietra\t\t\t\t\t\t\t\t\t\t<\/h4>\n\t\t\t\t\t\t\t\t\t\t\t\t\t\t\t\t\t\t\t\t\t\t\t\t\t\t\t\t<p class=\"c-single-product-box__desc t-body-3\">\n\t\t\t\t\t\t\t\t\t\t\tCaviar de esturiones de la especie Acipenser gueldenstaedtii (esturi\u00f3n ruso). Es famoso por su agradable sabor a nueces y su untuoso y mantecoso regusto final.\t\t\t\t\t\t\t\t\t\t<\/p>\n\t\t\t\t\t\t\t\t\t\t\t\t\t\t\t\t\t\t\t\t\t\t\t\t\t\t\t\t<div class=\"c-single-product-box__action\">\n\t\t\t\t\t\t\t\t\t\t\t\t\t\t\t\t\t\t\t\t\t\t\t\t\t\t\t\t\t\t\t\t\t\t\t\t\t\t\t\t\t\t\t\t\t\t\t\t\t\t\t\t\t\t\t\t\t\t\t\t\t\t<a href=\"https:\/\/antoniuscaviar.com\/es\/gama-completa\/\" class=\"c-button c-button--bordered t-upper\" >TIENDA<\/a>\n\t\t\t\t\t\t\t\t\t\t\t\t\t\t\t\t\t\t\t\t\t\t\t\t\t\t\t\t\t\t\t\t\t\t\t\t\t\t\t\t\t\t\t\t\t\t\t\t\t\t\t\t\t\t\t\t\t\t\t\t\t\t\t\t\t\t\t\t\t\t\t\t\t\t\t\t\t\t\t\t\t\t\t\t\t\t\t<a href=\"https:\/\/antoniuscaviar.com\/es\/categoria-producto\/caviar-oscietra\/\" class=\"c-link t-upper\" >LEER M\u00c1S<\/a>\n\t\t\t\t\t\t\t\t\t\t\t\t\t\t\t\t\t\t\t\t\t\t\t\t\t\t\t\t\t\t\t\t\t\t\t\t\t\t\t\t\t\t\t\t\t\t<\/div>\n\t\t\t\t\t\t\t\t\t\t\t\t\t\t\t\t\t<\/div>\n\t\t\t\t\t\t\t<\/div>\n\t\t\t\t\t\t<\/li>\n\t\t\t\t\t\t\t\t\t\t\t\t<\/ul>\n\t\t\t<div class=\"c-single-product-slider__actions\">\n\t\t\t\t<div class=\"c-single-product-slider__pagination js-slider-pagination\"><\/div>\n\t\t\t\t<nav class=\"c-single-product-slider__nav\">\n\t\t\t\t\t<div class=\"c-slider-nav\">\n\t\t\t\t\t\t<button class=\"c-slider-nav__button c-slider-nav__button--prev swiper-button-prev js-slider-prev-btn\">\n\t\t\t\t\t\t\t<span class=\"sr-only\">Previous slide><\/span>\n\t\t\t\t\t\t<\/button>\n\t\t\t\t\t\t<button class=\"c-slider-nav__button c-slider-nav__button--next swiper-button-next js-slider-next-btn\">\n\t\t\t\t\t\t\t<span class=\"sr-only\">Next slide><\/span>\n\t\t\t\t\t\t<\/button>\n\t\t\t\t\t<\/div>\n\t\t\t\t<\/nav>\n\t\t\t<\/div>\n\t\t<\/div>\n\t<\/div>\n<\/section>\n\n\n<section class=\"l-spacing l-spacing--l\"><\/section>\n","protected":false},"excerpt":{"rendered":"","protected":false},"author":284,"featured_media":0,"parent":0,"menu_order":0,"comment_status":"closed","ping_status":"closed","template":"","meta":{"inline_featured_image":false},"acf":[],"yoast_head":"<!-- This site is optimized with the Yoast SEO plugin v19.10 - https:\/\/yoast.com\/wordpress\/plugins\/seo\/ -->\n<title>Nuestros valores - Sklep \u2014 Antonius Caviar<\/title>\n<meta name=\"robots\" content=\"index, follow, max-snippet:-1, max-image-preview:large, max-video-preview:-1\" \/>\n<link rel=\"canonical\" href=\"https:\/\/antoniuscaviar.com\/es\/nuestros-valores\/\" \/>\n<meta property=\"og:locale\" content=\"es_ES\" \/>\n<meta property=\"og:type\" content=\"article\" \/>\n<meta property=\"og:title\" content=\"Nuestros valores - Sklep \u2014 Antonius Caviar\" \/>\n<meta property=\"og:url\" content=\"https:\/\/antoniuscaviar.com\/es\/nuestros-valores\/\" \/>\n<meta property=\"og:site_name\" content=\"Sklep \u2014 Antonius Caviar\" \/>\n<meta property=\"article:modified_time\" content=\"2024-07-19T09:51:45+00:00\" \/>\n<meta name=\"twitter:card\" content=\"summary_large_image\" \/>\n<script type=\"application\/ld+json\" class=\"yoast-schema-graph\">{\"@context\":\"https:\/\/schema.org\",\"@graph\":[{\"@type\":\"WebPage\",\"@id\":\"https:\/\/antoniuscaviar.com\/es\/nuestros-valores\/\",\"url\":\"https:\/\/antoniuscaviar.com\/es\/nuestros-valores\/\",\"name\":\"Nuestros valores - Sklep \u2014 Antonius Caviar\",\"isPartOf\":{\"@id\":\"https:\/\/antoniuscaviar.com\/es\/#website\"},\"datePublished\":\"2024-06-06T12:48:16+00:00\",\"dateModified\":\"2024-07-19T09:51:45+00:00\",\"breadcrumb\":{\"@id\":\"https:\/\/antoniuscaviar.com\/es\/nuestros-valores\/#breadcrumb\"},\"inLanguage\":\"es\",\"potentialAction\":[{\"@type\":\"ReadAction\",\"target\":[\"https:\/\/antoniuscaviar.com\/es\/nuestros-valores\/\"]}]},{\"@type\":\"BreadcrumbList\",\"@id\":\"https:\/\/antoniuscaviar.com\/es\/nuestros-valores\/#breadcrumb\",\"itemListElement\":[{\"@type\":\"ListItem\",\"position\":1,\"name\":\"Home\",\"item\":\"https:\/\/antoniuscaviar.com\/es\/\"},{\"@type\":\"ListItem\",\"position\":2,\"name\":\"Nuestros valores\"}]},{\"@type\":\"WebSite\",\"@id\":\"https:\/\/antoniuscaviar.com\/es\/#website\",\"url\":\"https:\/\/antoniuscaviar.com\/es\/\",\"name\":\"Sklep \u2014 Antonius Caviar\",\"description\":\"\",\"potentialAction\":[{\"@type\":\"SearchAction\",\"target\":{\"@type\":\"EntryPoint\",\"urlTemplate\":\"https:\/\/antoniuscaviar.com\/es\/?s={search_term_string}\"},\"query-input\":\"required name=search_term_string\"}],\"inLanguage\":\"es\"}]}<\/script>\n<!-- \/ Yoast SEO plugin. -->","yoast_head_json":{"title":"Nuestros valores - Sklep \u2014 Antonius Caviar","robots":{"index":"index","follow":"follow","max-snippet":"max-snippet:-1","max-image-preview":"max-image-preview:large","max-video-preview":"max-video-preview:-1"},"canonical":"https:\/\/antoniuscaviar.com\/es\/nuestros-valores\/","og_locale":"es_ES","og_type":"article","og_title":"Nuestros valores - Sklep \u2014 Antonius Caviar","og_url":"https:\/\/antoniuscaviar.com\/es\/nuestros-valores\/","og_site_name":"Sklep \u2014 Antonius Caviar","article_modified_time":"2024-07-19T09:51:45+00:00","twitter_card":"summary_large_image","schema":{"@context":"https:\/\/schema.org","@graph":[{"@type":"WebPage","@id":"https:\/\/antoniuscaviar.com\/es\/nuestros-valores\/","url":"https:\/\/antoniuscaviar.com\/es\/nuestros-valores\/","name":"Nuestros valores - Sklep \u2014 Antonius Caviar","isPartOf":{"@id":"https:\/\/antoniuscaviar.com\/es\/#website"},"datePublished":"2024-06-06T12:48:16+00:00","dateModified":"2024-07-19T09:51:45+00:00","breadcrumb":{"@id":"https:\/\/antoniuscaviar.com\/es\/nuestros-valores\/#breadcrumb"},"inLanguage":"es","potentialAction":[{"@type":"ReadAction","target":["https:\/\/antoniuscaviar.com\/es\/nuestros-valores\/"]}]},{"@type":"BreadcrumbList","@id":"https:\/\/antoniuscaviar.com\/es\/nuestros-valores\/#breadcrumb","itemListElement":[{"@type":"ListItem","position":1,"name":"Home","item":"https:\/\/antoniuscaviar.com\/es\/"},{"@type":"ListItem","position":2,"name":"Nuestros valores"}]},{"@type":"WebSite","@id":"https:\/\/antoniuscaviar.com\/es\/#website","url":"https:\/\/antoniuscaviar.com\/es\/","name":"Sklep \u2014 Antonius Caviar","description":"","potentialAction":[{"@type":"SearchAction","target":{"@type":"EntryPoint","urlTemplate":"https:\/\/antoniuscaviar.com\/es\/?s={search_term_string}"},"query-input":"required name=search_term_string"}],"inLanguage":"es"}]}},"_links":{"self":[{"href":"https:\/\/antoniuscaviar.com\/es\/wp-json\/wp\/v2\/pages\/18606"}],"collection":[{"href":"https:\/\/antoniuscaviar.com\/es\/wp-json\/wp\/v2\/pages"}],"about":[{"href":"https:\/\/antoniuscaviar.com\/es\/wp-json\/wp\/v2\/types\/page"}],"author":[{"embeddable":true,"href":"https:\/\/antoniuscaviar.com\/es\/wp-json\/wp\/v2\/users\/284"}],"replies":[{"embeddable":true,"href":"https:\/\/antoniuscaviar.com\/es\/wp-json\/wp\/v2\/comments?post=18606"}],"version-history":[{"count":5,"href":"https:\/\/antoniuscaviar.com\/es\/wp-json\/wp\/v2\/pages\/18606\/revisions"}],"predecessor-version":[{"id":18913,"href":"https:\/\/antoniuscaviar.com\/es\/wp-json\/wp\/v2\/pages\/18606\/revisions\/18913"}],"wp:attachment":[{"href":"https:\/\/antoniuscaviar.com\/es\/wp-json\/wp\/v2\/media?parent=18606"}],"curies":[{"name":"wp","href":"https:\/\/api.w.org\/{rel}","templated":true}]}}