{"id":18609,"date":"2024-06-06T14:54:26","date_gmt":"2024-06-06T12:54:26","guid":{"rendered":"https:\/\/antoniuscaviar.com\/?page_id=18609"},"modified":"2024-11-28T12:26:21","modified_gmt":"2024-11-28T10:26:21","slug":"quienes-somos","status":"publish","type":"page","link":"https:\/\/antoniuscaviar.com\/es\/quienes-somos\/","title":{"rendered":"Qui\u00e9nes somos"},"content":{"rendered":"<div class=\"l-discover\">\n\t\t<div class=\"l-discover__resized-video js-resized-video-wrapper\">\n\t\t<span class=\"c-video-box__close js-video-close\">\n\t\t\t<svg width=\"32\" height=\"32\" viewBox=\"0 0 32 32\" xmlns=\"http:\/\/www.w3.org\/2000\/svg\">\n\t\t\t\t<path d=\"M4.93953 4.02002L4.01953 4.94002L15.0795 16L4.01953 27.06L4.93953 27.98L15.9995 16.92L27.0595 27.98L27.9795 27.06L16.9195 16L27.9795 4.94002L27.0595 4.02002L15.9995 15.08L4.93953 4.02002Z\"\/>\n\t\t\t<\/svg>\n\t\t<\/span>\n\t\t<div style=\"padding:56.25% 0 0 0;position:relative;\">\n\t\t\t<iframe class=\"js-resized-video l-discover__resized-video-iframe\" src=\"https:\/\/player.vimeo.com\/video\/1034133127\" frameborder=\"0\" allow=\"autoplay; fullscreen; picture-in-picture\" allowfullscreen><\/iframe>\n\t\t<\/div>\n\t\t<script src=\"https:\/\/player.vimeo.com\/api\/player.js\"><\/script>\n\t<\/div>\n\t<div class=\"js-video-anim-trigger\">\n\t\t\t<nav class=\"l-discover__navigation\">\n\t\t<div class=\"l-inner\">\n\t\t\t<ul class=\"c-categories__list\">\n\t\t\t\t\t\t\t\t\t\t\t\t\t\t\t\t\t\t\t\t<li class=\"c-categories__list-item t-body-3  is-active\" >\n\t\t\t\t\t\t\t<a href=\"https:\/\/antoniuscaviar.com\/es\/quienes-somos\/\" class=\"c-link c-link--border\">Qui\u00e9nes somos<\/a>\n\t\t\t\t\t\t<\/li>\n\t\t\t\t\t\t\t\t\t\t\t\t\t\t\t\t\t\t\t\t\t\t\t\t\t<li class=\"c-categories__list-item t-body-3 \" >\n\t\t\t\t\t\t\t<a href=\"https:\/\/antoniuscaviar.com\/es\/nuestros-valores\/\" class=\"c-link c-link--border\">Nuestros valores<\/a>\n\t\t\t\t\t\t<\/li>\n\t\t\t\t\t\t\t\t\t\t\t\t\t\t\t\t\t\t\t\t\t\t\t\t\t<li class=\"c-categories__list-item t-body-3 \" >\n\t\t\t\t\t\t\t<a href=\"https:\/\/antoniuscaviar.com\/es\/piscicultura\/\" class=\"c-link c-link--border\">Piscicultura<\/a>\n\t\t\t\t\t\t<\/li>\n\t\t\t\t\t\t\t\t\t\t\t\t<\/ul>\n\t\t<\/div>\n\t<\/nav>\n\t\t<section class=\"l-spacing l-spacing--l\"><\/section>\n\t\t\t<section class=\"l-discover__section js-discover-heading-section\">\n\t\t<div class=\"l-inner\">\n\t\t\t<div class=\"c-discover__heading\">\n\t\t\t\t\t\t\t\t\t<h1 class=\"c-discover__heading-title t-headline-4 t-upper\">\n\t\t\t\t\t\tNUESTRA PASI\u00d3N, NUESTRO ORGULLO, NUESTRA VIDA\t\t\t\t\t<\/h1>\n\t\t\t\t\t\t\t\t\t\t\t\t\t<p class=\"c-discover__heading-desc t-body-large\">\n\t\t\t\t\t\tLa empresa y su gente\t\t\t\t\t<\/p>\n\t\t\t\t\t\t\t<\/div>\n\t\t<\/div>\n\t<\/section>\n\t\t<section class=\"l-spacing l-spacing--l\"><\/section>\n\t\t\t<section class=\"l-discover__section js-discover-video-section\">\n\t\t<div class=\"l-inner l-inner--fullwidth-mobile\">\n\t\t\t<div class=\"c-discover__video js-small-video-wrapper\">\n\t\t\t\t<span class=\"c-discover__video-icon\">\n\t\t\t\t\t\t\t\t\t\t\t<span class=\"c-button c-button--bordered-white\">\n\t\t\t\t\t\t\tDescubre el v\u00eddeo sobre nosotros\t\t\t\t\t\t<\/span>\n\t\t\t\t\t\t\t\t\t<\/span>\n\t\t\t\t<div class=\"c-video-box\" style=\"background-image: url('https:\/\/antoniuscaviar.com\/wp-content\/uploads\/2022\/03\/hero.jpeg');\">\n\t\t\t\t\t<video class=\"c-video-box__video js-small-video\" poster=\"https:\/\/antoniuscaviar.com\/wp-content\/uploads\/2022\/03\/hero.jpeg\" autoplay muted loop playsinline data-keepplaying>\n\t\t\t\t\t\t<source src=\"https:\/\/antoniuscaviar.com\/wp-content\/uploads\/2022\/11\/teaser-1.mp4\" type=\"video\/mp4\">\n\t\t\t\t\t<\/video>\n\t\t\t\t<\/div>\n\t\t\t\t<img decoding=\"async\" src=\"https:\/\/antoniuscaviar.com\/wp-content\/uploads\/2022\/03\/hero.jpeg\" alt=\"\" class=\"c-discover__video-placeholder\">\n\t\t\t<\/div>\n\t\t<\/div>\n\t<\/section>\n\t<\/div>\n\t<section class=\"l-spacing l-spacing--l l-spacing--none-desktop\"><\/section>\n\n\t\t\t\t<section class=\"l-discover__section\">\n\t\t\t<div class=\"l-inner\">\n\t\t\t\t<div class=\"c-discover__image\">\n\t\t\t\t\t\t\t\t\t\t\t<p class=\"c-discover__image-text t-body-large js-reveal-top\">\n\t\t\t\t\t\t\tSomos una empresa familiar con una larga tradici\u00f3n piscicultora. Nuestra pasi\u00f3n por el pescado empez\u00f3 hace d\u00e9cadas con Antoni \u0141akomiak. Seg\u00fan la idea y voluntad de los empleados, la marca de nuestro caviar recibi\u00f3 su nombre como un homenaje a su contribuci\u00f3n al desarrollo de la empresa. Sus hijos siguieron al padre, estableciendo las mejores pr\u00e1cticas de acuicultura mundial. Enteras familias de varias generaciones trabajan con nosotros.\t\t\t\t\t\t<\/p>\n\t\t\t\t\t\t\t\t\t\t\t\t\t\t\t\t<div class=\"c-discover__image-media c-discover__image-media--spacing-9 js-reveal-top\">\n\t\t\t\t\t\t\t<img decoding=\"async\" src=\"https:\/\/antoniuscaviar.com\/wp-content\/uploads\/2022\/03\/image-text-1.jpeg\" alt=\"\">\n\t\t\t\t\t\t<\/div>\n\t\t\t\t\t\t\t\t\t<\/div>\n\t\t\t<\/div>\n\t\t<\/section>\n\t\t<section class=\"l-spacing l-spacing--l\"><\/section>\n\t\t\n\t\t\t\t<section class=\"l-discover__section js-reveal-top\">\n\t\t\t<div class=\"l-inner\">\n\t\t\t\t<div class=\"c-discover__quote\">\n\t\t\t\t\t<p class=\"c-discover__quote-text\">\n\t\t\t\t\t\tFormamos una comunidad unida que puede presumir de los principios tales como trabajo duro, cuidado del bienestar de los peces y profundo respeto a la naturaleza.\t\t\t\t\t<\/p>\n\t\t\t\t<\/div>\n\t\t\t<\/div>\n\t\t<\/section>\n\t\t<section class=\"l-spacing l-spacing--l\"><\/section>\n\t\t\n\t\t\t\t<section class=\"l-discover__section\">\n\t\t\t<div class=\"l-inner l-inner--fullwidth-mobile\">\n\t\t\t\t<div class=\"c-discover__image c-discover__image--space-between c-discover__image--reverse c-discover__image--fullwidth\">\n\t\t\t\t\t\t\t\t\t\t\t<p class=\"c-discover__image-text t-body-large js-reveal-top\">\n\t\t\t\t\t\t\tLlegamos a la producci\u00f3n de caviar paso a paso. Antonius Caviar es el fruto de larga experiencia en la cr\u00eda de esturiones combinada con una d\u00e9cada de preparaci\u00f3n intensa. La marca se form\u00f3 en 2014 en base del inmenso conocimiento de nuestros empleados y su estrecha cooperaci\u00f3n con los cient\u00edficos. Gracias a la paciencia y atenci\u00f3n a cada detalle, creamos un producto apreciado por los gourmets de todo el mundo.<br \/>\r\nActualmente, nuestra empresa ya se ha convertido en el primer productor europeo y el segundo productor mundial del caviar de esturiones.\t\t\t\t\t\t<\/p>\n\t\t\t\t\t\t\t\t\t\t<div class=\"c-discover__image-media js-reveal-top\">\n\t\t\t\t\t\t<img decoding=\"async\" src=\"https:\/\/antoniuscaviar.com\/wp-content\/uploads\/2022\/03\/image-text-2.jpeg\" alt=\"\">\n\t\t\t\t\t<\/div>\n\t\t\t\t<\/div>\n\t\t\t<\/div>\n\t\t<\/section>\n\t\t<section class=\"l-spacing l-spacing--l l-spacing--xl-desktop\"><\/section>\n\t\t\n\t\t\t\t\t\t<section class=\"l-discover__section\">\n\t\t\t<div class=\"l-inner\">\n\t\t\t\t<ul class=\"c-numbers\">\n\t\t\t\t\t<li class=\"c-numbers__item js-number\">\n\t\t\t\t\t\t<div class=\"c-numbers__item-wrapper\">\n\t\t\t\t\t\t\t\t\t\t\t\t\t\t\t<h3 class=\"c-numbers__heading t-upper\">\n\t\t\t\t\t\t\t\t\t50 A\u00d1OS\t\t\t\t\t\t\t\t<\/h3>\n\t\t\t\t\t\t\t\t\t\t\t\t\t\t\t\t\t\t\t\t\t\t<p class=\"c-numbers__desc t-body-large\">\n\t\t\t\t\t\t\t\t\tde experiencia\t\t\t\t\t\t\t\t<\/p>\n\t\t\t\t\t\t\t\t\t\t\t\t\t<\/div>\n\t\t\t\t\t<\/li>\n\t\t\t\t\t<li class=\"c-numbers__item c-numbers__item--dual js-number\">\n\t\t\t\t\t\t<div class=\"c-numbers__item-wrapper\">\n\t\t\t\t\t\t\t\t\t\t\t\t\t\t\t<h3 class=\"c-numbers__heading t-upper\">\n\t\t\t\t\t\t\t\t\t2.\t\t\t\t\t\t\t\t<\/h3>\n\t\t\t\t\t\t\t\t\t\t\t\t\t\t\t\t\t\t\t\t\t\t<p class=\"c-numbers__desc t-body-large\">\n\t\t\t\t\t\t\t\t\tproductor mundial de caviar\t\t\t\t\t\t\t\t<\/p>\n\t\t\t\t\t\t\t\t\t\t\t\t\t<\/div>\n\t\t\t\t\t\t<div class=\"c-numbers__item-wrapper\">\n\t\t\t\t\t\t\t\t\t\t\t\t\t\t\t<h3 class=\"c-numbers__heading t-upper\">\n\t\t\t\t\t\t\t\t\t1.\t\t\t\t\t\t\t\t<\/h3>\n\t\t\t\t\t\t\t\t\t\t\t\t\t\t\t\t\t\t\t\t\t\t<p class=\"c-numbers__desc t-body-large\">\n\t\t\t\t\t\t\t\t\tproductor de caviar de Europa\t\t\t\t\t\t\t\t<\/p>\n\t\t\t\t\t\t\t\t\t\t\t\t\t<\/div>\n\t\t\t\t\t<\/li>\n\t\t\t\t<\/ul>\n\t\t\t<\/div>\n\t\t<\/section>\n\t\t<section class=\"l-spacing l-spacing--l l-spacing--xl-desktop\"><\/section>\n\t\t\n\t\t\t\t<section class=\"l-discover__section js-reveal-top\">\n\t\t\t<div class=\"l-inner\">\n\t\t\t\t<figure class=\"c-simple-image\">\n\t\t\t\t\t<img decoding=\"async\" src=\"https:\/\/antoniuscaviar.com\/wp-content\/uploads\/2022\/03\/simple-image-2.jpeg\" alt=\"\">\n\t\t\t\t<\/figure>\n\t\t\t<\/div>\n\t\t<\/section>\n\t\t<section class=\"l-spacing l-spacing--l\"><\/section>\n\t\t\n\t\t\t\t<section class=\"l-discover__section js-reveal-top\">\n\t\t\t<div class=\"l-inner\">\n\t\t\t\t<div class=\"c-discover__heading\">\n\t\t\t\t\t<h2 class=\"c-discover__heading-title t-headline-4 t-upper\">\n\t\t\t\t\t\tMANO EXPERTA, MIRADA ATENTA, CORAZ\u00d3N ABIERTO\t\t\t\t\t<\/h2>\n\t\t\t\t<\/div>\n\t\t\t<\/div>\n\t\t<\/section>\n\t\t<section class=\"l-spacing l-spacing--l\"><\/section>\n\t\t\n\t\t\t\t<section class=\"l-discover__section\">\n\t\t\t<div class=\"l-inner l-inner--fullwidth-mobile\">\n\t\t\t\t<div class=\"c-discover__image c-discover__image--fullwidth\">\n\t\t\t\t\t\t\t\t\t\t\t<p class=\"c-discover__image-text t-body-large js-reveal-top\">\n\t\t\t\t\t\t\tUn gran equipo de entusiastas trabaja sin descanso por el \u00e9xito de la marca. Entre ellos se encuentran pescadores, icti\u00f3logos, tecn\u00f3logos alimentarios, bi\u00f3logos, cient\u00edficos y especialistas de muchas otras profesiones. Su esfuerzo colectivo, atenci\u00f3n y preocupaci\u00f3n por el m\u00e1s m\u00ednimo detalle se reflejan en la calidad \u00fanica de nuestro producto. La determinaci\u00f3n de los empleados, su amor al pescado y caviar y su enraizamiento en la estructura de la piscifactor\u00eda son los pilares de funcionamiento de nuestra empresa. Estamos llenos de entusiasmo por nuestro trabajo y al mismo tiempo, ense\u00f1ados por a\u00f1os de experiencia, humildes ante las fuerzas de la naturaleza.\t\t\t\t\t\t<\/p>\n\t\t\t\t\t\t\t\t\t\t\t\t\t\t\t\t<div class=\"c-discover__image-media c-discover__image-media--spacing-12 js-reveal-top\">\n\t\t\t\t\t\t\t<img decoding=\"async\" src=\"https:\/\/antoniuscaviar.com\/wp-content\/uploads\/2022\/03\/image-text-3.jpeg\" alt=\"\">\n\t\t\t\t\t\t<\/div>\n\t\t\t\t\t\t\t\t\t<\/div>\n\t\t\t<\/div>\n\t\t<\/section>\n\t\t<section class=\"l-spacing l-spacing--l\"><\/section>\n\t\t\t\n\t\t\t\t<section class=\"l-discover__section\">\n\t\t\t<div class=\"l-inner\">\n\t\t\t\t<div class=\"c-discover__quote c-discover__quote--end c-discover__quote--xl js-reveal-top\">\n\t\t\t\t\t<p class=\"c-discover__quote-text\">\n\t\t\t\t\t\tNos encontramos entre las muy pocas empresas del mundo que usan exclusivamente las huevas de su propia piscicultura.\t\t\t\t\t<\/p>\n\t\t\t\t<\/div>\n\t\t\t<\/div>\n\t\t<\/section>\n\t\t<section class=\"l-spacing l-spacing--l l-spacing--none-desktop\"><\/section>\n\t\t\n\t\t\t\t<section class=\"l-discover__section\">\n\t\t\t<div class=\"l-inner\">\n\t\t\t\t<div class=\"c-discover__text c-discover__text--start js-reveal-top\">\n\t\t\t\t\t<p class=\"t-body-large\">\n\t\t\t\t\t\tGracias a ello, tenemos un impacto en la calidad y estabilidad de nuestro caviar desde el principio. Tambi\u00e9n como unos de los pocos, disfrutamos de tres granjas con varios par\u00e1metros de agua. Gracias a ello, nuestros peces se mueven entre varios ecosistemas, algo que imita sus migraciones en condiciones naturales.\t\t\t\t\t<\/p>\n\t\t\t\t<\/div>\n\t\t\t<\/div>\n\t\t<\/section>\n\t\t<section class=\"l-spacing l-spacing--l\"><\/section>\n\t\t\n\t\t\t\t<section class=\"l-discover__section\">\n\t\t\t<div class=\"l-inner\">\n\t\t\t\t<div class=\"c-discover__text js-reveal-top\">\n\t\t\t\t\t<p class=\"t-body-large\">\n\t\t\t\t\t\tSomos fieles a los m\u00e9todos tradicionales y producimos exclusivamente el caviar fresco, sin pasteurizar y no ovulado. Esta es la raz\u00f3n por la cual su textura llega a ser tan delicada y gracias a lo que el caviar se funde suavemente en el paladar en vez de explotar en la lengua, algo que suele ocurrir en caso de los populares productos pasteurizados.\t\t\t\t\t<\/p>\n\t\t\t\t<\/div>\n\t\t\t<\/div>\n\t\t<\/section>\n\t\t<section class=\"l-spacing l-spacing--l\"><\/section>\n\t\t\n\t\t\t\t<section class=\"l-discover__section\">\n\t\t\t<div class=\"l-inner\">\n\t\t\t\t<div class=\"c-discover__heading js-reveal-top\">\n\t\t\t\t\t<h2 class=\"c-discover__heading-title t-headline-4 t-upper\">\n\t\t\t\t\t\tCADA LATA DEL CAVIAR ES UNA PEQUE\u00d1A OBRA DE ARTE\t\t\t\t\t<\/h2>\n\t\t\t\t<\/div>\n\t\t\t<\/div>\n\t\t<\/section>\n\t\t<section class=\"l-spacing l-spacing--l\"><\/section>\n\t\t\n\t\t\t\t<section class=\"l-discover__section\">\n\t\t\t<div class=\"l-inner l-inner--fullwidth-mobile\">\n\t\t\t\t<div class=\"c-discover__image c-discover__image--fullwidth c-discover__image--reverse js-reveal-top\">\n\t\t\t\t\t\t\t\t\t\t\t<p class=\"c-discover__image-text c-discover__image-text--alt c-discover__image-text--l\">\n\t\t\t\t\t\t\tProducimos el caviar de manera tradicional, utilizando la antigua t\u00e9cnica \u201eMalossol\u201d (es decir, con baja cantidad de sal). Durante todo el proceso todo se hace a mano, con extremo cuidado, bajo la mirada atenta de los tecn\u00f3logos que han recibido su primera formaci\u00f3n de los Maestros del Caviar m\u00e1s eminentes del mundo.\t\t\t\t\t\t<\/p>\n\t\t\t\t\t\t\t\t\t\t\t\t\t\t\t\t<div class=\"c-discover__image-media c-discover__image-media--spacing-12 js-reveal-top\">\n\t\t\t\t\t\t\t<img decoding=\"async\" src=\"https:\/\/antoniuscaviar.com\/wp-content\/uploads\/2022\/03\/image-text-4.jpeg\" alt=\"\">\n\t\t\t\t\t\t<\/div>\n\t\t\t\t\t\t\t\t\t<\/div>\n\t\t\t<\/div>\n\t\t<\/section>\n\t\t<section class=\"l-spacing l-spacing--l l-spacing--none-desktop\"><\/section>\n\t\t\n\t\t\t\t<section class=\"l-discover__section\">\n\t\t\t<div class=\"l-inner\">\n\t\t\t\t<div class=\"c-discover__text c-discover__text--end js-reveal-top\">\n\t\t\t\t\t<p class=\"t-body-large\">\n\t\t\t\t\t\tExcepcional atenci\u00f3n a los detalles y un enfoque individual de cada lote de huevas convierten nuestra producci\u00f3n de caviar no s\u00f3lo en una artesan\u00eda tradicional sino, sobre todo, un verdadero arte. Consumir los productos de Antonius Caviar ofrece la oportunidad de disfrutar de este arte.\t\t\t\t\t<\/p>\n\t\t\t\t<\/div>\n\t\t\t<\/div>\n\t\t<\/section>\n\t\t<section class=\"l-spacing l-spacing--l\"><\/section>\n\t\t\n\t\t\t\t<section class=\"l-discover__section\">\n\t\t\t<div class=\"l-inner\">\n\t\t\t\t<div class=\"c-discover__text js-reveal-top\">\n\t\t\t\t\t<p class=\"t-body-large\">\n\t\t\t\t\t\tLa producci\u00f3n de Antonius Caviar tiene lugar en una piscifactor\u00eda m\u00e1s moderna del mundo, cumpliendo los estrictos est\u00e1ndares. Uno de los cruciales valores de nuestro trabajo diario es un cuidado especial a la salud y seguridad de la producci\u00f3n Estamos certificados por los IFS Food Standard y BRC Global Standard for Food Safety, los est\u00e1ndares m\u00e1s elevados en cuanto a la calidad y seguridad alimentaria. Tenemos responsabilidad por nuestro producto.\t\t\t\t\t<\/p>\n\t\t\t\t<\/div>\n\t\t\t<\/div>\n\t\t<\/section>\n\t\t<section class=\"l-spacing l-spacing--l\"><\/section>\n\t\t\n\t\t<section class=\"l-discover__section l-discover__section--cta\">\n\t\t<div class=\"l-inner\">\n\t\t\t<div class=\"c-discover__cta js-reveal-top\">\n\t\t\t\t\t\t\t\t\t<p class=\"c-discover__cta-heading t-body-3\">\n\t\t\t\t\t\tDescubre m\u00e1s\t\t\t\t\t<\/p>\n\t\t\t\t\t\t\t\t\t\t\t\t\t<a href=\"https:\/\/antoniuscaviar.com\/es\/nuestros-valores\/\" class=\"c-discover__cta-link t-headline-4\"  >\n\t\t\t\t\t\t<div class=\"c-discover__cta-icon\">\n\t\t\t\t\t\t\t<svg width=\"24\" height=\"24\" viewBox=\"0 0 24 24\" xmlns=\"http:\/\/www.w3.org\/2000\/svg\">\n\t\t\t\t\t\t\t\t<path d=\"M6.71298 2.40548C6.71673 2.5311 6.76923 2.6511 6.8611 2.73923L16.1217 11.9999L6.8611 21.2605C6.76735 21.3505 6.71673 21.4742 6.71485 21.6036C6.71673 21.8005 6.83485 21.9749 7.01485 22.0499C7.19673 22.123 7.40298 22.0799 7.53985 21.9392L17.1399 12.3392C17.3274 12.1517 17.3274 11.848 17.1399 11.6605L7.53985 2.06048C7.40298 1.91798 7.1911 1.87485 7.00923 1.94985C6.82735 2.02673 6.70923 2.20673 6.71298 2.40548Z\" \/>\n\t\t\t\t\t\t\t<\/svg>\n\t\t\t\t\t\t<\/div>\n\t\t\t\t\t\t<p class=\"c-discover__cta-title\">\n\t\t\t\t\t\t\tNUESTROS VALORES\t\t\t\t\t\t<\/p>\n\t\t\t\t\t<\/a>\n\t\t\t\t\t\t\t<\/div>\n\t\t<\/div>\n\t<\/section>\n\t<section class=\"l-spacing l-spacing--l\"><\/section>\n<\/div>\n\n\n<section class=\"l-single-product-slider l-slider \">\n\t<div class=\"l-inner\">\n\t\t<div class=\"c-single-product-slider js-slider\" data-slider-type=\"singleProduct\">\n\t\t\t<ul class=\"c-single-product-slider__wrapper swiper-wrapper\">\n\t\t\t\t\t\t\t\t\t\t\t\t\t\t\t\t\t\t\t\t<li class=\"c-single-product-slider__slide swiper-slide\">\n\t\t\t\t\t\t\t<div class=\"c-single-product-box\">\n\t\t\t\t\t\t\t\t\t\t\t\t\t\t\t\t\t<div class=\"c-single-product-box__media\">\n\t\t\t\t\t\t\t\t\t\t<img decoding=\"async\" onClick='window.location.href = \"https:\/\/antoniuscaviar.com\/es\/categoria-producto\/caviar-siberian\/\"'\t\t\t\t\t\t\t\t\t\t src=\"https:\/\/antoniuscaviar.com\/wp-content\/uploads\/2022\/11\/can_siberian_6stars-288x288.png\" alt=\"\" \/>\n\t\t\t\t\t\t\t\t\t<\/div>\n\t\t\t\t\t\t\t\t\t\t\t\t\t\t\t\t<div class=\"c-single-product-box__content\">\n\t\t\t\t\t\t\t\t\t\t\t\t\t\t\t\t\t\t\t<h4 class=\"c-single-product-box__title t-headline-2\">\n\t\t\t\t\t\t\t\t\t\t\tCaviar Siberian\t\t\t\t\t\t\t\t\t\t<\/h4>\n\t\t\t\t\t\t\t\t\t\t\t\t\t\t\t\t\t\t\t\t\t\t\t\t\t\t\t\t<p class=\"c-single-product-box__desc t-body-3\">\n\t\t\t\t\t\t\t\t\t\t\tCaviar de esturiones de la especie Acipenser baerii (esturi\u00f3n siberiano). Destaca por su sabor rico y complejo, con un regusto final claro y largo.\t\t\t\t\t\t\t\t\t\t<\/p>\n\t\t\t\t\t\t\t\t\t\t\t\t\t\t\t\t\t\t\t\t\t\t\t\t\t\t\t\t<div class=\"c-single-product-box__action\">\n\t\t\t\t\t\t\t\t\t\t\t\t\t\t\t\t\t\t\t\t\t\t\t\t\t\t\t\t\t\t\t\t\t\t\t\t\t\t\t\t\t\t\t\t\t\t\t\t\t\t\t\t\t\t\t\t\t\t\t\t\t\t<a href=\"https:\/\/antoniuscaviar.com\/es\/gama-completa\/\" class=\"c-button c-button--bordered t-upper\" >TIENDA<\/a>\n\t\t\t\t\t\t\t\t\t\t\t\t\t\t\t\t\t\t\t\t\t\t\t\t\t\t\t\t\t\t\t\t\t\t\t\t\t\t\t\t\t\t\t\t\t\t\t\t\t\t\t\t\t\t\t\t\t\t\t\t\t\t\t\t\t\t\t\t\t\t\t\t\t\t\t\t\t\t\t\t\t\t\t\t\t\t\t<a href=\"https:\/\/antoniuscaviar.com\/es\/categoria-producto\/caviar-siberian\/\" class=\"c-link t-upper\" >LEER M\u00c1S<\/a>\n\t\t\t\t\t\t\t\t\t\t\t\t\t\t\t\t\t\t\t\t\t\t\t\t\t\t\t\t\t\t\t\t\t\t\t\t\t\t\t\t\t\t\t\t\t\t<\/div>\n\t\t\t\t\t\t\t\t\t\t\t\t\t\t\t\t\t<\/div>\n\t\t\t\t\t\t\t<\/div>\n\t\t\t\t\t\t<\/li>\n\t\t\t\t\t\t\t\t\t\t\t\t\t\t\t\t\t\t\t\t\t\t\t\t\t<li class=\"c-single-product-slider__slide swiper-slide\">\n\t\t\t\t\t\t\t<div class=\"c-single-product-box\">\n\t\t\t\t\t\t\t\t\t\t\t\t\t\t\t\t\t<div class=\"c-single-product-box__media\">\n\t\t\t\t\t\t\t\t\t\t<img decoding=\"async\" onClick='window.location.href = \"https:\/\/antoniuscaviar.com\/es\/categoria-producto\/caviar-oscietra\/\"'\t\t\t\t\t\t\t\t\t\t src=\"https:\/\/antoniuscaviar.com\/wp-content\/uploads\/2022\/11\/can_oscietra_6stars-288x288.png\" alt=\"\" \/>\n\t\t\t\t\t\t\t\t\t<\/div>\n\t\t\t\t\t\t\t\t\t\t\t\t\t\t\t\t<div class=\"c-single-product-box__content\">\n\t\t\t\t\t\t\t\t\t\t\t\t\t\t\t\t\t\t\t<h4 class=\"c-single-product-box__title t-headline-2\">\n\t\t\t\t\t\t\t\t\t\t\tCaviar Oscietra\t\t\t\t\t\t\t\t\t\t<\/h4>\n\t\t\t\t\t\t\t\t\t\t\t\t\t\t\t\t\t\t\t\t\t\t\t\t\t\t\t\t<p class=\"c-single-product-box__desc t-body-3\">\n\t\t\t\t\t\t\t\t\t\t\tCaviar de esturiones de la especie Acipenser gueldenstaedtii (esturi\u00f3n ruso). Es famoso por su agradable sabor a nueces y su untuoso y mantecoso regusto final.\t\t\t\t\t\t\t\t\t\t<\/p>\n\t\t\t\t\t\t\t\t\t\t\t\t\t\t\t\t\t\t\t\t\t\t\t\t\t\t\t\t<div class=\"c-single-product-box__action\">\n\t\t\t\t\t\t\t\t\t\t\t\t\t\t\t\t\t\t\t\t\t\t\t\t\t\t\t\t\t\t\t\t\t\t\t\t\t\t\t\t\t\t\t\t\t\t\t\t\t\t\t\t\t\t\t\t\t\t\t\t\t\t<a href=\"https:\/\/antoniuscaviar.com\/es\/gama-completa\/\" class=\"c-button c-button--bordered t-upper\" >TIENDA<\/a>\n\t\t\t\t\t\t\t\t\t\t\t\t\t\t\t\t\t\t\t\t\t\t\t\t\t\t\t\t\t\t\t\t\t\t\t\t\t\t\t\t\t\t\t\t\t\t\t\t\t\t\t\t\t\t\t\t\t\t\t\t\t\t\t\t\t\t\t\t\t\t\t\t\t\t\t\t\t\t\t\t\t\t\t\t\t\t\t<a href=\"https:\/\/antoniuscaviar.com\/es\/categoria-producto\/caviar-oscietra\/\" class=\"c-link t-upper\" >LEER M\u00c1S<\/a>\n\t\t\t\t\t\t\t\t\t\t\t\t\t\t\t\t\t\t\t\t\t\t\t\t\t\t\t\t\t\t\t\t\t\t\t\t\t\t\t\t\t\t\t\t\t\t<\/div>\n\t\t\t\t\t\t\t\t\t\t\t\t\t\t\t\t\t<\/div>\n\t\t\t\t\t\t\t<\/div>\n\t\t\t\t\t\t<\/li>\n\t\t\t\t\t\t\t\t\t\t\t\t<\/ul>\n\t\t\t<div class=\"c-single-product-slider__actions\">\n\t\t\t\t<div class=\"c-single-product-slider__pagination js-slider-pagination\"><\/div>\n\t\t\t\t<nav class=\"c-single-product-slider__nav\">\n\t\t\t\t\t<div class=\"c-slider-nav\">\n\t\t\t\t\t\t<button class=\"c-slider-nav__button c-slider-nav__button--prev swiper-button-prev js-slider-prev-btn\">\n\t\t\t\t\t\t\t<span class=\"sr-only\">Previous slide><\/span>\n\t\t\t\t\t\t<\/button>\n\t\t\t\t\t\t<button class=\"c-slider-nav__button c-slider-nav__button--next swiper-button-next js-slider-next-btn\">\n\t\t\t\t\t\t\t<span class=\"sr-only\">Next slide><\/span>\n\t\t\t\t\t\t<\/button>\n\t\t\t\t\t<\/div>\n\t\t\t\t<\/nav>\n\t\t\t<\/div>\n\t\t<\/div>\n\t<\/div>\n<\/section>\n\n\n<section class=\"l-spacing l-spacing--l\"><\/section>\n","protected":false},"excerpt":{"rendered":"","protected":false},"author":284,"featured_media":0,"parent":0,"menu_order":0,"comment_status":"closed","ping_status":"closed","template":"","meta":{"inline_featured_image":false},"acf":[],"yoast_head":"<!-- This site is optimized with the Yoast SEO plugin v19.10 - https:\/\/yoast.com\/wordpress\/plugins\/seo\/ -->\n<title>Qui\u00e9nes somos - Sklep \u2014 Antonius Caviar<\/title>\n<meta name=\"robots\" content=\"index, follow, max-snippet:-1, max-image-preview:large, max-video-preview:-1\" \/>\n<link rel=\"canonical\" href=\"https:\/\/antoniuscaviar.com\/es\/quienes-somos\/\" \/>\n<meta property=\"og:locale\" content=\"es_ES\" \/>\n<meta property=\"og:type\" content=\"article\" \/>\n<meta property=\"og:title\" content=\"Qui\u00e9nes somos - Sklep \u2014 Antonius Caviar\" \/>\n<meta property=\"og:url\" content=\"https:\/\/antoniuscaviar.com\/es\/quienes-somos\/\" \/>\n<meta property=\"og:site_name\" content=\"Sklep \u2014 Antonius Caviar\" \/>\n<meta property=\"article:modified_time\" content=\"2024-11-28T10:26:21+00:00\" \/>\n<meta name=\"twitter:card\" content=\"summary_large_image\" \/>\n<script type=\"application\/ld+json\" class=\"yoast-schema-graph\">{\"@context\":\"https:\/\/schema.org\",\"@graph\":[{\"@type\":\"WebPage\",\"@id\":\"https:\/\/antoniuscaviar.com\/es\/quienes-somos\/\",\"url\":\"https:\/\/antoniuscaviar.com\/es\/quienes-somos\/\",\"name\":\"Qui\u00e9nes somos - Sklep \u2014 Antonius Caviar\",\"isPartOf\":{\"@id\":\"https:\/\/antoniuscaviar.com\/es\/#website\"},\"datePublished\":\"2024-06-06T12:54:26+00:00\",\"dateModified\":\"2024-11-28T10:26:21+00:00\",\"breadcrumb\":{\"@id\":\"https:\/\/antoniuscaviar.com\/es\/quienes-somos\/#breadcrumb\"},\"inLanguage\":\"es\",\"potentialAction\":[{\"@type\":\"ReadAction\",\"target\":[\"https:\/\/antoniuscaviar.com\/es\/quienes-somos\/\"]}]},{\"@type\":\"BreadcrumbList\",\"@id\":\"https:\/\/antoniuscaviar.com\/es\/quienes-somos\/#breadcrumb\",\"itemListElement\":[{\"@type\":\"ListItem\",\"position\":1,\"name\":\"Home\",\"item\":\"https:\/\/antoniuscaviar.com\/es\/\"},{\"@type\":\"ListItem\",\"position\":2,\"name\":\"Qui\u00e9nes somos\"}]},{\"@type\":\"WebSite\",\"@id\":\"https:\/\/antoniuscaviar.com\/es\/#website\",\"url\":\"https:\/\/antoniuscaviar.com\/es\/\",\"name\":\"Sklep \u2014 Antonius Caviar\",\"description\":\"\",\"potentialAction\":[{\"@type\":\"SearchAction\",\"target\":{\"@type\":\"EntryPoint\",\"urlTemplate\":\"https:\/\/antoniuscaviar.com\/es\/?s={search_term_string}\"},\"query-input\":\"required name=search_term_string\"}],\"inLanguage\":\"es\"}]}<\/script>\n<!-- \/ Yoast SEO plugin. -->","yoast_head_json":{"title":"Qui\u00e9nes somos - Sklep \u2014 Antonius Caviar","robots":{"index":"index","follow":"follow","max-snippet":"max-snippet:-1","max-image-preview":"max-image-preview:large","max-video-preview":"max-video-preview:-1"},"canonical":"https:\/\/antoniuscaviar.com\/es\/quienes-somos\/","og_locale":"es_ES","og_type":"article","og_title":"Qui\u00e9nes somos - Sklep \u2014 Antonius Caviar","og_url":"https:\/\/antoniuscaviar.com\/es\/quienes-somos\/","og_site_name":"Sklep \u2014 Antonius Caviar","article_modified_time":"2024-11-28T10:26:21+00:00","twitter_card":"summary_large_image","schema":{"@context":"https:\/\/schema.org","@graph":[{"@type":"WebPage","@id":"https:\/\/antoniuscaviar.com\/es\/quienes-somos\/","url":"https:\/\/antoniuscaviar.com\/es\/quienes-somos\/","name":"Qui\u00e9nes somos - Sklep \u2014 Antonius Caviar","isPartOf":{"@id":"https:\/\/antoniuscaviar.com\/es\/#website"},"datePublished":"2024-06-06T12:54:26+00:00","dateModified":"2024-11-28T10:26:21+00:00","breadcrumb":{"@id":"https:\/\/antoniuscaviar.com\/es\/quienes-somos\/#breadcrumb"},"inLanguage":"es","potentialAction":[{"@type":"ReadAction","target":["https:\/\/antoniuscaviar.com\/es\/quienes-somos\/"]}]},{"@type":"BreadcrumbList","@id":"https:\/\/antoniuscaviar.com\/es\/quienes-somos\/#breadcrumb","itemListElement":[{"@type":"ListItem","position":1,"name":"Home","item":"https:\/\/antoniuscaviar.com\/es\/"},{"@type":"ListItem","position":2,"name":"Qui\u00e9nes somos"}]},{"@type":"WebSite","@id":"https:\/\/antoniuscaviar.com\/es\/#website","url":"https:\/\/antoniuscaviar.com\/es\/","name":"Sklep \u2014 Antonius Caviar","description":"","potentialAction":[{"@type":"SearchAction","target":{"@type":"EntryPoint","urlTemplate":"https:\/\/antoniuscaviar.com\/es\/?s={search_term_string}"},"query-input":"required name=search_term_string"}],"inLanguage":"es"}]}},"_links":{"self":[{"href":"https:\/\/antoniuscaviar.com\/es\/wp-json\/wp\/v2\/pages\/18609"}],"collection":[{"href":"https:\/\/antoniuscaviar.com\/es\/wp-json\/wp\/v2\/pages"}],"about":[{"href":"https:\/\/antoniuscaviar.com\/es\/wp-json\/wp\/v2\/types\/page"}],"author":[{"embeddable":true,"href":"https:\/\/antoniuscaviar.com\/es\/wp-json\/wp\/v2\/users\/284"}],"replies":[{"embeddable":true,"href":"https:\/\/antoniuscaviar.com\/es\/wp-json\/wp\/v2\/comments?post=18609"}],"version-history":[{"count":7,"href":"https:\/\/antoniuscaviar.com\/es\/wp-json\/wp\/v2\/pages\/18609\/revisions"}],"predecessor-version":[{"id":20039,"href":"https:\/\/antoniuscaviar.com\/es\/wp-json\/wp\/v2\/pages\/18609\/revisions\/20039"}],"wp:attachment":[{"href":"https:\/\/antoniuscaviar.com\/es\/wp-json\/wp\/v2\/media?parent=18609"}],"curies":[{"name":"wp","href":"https:\/\/api.w.org\/{rel}","templated":true}]}}