{"id":18612,"date":"2024-06-06T14:55:03","date_gmt":"2024-06-06T12:55:03","guid":{"rendered":"https:\/\/antoniuscaviar.com\/?page_id=18612"},"modified":"2024-06-06T15:03:59","modified_gmt":"2024-06-06T13:03:59","slug":"gama-completa","status":"publish","type":"page","link":"https:\/\/antoniuscaviar.com\/es\/gama-completa\/","title":{"rendered":"Gama completa"},"content":{"rendered":"\n<p>El caviar m\u00e1s aut\u00e9ntico procedente exclusivamente de esturiones de nuestra propia piscifactor\u00eda sostenible. Natural, fresco, sin pasteurizar. Preparado seg\u00fan el m\u00e9todo tradicional \u00abMalossol\u00bb, es decir, ligeramente salado.<\/p>\n","protected":false},"excerpt":{"rendered":"<p>El caviar m\u00e1s aut\u00e9ntico procedente exclusivamente de esturiones de nuestra propia piscifactor\u00eda sostenible. Natural, fresco, sin pasteurizar. Preparado seg\u00fan el m\u00e9todo tradicional \u00abMalossol\u00bb, es decir, ligeramente salado.<\/p>\n","protected":false},"author":284,"featured_media":0,"parent":0,"menu_order":0,"comment_status":"closed","ping_status":"closed","template":"","meta":{"inline_featured_image":false},"acf":[],"yoast_head":"<!-- This site is optimized with the Yoast SEO plugin v19.10 - https:\/\/yoast.com\/wordpress\/plugins\/seo\/ -->\n<title>Gama completa - Sklep \u2014 Antonius Caviar<\/title>\n<meta name=\"robots\" content=\"index, follow, max-snippet:-1, max-image-preview:large, max-video-preview:-1\" \/>\n<link rel=\"canonical\" href=\"https:\/\/antoniuscaviar.com\/es\/gama-completa\/\" \/>\n<meta property=\"og:locale\" content=\"es_ES\" \/>\n<meta property=\"og:type\" content=\"article\" \/>\n<meta property=\"og:title\" content=\"Gama completa - Sklep \u2014 Antonius Caviar\" \/>\n<meta property=\"og:description\" content=\"El caviar m\u00e1s aut\u00e9ntico procedente exclusivamente de esturiones de nuestra propia piscifactor\u00eda sostenible. Natural, fresco, sin pasteurizar. Preparado seg\u00fan el m\u00e9todo tradicional \u00abMalossol\u00bb, es decir, ligeramente salado.\" \/>\n<meta property=\"og:url\" content=\"https:\/\/antoniuscaviar.com\/es\/gama-completa\/\" \/>\n<meta property=\"og:site_name\" content=\"Sklep \u2014 Antonius Caviar\" \/>\n<meta property=\"article:modified_time\" content=\"2024-06-06T13:03:59+00:00\" \/>\n<meta name=\"twitter:card\" content=\"summary_large_image\" \/>\n<meta name=\"twitter:label1\" content=\"Est. reading time\" \/>\n\t<meta name=\"twitter:data1\" content=\"1 minuto\" \/>\n<script type=\"application\/ld+json\" class=\"yoast-schema-graph\">{\"@context\":\"https:\/\/schema.org\",\"@graph\":[{\"@type\":\"WebPage\",\"@id\":\"https:\/\/antoniuscaviar.com\/es\/gama-completa\/\",\"url\":\"https:\/\/antoniuscaviar.com\/es\/gama-completa\/\",\"name\":\"Gama completa - Sklep \u2014 Antonius Caviar\",\"isPartOf\":{\"@id\":\"https:\/\/antoniuscaviar.com\/es\/#website\"},\"datePublished\":\"2024-06-06T12:55:03+00:00\",\"dateModified\":\"2024-06-06T13:03:59+00:00\",\"breadcrumb\":{\"@id\":\"https:\/\/antoniuscaviar.com\/es\/gama-completa\/#breadcrumb\"},\"inLanguage\":\"es\",\"potentialAction\":[{\"@type\":\"ReadAction\",\"target\":[\"https:\/\/antoniuscaviar.com\/es\/gama-completa\/\"]}]},{\"@type\":\"BreadcrumbList\",\"@id\":\"https:\/\/antoniuscaviar.com\/es\/gama-completa\/#breadcrumb\",\"itemListElement\":[{\"@type\":\"ListItem\",\"position\":1,\"name\":\"Home\",\"item\":\"https:\/\/antoniuscaviar.com\/es\/\"},{\"@type\":\"ListItem\",\"position\":2,\"name\":\"Gama completa\"}]},{\"@type\":\"WebSite\",\"@id\":\"https:\/\/antoniuscaviar.com\/es\/#website\",\"url\":\"https:\/\/antoniuscaviar.com\/es\/\",\"name\":\"Sklep \u2014 Antonius Caviar\",\"description\":\"\",\"potentialAction\":[{\"@type\":\"SearchAction\",\"target\":{\"@type\":\"EntryPoint\",\"urlTemplate\":\"https:\/\/antoniuscaviar.com\/es\/?s={search_term_string}\"},\"query-input\":\"required name=search_term_string\"}],\"inLanguage\":\"es\"}]}<\/script>\n<!-- \/ Yoast SEO plugin. -->","yoast_head_json":{"title":"Gama completa - Sklep \u2014 Antonius Caviar","robots":{"index":"index","follow":"follow","max-snippet":"max-snippet:-1","max-image-preview":"max-image-preview:large","max-video-preview":"max-video-preview:-1"},"canonical":"https:\/\/antoniuscaviar.com\/es\/gama-completa\/","og_locale":"es_ES","og_type":"article","og_title":"Gama completa - Sklep \u2014 Antonius Caviar","og_description":"El caviar m\u00e1s aut\u00e9ntico procedente exclusivamente de esturiones de nuestra propia piscifactor\u00eda sostenible. Natural, fresco, sin pasteurizar. Preparado seg\u00fan el m\u00e9todo tradicional \u00abMalossol\u00bb, es decir, ligeramente salado.","og_url":"https:\/\/antoniuscaviar.com\/es\/gama-completa\/","og_site_name":"Sklep \u2014 Antonius Caviar","article_modified_time":"2024-06-06T13:03:59+00:00","twitter_card":"summary_large_image","twitter_misc":{"Est. reading time":"1 minuto"},"schema":{"@context":"https:\/\/schema.org","@graph":[{"@type":"WebPage","@id":"https:\/\/antoniuscaviar.com\/es\/gama-completa\/","url":"https:\/\/antoniuscaviar.com\/es\/gama-completa\/","name":"Gama completa - Sklep \u2014 Antonius Caviar","isPartOf":{"@id":"https:\/\/antoniuscaviar.com\/es\/#website"},"datePublished":"2024-06-06T12:55:03+00:00","dateModified":"2024-06-06T13:03:59+00:00","breadcrumb":{"@id":"https:\/\/antoniuscaviar.com\/es\/gama-completa\/#breadcrumb"},"inLanguage":"es","potentialAction":[{"@type":"ReadAction","target":["https:\/\/antoniuscaviar.com\/es\/gama-completa\/"]}]},{"@type":"BreadcrumbList","@id":"https:\/\/antoniuscaviar.com\/es\/gama-completa\/#breadcrumb","itemListElement":[{"@type":"ListItem","position":1,"name":"Home","item":"https:\/\/antoniuscaviar.com\/es\/"},{"@type":"ListItem","position":2,"name":"Gama completa"}]},{"@type":"WebSite","@id":"https:\/\/antoniuscaviar.com\/es\/#website","url":"https:\/\/antoniuscaviar.com\/es\/","name":"Sklep \u2014 Antonius Caviar","description":"","potentialAction":[{"@type":"SearchAction","target":{"@type":"EntryPoint","urlTemplate":"https:\/\/antoniuscaviar.com\/es\/?s={search_term_string}"},"query-input":"required name=search_term_string"}],"inLanguage":"es"}]}},"_links":{"self":[{"href":"https:\/\/antoniuscaviar.com\/es\/wp-json\/wp\/v2\/pages\/18612"}],"collection":[{"href":"https:\/\/antoniuscaviar.com\/es\/wp-json\/wp\/v2\/pages"}],"about":[{"href":"https:\/\/antoniuscaviar.com\/es\/wp-json\/wp\/v2\/types\/page"}],"author":[{"embeddable":true,"href":"https:\/\/antoniuscaviar.com\/es\/wp-json\/wp\/v2\/users\/284"}],"replies":[{"embeddable":true,"href":"https:\/\/antoniuscaviar.com\/es\/wp-json\/wp\/v2\/comments?post=18612"}],"version-history":[{"count":2,"href":"https:\/\/antoniuscaviar.com\/es\/wp-json\/wp\/v2\/pages\/18612\/revisions"}],"predecessor-version":[{"id":18617,"href":"https:\/\/antoniuscaviar.com\/es\/wp-json\/wp\/v2\/pages\/18612\/revisions\/18617"}],"wp:attachment":[{"href":"https:\/\/antoniuscaviar.com\/es\/wp-json\/wp\/v2\/media?parent=18612"}],"curies":[{"name":"wp","href":"https:\/\/api.w.org\/{rel}","templated":true}]}}