{"id":18614,"date":"2024-06-06T15:03:47","date_gmt":"2024-06-06T13:03:47","guid":{"rendered":"https:\/\/antoniuscaviar.com\/?page_id=18614"},"modified":"2024-06-06T15:04:05","modified_gmt":"2024-06-06T13:04:05","slug":"politica-de-privacidad","status":"publish","type":"page","link":"https:\/\/antoniuscaviar.com\/es\/politica-de-privacidad\/","title":{"rendered":"Pol\u00edtica de Privacidad"},"content":{"rendered":"<div class=\"l-inner \">\n\t<div class=\"c-title-text\">\n\t\t\t\t\t\t\t<div class=\"c-title-text__content c-cms-content\">\n\t\t\t\t<h1>Pol\u00edtica de Privacidad y el Aviso sobre el tratamiento de datos personales<\/h1>\n<p>&nbsp;<\/p>\n<h1>I. Las cookies<\/h1>\n<p>&nbsp;<\/p>\n<ol>\n<li>La p\u00e1gina web www.antoniuscaviar.com, en adelante la P\u00e1gina Web, utiliza cookies para recopilar informaci\u00f3n relativa al uso de la P\u00e1gina Web por parte del Usuario.<\/li>\n<li>Las cookies son archivos de texto almacenados por el navegador web del Usuario en su ordenador que permiten identificar al Usuario y registrar sus preferencias bas\u00e1ndose en el historial de sitios web visitados. La informaci\u00f3n se almacena para adaptar la P\u00e1gina Web a las necesidades individuales del Usuario, as\u00ed como con fines publicitarios y estad\u00edsticos.<\/li>\n<li>Al gestionar la P\u00e1gina Web, su administrador utiliza los siguientes tipos de cookies:\n<ol type=\"a\">\n<li>las cookies \u00abesenciales\u00bb que permiten la utilizaci\u00f3n de los servicios disponibles en la P\u00e1gina Web,<\/li>\n<li>las cookies de seguridad,<\/li>\n<li>las cookies que permiten recopilar informaci\u00f3n sobre la forma de usar la P\u00e1gina Web:\n<ul>\n<li>archivos que permiten el uso de herramientas de marketing tales como Google Ads, Facebook Custom Audiences\/ Facebook Pixel o LinkedIn Insight Tag. Estos archivos permiten, entre otras cosas, una adecuada configuraci\u00f3n, ajuste y visualizaci\u00f3n de los anuncios basada en el comportamiento previo en la P\u00e1gina Web. Estas herramientas tambi\u00e9n se utilizan para recopilar datos anal\u00edticos y estad\u00edsticos;<\/li>\n<li>plug-ins de redes sociales que permitan, por ejemplo, dar \u00abme gusta\u00bb a nuestra fanpage directamente desde la P\u00e1gina Web;<\/li>\n<li>archivos asociados con el uso de herramientas anal\u00edticas, por ejemplo, Google Analytics. La herramienta proporciona, entre otras cosas, informaci\u00f3n sobre el tiempo pasado en la P\u00e1gina Web, las subp\u00e1ginas vistas y las fuentes de tr\u00e1fico;<\/li>\n<li>archivos que permiten la reproducci\u00f3n de v\u00eddeo, por ejemplo de YouTube. Los archivos se cargan cuando se reproduce un v\u00eddeo de una fuente concreta (por ejemplo, una receta de un videoblog).<\/li>\n<\/ul>\n<\/li>\n<\/ol>\n<\/li>\n<li>Los navegadores web permiten a menudo almacenar cookies en el equipo final del Usuario por defecto. Los Usuarios de la P\u00e1gina Web pueden cambiar su configuraci\u00f3n de cookies en cualquier momento. Esta configuraci\u00f3n puede ser modificada para bloquear el tratamiento autom\u00e1tico de cookies en los ajustes del navegador o para informar al Usuario de la P\u00e1gina Web cada vez que se coloquen en su dispositivo. La informaci\u00f3n detallada sobre la posibilidad y el modo de tratamiento de las cookies est\u00e1 disponible en la configuraci\u00f3n de su navegador. Si no se modifica la configuraci\u00f3n de las cookies, \u00e9stas se colocar\u00e1n en el equipo terminal del Usuario y, por lo tanto, se almacenar\u00e1 informaci\u00f3n en el equipo terminal del Usuario.<\/li>\n<\/ol>\n<p>&nbsp;<\/p>\n<h4>Instrucciones para cambiar la configuraci\u00f3n de las cookies<\/h4>\n<p>&nbsp;<\/p>\n<h5>Mozilla Firefox<\/h5>\n<p>En el men\u00fa \u00abHerramientas\u00bb, haz clic en \u00abOpciones\u00bb y all\u00ed selecciona la pesta\u00f1a \u00abPrivacidad\u00bb. El navegador ofrece la posibilidad de eliminar las cookies de los sitios web concretos o de bloquear el rastreo por completo.<\/p>\n<h5>Microsoft Internet Explorer<\/h5>\n<p>En el men\u00fa \u00abHerramientas\u00bb, haz clic en \u00abOpciones de internet\u00bb y selecciona la pesta\u00f1a \u00abPrivacidad\u00bb. Utiliza el control deslizante para ajustar el nivel general de privacidad o el bot\u00f3n \u00abSitios\u00bb para gestionar la configuraci\u00f3n de sitios web concretos.<\/p>\n<h5>Google Chrome<\/h5>\n<p>Arriba a la derecha, haz clic en el men\u00fa (oculto bajo los tres guiones horizontales), selecciona la ficha \u00abM\u00e1s herramientas\u00bb y, a continuaci\u00f3n, \u00abBorrar datos de navegaci\u00f3n\u00bb. El bot\u00f3n \u00abM\u00e1s informaci\u00f3n\u00bb lleva a una descripci\u00f3n detallada de las funciones de privacidad del navegador.<\/p>\n<h5>Opera<\/h5>\n<p>Haz clic en \u00abOpera\u00bb en la esquina superior izquierda, abre el men\u00fa y selecciona la pesta\u00f1a \u00abConfiguraci\u00f3n\u00bb. A continuaci\u00f3n, selecciona la opci\u00f3n \u00abBorrar historial de navegaci\u00f3n&#8230; \u00ab. El bot\u00f3n \u00abAdministrar cookies&#8230;\u00bb lleva a las opciones avanzadas para sitios concretos.<\/p>\n<h5>Apple Safari<\/h5>\n<p>En el men\u00fa \u00abSafari\u00bb, selecciona la pesta\u00f1a \u00abPreferencias\u00bb y, a continuaci\u00f3n, la pesta\u00f1a \u00abPrivacidad\u00bb. Aqu\u00ed es posible especificar las opciones de las cookies.<\/p>\n<h5>Tel\u00e9fonos m\u00f3viles, tablets y otros dispositivos m\u00f3viles<\/h5>\n<p>Las opciones de las cookies se definen de forma diferente en cada modelo de m\u00f3vil. Para cambiar la configuraci\u00f3n, consulta la documentaci\u00f3n del dispositivo m\u00f3vil correspondiente.<\/p>\n<h5>Google Analytics y\u00a0Google Ads<\/h5>\n<p><a class=\"waffle-rich-text-link\" data-sheets-formula-bar-text-link=\"https:\/\/adssettings.google.com\/authenticated.\" data-sheets-formula-bar-text-style=\"font-size:15px;color:#0066cc;font-weight:normal;text-decoration:underline;font-family:'Times New Roman';font-style:normal;text-decoration-skip-ink:none;\">El consentimiento al uso de cookies o de identificadores de dispositivos m\u00f3viles por parte de Google puede ser revocado en la secci\u00f3n de Configuraci\u00f3n de Anuncios: <\/a><a class=\"waffle-rich-text-link\" href=\"https:\/\/adssettings.google.com\/authenticated.\" data-sheets-formula-bar-text-link=\"https:\/\/adssettings.google.com\/authenticated.\" data-sheets-formula-bar-text-style=\"font-size:15px;color:#1155cc;font-weight:normal;text-decoration:underline;font-family:'Times New Roman';font-style:normal;text-decoration-skip-ink:none;\">https:\/\/adssettings.google.com\/authenticated.<\/a><\/p>\n<p>Adem\u00e1s, es posible instalar una extensi\u00f3n del navegador para bloquear Google Analytics: <a href=\"https:\/\/tools.google.com\/dlpage\/gaoptout\">https:\/\/tools.google.com\/dlpage\/gaoptout<\/a>.<\/p>\n<p>Para revocar su consentimiento al uso de cookies por parte de otros proveedores externos, tambi\u00e9n puede utilizar la Network Advertising Initiative: <a href=\"http:\/\/optout.networkadvertising.org\/?c=1\">http:\/\/optout.networkadvertising.org\/?c=1<\/a>.<\/p>\n<p>&nbsp;<\/p>\n<p>&nbsp;<\/p>\n<h3>II. Elaboraci\u00f3n de perfiles y remarketing<\/h3>\n<p>&nbsp;<\/p>\n<p>La P\u00e1gina Web est\u00e1 vinculada a herramientas de marketing como Google Ads y Google Analytics. Estas herramientas recopilan informaci\u00f3n (especialmente mediante el uso de cookies) que permite identificar el comportamiento del Usuario, como el tiempo pasado en la P\u00e1gina Web, la navegaci\u00f3n a una subp\u00e1gina concreta, la visualizaci\u00f3n de productos, la realizaci\u00f3n de un pedido o el abandono de una cesta, etc. Estos archivos permiten lo que se conoce como \u00abelaboraci\u00f3n de perfiles b\u00e1sica\u00bb, que se utiliza para mostrar anuncios como parte del remarketing: los usuarios que hayan visitado previamente la P\u00e1gina Web ver\u00e1n nuestros anuncios en otras p\u00e1ginas web, por ejemplo, anim\u00e1ndoles a visitar la P\u00e1gina Web de nuevo. Google y otros proveedores terceros pueden mostrar anuncios encargados por el propietario de la P\u00e1gina Web en sus propias p\u00e1ginas web mediante la cesi\u00f3n de sus espacios publicitarios. Estos pueden utilizar cookies y otros identificadores para mostrar anuncios basados en visitas anteriores a la P\u00e1gina Web. El Usuario puede rechazar el uso de cookies de acuerdo con las instrucciones que figuran en la secci\u00f3n anterior de esta subp\u00e1gina.<\/p>\n<p>&nbsp;<\/p>\n<p>El Usuario tiene derecho a oponerse al tratamiento de sus datos para los fines establecidos en esta secci\u00f3n. En caso de oposici\u00f3n, los datos del Usuario dejar\u00e1n de ser tratados para estos fines.<\/p>\n<p>&nbsp;<\/p>\n<p>M\u00e1s informaci\u00f3n sobre la seguridad de los datos en Google Analytics y Google Ads se puede encontrar en: <a href=\"https:\/\/support.google.com\/analytics\/answer\/6004245\">https:\/\/support.google.com\/analytics\/answer\/6004245<\/a> y <a href=\"https:\/\/support.google.com\/adspolicy\/answer\/6020956?hl=pl\">https:\/\/support.google.com\/adspolicy\/answer\/6020956?hl=pl<\/a>.<\/p>\n<p>&nbsp;<\/p>\n<p>&nbsp;<\/p>\n<h3>III. Aviso sobre el tratamiento de datos personales<\/h3>\n<p>&nbsp;<\/p>\n<ol>\n<li>El responsable del tratamiento de sus datos personales es Sp\u00f3\u0142ka Gospodarstwo Rybackie \u201eGos\u0142awice\u201d sp. z\u00a0o.o. con sede en\u00a0Konin, ul.\u00a0Rybacka 2, 62-510; contacto: tel.\u00a0+48 505 692 980; e-mail: contact@antoniuscaviar.com.<\/li>\n<li>La Sociedad trata los datos personales de conformidad con el art\u00edculo 6, apartado 1, letra b) del RGPD en relaci\u00f3n con la ejecuci\u00f3n de un contrato, y tambi\u00e9n de conformidad con el art\u00edculo 6, apartado 1, letra f) del RGPD, es decir, el tratamiento es necesario para la satisfacci\u00f3n de intereses leg\u00edtimos perseguidos por el responsable del tratamiento. El inter\u00e9s leg\u00edtimo al que se refiere la frase anterior es el desempe\u00f1o de las actividades comerciales de la Sociedad, en particular la prestaci\u00f3n de productos y servicios, as\u00ed como la presentaci\u00f3n de reclamaciones comerciales. El tratamiento de datos tras la finalizaci\u00f3n de la relaci\u00f3n contractual tambi\u00e9n responde a otros fines empresariales tales como fines comerciales, de archivo, anal\u00edticos y estad\u00edsticos. Los datos personales tambi\u00e9n podr\u00e1n tratarse de conformidad con el art\u00edculo 6, apartado 1, letra c) del RGPD en la medida en que el tratamiento constituya el cumplimiento de una obligaci\u00f3n del responsable del tratamiento derivada de la legislaci\u00f3n de general aplicaci\u00f3n, en particular de la legislaci\u00f3n fiscal.<\/li>\n<li>Con las finalidades anteriormente indicadas, tratamos sus siguientes datos personales: nombre y apellido, direcci\u00f3n de correo electr\u00f3nico, n\u00famero de tel\u00e9fono, domicilio. Si realiza un pedido como \u00abempresa\u00bb, tambi\u00e9n podr\u00e1n tratarse los siguientes datos: n\u00famero de identificaci\u00f3n fiscal o NIP, nombre de empresa, direcci\u00f3n comercial, domicilio social.<\/li>\n<li>Sus datos ser\u00e1n tratados por la Sociedad durante el tiempo necesario para cumplir los fines mencionados en el apartado 2 anterior. Los datos personales podr\u00e1n ser tratados durante un plazo m\u00e1s largo si tal obligaci\u00f3n se impone al responsable del tratamiento conforme a las disposiciones imperativas de la legislaci\u00f3n aplicable, en particular de la legislaci\u00f3n fiscal, laboral o de la seguridad social.<\/li>\n<li>Sus datos podr\u00e1n ser transferidos a grupos de destinatarios en los siguientes \u00e1mbitos:\n<ol type=\"a\">\n<li>procesamiento de pagos,<\/li>\n<li>contabilidad y cumplimiento de las obligaciones impuestas por las normativas de contabilidad,<\/li>\n<li>transferencia dentro del \u00e1mbito de las filiales en el sentido del C\u00f3digo del Registro Mercantil con el fin de realizar actividades comerciales (filiales: Gospodarstwo Rybackie Lubicz Sp. o. o. basada en\u00a0Lubicz G\u00f3rny, inscrita en el Registro de Empresas del Registro Nacional Judicial bajo el n\u00famero KRS 179764 y\u00a0Gospodarstwo Rybackie Olsztyn II\u00a0Sp. z\u00a0o. o. basada en\u00a0Ru\u015b, inscrita en el Registro de Empresas del Registro Nacional Judicial bajo el n\u00famero KRS 186171),<\/li>\n<li>mantenimiento de software inform\u00e1tico,<\/li>\n<li>servicios postales, de mensajer\u00eda o log\u00edsticos relacionados con la ejecuci\u00f3n del contrato,<\/li>\n<li>campa\u00f1as de marketing.<\/li>\n<\/ol>\n<\/li>\n<li>No se transferir\u00e1n sus datos a destinatarios fuera del Espacio Econ\u00f3mico Europeo ni a organizaciones internacionales.<\/li>\n<li>No se utilizar\u00e1n sus datos para tomar decisiones que se basen solamente en el tratamiento automatizado, incluida la elaboraci\u00f3n de perfiles, seg\u00fan lo dispuesto en el art\u00edculo 22 del RGPD.<\/li>\n<li>La comunicaci\u00f3n de datos personales es voluntaria, sin embargo, al mismo tiempo es necesaria para que pueda realizar compras en la Tienda Online y para una gesti\u00f3n correcta de su pedido. En caso de que no se faciliten los datos requeridos, no ser\u00e1 posible realizar compras en la Tienda Online.<\/li>\n<li>Sus datos se procesan electr\u00f3nicamente (almacenados en la base de datos de la Sociedad) y en papel.<\/li>\n<li>La Sociedad declara que las medidas organizativas y t\u00e9cnicas utilizadas por ella para garantizar la seguridad del tratamiento de los datos personales cumplen los requisitos establecidos en el RGPD, en particular lo dispuesto en el art\u00edculo 32 del RGPD.<\/li>\n<li>Ante el tratamiento de sus datos personales, le informamos de que tiene derecho a:\n<ol type=\"a\">\n<li>solicitar a la Sociedad el acceso a los datos personales y su rectificaci\u00f3n (de conformidad con los art\u00edculos 15 y 16 del RGPD),<\/li>\n<li>supresi\u00f3n o limitaci\u00f3n del tratamiento de datos personales (de conformidad con los art\u00edculos 17 y 18 del RGPD),<\/li>\n<li>oponerse al tratamiento de datos personales (de conformidad con el art\u00edculo 21 del RGPD),<\/li>\n<li>portabilidad de los datos personales (de conformidad con el art\u00edculo 20 del RGPD),<\/li>\n<li>presentar una reclamaci\u00f3n ante la autoridad de control, que es el Presidente de la Oficina de Protecci\u00f3n de Datos Personales.<\/li>\n<\/ol>\n<\/li>\n<\/ol>\n\t\t\t<\/div>\n\t\t\t\t<section class=\"l-spacing l-spacing--l\"><\/section>\n\t<\/div>\n<\/div>\n","protected":false},"excerpt":{"rendered":"","protected":false},"author":284,"featured_media":0,"parent":0,"menu_order":0,"comment_status":"closed","ping_status":"closed","template":"","meta":{"inline_featured_image":false},"acf":[],"yoast_head":"<!-- This site is optimized with the Yoast SEO plugin v19.10 - https:\/\/yoast.com\/wordpress\/plugins\/seo\/ -->\n<title>Pol\u00edtica de Privacidad - Sklep \u2014 Antonius Caviar<\/title>\n<meta name=\"robots\" content=\"index, follow, max-snippet:-1, max-image-preview:large, max-video-preview:-1\" \/>\n<link rel=\"canonical\" href=\"https:\/\/antoniuscaviar.com\/es\/politica-de-privacidad\/\" \/>\n<meta property=\"og:locale\" content=\"es_ES\" \/>\n<meta property=\"og:type\" content=\"article\" \/>\n<meta property=\"og:title\" content=\"Pol\u00edtica de Privacidad - Sklep \u2014 Antonius Caviar\" \/>\n<meta property=\"og:url\" content=\"https:\/\/antoniuscaviar.com\/es\/politica-de-privacidad\/\" \/>\n<meta property=\"og:site_name\" content=\"Sklep \u2014 Antonius Caviar\" \/>\n<meta property=\"article:modified_time\" content=\"2024-06-06T13:04:05+00:00\" \/>\n<meta name=\"twitter:card\" content=\"summary_large_image\" \/>\n<script type=\"application\/ld+json\" class=\"yoast-schema-graph\">{\"@context\":\"https:\/\/schema.org\",\"@graph\":[{\"@type\":\"WebPage\",\"@id\":\"https:\/\/antoniuscaviar.com\/es\/politica-de-privacidad\/\",\"url\":\"https:\/\/antoniuscaviar.com\/es\/politica-de-privacidad\/\",\"name\":\"Pol\u00edtica de Privacidad - Sklep \u2014 Antonius Caviar\",\"isPartOf\":{\"@id\":\"https:\/\/antoniuscaviar.com\/es\/#website\"},\"datePublished\":\"2024-06-06T13:03:47+00:00\",\"dateModified\":\"2024-06-06T13:04:05+00:00\",\"breadcrumb\":{\"@id\":\"https:\/\/antoniuscaviar.com\/es\/politica-de-privacidad\/#breadcrumb\"},\"inLanguage\":\"es\",\"potentialAction\":[{\"@type\":\"ReadAction\",\"target\":[\"https:\/\/antoniuscaviar.com\/es\/politica-de-privacidad\/\"]}]},{\"@type\":\"BreadcrumbList\",\"@id\":\"https:\/\/antoniuscaviar.com\/es\/politica-de-privacidad\/#breadcrumb\",\"itemListElement\":[{\"@type\":\"ListItem\",\"position\":1,\"name\":\"Home\",\"item\":\"https:\/\/antoniuscaviar.com\/es\/\"},{\"@type\":\"ListItem\",\"position\":2,\"name\":\"Pol\u00edtica de Privacidad\"}]},{\"@type\":\"WebSite\",\"@id\":\"https:\/\/antoniuscaviar.com\/es\/#website\",\"url\":\"https:\/\/antoniuscaviar.com\/es\/\",\"name\":\"Sklep \u2014 Antonius Caviar\",\"description\":\"\",\"potentialAction\":[{\"@type\":\"SearchAction\",\"target\":{\"@type\":\"EntryPoint\",\"urlTemplate\":\"https:\/\/antoniuscaviar.com\/es\/?s={search_term_string}\"},\"query-input\":\"required name=search_term_string\"}],\"inLanguage\":\"es\"}]}<\/script>\n<!-- \/ Yoast SEO plugin. -->","yoast_head_json":{"title":"Pol\u00edtica de Privacidad - Sklep \u2014 Antonius Caviar","robots":{"index":"index","follow":"follow","max-snippet":"max-snippet:-1","max-image-preview":"max-image-preview:large","max-video-preview":"max-video-preview:-1"},"canonical":"https:\/\/antoniuscaviar.com\/es\/politica-de-privacidad\/","og_locale":"es_ES","og_type":"article","og_title":"Pol\u00edtica de Privacidad - Sklep \u2014 Antonius Caviar","og_url":"https:\/\/antoniuscaviar.com\/es\/politica-de-privacidad\/","og_site_name":"Sklep \u2014 Antonius Caviar","article_modified_time":"2024-06-06T13:04:05+00:00","twitter_card":"summary_large_image","schema":{"@context":"https:\/\/schema.org","@graph":[{"@type":"WebPage","@id":"https:\/\/antoniuscaviar.com\/es\/politica-de-privacidad\/","url":"https:\/\/antoniuscaviar.com\/es\/politica-de-privacidad\/","name":"Pol\u00edtica de Privacidad - Sklep \u2014 Antonius Caviar","isPartOf":{"@id":"https:\/\/antoniuscaviar.com\/es\/#website"},"datePublished":"2024-06-06T13:03:47+00:00","dateModified":"2024-06-06T13:04:05+00:00","breadcrumb":{"@id":"https:\/\/antoniuscaviar.com\/es\/politica-de-privacidad\/#breadcrumb"},"inLanguage":"es","potentialAction":[{"@type":"ReadAction","target":["https:\/\/antoniuscaviar.com\/es\/politica-de-privacidad\/"]}]},{"@type":"BreadcrumbList","@id":"https:\/\/antoniuscaviar.com\/es\/politica-de-privacidad\/#breadcrumb","itemListElement":[{"@type":"ListItem","position":1,"name":"Home","item":"https:\/\/antoniuscaviar.com\/es\/"},{"@type":"ListItem","position":2,"name":"Pol\u00edtica de Privacidad"}]},{"@type":"WebSite","@id":"https:\/\/antoniuscaviar.com\/es\/#website","url":"https:\/\/antoniuscaviar.com\/es\/","name":"Sklep \u2014 Antonius Caviar","description":"","potentialAction":[{"@type":"SearchAction","target":{"@type":"EntryPoint","urlTemplate":"https:\/\/antoniuscaviar.com\/es\/?s={search_term_string}"},"query-input":"required name=search_term_string"}],"inLanguage":"es"}]}},"_links":{"self":[{"href":"https:\/\/antoniuscaviar.com\/es\/wp-json\/wp\/v2\/pages\/18614"}],"collection":[{"href":"https:\/\/antoniuscaviar.com\/es\/wp-json\/wp\/v2\/pages"}],"about":[{"href":"https:\/\/antoniuscaviar.com\/es\/wp-json\/wp\/v2\/types\/page"}],"author":[{"embeddable":true,"href":"https:\/\/antoniuscaviar.com\/es\/wp-json\/wp\/v2\/users\/284"}],"replies":[{"embeddable":true,"href":"https:\/\/antoniuscaviar.com\/es\/wp-json\/wp\/v2\/comments?post=18614"}],"version-history":[{"count":3,"href":"https:\/\/antoniuscaviar.com\/es\/wp-json\/wp\/v2\/pages\/18614\/revisions"}],"predecessor-version":[{"id":18618,"href":"https:\/\/antoniuscaviar.com\/es\/wp-json\/wp\/v2\/pages\/18614\/revisions\/18618"}],"wp:attachment":[{"href":"https:\/\/antoniuscaviar.com\/es\/wp-json\/wp\/v2\/media?parent=18614"}],"curies":[{"name":"wp","href":"https:\/\/api.w.org\/{rel}","templated":true}]}}