{"id":18619,"date":"2024-06-06T15:08:34","date_gmt":"2024-06-06T13:08:34","guid":{"rendered":"https:\/\/antoniuscaviar.com\/?page_id=18619"},"modified":"2024-07-18T15:09:32","modified_gmt":"2024-07-18T13:09:32","slug":"regalos-de-empresa","status":"publish","type":"page","link":"https:\/\/antoniuscaviar.com\/es\/regalos-de-empresa\/","title":{"rendered":"Regalos de empresa"},"content":{"rendered":"<section class=\"l-spacing l-spacing--m\"><\/section>\n\n\n<div class=\"l-inner l-inner--fullwidth-mobile \">\n\t<div class=\"c-image-text \">\n\t\t\t\t\t<div class=\"c-image-text__media\">\n\t\t\t\t<img decoding=\"async\" src=\"https:\/\/antoniuscaviar.com\/wp-content\/uploads\/2022\/07\/wine-and-cavior.png\" alt=\"\" \/>\n\t\t\t<\/div>\n\t\t\t\t\t\t\t<div class=\"c-image-text__content c-cms-content\">\n\t\t\t\t<h1>Regalos de empresa<\/h1>\n<h2>\u00bfEst\u00e1s buscando un regalo para tus empleados, socios de negocio o clientes?<\/h2>\n<p>Merece la pena apreciarlos de forma original. Un gourmet ic\u00f3nico como el caviar ser\u00e1 perfecto. El producto resultar\u00e1 ideal tanto solo como en combinaci\u00f3n con una botella de alcohol de buena calidad o como parte de una cesta de regalos m\u00e1s grande. Descubre nuestras sugerencias.<\/p>\n\t\t\t<\/div>\n\t\t\t<\/div>\n<\/div>\n\n\n<section class=\"l-spacing l-spacing--l\"><\/section>\n\n\n\n<div class=\"l-inner l-inner--fullwidth-mobile \">\n\t<div class=\"c-columns\">\n\t\t\t\t\t<div class=\"c-columns__column\">\n\t\t\t\t<div class=\"c-cms-content\">\n\t\t\t\t\t<h4>Vales de regalo<\/h4>\n<p>Es una soluci\u00f3n c\u00f3moda. Los vales est\u00e1n disponibles en una variedad de opciones que se adaptan a diferentes preferencias y presupuestos.<br \/>\nPuedes regalarlos en cualquier momento o a\u00f1adirlos a otro regalo. El beneficiario, por su parte, recibe el producto cuando le conviene.<\/p>\n\t\t\t\t<\/div>\n\t\t\t<\/div>\n\t\t\t\t\t\t\t<div class=\"c-columns__column\">\n\t\t\t\t<div class=\"c-cms-content\">\n\t\t\t\t\t<h4>Caviar destinado para la entrega en persona<\/h4>\n<p>\u00bfEst\u00e1s organizando un evento corporativo, una conferencia o una gala? Tambi\u00e9n ofrecemos soluciones para este tipo de ocasiones. Los envases especialmente dise\u00f1ados con insertos refrigerantes garantizar\u00e1n una temperatura segura al hacer un regalo y poder transportarlo a casa.<\/p>\n\t\t\t\t<\/div>\n\t\t\t<\/div>\n\t\t\t<\/div>\n<\/div>\n\n\n<section class=\"l-spacing l-spacing--l\"><\/section>\n\n\n<div class=\"l-inner l-inner--fullwidth-mobile \">\n\t<div class=\"c-image-text c-image-text--reversed\">\n\t\t\t\t\t<div class=\"c-image-text__media\">\n\t\t\t\t<img decoding=\"async\" src=\"https:\/\/antoniuscaviar.com\/wp-content\/uploads\/2022\/07\/cavior-in-box.png\" alt=\"\" \/>\n\t\t\t<\/div>\n\t\t\t\t\t\t\t<div class=\"c-image-text__content c-cms-content\">\n\t\t\t\t<h2>Env\u00edo directo a personas designadas<\/h2>\n<p>Podemos entregar el producto por mensajer\u00eda, directamente a sus empleados, socios de negocios o clientes.<\/p>\n\t\t\t<\/div>\n\t\t\t<\/div>\n<\/div>\n\n\n<section class=\"l-spacing l-spacing--l\"><\/section>\n\n\n\t<div class=\"c-image-info-box \" style=\"background-image: url('https:\/\/antoniuscaviar.com\/wp-content\/uploads\/2022\/07\/caviar-bon.jpg');\">\n\t\t<div class=\"l-inner c-image-info-box__inner\">\n\t\t\t<div class=\"c-image-info-box__wrapper\">\n\t\t\t\t\t\t\t\t\t<h3 class=\"c-image-info-box__head t-headline-3 t-headline-4-mobile\">Haz un regalo a la gente que m\u00e1s aprecias.<\/h3>\n\t\t\t\t\t\t\t\t\t\t\t\t\t<p class=\"c-image-info-box__content t-body-3\">Cons\u00faltanos y te ayudaremos a elegir la mejor soluci\u00f3n.<\/p>\n\t\t\t\t\t\t\t\t\t\t\t\t\t<a href=\"https:\/\/antoniuscaviar.com\/es\/contacto\/\" class=\"c-link c-link--border c-link--border-light c-link--upper t-body-3\" target=\"_blank\">CONT\u00c1CTANOS<\/a>\n\t\t\t\t\t\t\t<\/div>\n\t\t<\/div>\n\t<\/div>\n","protected":false},"excerpt":{"rendered":"","protected":false},"author":284,"featured_media":0,"parent":0,"menu_order":0,"comment_status":"closed","ping_status":"closed","template":"","meta":{"inline_featured_image":false},"acf":[],"yoast_head":"<!-- This site is optimized with the Yoast SEO plugin v19.10 - https:\/\/yoast.com\/wordpress\/plugins\/seo\/ -->\n<title>Regalos de empresa - Sklep \u2014 Antonius Caviar<\/title>\n<meta name=\"robots\" content=\"index, follow, max-snippet:-1, max-image-preview:large, max-video-preview:-1\" \/>\n<link rel=\"canonical\" href=\"https:\/\/antoniuscaviar.com\/es\/regalos-de-empresa\/\" \/>\n<meta property=\"og:locale\" content=\"es_ES\" \/>\n<meta property=\"og:type\" content=\"article\" \/>\n<meta property=\"og:title\" content=\"Regalos de empresa - Sklep \u2014 Antonius Caviar\" \/>\n<meta property=\"og:url\" content=\"https:\/\/antoniuscaviar.com\/es\/regalos-de-empresa\/\" \/>\n<meta property=\"og:site_name\" content=\"Sklep \u2014 Antonius Caviar\" \/>\n<meta property=\"article:modified_time\" content=\"2024-07-18T13:09:32+00:00\" \/>\n<meta name=\"twitter:card\" content=\"summary_large_image\" \/>\n<script type=\"application\/ld+json\" class=\"yoast-schema-graph\">{\"@context\":\"https:\/\/schema.org\",\"@graph\":[{\"@type\":\"WebPage\",\"@id\":\"https:\/\/antoniuscaviar.com\/es\/regalos-de-empresa\/\",\"url\":\"https:\/\/antoniuscaviar.com\/es\/regalos-de-empresa\/\",\"name\":\"Regalos de empresa - Sklep \u2014 Antonius Caviar\",\"isPartOf\":{\"@id\":\"https:\/\/antoniuscaviar.com\/es\/#website\"},\"datePublished\":\"2024-06-06T13:08:34+00:00\",\"dateModified\":\"2024-07-18T13:09:32+00:00\",\"breadcrumb\":{\"@id\":\"https:\/\/antoniuscaviar.com\/es\/regalos-de-empresa\/#breadcrumb\"},\"inLanguage\":\"es\",\"potentialAction\":[{\"@type\":\"ReadAction\",\"target\":[\"https:\/\/antoniuscaviar.com\/es\/regalos-de-empresa\/\"]}]},{\"@type\":\"BreadcrumbList\",\"@id\":\"https:\/\/antoniuscaviar.com\/es\/regalos-de-empresa\/#breadcrumb\",\"itemListElement\":[{\"@type\":\"ListItem\",\"position\":1,\"name\":\"Home\",\"item\":\"https:\/\/antoniuscaviar.com\/es\/\"},{\"@type\":\"ListItem\",\"position\":2,\"name\":\"Regalos de empresa\"}]},{\"@type\":\"WebSite\",\"@id\":\"https:\/\/antoniuscaviar.com\/es\/#website\",\"url\":\"https:\/\/antoniuscaviar.com\/es\/\",\"name\":\"Sklep \u2014 Antonius Caviar\",\"description\":\"\",\"potentialAction\":[{\"@type\":\"SearchAction\",\"target\":{\"@type\":\"EntryPoint\",\"urlTemplate\":\"https:\/\/antoniuscaviar.com\/es\/?s={search_term_string}\"},\"query-input\":\"required name=search_term_string\"}],\"inLanguage\":\"es\"}]}<\/script>\n<!-- \/ Yoast SEO plugin. -->","yoast_head_json":{"title":"Regalos de empresa - Sklep \u2014 Antonius Caviar","robots":{"index":"index","follow":"follow","max-snippet":"max-snippet:-1","max-image-preview":"max-image-preview:large","max-video-preview":"max-video-preview:-1"},"canonical":"https:\/\/antoniuscaviar.com\/es\/regalos-de-empresa\/","og_locale":"es_ES","og_type":"article","og_title":"Regalos de empresa - Sklep \u2014 Antonius Caviar","og_url":"https:\/\/antoniuscaviar.com\/es\/regalos-de-empresa\/","og_site_name":"Sklep \u2014 Antonius Caviar","article_modified_time":"2024-07-18T13:09:32+00:00","twitter_card":"summary_large_image","schema":{"@context":"https:\/\/schema.org","@graph":[{"@type":"WebPage","@id":"https:\/\/antoniuscaviar.com\/es\/regalos-de-empresa\/","url":"https:\/\/antoniuscaviar.com\/es\/regalos-de-empresa\/","name":"Regalos de empresa - Sklep \u2014 Antonius Caviar","isPartOf":{"@id":"https:\/\/antoniuscaviar.com\/es\/#website"},"datePublished":"2024-06-06T13:08:34+00:00","dateModified":"2024-07-18T13:09:32+00:00","breadcrumb":{"@id":"https:\/\/antoniuscaviar.com\/es\/regalos-de-empresa\/#breadcrumb"},"inLanguage":"es","potentialAction":[{"@type":"ReadAction","target":["https:\/\/antoniuscaviar.com\/es\/regalos-de-empresa\/"]}]},{"@type":"BreadcrumbList","@id":"https:\/\/antoniuscaviar.com\/es\/regalos-de-empresa\/#breadcrumb","itemListElement":[{"@type":"ListItem","position":1,"name":"Home","item":"https:\/\/antoniuscaviar.com\/es\/"},{"@type":"ListItem","position":2,"name":"Regalos de empresa"}]},{"@type":"WebSite","@id":"https:\/\/antoniuscaviar.com\/es\/#website","url":"https:\/\/antoniuscaviar.com\/es\/","name":"Sklep \u2014 Antonius Caviar","description":"","potentialAction":[{"@type":"SearchAction","target":{"@type":"EntryPoint","urlTemplate":"https:\/\/antoniuscaviar.com\/es\/?s={search_term_string}"},"query-input":"required name=search_term_string"}],"inLanguage":"es"}]}},"_links":{"self":[{"href":"https:\/\/antoniuscaviar.com\/es\/wp-json\/wp\/v2\/pages\/18619"}],"collection":[{"href":"https:\/\/antoniuscaviar.com\/es\/wp-json\/wp\/v2\/pages"}],"about":[{"href":"https:\/\/antoniuscaviar.com\/es\/wp-json\/wp\/v2\/types\/page"}],"author":[{"embeddable":true,"href":"https:\/\/antoniuscaviar.com\/es\/wp-json\/wp\/v2\/users\/284"}],"replies":[{"embeddable":true,"href":"https:\/\/antoniuscaviar.com\/es\/wp-json\/wp\/v2\/comments?post=18619"}],"version-history":[{"count":4,"href":"https:\/\/antoniuscaviar.com\/es\/wp-json\/wp\/v2\/pages\/18619\/revisions"}],"predecessor-version":[{"id":18894,"href":"https:\/\/antoniuscaviar.com\/es\/wp-json\/wp\/v2\/pages\/18619\/revisions\/18894"}],"wp:attachment":[{"href":"https:\/\/antoniuscaviar.com\/es\/wp-json\/wp\/v2\/media?parent=18619"}],"curies":[{"name":"wp","href":"https:\/\/api.w.org\/{rel}","templated":true}]}}