{"id":18622,"date":"2024-06-06T15:10:53","date_gmt":"2024-06-06T13:10:53","guid":{"rendered":"https:\/\/antoniuscaviar.com\/?page_id=18622"},"modified":"2024-07-18T15:07:38","modified_gmt":"2024-07-18T13:07:38","slug":"restaurantes","status":"publish","type":"page","link":"https:\/\/antoniuscaviar.com\/es\/restaurantes\/","title":{"rendered":"Restaurantes"},"content":{"rendered":"<section class=\"l-spacing l-spacing--m\"><\/section>\n\n\n<div class=\"l-inner l-inner--fullwidth-mobile \">\n\t<div class=\"c-image-text \">\n\t\t\t\t\t<div class=\"c-image-text__media\">\n\t\t\t\t<img decoding=\"async\" src=\"https:\/\/antoniuscaviar.com\/wp-content\/uploads\/2022\/03\/restaurants-media-1.png\" alt=\"\" \/>\n\t\t\t<\/div>\n\t\t\t\t\t\t\t<div class=\"c-image-text__content c-cms-content\">\n\t\t\t\t<h1>RESTAURANTES<\/h1>\n<h2>Nuestro caviar es apreciado por los mejores chefs y servido en las mesas de los m\u00e1s exquisitos restaurantes del mundo.<\/h2>\n<p>Es \u00fanicamente un producto fresco, no pasteurizado, envasado al vac\u00edo en latas elegantes. Se elabora de manera artesanal exclusivamente con los esturiones de nuestras propias granjas. Impresiona con su excelente sabor, puro e intenso, frente a los productos pasteurizados o los reenvasados a partir de latas m\u00e1s grandes, que a menudo contienen huevas de varios pescados diferentes.<\/p>\n<p>En una carta de restaurante, Antonius Caviar brilla tanto como un acompa\u00f1amiento de los platos de autor como un men\u00fa degustaci\u00f3n independiente.<\/p>\n\t\t\t<\/div>\n\t\t\t<\/div>\n<\/div>\n\n\n<section class=\"l-spacing l-spacing--xl\"><\/section>\n\n\n<div class=\"l-inner \">\n\t<div class=\"c-offer-listing\">\n\t\t\t\t\t<h2 class=\"c-offer-listing__heading t-headline-3 t-headline-4-desktop\">\n\t\t\t\t\u00bfQue ofrecemos?\t\t\t<\/h2>\n\t\t\t\t\t\t\t<ul class=\"c-offer-listing__list g-row\">\n\t\t\t\t\t\t\t\t\t\t\t\t\t\t<li class=\"c-offer-listing__item g-col-12 g-col-mobile-6 g-col-tablet-4\">\n\t\t\t\t\t\t<div class=\"c-offer-listing__item-wrapper\">\n\t\t\t\t\t\t\t\t\t\t\t\t\t\t\t<h3 class=\"c-offer-listing__item-title t-headline-5 t-headline-4-desktop\">\n\t\t\t\t\t\t\t\t\tFormaciones profesionales\t\t\t\t\t\t\t\t<\/h3>\n\t\t\t\t\t\t\t\t\t\t\t\t\t\t\t\t\t\t\t\t\t\t<p class=\"c-offer-listing__item-desc t-body-3\">\n\t\t\t\t\t\t\t\t\tPara ti y para todo el equipo. Os introducimos al fascinante mundo del caviar.\t\t\t\t\t\t\t\t<\/p>\n\t\t\t\t\t\t\t\t\t\t\t\t\t<\/div>\n\t\t\t\t\t<\/li>\n\t\t\t\t\t\t\t\t\t\t\t\t\t\t<li class=\"c-offer-listing__item g-col-12 g-col-mobile-6 g-col-tablet-4\">\n\t\t\t\t\t\t<div class=\"c-offer-listing__item-wrapper\">\n\t\t\t\t\t\t\t\t\t\t\t\t\t\t\t<h3 class=\"c-offer-listing__item-title t-headline-5 t-headline-4-desktop\">\n\t\t\t\t\t\t\t\t\tDegustaciones individuales\t\t\t\t\t\t\t\t<\/h3>\n\t\t\t\t\t\t\t\t\t\t\t\t\t\t\t\t\t\t\t\t\t\t<p class=\"c-offer-listing__item-desc t-body-3\">\n\t\t\t\t\t\t\t\t\tPara ti y tus hu\u00e9spedes. Momentos m\u00e1gicos llenos de historias y del caviar.\t\t\t\t\t\t\t\t<\/p>\n\t\t\t\t\t\t\t\t\t\t\t\t\t<\/div>\n\t\t\t\t\t<\/li>\n\t\t\t\t\t\t\t\t\t\t\t\t\t\t<li class=\"c-offer-listing__item g-col-12 g-col-mobile-6 g-col-tablet-4\">\n\t\t\t\t\t\t<div class=\"c-offer-listing__item-wrapper\">\n\t\t\t\t\t\t\t\t\t\t\t\t\t\t\t<h3 class=\"c-offer-listing__item-title t-headline-5 t-headline-4-desktop\">\n\t\t\t\t\t\t\t\t\tVisitas en las granjas\t\t\t\t\t\t\t\t<\/h3>\n\t\t\t\t\t\t\t\t\t\t\t\t\t\t\t\t\t\t\t\t\t\t<p class=\"c-offer-listing__item-desc t-body-3\">\n\t\t\t\t\t\t\t\t\tDescubre c\u00f3mo trabajamos y conoce nuestro enfoque en la producci\u00f3n del caviar.\t\t\t\t\t\t\t\t<\/p>\n\t\t\t\t\t\t\t\t\t\t\t\t\t<\/div>\n\t\t\t\t\t<\/li>\n\t\t\t\t\t\t\t\t\t\t\t\t\t\t<li class=\"c-offer-listing__item g-col-12 g-col-mobile-6 g-col-tablet-4\">\n\t\t\t\t\t\t<div class=\"c-offer-listing__item-wrapper\">\n\t\t\t\t\t\t\t\t\t\t\t\t\t\t\t<h3 class=\"c-offer-listing__item-title t-headline-5 t-headline-4-desktop\">\n\t\t\t\t\t\t\t\t\tAcceso a las fotos y v\u00eddeos\t\t\t\t\t\t\t\t<\/h3>\n\t\t\t\t\t\t\t\t\t\t\t\t\t\t\t\t\t\t\t\t\t\t<p class=\"c-offer-listing__item-desc t-body-3\">\n\t\t\t\t\t\t\t\t\tMateriales visuales de alta calidad para tu uso propio.\t\t\t\t\t\t\t\t<\/p>\n\t\t\t\t\t\t\t\t\t\t\t\t\t<\/div>\n\t\t\t\t\t<\/li>\n\t\t\t\t\t\t\t\t\t\t\t\t\t\t<li class=\"c-offer-listing__item g-col-12 g-col-mobile-6 g-col-tablet-4\">\n\t\t\t\t\t\t<div class=\"c-offer-listing__item-wrapper\">\n\t\t\t\t\t\t\t\t\t\t\t\t\t\t\t<h3 class=\"c-offer-listing__item-title t-headline-5 t-headline-4-desktop\">\n\t\t\t\t\t\t\t\t\tOfertas especiales y asistencia\t\t\t\t\t\t\t\t<\/h3>\n\t\t\t\t\t\t\t\t\t\t\t\t\t\t\t\t\t\t\t\t\t\t<p class=\"c-offer-listing__item-desc t-body-3\">\n\t\t\t\t\t\t\t\t\tOfrecemos ofertas especiales a nuestros socios y les proporcionamos apoyo continuo.\t\t\t\t\t\t\t\t<\/p>\n\t\t\t\t\t\t\t\t\t\t\t\t\t<\/div>\n\t\t\t\t\t<\/li>\n\t\t\t\t\t\t\t<\/ul>\n\t\t\t<\/div>\n<\/div>\n\n\n<section class=\"l-spacing l-spacing--xl\"><\/section>\n\n\n\t<div class=\"c-image-info-box \" style=\"background-image: url('https:\/\/antoniuscaviar.com\/wp-content\/uploads\/2022\/08\/background-1920x933.jpg');\">\n\t\t<div class=\"l-inner c-image-info-box__inner\">\n\t\t\t<div class=\"c-image-info-box__wrapper\">\n\t\t\t\t\t\t\t\t\t<h3 class=\"c-image-info-box__head t-headline-3 t-headline-4-mobile\">Incluye el caviar en la carta de su restaurante.<\/h3>\n\t\t\t\t\t\t\t\t\t\t\t\t\t<p class=\"c-image-info-box__content t-body-3\">Descubre la oferta para los restauradores.<\/p>\n\t\t\t\t\t\t\t\t\t\t\t\t\t<a href=\"https:\/\/antoniuscaviar.com\/es\/contacto\/\" class=\"c-link c-link--border c-link--border-light c-link--upper t-body-3\" >CONT\u00c1CTANOS<\/a>\n\t\t\t\t\t\t\t<\/div>\n\t\t<\/div>\n\t<\/div>\n","protected":false},"excerpt":{"rendered":"","protected":false},"author":284,"featured_media":0,"parent":0,"menu_order":0,"comment_status":"closed","ping_status":"closed","template":"","meta":{"inline_featured_image":false},"acf":[],"yoast_head":"<!-- This site is optimized with the Yoast SEO plugin v19.10 - https:\/\/yoast.com\/wordpress\/plugins\/seo\/ -->\n<title>Restaurantes - Sklep \u2014 Antonius Caviar<\/title>\n<meta name=\"robots\" content=\"index, follow, max-snippet:-1, max-image-preview:large, max-video-preview:-1\" \/>\n<link rel=\"canonical\" href=\"https:\/\/antoniuscaviar.com\/es\/restaurantes\/\" \/>\n<meta property=\"og:locale\" content=\"es_ES\" \/>\n<meta property=\"og:type\" content=\"article\" \/>\n<meta property=\"og:title\" content=\"Restaurantes - Sklep \u2014 Antonius Caviar\" \/>\n<meta property=\"og:url\" content=\"https:\/\/antoniuscaviar.com\/es\/restaurantes\/\" \/>\n<meta property=\"og:site_name\" content=\"Sklep \u2014 Antonius Caviar\" \/>\n<meta property=\"article:modified_time\" content=\"2024-07-18T13:07:38+00:00\" \/>\n<meta name=\"twitter:card\" content=\"summary_large_image\" \/>\n<script type=\"application\/ld+json\" class=\"yoast-schema-graph\">{\"@context\":\"https:\/\/schema.org\",\"@graph\":[{\"@type\":\"WebPage\",\"@id\":\"https:\/\/antoniuscaviar.com\/es\/restaurantes\/\",\"url\":\"https:\/\/antoniuscaviar.com\/es\/restaurantes\/\",\"name\":\"Restaurantes - Sklep \u2014 Antonius Caviar\",\"isPartOf\":{\"@id\":\"https:\/\/antoniuscaviar.com\/es\/#website\"},\"datePublished\":\"2024-06-06T13:10:53+00:00\",\"dateModified\":\"2024-07-18T13:07:38+00:00\",\"breadcrumb\":{\"@id\":\"https:\/\/antoniuscaviar.com\/es\/restaurantes\/#breadcrumb\"},\"inLanguage\":\"es\",\"potentialAction\":[{\"@type\":\"ReadAction\",\"target\":[\"https:\/\/antoniuscaviar.com\/es\/restaurantes\/\"]}]},{\"@type\":\"BreadcrumbList\",\"@id\":\"https:\/\/antoniuscaviar.com\/es\/restaurantes\/#breadcrumb\",\"itemListElement\":[{\"@type\":\"ListItem\",\"position\":1,\"name\":\"Home\",\"item\":\"https:\/\/antoniuscaviar.com\/es\/\"},{\"@type\":\"ListItem\",\"position\":2,\"name\":\"Restaurantes\"}]},{\"@type\":\"WebSite\",\"@id\":\"https:\/\/antoniuscaviar.com\/es\/#website\",\"url\":\"https:\/\/antoniuscaviar.com\/es\/\",\"name\":\"Sklep \u2014 Antonius Caviar\",\"description\":\"\",\"potentialAction\":[{\"@type\":\"SearchAction\",\"target\":{\"@type\":\"EntryPoint\",\"urlTemplate\":\"https:\/\/antoniuscaviar.com\/es\/?s={search_term_string}\"},\"query-input\":\"required name=search_term_string\"}],\"inLanguage\":\"es\"}]}<\/script>\n<!-- \/ Yoast SEO plugin. -->","yoast_head_json":{"title":"Restaurantes - Sklep \u2014 Antonius Caviar","robots":{"index":"index","follow":"follow","max-snippet":"max-snippet:-1","max-image-preview":"max-image-preview:large","max-video-preview":"max-video-preview:-1"},"canonical":"https:\/\/antoniuscaviar.com\/es\/restaurantes\/","og_locale":"es_ES","og_type":"article","og_title":"Restaurantes - Sklep \u2014 Antonius Caviar","og_url":"https:\/\/antoniuscaviar.com\/es\/restaurantes\/","og_site_name":"Sklep \u2014 Antonius Caviar","article_modified_time":"2024-07-18T13:07:38+00:00","twitter_card":"summary_large_image","schema":{"@context":"https:\/\/schema.org","@graph":[{"@type":"WebPage","@id":"https:\/\/antoniuscaviar.com\/es\/restaurantes\/","url":"https:\/\/antoniuscaviar.com\/es\/restaurantes\/","name":"Restaurantes - Sklep \u2014 Antonius Caviar","isPartOf":{"@id":"https:\/\/antoniuscaviar.com\/es\/#website"},"datePublished":"2024-06-06T13:10:53+00:00","dateModified":"2024-07-18T13:07:38+00:00","breadcrumb":{"@id":"https:\/\/antoniuscaviar.com\/es\/restaurantes\/#breadcrumb"},"inLanguage":"es","potentialAction":[{"@type":"ReadAction","target":["https:\/\/antoniuscaviar.com\/es\/restaurantes\/"]}]},{"@type":"BreadcrumbList","@id":"https:\/\/antoniuscaviar.com\/es\/restaurantes\/#breadcrumb","itemListElement":[{"@type":"ListItem","position":1,"name":"Home","item":"https:\/\/antoniuscaviar.com\/es\/"},{"@type":"ListItem","position":2,"name":"Restaurantes"}]},{"@type":"WebSite","@id":"https:\/\/antoniuscaviar.com\/es\/#website","url":"https:\/\/antoniuscaviar.com\/es\/","name":"Sklep \u2014 Antonius Caviar","description":"","potentialAction":[{"@type":"SearchAction","target":{"@type":"EntryPoint","urlTemplate":"https:\/\/antoniuscaviar.com\/es\/?s={search_term_string}"},"query-input":"required name=search_term_string"}],"inLanguage":"es"}]}},"_links":{"self":[{"href":"https:\/\/antoniuscaviar.com\/es\/wp-json\/wp\/v2\/pages\/18622"}],"collection":[{"href":"https:\/\/antoniuscaviar.com\/es\/wp-json\/wp\/v2\/pages"}],"about":[{"href":"https:\/\/antoniuscaviar.com\/es\/wp-json\/wp\/v2\/types\/page"}],"author":[{"embeddable":true,"href":"https:\/\/antoniuscaviar.com\/es\/wp-json\/wp\/v2\/users\/284"}],"replies":[{"embeddable":true,"href":"https:\/\/antoniuscaviar.com\/es\/wp-json\/wp\/v2\/comments?post=18622"}],"version-history":[{"count":7,"href":"https:\/\/antoniuscaviar.com\/es\/wp-json\/wp\/v2\/pages\/18622\/revisions"}],"predecessor-version":[{"id":18892,"href":"https:\/\/antoniuscaviar.com\/es\/wp-json\/wp\/v2\/pages\/18622\/revisions\/18892"}],"wp:attachment":[{"href":"https:\/\/antoniuscaviar.com\/es\/wp-json\/wp\/v2\/media?parent=18622"}],"curies":[{"name":"wp","href":"https:\/\/api.w.org\/{rel}","templated":true}]}}