{"id":18648,"date":"2016-08-31T10:01:58","date_gmt":"2016-08-31T08:01:58","guid":{"rendered":"https:\/\/antoniuscaviar.com\/product\/antonius-caviar-prestige\/"},"modified":"2024-06-27T15:18:37","modified_gmt":"2024-06-27T13:18:37","slug":"antonius-caviar-prestige","status":"publish","type":"product","link":"https:\/\/antoniuscaviar.com\/es\/producto\/antonius-caviar-prestige\/","title":{"rendered":"Antonius Caviar Prestige"},"content":{"rendered":"<p><strong>2 x Oscietra 6*<\/strong><\/p>\n<p>&nbsp;<\/p>\n<p>Un fest\u00edn para los conocidos. Una aut\u00e9ntica joya de nuestra oferta: la doble Oscietra de 6 estrellas con las perlas de tama\u00f1o m\u00e1s grande de todos nuestros caviares (m\u00e1s de 3 mm de di\u00e1metro de grano).<\/p>\n<p>&nbsp;<\/p>\n<p>Latas de caviar colocadas en un joyero negro con un interior de espuma flocada.<\/p>\n<p>El pack incluye una cuchara elegante de n\u00e1car aut\u00e9ntico.<\/p>\n<p>&nbsp;<\/p>\n<p>El pack incluye:<\/p>\n<p>2 x Oscietra 6*<\/p>\n<p>cuchara de n\u00e1car<\/p>\n<p>caja elegante<\/p>\n<p>&nbsp;<\/p>\n<p>Disponible en opci\u00f3n: 2 x 30 g o 2 x 50 g.<\/p>\n<div id=\"gtx-trans\" style=\"position: absolute; left: 308px; top: 566px;\">\n<div class=\"gtx-trans-icon\"><\/div>\n<\/div>\n","protected":false},"excerpt":{"rendered":"<p>Doble Oscietra 6*<br \/>\ncon una cuchara de n\u00e1car.<\/p>\n","protected":false},"featured_media":20788,"comment_status":"closed","ping_status":"closed","template":"","meta":{"inline_featured_image":false},"product_cat":[335],"product_tag":[],"acf":[],"yoast_head":"<!-- This site is optimized with the Yoast SEO plugin v19.10 - https:\/\/yoast.com\/wordpress\/plugins\/seo\/ -->\n<title>Antonius Caviar Prestige - Sklep \u2014 Antonius Caviar<\/title>\n<meta name=\"robots\" content=\"index, follow, max-snippet:-1, max-image-preview:large, max-video-preview:-1\" \/>\n<link rel=\"canonical\" href=\"https:\/\/antoniuscaviar.com\/es\/producto\/antonius-caviar-prestige\/\" \/>\n<meta property=\"og:locale\" content=\"es_ES\" \/>\n<meta property=\"og:type\" content=\"article\" \/>\n<meta property=\"og:title\" content=\"Antonius Caviar Prestige - Sklep \u2014 Antonius Caviar\" \/>\n<meta property=\"og:description\" content=\"Doble Oscietra 6* con una cuchara de n\u00e1car.\" \/>\n<meta property=\"og:url\" content=\"https:\/\/antoniuscaviar.com\/es\/producto\/antonius-caviar-prestige\/\" \/>\n<meta property=\"og:site_name\" content=\"Sklep \u2014 Antonius Caviar\" \/>\n<meta property=\"article:modified_time\" content=\"2024-06-27T13:18:37+00:00\" \/>\n<meta property=\"og:image\" content=\"https:\/\/antoniuscaviar.com\/wp-content\/uploads\/2016\/08\/set_2.png\" \/>\n\t<meta property=\"og:image:width\" content=\"1712\" \/>\n\t<meta property=\"og:image:height\" content=\"1712\" \/>\n\t<meta property=\"og:image:type\" content=\"image\/png\" \/>\n<meta name=\"twitter:card\" content=\"summary_large_image\" \/>\n<meta name=\"twitter:label1\" content=\"Est. reading time\" \/>\n\t<meta name=\"twitter:data1\" content=\"1 minuto\" \/>\n<script type=\"application\/ld+json\" class=\"yoast-schema-graph\">{\"@context\":\"https:\/\/schema.org\",\"@graph\":[{\"@type\":\"WebPage\",\"@id\":\"https:\/\/antoniuscaviar.com\/es\/producto\/antonius-caviar-prestige\/\",\"url\":\"https:\/\/antoniuscaviar.com\/es\/producto\/antonius-caviar-prestige\/\",\"name\":\"Antonius Caviar Prestige - Sklep \u2014 Antonius Caviar\",\"isPartOf\":{\"@id\":\"https:\/\/antoniuscaviar.com\/es\/#website\"},\"datePublished\":\"2016-08-31T08:01:58+00:00\",\"dateModified\":\"2024-06-27T13:18:37+00:00\",\"breadcrumb\":{\"@id\":\"https:\/\/antoniuscaviar.com\/es\/producto\/antonius-caviar-prestige\/#breadcrumb\"},\"inLanguage\":\"es\",\"potentialAction\":[{\"@type\":\"ReadAction\",\"target\":[\"https:\/\/antoniuscaviar.com\/es\/producto\/antonius-caviar-prestige\/\"]}]},{\"@type\":\"BreadcrumbList\",\"@id\":\"https:\/\/antoniuscaviar.com\/es\/producto\/antonius-caviar-prestige\/#breadcrumb\",\"itemListElement\":[{\"@type\":\"ListItem\",\"position\":1,\"name\":\"Home\",\"item\":\"https:\/\/antoniuscaviar.com\/es\/\"},{\"@type\":\"ListItem\",\"position\":2,\"name\":\"Gama completa\",\"item\":\"https:\/\/antoniuscaviar.com\/es\/gama-completa\/\"},{\"@type\":\"ListItem\",\"position\":3,\"name\":\"Antonius Caviar Prestige\"}]},{\"@type\":\"WebSite\",\"@id\":\"https:\/\/antoniuscaviar.com\/es\/#website\",\"url\":\"https:\/\/antoniuscaviar.com\/es\/\",\"name\":\"Sklep \u2014 Antonius Caviar\",\"description\":\"\",\"potentialAction\":[{\"@type\":\"SearchAction\",\"target\":{\"@type\":\"EntryPoint\",\"urlTemplate\":\"https:\/\/antoniuscaviar.com\/es\/?s={search_term_string}\"},\"query-input\":\"required name=search_term_string\"}],\"inLanguage\":\"es\"}]}<\/script>\n<!-- \/ Yoast SEO plugin. -->","yoast_head_json":{"title":"Antonius Caviar Prestige - Sklep \u2014 Antonius Caviar","robots":{"index":"index","follow":"follow","max-snippet":"max-snippet:-1","max-image-preview":"max-image-preview:large","max-video-preview":"max-video-preview:-1"},"canonical":"https:\/\/antoniuscaviar.com\/es\/producto\/antonius-caviar-prestige\/","og_locale":"es_ES","og_type":"article","og_title":"Antonius Caviar Prestige - Sklep \u2014 Antonius Caviar","og_description":"Doble Oscietra 6* con una cuchara de n\u00e1car.","og_url":"https:\/\/antoniuscaviar.com\/es\/producto\/antonius-caviar-prestige\/","og_site_name":"Sklep \u2014 Antonius Caviar","article_modified_time":"2024-06-27T13:18:37+00:00","og_image":[{"width":1712,"height":1712,"url":"https:\/\/antoniuscaviar.com\/wp-content\/uploads\/2016\/08\/set_2.png","type":"image\/png"}],"twitter_card":"summary_large_image","twitter_misc":{"Est. reading time":"1 minuto"},"schema":{"@context":"https:\/\/schema.org","@graph":[{"@type":"WebPage","@id":"https:\/\/antoniuscaviar.com\/es\/producto\/antonius-caviar-prestige\/","url":"https:\/\/antoniuscaviar.com\/es\/producto\/antonius-caviar-prestige\/","name":"Antonius Caviar Prestige - Sklep \u2014 Antonius Caviar","isPartOf":{"@id":"https:\/\/antoniuscaviar.com\/es\/#website"},"datePublished":"2016-08-31T08:01:58+00:00","dateModified":"2024-06-27T13:18:37+00:00","breadcrumb":{"@id":"https:\/\/antoniuscaviar.com\/es\/producto\/antonius-caviar-prestige\/#breadcrumb"},"inLanguage":"es","potentialAction":[{"@type":"ReadAction","target":["https:\/\/antoniuscaviar.com\/es\/producto\/antonius-caviar-prestige\/"]}]},{"@type":"BreadcrumbList","@id":"https:\/\/antoniuscaviar.com\/es\/producto\/antonius-caviar-prestige\/#breadcrumb","itemListElement":[{"@type":"ListItem","position":1,"name":"Home","item":"https:\/\/antoniuscaviar.com\/es\/"},{"@type":"ListItem","position":2,"name":"Gama completa","item":"https:\/\/antoniuscaviar.com\/es\/gama-completa\/"},{"@type":"ListItem","position":3,"name":"Antonius Caviar Prestige"}]},{"@type":"WebSite","@id":"https:\/\/antoniuscaviar.com\/es\/#website","url":"https:\/\/antoniuscaviar.com\/es\/","name":"Sklep \u2014 Antonius Caviar","description":"","potentialAction":[{"@type":"SearchAction","target":{"@type":"EntryPoint","urlTemplate":"https:\/\/antoniuscaviar.com\/es\/?s={search_term_string}"},"query-input":"required name=search_term_string"}],"inLanguage":"es"}]}},"_links":{"self":[{"href":"https:\/\/antoniuscaviar.com\/es\/wp-json\/wp\/v2\/product\/18648"}],"collection":[{"href":"https:\/\/antoniuscaviar.com\/es\/wp-json\/wp\/v2\/product"}],"about":[{"href":"https:\/\/antoniuscaviar.com\/es\/wp-json\/wp\/v2\/types\/product"}],"replies":[{"embeddable":true,"href":"https:\/\/antoniuscaviar.com\/es\/wp-json\/wp\/v2\/comments?post=18648"}],"wp:featuredmedia":[{"embeddable":true,"href":"https:\/\/antoniuscaviar.com\/es\/wp-json\/wp\/v2\/media\/20788"}],"wp:attachment":[{"href":"https:\/\/antoniuscaviar.com\/es\/wp-json\/wp\/v2\/media?parent=18648"}],"wp:term":[{"taxonomy":"product_cat","embeddable":true,"href":"https:\/\/antoniuscaviar.com\/es\/wp-json\/wp\/v2\/product_cat?post=18648"},{"taxonomy":"product_tag","embeddable":true,"href":"https:\/\/antoniuscaviar.com\/es\/wp-json\/wp\/v2\/product_tag?post=18648"}],"curies":[{"name":"wp","href":"https:\/\/api.w.org\/{rel}","templated":true}]}}