{"id":18658,"date":"2015-12-05T10:48:34","date_gmt":"2015-12-05T08:48:34","guid":{"rendered":"https:\/\/antoniuscaviar.com\/product\/siberian-caviar-6-star\/"},"modified":"2025-08-11T13:24:34","modified_gmt":"2025-08-11T11:24:34","slug":"siberian-caviar-6-star","status":"publish","type":"product","link":"https:\/\/antoniuscaviar.com\/es\/producto\/siberian-caviar-6-star\/","title":{"rendered":"Caviar Siberian 6*"},"content":{"rendered":"<p>El siberiano est\u00e1 considerado uno de los mejores caviares del mundo. Formado de esturiones de la especie Acipenser baerii (esturi\u00f3n siberiano). Sus perlas se caracterizan por un sabor intenso, complejo y fresco, con un regusto final claro y limpio que se prolonga en la boca. Tiene notas especiadas y amaderadas, equilibradas por un ligero sabor salado.<\/p>\n<p>&nbsp;<\/p>\n<p>La experiencia de sabor es \u00fanica gracias a la combinaci\u00f3n de frescura, intensidad y profundidad. Destaca por su agradable textura untuosa y suave, tanto como por sus perlas el\u00e1sticas y brillantes.<\/p>\n<p>&nbsp;<\/p>\n<p>El Siberian de 6 estrellas procede de nuestras hembras de esturi\u00f3n m\u00e1s maduras, criadas hasta una docena de a\u00f1os. Tiene las perlas de tama\u00f1o m\u00e1s grande entre todos nuestros Siberianos. Las perlas tienen entre 2,7 y 3,2 mm de di\u00e1metro y los colores oscilan entre el negro, el gris y los tonos marrones. Se trata de una aut\u00e9ntica delicia real entre los caviares.<\/p>\n<p>&nbsp;<\/p>\n<p>Lo preparamos seg\u00fan el m\u00e9todo tradicional Malossol, es decir, ligeramente salado.<\/p>\n","protected":false},"excerpt":{"rendered":"<p>di\u00e1metro de las huevas superior a 2,7 mm<\/p>\n","protected":false},"featured_media":17388,"comment_status":"closed","ping_status":"closed","template":"","meta":{"inline_featured_image":false},"product_cat":[339],"product_tag":[],"acf":[],"yoast_head":"<!-- This site is optimized with the Yoast SEO plugin v19.10 - https:\/\/yoast.com\/wordpress\/plugins\/seo\/ -->\n<title>Caviar Siberian 6* - Sklep \u2014 Antonius Caviar<\/title>\n<meta name=\"robots\" content=\"index, follow, max-snippet:-1, max-image-preview:large, max-video-preview:-1\" \/>\n<link rel=\"canonical\" href=\"https:\/\/antoniuscaviar.com\/es\/producto\/siberian-caviar-6-star\/\" \/>\n<meta property=\"og:locale\" content=\"es_ES\" \/>\n<meta property=\"og:type\" content=\"article\" \/>\n<meta property=\"og:title\" content=\"Caviar Siberian 6* - Sklep \u2014 Antonius Caviar\" \/>\n<meta property=\"og:description\" content=\"di\u00e1metro de las huevas superior a 2,7 mm\" \/>\n<meta property=\"og:url\" content=\"https:\/\/antoniuscaviar.com\/es\/producto\/siberian-caviar-6-star\/\" \/>\n<meta property=\"og:site_name\" content=\"Sklep \u2014 Antonius Caviar\" \/>\n<meta property=\"article:modified_time\" content=\"2025-08-11T11:24:34+00:00\" \/>\n<meta property=\"og:image\" content=\"https:\/\/antoniuscaviar.com\/wp-content\/uploads\/2015\/12\/can_siberian_6stars-1024x1024.png\" \/>\n\t<meta property=\"og:image:width\" content=\"1024\" \/>\n\t<meta property=\"og:image:height\" content=\"1024\" \/>\n\t<meta property=\"og:image:type\" content=\"image\/png\" \/>\n<meta name=\"twitter:card\" content=\"summary_large_image\" \/>\n<meta name=\"twitter:label1\" content=\"Est. reading time\" \/>\n\t<meta name=\"twitter:data1\" content=\"1 minuto\" \/>\n<script type=\"application\/ld+json\" class=\"yoast-schema-graph\">{\"@context\":\"https:\/\/schema.org\",\"@graph\":[{\"@type\":\"WebPage\",\"@id\":\"https:\/\/antoniuscaviar.com\/es\/producto\/siberian-caviar-6-star\/\",\"url\":\"https:\/\/antoniuscaviar.com\/es\/producto\/siberian-caviar-6-star\/\",\"name\":\"Caviar Siberian 6* - Sklep \u2014 Antonius Caviar\",\"isPartOf\":{\"@id\":\"https:\/\/antoniuscaviar.com\/es\/#website\"},\"datePublished\":\"2015-12-05T08:48:34+00:00\",\"dateModified\":\"2025-08-11T11:24:34+00:00\",\"breadcrumb\":{\"@id\":\"https:\/\/antoniuscaviar.com\/es\/producto\/siberian-caviar-6-star\/#breadcrumb\"},\"inLanguage\":\"es\",\"potentialAction\":[{\"@type\":\"ReadAction\",\"target\":[\"https:\/\/antoniuscaviar.com\/es\/producto\/siberian-caviar-6-star\/\"]}]},{\"@type\":\"BreadcrumbList\",\"@id\":\"https:\/\/antoniuscaviar.com\/es\/producto\/siberian-caviar-6-star\/#breadcrumb\",\"itemListElement\":[{\"@type\":\"ListItem\",\"position\":1,\"name\":\"Home\",\"item\":\"https:\/\/antoniuscaviar.com\/es\/\"},{\"@type\":\"ListItem\",\"position\":2,\"name\":\"Gama completa\",\"item\":\"https:\/\/antoniuscaviar.com\/es\/gama-completa\/\"},{\"@type\":\"ListItem\",\"position\":3,\"name\":\"Caviar Siberian 6*\"}]},{\"@type\":\"WebSite\",\"@id\":\"https:\/\/antoniuscaviar.com\/es\/#website\",\"url\":\"https:\/\/antoniuscaviar.com\/es\/\",\"name\":\"Sklep \u2014 Antonius Caviar\",\"description\":\"\",\"potentialAction\":[{\"@type\":\"SearchAction\",\"target\":{\"@type\":\"EntryPoint\",\"urlTemplate\":\"https:\/\/antoniuscaviar.com\/es\/?s={search_term_string}\"},\"query-input\":\"required name=search_term_string\"}],\"inLanguage\":\"es\"}]}<\/script>\n<!-- \/ Yoast SEO plugin. -->","yoast_head_json":{"title":"Caviar Siberian 6* - Sklep \u2014 Antonius Caviar","robots":{"index":"index","follow":"follow","max-snippet":"max-snippet:-1","max-image-preview":"max-image-preview:large","max-video-preview":"max-video-preview:-1"},"canonical":"https:\/\/antoniuscaviar.com\/es\/producto\/siberian-caviar-6-star\/","og_locale":"es_ES","og_type":"article","og_title":"Caviar Siberian 6* - Sklep \u2014 Antonius Caviar","og_description":"di\u00e1metro de las huevas superior a 2,7 mm","og_url":"https:\/\/antoniuscaviar.com\/es\/producto\/siberian-caviar-6-star\/","og_site_name":"Sklep \u2014 Antonius Caviar","article_modified_time":"2025-08-11T11:24:34+00:00","og_image":[{"width":1024,"height":1024,"url":"https:\/\/antoniuscaviar.com\/wp-content\/uploads\/2015\/12\/can_siberian_6stars-1024x1024.png","type":"image\/png"}],"twitter_card":"summary_large_image","twitter_misc":{"Est. reading time":"1 minuto"},"schema":{"@context":"https:\/\/schema.org","@graph":[{"@type":"WebPage","@id":"https:\/\/antoniuscaviar.com\/es\/producto\/siberian-caviar-6-star\/","url":"https:\/\/antoniuscaviar.com\/es\/producto\/siberian-caviar-6-star\/","name":"Caviar Siberian 6* - Sklep \u2014 Antonius Caviar","isPartOf":{"@id":"https:\/\/antoniuscaviar.com\/es\/#website"},"datePublished":"2015-12-05T08:48:34+00:00","dateModified":"2025-08-11T11:24:34+00:00","breadcrumb":{"@id":"https:\/\/antoniuscaviar.com\/es\/producto\/siberian-caviar-6-star\/#breadcrumb"},"inLanguage":"es","potentialAction":[{"@type":"ReadAction","target":["https:\/\/antoniuscaviar.com\/es\/producto\/siberian-caviar-6-star\/"]}]},{"@type":"BreadcrumbList","@id":"https:\/\/antoniuscaviar.com\/es\/producto\/siberian-caviar-6-star\/#breadcrumb","itemListElement":[{"@type":"ListItem","position":1,"name":"Home","item":"https:\/\/antoniuscaviar.com\/es\/"},{"@type":"ListItem","position":2,"name":"Gama completa","item":"https:\/\/antoniuscaviar.com\/es\/gama-completa\/"},{"@type":"ListItem","position":3,"name":"Caviar Siberian 6*"}]},{"@type":"WebSite","@id":"https:\/\/antoniuscaviar.com\/es\/#website","url":"https:\/\/antoniuscaviar.com\/es\/","name":"Sklep \u2014 Antonius Caviar","description":"","potentialAction":[{"@type":"SearchAction","target":{"@type":"EntryPoint","urlTemplate":"https:\/\/antoniuscaviar.com\/es\/?s={search_term_string}"},"query-input":"required name=search_term_string"}],"inLanguage":"es"}]}},"_links":{"self":[{"href":"https:\/\/antoniuscaviar.com\/es\/wp-json\/wp\/v2\/product\/18658"}],"collection":[{"href":"https:\/\/antoniuscaviar.com\/es\/wp-json\/wp\/v2\/product"}],"about":[{"href":"https:\/\/antoniuscaviar.com\/es\/wp-json\/wp\/v2\/types\/product"}],"replies":[{"embeddable":true,"href":"https:\/\/antoniuscaviar.com\/es\/wp-json\/wp\/v2\/comments?post=18658"}],"wp:featuredmedia":[{"embeddable":true,"href":"https:\/\/antoniuscaviar.com\/es\/wp-json\/wp\/v2\/media\/17388"}],"wp:attachment":[{"href":"https:\/\/antoniuscaviar.com\/es\/wp-json\/wp\/v2\/media?parent=18658"}],"wp:term":[{"taxonomy":"product_cat","embeddable":true,"href":"https:\/\/antoniuscaviar.com\/es\/wp-json\/wp\/v2\/product_cat?post=18658"},{"taxonomy":"product_tag","embeddable":true,"href":"https:\/\/antoniuscaviar.com\/es\/wp-json\/wp\/v2\/product_tag?post=18658"}],"curies":[{"name":"wp","href":"https:\/\/api.w.org\/{rel}","templated":true}]}}