{"id":18674,"date":"2015-12-05T01:27:56","date_gmt":"2015-12-04T23:27:56","guid":{"rendered":"https:\/\/antoniuscaviar.com\/product\/caviar-oscietra-5-star\/"},"modified":"2024-09-20T14:43:40","modified_gmt":"2024-09-20T12:43:40","slug":"caviar-oscietra-5-star","status":"publish","type":"product","link":"https:\/\/antoniuscaviar.com\/es\/producto\/caviar-oscietra-5-star\/","title":{"rendered":"Caviar Oscietra 5*"},"content":{"rendered":"<p>Verdadera joya entre los caviares, el Oscietra procede de esturiones de la especie Acipenser gueldenstaedtii (esturi\u00f3n ruso) y es uno de los caviares m\u00e1s apreciados del mundo. Tiene granos firmes y el\u00e1sticas con una textura suave y untuosa. Se caracteriza por un sabor cremoso, con notas de umami, frutos secos y mantequilla, equilibradas por un toque salado delicado.<\/p>\n<p>&nbsp;<\/p>\n<p>El Oscietra se funde en la boca con un final inigualable en el paladar, liberando gradualmente una compleja y refinada gama de sensaciones. Su sabor se considera delicado y elegante, aunque a la vez saturado, rico e intenso.<\/p>\n<p>&nbsp;<\/p>\n<p>Entre nuestras Oscietras, la Oscietra de 5 estrellas se caracteriza por las huevas de tama\u00f1o medio. Las perlas tienen el di\u00e1metro de entre 2,9 y 3 mm y los colores oscilan entre el gris, el marr\u00f3n y el oliva, con matices dorados.<\/p>\n<p>&nbsp;<\/p>\n<p>La elaboramos seg\u00fan el m\u00e9todo tradicional Malossol, es decir, ligeramente salado.<\/p>\n","protected":false},"excerpt":{"rendered":"<p>di\u00e1metro de las huevas entre 2,9 y 3 mm<\/p>\n","protected":false},"featured_media":17400,"comment_status":"closed","ping_status":"closed","template":"","meta":{"inline_featured_image":false},"product_cat":[340],"product_tag":[],"acf":[],"yoast_head":"<!-- This site is optimized with the Yoast SEO plugin v19.10 - https:\/\/yoast.com\/wordpress\/plugins\/seo\/ -->\n<title>Caviar Oscietra 5* - Sklep \u2014 Antonius Caviar<\/title>\n<meta name=\"robots\" content=\"index, follow, max-snippet:-1, max-image-preview:large, max-video-preview:-1\" \/>\n<link rel=\"canonical\" href=\"https:\/\/antoniuscaviar.com\/es\/producto\/caviar-oscietra-5-star\/\" \/>\n<meta property=\"og:locale\" content=\"es_ES\" \/>\n<meta property=\"og:type\" content=\"article\" \/>\n<meta property=\"og:title\" content=\"Caviar Oscietra 5* - Sklep \u2014 Antonius Caviar\" \/>\n<meta property=\"og:description\" content=\"di\u00e1metro de las huevas entre 2,9 y 3 mm\" \/>\n<meta property=\"og:url\" content=\"https:\/\/antoniuscaviar.com\/es\/producto\/caviar-oscietra-5-star\/\" \/>\n<meta property=\"og:site_name\" content=\"Sklep \u2014 Antonius Caviar\" \/>\n<meta property=\"article:modified_time\" content=\"2024-09-20T12:43:40+00:00\" \/>\n<meta property=\"og:image\" content=\"https:\/\/antoniuscaviar.com\/wp-content\/uploads\/2015\/12\/can_oscietra_5stars.png\" \/>\n\t<meta property=\"og:image:width\" content=\"1439\" \/>\n\t<meta property=\"og:image:height\" content=\"1439\" \/>\n\t<meta property=\"og:image:type\" content=\"image\/png\" \/>\n<meta name=\"twitter:card\" content=\"summary_large_image\" \/>\n<meta name=\"twitter:label1\" content=\"Est. reading time\" \/>\n\t<meta name=\"twitter:data1\" content=\"1 minuto\" \/>\n<script type=\"application\/ld+json\" class=\"yoast-schema-graph\">{\"@context\":\"https:\/\/schema.org\",\"@graph\":[{\"@type\":\"WebPage\",\"@id\":\"https:\/\/antoniuscaviar.com\/es\/producto\/caviar-oscietra-5-star\/\",\"url\":\"https:\/\/antoniuscaviar.com\/es\/producto\/caviar-oscietra-5-star\/\",\"name\":\"Caviar Oscietra 5* - Sklep \u2014 Antonius Caviar\",\"isPartOf\":{\"@id\":\"https:\/\/antoniuscaviar.com\/es\/#website\"},\"datePublished\":\"2015-12-04T23:27:56+00:00\",\"dateModified\":\"2024-09-20T12:43:40+00:00\",\"breadcrumb\":{\"@id\":\"https:\/\/antoniuscaviar.com\/es\/producto\/caviar-oscietra-5-star\/#breadcrumb\"},\"inLanguage\":\"es\",\"potentialAction\":[{\"@type\":\"ReadAction\",\"target\":[\"https:\/\/antoniuscaviar.com\/es\/producto\/caviar-oscietra-5-star\/\"]}]},{\"@type\":\"BreadcrumbList\",\"@id\":\"https:\/\/antoniuscaviar.com\/es\/producto\/caviar-oscietra-5-star\/#breadcrumb\",\"itemListElement\":[{\"@type\":\"ListItem\",\"position\":1,\"name\":\"Home\",\"item\":\"https:\/\/antoniuscaviar.com\/es\/\"},{\"@type\":\"ListItem\",\"position\":2,\"name\":\"Gama completa\",\"item\":\"https:\/\/antoniuscaviar.com\/es\/gama-completa\/\"},{\"@type\":\"ListItem\",\"position\":3,\"name\":\"Caviar Oscietra 5*\"}]},{\"@type\":\"WebSite\",\"@id\":\"https:\/\/antoniuscaviar.com\/es\/#website\",\"url\":\"https:\/\/antoniuscaviar.com\/es\/\",\"name\":\"Sklep \u2014 Antonius Caviar\",\"description\":\"\",\"potentialAction\":[{\"@type\":\"SearchAction\",\"target\":{\"@type\":\"EntryPoint\",\"urlTemplate\":\"https:\/\/antoniuscaviar.com\/es\/?s={search_term_string}\"},\"query-input\":\"required name=search_term_string\"}],\"inLanguage\":\"es\"}]}<\/script>\n<!-- \/ Yoast SEO plugin. -->","yoast_head_json":{"title":"Caviar Oscietra 5* - Sklep \u2014 Antonius Caviar","robots":{"index":"index","follow":"follow","max-snippet":"max-snippet:-1","max-image-preview":"max-image-preview:large","max-video-preview":"max-video-preview:-1"},"canonical":"https:\/\/antoniuscaviar.com\/es\/producto\/caviar-oscietra-5-star\/","og_locale":"es_ES","og_type":"article","og_title":"Caviar Oscietra 5* - Sklep \u2014 Antonius Caviar","og_description":"di\u00e1metro de las huevas entre 2,9 y 3 mm","og_url":"https:\/\/antoniuscaviar.com\/es\/producto\/caviar-oscietra-5-star\/","og_site_name":"Sklep \u2014 Antonius Caviar","article_modified_time":"2024-09-20T12:43:40+00:00","og_image":[{"width":1439,"height":1439,"url":"https:\/\/antoniuscaviar.com\/wp-content\/uploads\/2015\/12\/can_oscietra_5stars.png","type":"image\/png"}],"twitter_card":"summary_large_image","twitter_misc":{"Est. reading time":"1 minuto"},"schema":{"@context":"https:\/\/schema.org","@graph":[{"@type":"WebPage","@id":"https:\/\/antoniuscaviar.com\/es\/producto\/caviar-oscietra-5-star\/","url":"https:\/\/antoniuscaviar.com\/es\/producto\/caviar-oscietra-5-star\/","name":"Caviar Oscietra 5* - Sklep \u2014 Antonius Caviar","isPartOf":{"@id":"https:\/\/antoniuscaviar.com\/es\/#website"},"datePublished":"2015-12-04T23:27:56+00:00","dateModified":"2024-09-20T12:43:40+00:00","breadcrumb":{"@id":"https:\/\/antoniuscaviar.com\/es\/producto\/caviar-oscietra-5-star\/#breadcrumb"},"inLanguage":"es","potentialAction":[{"@type":"ReadAction","target":["https:\/\/antoniuscaviar.com\/es\/producto\/caviar-oscietra-5-star\/"]}]},{"@type":"BreadcrumbList","@id":"https:\/\/antoniuscaviar.com\/es\/producto\/caviar-oscietra-5-star\/#breadcrumb","itemListElement":[{"@type":"ListItem","position":1,"name":"Home","item":"https:\/\/antoniuscaviar.com\/es\/"},{"@type":"ListItem","position":2,"name":"Gama completa","item":"https:\/\/antoniuscaviar.com\/es\/gama-completa\/"},{"@type":"ListItem","position":3,"name":"Caviar Oscietra 5*"}]},{"@type":"WebSite","@id":"https:\/\/antoniuscaviar.com\/es\/#website","url":"https:\/\/antoniuscaviar.com\/es\/","name":"Sklep \u2014 Antonius Caviar","description":"","potentialAction":[{"@type":"SearchAction","target":{"@type":"EntryPoint","urlTemplate":"https:\/\/antoniuscaviar.com\/es\/?s={search_term_string}"},"query-input":"required name=search_term_string"}],"inLanguage":"es"}]}},"_links":{"self":[{"href":"https:\/\/antoniuscaviar.com\/es\/wp-json\/wp\/v2\/product\/18674"}],"collection":[{"href":"https:\/\/antoniuscaviar.com\/es\/wp-json\/wp\/v2\/product"}],"about":[{"href":"https:\/\/antoniuscaviar.com\/es\/wp-json\/wp\/v2\/types\/product"}],"replies":[{"embeddable":true,"href":"https:\/\/antoniuscaviar.com\/es\/wp-json\/wp\/v2\/comments?post=18674"}],"wp:featuredmedia":[{"embeddable":true,"href":"https:\/\/antoniuscaviar.com\/es\/wp-json\/wp\/v2\/media\/17400"}],"wp:attachment":[{"href":"https:\/\/antoniuscaviar.com\/es\/wp-json\/wp\/v2\/media?parent=18674"}],"wp:term":[{"taxonomy":"product_cat","embeddable":true,"href":"https:\/\/antoniuscaviar.com\/es\/wp-json\/wp\/v2\/product_cat?post=18674"},{"taxonomy":"product_tag","embeddable":true,"href":"https:\/\/antoniuscaviar.com\/es\/wp-json\/wp\/v2\/product_tag?post=18674"}],"curies":[{"name":"wp","href":"https:\/\/api.w.org\/{rel}","templated":true}]}}