{"id":21438,"date":"2025-05-15T16:19:27","date_gmt":"2025-05-15T14:19:30","guid":{"rendered":"https:\/\/antoniuscaviar.com\/?post_type=product&#038;p=21438"},"modified":"2025-05-16T10:08:07","modified_gmt":"2025-05-16T08:08:07","slug":"antonius-caviar-x-orska-2","status":"publish","type":"product","link":"https:\/\/antoniuscaviar.com\/es\/producto\/antonius-caviar-x-orska-2\/","title":{"rendered":"Antonius Caviar x ORSKA"},"content":{"rendered":"<p data-start=\"665\" data-end=\"706\"><strong data-start=\"665\" data-end=\"706\">Set de regalo Antonius Caviar x ORSKA<\/strong><\/p>\n<p data-start=\"708\" data-end=\"997\">Un regalo que combina el sabor refinado con el arte de la joyer\u00eda. En un elegante estuche se encuentran dos perlas de nuestra colecci\u00f3n en un d\u00fao realmente regio: Oscietra de 6 estrellas (di\u00e1metro del grano superior a 3 mm) y Siberian de 6 estrellas (di\u00e1metro del grano superior a 2,7 mm).<\/p>\n<p data-start=\"999\" data-end=\"1154\">El set se completa con una pulsera singular dise\u00f1ada por Anna Orska. Esta joya artesanal de lat\u00f3n chapado en oro evoca motivos inspirados en la naturaleza.<\/p>\n<p data-start=\"1156\" data-end=\"1175\"><strong data-start=\"1156\" data-end=\"1175\">El set contiene<\/strong><\/p>\n<ul data-start=\"1177\" data-end=\"1310\">\n<li data-start=\"1177\" data-end=\"1192\">\n<p data-start=\"1179\" data-end=\"1192\">Oscietra 6*<\/p>\n<\/li>\n<li data-start=\"1193\" data-end=\"1208\">\n<p data-start=\"1195\" data-end=\"1208\">Siberian 6*<\/p>\n<\/li>\n<li data-start=\"1209\" data-end=\"1268\">\n<p data-start=\"1211\" data-end=\"1268\">pulsera de lat\u00f3n chapado en oro Antonius Caviar x ORSKA<\/p>\n<\/li>\n<li data-start=\"1269\" data-end=\"1292\">\n<p data-start=\"1271\" data-end=\"1292\">cucharilla de n\u00e1car<\/p>\n<\/li>\n<li data-start=\"1293\" data-end=\"1310\">\n<p data-start=\"1295\" data-end=\"1310\">caja elegante<\/p>\n<\/li>\n<\/ul>\n<p data-start=\"1312\" data-end=\"1366\">Disponible en las opciones: 30 g + 30 g o 50 g + 50 g.<\/p>\n","protected":false},"excerpt":{"rendered":"<p>Oscietra 6* y Siberian 6*<\/p>\n<p>con una cuchara de n\u00e1car.<\/p>\n","protected":false},"featured_media":21494,"comment_status":"closed","ping_status":"closed","template":"","meta":{"inline_featured_image":false},"product_cat":[396],"product_tag":[],"acf":[],"yoast_head":"<!-- This site is optimized with the Yoast SEO plugin v19.10 - https:\/\/yoast.com\/wordpress\/plugins\/seo\/ -->\n<title>Antonius Caviar x ORSKA - Sklep \u2014 Antonius Caviar<\/title>\n<meta name=\"robots\" content=\"index, follow, max-snippet:-1, max-image-preview:large, max-video-preview:-1\" \/>\n<link rel=\"canonical\" href=\"https:\/\/antoniuscaviar.com\/es\/producto\/antonius-caviar-x-orska-2\/\" \/>\n<meta property=\"og:locale\" content=\"es_ES\" \/>\n<meta property=\"og:type\" content=\"article\" \/>\n<meta property=\"og:title\" content=\"Antonius Caviar x ORSKA - Sklep \u2014 Antonius Caviar\" \/>\n<meta property=\"og:description\" content=\"Oscietra 6* y Siberian 6*  con una cuchara de n\u00e1car.\" \/>\n<meta property=\"og:url\" content=\"https:\/\/antoniuscaviar.com\/es\/producto\/antonius-caviar-x-orska-2\/\" \/>\n<meta property=\"og:site_name\" content=\"Sklep \u2014 Antonius Caviar\" \/>\n<meta property=\"article:modified_time\" content=\"2025-05-16T08:08:07+00:00\" \/>\n<meta property=\"og:image\" content=\"https:\/\/antoniuscaviar.com\/wp-content\/uploads\/2025\/05\/bransoletka-1.png\" \/>\n\t<meta property=\"og:image:width\" content=\"1200\" \/>\n\t<meta property=\"og:image:height\" content=\"1200\" \/>\n\t<meta property=\"og:image:type\" content=\"image\/png\" \/>\n<meta name=\"twitter:card\" content=\"summary_large_image\" \/>\n<meta name=\"twitter:label1\" content=\"Est. reading time\" \/>\n\t<meta name=\"twitter:data1\" content=\"1 minuto\" \/>\n<script type=\"application\/ld+json\" class=\"yoast-schema-graph\">{\"@context\":\"https:\/\/schema.org\",\"@graph\":[{\"@type\":\"WebPage\",\"@id\":\"https:\/\/antoniuscaviar.com\/es\/producto\/antonius-caviar-x-orska-2\/\",\"url\":\"https:\/\/antoniuscaviar.com\/es\/producto\/antonius-caviar-x-orska-2\/\",\"name\":\"Antonius Caviar x ORSKA - Sklep \u2014 Antonius Caviar\",\"isPartOf\":{\"@id\":\"https:\/\/antoniuscaviar.com\/es\/#website\"},\"datePublished\":\"2025-05-15T14:19:30+00:00\",\"dateModified\":\"2025-05-16T08:08:07+00:00\",\"breadcrumb\":{\"@id\":\"https:\/\/antoniuscaviar.com\/es\/producto\/antonius-caviar-x-orska-2\/#breadcrumb\"},\"inLanguage\":\"es\",\"potentialAction\":[{\"@type\":\"ReadAction\",\"target\":[\"https:\/\/antoniuscaviar.com\/es\/producto\/antonius-caviar-x-orska-2\/\"]}]},{\"@type\":\"BreadcrumbList\",\"@id\":\"https:\/\/antoniuscaviar.com\/es\/producto\/antonius-caviar-x-orska-2\/#breadcrumb\",\"itemListElement\":[{\"@type\":\"ListItem\",\"position\":1,\"name\":\"Home\",\"item\":\"https:\/\/antoniuscaviar.com\/es\/\"},{\"@type\":\"ListItem\",\"position\":2,\"name\":\"Gama completa\",\"item\":\"https:\/\/antoniuscaviar.com\/es\/gama-completa\/\"},{\"@type\":\"ListItem\",\"position\":3,\"name\":\"Antonius Caviar x ORSKA\"}]},{\"@type\":\"WebSite\",\"@id\":\"https:\/\/antoniuscaviar.com\/es\/#website\",\"url\":\"https:\/\/antoniuscaviar.com\/es\/\",\"name\":\"Sklep \u2014 Antonius Caviar\",\"description\":\"\",\"potentialAction\":[{\"@type\":\"SearchAction\",\"target\":{\"@type\":\"EntryPoint\",\"urlTemplate\":\"https:\/\/antoniuscaviar.com\/es\/?s={search_term_string}\"},\"query-input\":\"required name=search_term_string\"}],\"inLanguage\":\"es\"}]}<\/script>\n<!-- \/ Yoast SEO plugin. -->","yoast_head_json":{"title":"Antonius Caviar x ORSKA - Sklep \u2014 Antonius Caviar","robots":{"index":"index","follow":"follow","max-snippet":"max-snippet:-1","max-image-preview":"max-image-preview:large","max-video-preview":"max-video-preview:-1"},"canonical":"https:\/\/antoniuscaviar.com\/es\/producto\/antonius-caviar-x-orska-2\/","og_locale":"es_ES","og_type":"article","og_title":"Antonius Caviar x ORSKA - Sklep \u2014 Antonius Caviar","og_description":"Oscietra 6* y Siberian 6*  con una cuchara de n\u00e1car.","og_url":"https:\/\/antoniuscaviar.com\/es\/producto\/antonius-caviar-x-orska-2\/","og_site_name":"Sklep \u2014 Antonius Caviar","article_modified_time":"2025-05-16T08:08:07+00:00","og_image":[{"width":1200,"height":1200,"url":"https:\/\/antoniuscaviar.com\/wp-content\/uploads\/2025\/05\/bransoletka-1.png","type":"image\/png"}],"twitter_card":"summary_large_image","twitter_misc":{"Est. reading time":"1 minuto"},"schema":{"@context":"https:\/\/schema.org","@graph":[{"@type":"WebPage","@id":"https:\/\/antoniuscaviar.com\/es\/producto\/antonius-caviar-x-orska-2\/","url":"https:\/\/antoniuscaviar.com\/es\/producto\/antonius-caviar-x-orska-2\/","name":"Antonius Caviar x ORSKA - Sklep \u2014 Antonius Caviar","isPartOf":{"@id":"https:\/\/antoniuscaviar.com\/es\/#website"},"datePublished":"2025-05-15T14:19:30+00:00","dateModified":"2025-05-16T08:08:07+00:00","breadcrumb":{"@id":"https:\/\/antoniuscaviar.com\/es\/producto\/antonius-caviar-x-orska-2\/#breadcrumb"},"inLanguage":"es","potentialAction":[{"@type":"ReadAction","target":["https:\/\/antoniuscaviar.com\/es\/producto\/antonius-caviar-x-orska-2\/"]}]},{"@type":"BreadcrumbList","@id":"https:\/\/antoniuscaviar.com\/es\/producto\/antonius-caviar-x-orska-2\/#breadcrumb","itemListElement":[{"@type":"ListItem","position":1,"name":"Home","item":"https:\/\/antoniuscaviar.com\/es\/"},{"@type":"ListItem","position":2,"name":"Gama completa","item":"https:\/\/antoniuscaviar.com\/es\/gama-completa\/"},{"@type":"ListItem","position":3,"name":"Antonius Caviar x ORSKA"}]},{"@type":"WebSite","@id":"https:\/\/antoniuscaviar.com\/es\/#website","url":"https:\/\/antoniuscaviar.com\/es\/","name":"Sklep \u2014 Antonius Caviar","description":"","potentialAction":[{"@type":"SearchAction","target":{"@type":"EntryPoint","urlTemplate":"https:\/\/antoniuscaviar.com\/es\/?s={search_term_string}"},"query-input":"required name=search_term_string"}],"inLanguage":"es"}]}},"_links":{"self":[{"href":"https:\/\/antoniuscaviar.com\/es\/wp-json\/wp\/v2\/product\/21438"}],"collection":[{"href":"https:\/\/antoniuscaviar.com\/es\/wp-json\/wp\/v2\/product"}],"about":[{"href":"https:\/\/antoniuscaviar.com\/es\/wp-json\/wp\/v2\/types\/product"}],"replies":[{"embeddable":true,"href":"https:\/\/antoniuscaviar.com\/es\/wp-json\/wp\/v2\/comments?post=21438"}],"wp:featuredmedia":[{"embeddable":true,"href":"https:\/\/antoniuscaviar.com\/es\/wp-json\/wp\/v2\/media\/21494"}],"wp:attachment":[{"href":"https:\/\/antoniuscaviar.com\/es\/wp-json\/wp\/v2\/media?parent=21438"}],"wp:term":[{"taxonomy":"product_cat","embeddable":true,"href":"https:\/\/antoniuscaviar.com\/es\/wp-json\/wp\/v2\/product_cat?post=21438"},{"taxonomy":"product_tag","embeddable":true,"href":"https:\/\/antoniuscaviar.com\/es\/wp-json\/wp\/v2\/product_tag?post=21438"}],"curies":[{"name":"wp","href":"https:\/\/api.w.org\/{rel}","templated":true}]}}