{"id":16373,"date":"2024-05-27T10:55:28","date_gmt":"2024-05-27T08:55:28","guid":{"rendered":"https:\/\/antoniuscaviar.com\/?page_id=16373"},"modified":"2024-07-25T07:28:20","modified_gmt":"2024-07-25T05:28:20","slug":"homepage","status":"publish","type":"page","link":"https:\/\/antoniuscaviar.com\/fr\/","title":{"rendered":"Homepage"},"content":{"rendered":"\t<div class=\"l-hero\">\n\t\t<div class=\"c-video-box js-hero-video\" style=\"background-image: url('https:\/\/antoniuscaviar.com\/wp-content\/uploads\/2022\/03\/hero.jpeg');\">>\n\t\t\t<video class=\"c-video-box__video\" poster=\"https:\/\/antoniuscaviar.com\/wp-content\/uploads\/2022\/03\/hero.jpeg\" autoplay muted loop playsinline data-keepplaying>\n\t\t\t\t<source src=\"https:\/\/antoniuscaviar.com\/wp-content\/uploads\/2022\/10\/poprawiony-homepage.mp4\" type=\"video\/mp4\">\n\t\t\t<\/video>\n\t\t\t<div class=\"c-video-box__gradient js-hero-video-gradient\"><\/div>\n\t\t<\/div>\n\t\t<div class=\"l-hero__inner l-inner\">\n\t\t\t<div class=\"c-hero\">\n\t\t\t\t<div class=\"c-hero__content\">\n\t\t\t\t\t\t\t\t\t\t\t<h1 class=\"c-hero__title c-hero__title--xl-size js-hero-title\">\n\t\t\t\t\t\t\tLE V\u00c9RITABLE<br \/>\r\nCAVIAR\t\t\t\t\t\t<\/h1>\n\t\t\t\t\t\t\t\t\t\t\t\t\t\t\t\t<h2 class=\"c-hero__subtitle js-hero-subtitle t-headline-4 t-headline-1-desktop t-upper\">\n\t\t\t\t\t\t\tFI\u00c8REMENT FABRIQU\u00c9 EN POLOGNE\t\t\t\t\t\t<\/h2>\n\t\t\t\t\t\t\t\t\t\t\t\t\t\t\t\t<div class=\"c-hero__desc\">\n\t\t\t\t\t\t\t<p class=\"t-body-3 t-upper\">\n\t\t\t\t\t\t\t\t<a class=\"c-hero__link js-scroll-sec\" href=\"#tabs-slider\">\n\t\t\t\t\t\t\t\t\tD\u00c9COUVREZ PLUS\t\t\t\t\t\t\t\t<\/a>\n\t\t\t\t\t\t\t<\/p>\n\t\t\t\t\t\t\t<span class=\"c-hero__line js-hero-line\"><\/span>\n\t\t\t\t\t\t<\/div>\n\t\t\t\t\t\t\t\t\t<\/div>\n\t\t\t<\/div>\n\t\t<\/div>\n\t<\/div>\n\n\n\t<div id=\"tabs-slider\"><\/div>\n\t<div class=\"l-inner js-reveal-top\">\n\t\t<div class=\"c-tabs-slider js-tabs-slider\">\n\t\t\t<nav class=\"c-tabs-slider__nav\"><\/nav>\n\t\t\t<div class=\"c-tabs-slider__content js-slider\" data-slider-type=\"tabs\">\n\t\t\t\t<ul class=\"c-tabs-slider__tabs swiper-wrapper\">\n\t\t\t\t\t\t\t\t\t\t\t\t\t\t\t\t\t<li class=\"c-tabs-slider__tab swiper-slide\">\n\t\t\t\t\t\t\t\t\t\t\t\t\t\t\t\t\t\t\t\t\t\t\t<div class=\"c-tabs-slider__media c-tabs-slider__media--portrait c-tabs-slider__media--right\">\n\t\t\t\t\t\t\t\t\t<img decoding=\"async\" src=\"https:\/\/antoniuscaviar.com\/wp-content\/uploads\/2022\/03\/tab-3-media.jpg\" alt=\"\" \/>\n\t\t\t\t\t\t\t\t<\/div>\n\t\t\t\t\t\t\t\t\t\t\t\t\t\t<div class=\"c-cta\">\n\t\t\t\t\t\t\t\t\t\t\t\t\t\t\t\t\t<h2 class=\"c-cta__title t-headline-4 t-headline-1-desktop t-upper\">\n\t\t\t\t\t\t\t\t\t\tSavourez le go\u00fbt in\u00e9gal\u00e9 de notre caviar chez vous.\t\t\t\t\t\t\t\t\t<\/h2>\n\t\t\t\t\t\t\t\t\t\t\t\t\t\t\t\t\t\t\t\t\t\t\t\t\t<p class=\"c-cta__desc t-body-3\">\n\t\t\t\t\t\t\t\t\t\tCommandez en ligne du caviar frais provenant directement de notre ferme. Optez pour une livraison s\u00fbre et rapide directement \u00e0 votre porte. D\u00e9couvrez la gamme de nos produits.\t\t\t\t\t\t\t\t\t<\/p>\n\t\t\t\t\t\t\t\t\t\t\t\t\t\t\t\t\t\t\t\t\t\t\t\t\t<div class=\"c-cta__action\">\n\t\t\t\t\t\t\t\t\t\t<a class=\"c-link c-link--border c-link--upper t-body-3 js-slide-name\" href=\"https:\/\/antoniuscaviar.com\/fr\/boutique-en-ligne\/\">Boutique<\/a>\n\t\t\t\t\t\t\t\t\t<\/div>\n\t\t\t\t\t\t\t\t\t\t\t\t\t\t\t<\/div>\n\t\t\t\t\t\t<\/li>\n\t\t\t\t\t\t\t\t\t\t\t\t\t\t\t\t\t<li class=\"c-tabs-slider__tab swiper-slide\">\n\t\t\t\t\t\t\t\t\t\t\t\t\t\t\t\t\t\t\t\t\t\t\t<div class=\"c-tabs-slider__media c-tabs-slider__media--horizontal c-tabs-slider__media--right\">\n\t\t\t\t\t\t\t\t\t<img decoding=\"async\" src=\"https:\/\/antoniuscaviar.com\/wp-content\/uploads\/2022\/03\/tab-2-media.jpg\" alt=\"\" \/>\n\t\t\t\t\t\t\t\t<\/div>\n\t\t\t\t\t\t\t\t\t\t\t\t\t\t<div class=\"c-cta\">\n\t\t\t\t\t\t\t\t\t\t\t\t\t\t\t\t\t<h2 class=\"c-cta__title t-headline-4 t-headline-1-desktop t-upper\">\n\t\t\t\t\t\t\t\t\t\tLaissez appara\u00eetre le caviar \u00e0 la carte de votre restaurant \t\t\t\t\t\t\t\t\t<\/h2>\n\t\t\t\t\t\t\t\t\t\t\t\t\t\t\t\t\t\t\t\t\t\t\t\t\t<p class=\"c-cta__desc t-body-3\">\n\t\t\t\t\t\t\t\t\t\tRejoignez les rangs des meilleurs restaurants du monde qui servent d\u00e9j\u00e0 notre caviar. D\u00e9couvrez l&rsquo;offre d\u00e9di\u00e9e aux restaurateurs.\t\t\t\t\t\t\t\t\t<\/p>\n\t\t\t\t\t\t\t\t\t\t\t\t\t\t\t\t\t\t\t\t\t\t\t\t\t<div class=\"c-cta__action\">\n\t\t\t\t\t\t\t\t\t\t<a class=\"c-link c-link--border c-link--upper t-body-3 js-slide-name\" href=\"https:\/\/antoniuscaviar.com\/fr\/restaurants\/\">Restaurants<\/a>\n\t\t\t\t\t\t\t\t\t<\/div>\n\t\t\t\t\t\t\t\t\t\t\t\t\t\t\t<\/div>\n\t\t\t\t\t\t<\/li>\n\t\t\t\t\t\t\t\t\t\t\t\t\t\t\t\t\t<li class=\"c-tabs-slider__tab swiper-slide\">\n\t\t\t\t\t\t\t\t\t\t\t\t\t\t\t\t\t\t\t\t\t\t\t<div class=\"c-tabs-slider__media c-tabs-slider__media--portrait c-tabs-slider__media--left\">\n\t\t\t\t\t\t\t\t\t<img decoding=\"async\" src=\"https:\/\/antoniuscaviar.com\/wp-content\/uploads\/2022\/03\/tab-1-media.jpg\" alt=\"\" \/>\n\t\t\t\t\t\t\t\t<\/div>\n\t\t\t\t\t\t\t\t\t\t\t\t\t\t<div class=\"c-cta\">\n\t\t\t\t\t\t\t\t\t\t\t\t\t\t\t\t\t<h2 class=\"c-cta__title t-headline-4 t-headline-1-desktop t-upper\">\n\t\t\t\t\t\t\t\t\t\tCr\u00e9ez avec nous une marque familiale prosp\u00e8re sur les march\u00e9s mondiaux.\t\t\t\t\t\t\t\t\t<\/h2>\n\t\t\t\t\t\t\t\t\t\t\t\t\t\t\t\t\t\t\t\t\t\t\t\t\t<p class=\"c-cta__desc t-body-3\">\n\t\t\t\t\t\t\t\t\t\tDevenez un distributeur pour l&rsquo;un des plus grands producteurs de caviar au monde et un ambassadeur d&rsquo;une approche unique de la production de caviar.\t\t\t\t\t\t\t\t\t<\/p>\n\t\t\t\t\t\t\t\t\t\t\t\t\t\t\t\t\t\t\t\t\t\t\t\t\t<div class=\"c-cta__action\">\n\t\t\t\t\t\t\t\t\t\t<a class=\"c-link c-link--border c-link--upper t-body-3 js-slide-name\" href=\"https:\/\/antoniuscaviar.com\/fr\/distributeurs\/\">Distributeurs<\/a>\n\t\t\t\t\t\t\t\t\t<\/div>\n\t\t\t\t\t\t\t\t\t\t\t\t\t\t\t<\/div>\n\t\t\t\t\t\t<\/li>\n\t\t\t\t\t\t\t\t\t<\/ul>\n\t\t\t<\/div>\n\t\t<\/div>\n\t<\/div>\n\n\n<section class=\"l-spacing l-spacing--xl\"><\/section>\n\n\n\t<div class=\"l-inner js-reveal-top\">\n\t\t<div class=\"c-cta\">\n\t\t\t\t\t\t\t<h2 class=\"c-cta__title t-headline-4 t-headline-1-desktop t-upper\">\n\t\t\t\t\tNOUS CROYONS AU POUVOIR DE LA NATURE ET \u00c0 LA FORCE DES TRADITIONS FAMILIALES\t\t\t\t<\/h2>\n\t\t\t\t\t\t\t\t\t\t<p class=\"c-cta__desc t-body-3\">\n\t\t\t\t\tNous sommes producteurs de caviar, mais avant tout \u00e9leveurs d&rsquo;esturgeons. Nous sommes l&rsquo;une des rares entreprises au monde \u00e0 s&rsquo;approvisionner en \u0153ufs provenant exclusivement de poissons de nos propres \u00e9levages. \t\t\t\t<\/p>\n\t\t\t\t\t\t\t\t\t\t<div class=\"c-cta__action\">\n\t\t\t\t\t<a class=\"c-link c-link--border c-link--upper t-body-3\" href=\"https:\/\/antoniuscaviar.com\/fr\/a-propos-de-nous\/\" >\u00c0 PROPOS DE NOUS<\/a>\n\t\t\t\t<\/div>\n\t\t\t\t\t<\/div>\n\t<\/div>\n\n\n<section class=\"l-spacing l-spacing--xl\"><\/section>\n\n\n\t<div class=\"l-inner js-reveal-top\">\n\t\t<figure class=\"c-simple-image\">\n\t\t\t<img decoding=\"async\" src=\"https:\/\/antoniuscaviar.com\/wp-content\/uploads\/2022\/03\/simple-image-1-1280x700.jpg\" alt=\"\" \/>\n\t\t<\/figure>\n\t<\/div>\n\n\n<section class=\"l-spacing l-spacing--xl\"><\/section>\n\n\n<section class=\"l-single-product-slider l-slider js-reveal-top\">\n\t<div class=\"l-inner\">\n\t\t<div class=\"c-single-product-slider js-slider\" data-slider-type=\"singleProduct\">\n\t\t\t<ul class=\"c-single-product-slider__wrapper swiper-wrapper\">\n\t\t\t\t\t\t\t\t\t\t\t\t\t\t\t\t\t\t\t\t<li class=\"c-single-product-slider__slide swiper-slide\">\n\t\t\t\t\t\t\t<div class=\"c-single-product-box\">\n\t\t\t\t\t\t\t\t\t\t\t\t\t\t\t\t\t<div class=\"c-single-product-box__media\">\n\t\t\t\t\t\t\t\t\t\t<img decoding=\"async\" onClick='window.location.href = \"https:\/\/antoniuscaviar.com\/fr\/categorie-produit\/siberian-fr\/\"'\t\t\t\t\t\t\t\t\t\t src=\"https:\/\/antoniuscaviar.com\/wp-content\/uploads\/2022\/11\/can_siberian_6stars-288x288.png\" alt=\"\" \/>\n\t\t\t\t\t\t\t\t\t<\/div>\n\t\t\t\t\t\t\t\t\t\t\t\t\t\t\t\t<div class=\"c-single-product-box__content\">\n\t\t\t\t\t\t\t\t\t\t\t\t\t\t\t\t\t\t\t<h4 class=\"c-single-product-box__title t-headline-2\">\n\t\t\t\t\t\t\t\t\t\t\tSiberian caviar\t\t\t\t\t\t\t\t\t\t<\/h4>\n\t\t\t\t\t\t\t\t\t\t\t\t\t\t\t\t\t\t\t\t\t\t\t\t\t\t\t\t<p class=\"c-single-product-box__desc t-body-3\">\n\t\t\t\t\t\t\t\t\t\t\tLe caviar d&rsquo;esturgeons de l&rsquo;esp\u00e8ce Acipenser baerii (esturgeon de Sib\u00e9rie). Il se distingue par son go\u00fbt riche et complexe, avec une finale longue et prononc\u00e9e.\t\t\t\t\t\t\t\t\t\t<\/p>\n\t\t\t\t\t\t\t\t\t\t\t\t\t\t\t\t\t\t\t\t\t\t\t\t\t\t\t\t<div class=\"c-single-product-box__action\">\n\t\t\t\t\t\t\t\t\t\t\t\t\t\t\t\t\t\t\t\t\t\t\t\t\t\t\t\t\t\t\t\t\t\t\t\t\t\t\t\t\t\t\t\t\t\t\t\t\t\t\t\t\t\t\t\t\t\t\t\t\t\t<a href=\"https:\/\/antoniuscaviar.com\/fr\/boutique-en-ligne\/\" class=\"c-button c-button--bordered t-upper\" >BOUTIQUE<\/a>\n\t\t\t\t\t\t\t\t\t\t\t\t\t\t\t\t\t\t\t\t\t\t\t\t\t\t\t\t\t\t\t\t\t\t\t\t\t\t\t\t\t\t\t\t\t\t\t\t\t\t\t\t\t\t\t\t\t\t\t\t\t\t\t\t\t\t\t\t\t\t\t\t\t\t\t\t\t\t\t\t\t\t\t\t\t\t\t<a href=\"https:\/\/antoniuscaviar.com\/fr\/categorie-produit\/siberian-fr\/\" class=\"c-link t-upper\" >LIRE LA SUITE<\/a>\n\t\t\t\t\t\t\t\t\t\t\t\t\t\t\t\t\t\t\t\t\t\t\t\t\t\t\t\t\t\t\t\t\t\t\t\t\t\t\t\t\t\t\t\t\t\t<\/div>\n\t\t\t\t\t\t\t\t\t\t\t\t\t\t\t\t\t<\/div>\n\t\t\t\t\t\t\t<\/div>\n\t\t\t\t\t\t<\/li>\n\t\t\t\t\t\t\t\t\t\t\t\t\t\t\t\t\t\t\t\t\t\t\t\t\t<li class=\"c-single-product-slider__slide swiper-slide\">\n\t\t\t\t\t\t\t<div class=\"c-single-product-box\">\n\t\t\t\t\t\t\t\t\t\t\t\t\t\t\t\t\t<div class=\"c-single-product-box__media\">\n\t\t\t\t\t\t\t\t\t\t<img decoding=\"async\" onClick='window.location.href = \"https:\/\/antoniuscaviar.com\/fr\/categorie-produit\/oscietra-fr\/\"'\t\t\t\t\t\t\t\t\t\t src=\"https:\/\/antoniuscaviar.com\/wp-content\/uploads\/2022\/11\/can_oscietra_6stars-288x288.png\" alt=\"\" \/>\n\t\t\t\t\t\t\t\t\t<\/div>\n\t\t\t\t\t\t\t\t\t\t\t\t\t\t\t\t<div class=\"c-single-product-box__content\">\n\t\t\t\t\t\t\t\t\t\t\t\t\t\t\t\t\t\t\t<h4 class=\"c-single-product-box__title t-headline-2\">\n\t\t\t\t\t\t\t\t\t\t\tOscietra caviar\t\t\t\t\t\t\t\t\t\t<\/h4>\n\t\t\t\t\t\t\t\t\t\t\t\t\t\t\t\t\t\t\t\t\t\t\t\t\t\t\t\t<p class=\"c-single-product-box__desc t-body-3\">\n\t\t\t\t\t\t\t\t\t\t\tLe caviar d&rsquo;esturgeon de l&rsquo;esp\u00e8ce Acipenser gueldenstaedtii (esturgeon russe). Il est r\u00e9put\u00e9 pour son agr\u00e9able go\u00fbt de noisette, se terminant par une finale velout\u00e9e et beurr\u00e9e.\t\t\t\t\t\t\t\t\t\t<\/p>\n\t\t\t\t\t\t\t\t\t\t\t\t\t\t\t\t\t\t\t\t\t\t\t\t\t\t\t\t<div class=\"c-single-product-box__action\">\n\t\t\t\t\t\t\t\t\t\t\t\t\t\t\t\t\t\t\t\t\t\t\t\t\t\t\t\t\t\t\t\t\t\t\t\t\t\t\t\t\t\t\t\t\t\t\t\t\t\t\t\t\t\t\t\t\t\t\t\t\t\t<a href=\"https:\/\/antoniuscaviar.com\/fr\/boutique-en-ligne\/\" class=\"c-button c-button--bordered t-upper\" >BOUTIQUE<\/a>\n\t\t\t\t\t\t\t\t\t\t\t\t\t\t\t\t\t\t\t\t\t\t\t\t\t\t\t\t\t\t\t\t\t\t\t\t\t\t\t\t\t\t\t\t\t\t\t\t\t\t\t\t\t\t\t\t\t\t\t\t\t\t\t\t\t\t\t\t\t\t\t\t\t\t\t\t\t\t\t\t\t\t\t\t\t\t\t<a href=\"https:\/\/antoniuscaviar.com\/fr\/categorie-produit\/oscietra-fr\/\" class=\"c-link t-upper\" >LIRE LA SUITE<\/a>\n\t\t\t\t\t\t\t\t\t\t\t\t\t\t\t\t\t\t\t\t\t\t\t\t\t\t\t\t\t\t\t\t\t\t\t\t\t\t\t\t\t\t\t\t\t\t<\/div>\n\t\t\t\t\t\t\t\t\t\t\t\t\t\t\t\t\t<\/div>\n\t\t\t\t\t\t\t<\/div>\n\t\t\t\t\t\t<\/li>\n\t\t\t\t\t\t\t\t\t\t\t\t<\/ul>\n\t\t\t<div class=\"c-single-product-slider__actions\">\n\t\t\t\t<div class=\"c-single-product-slider__pagination js-slider-pagination\"><\/div>\n\t\t\t\t<nav class=\"c-single-product-slider__nav\">\n\t\t\t\t\t<div class=\"c-slider-nav\">\n\t\t\t\t\t\t<button class=\"c-slider-nav__button c-slider-nav__button--prev swiper-button-prev js-slider-prev-btn\">\n\t\t\t\t\t\t\t<span class=\"sr-only\">Previous slide><\/span>\n\t\t\t\t\t\t<\/button>\n\t\t\t\t\t\t<button class=\"c-slider-nav__button c-slider-nav__button--next swiper-button-next js-slider-next-btn\">\n\t\t\t\t\t\t\t<span class=\"sr-only\">Next slide><\/span>\n\t\t\t\t\t\t<\/button>\n\t\t\t\t\t<\/div>\n\t\t\t\t<\/nav>\n\t\t\t<\/div>\n\t\t<\/div>\n\t<\/div>\n<\/section>\n\n\n<section class=\"l-spacing l-spacing--l\"><\/section>\n\n\n<section class=\"l-our-blog l-slider js-reveal-top\">\n\t<div class=\"l-inner\">\n\t\t<div class=\"c-our-blog\">\n\t\t\t\t\t\t<div class=\"c-our-blog__slider js-slider\" data-slider-type=\"ourBlog\">\n\t\t\t\t<ul class=\"c-our-blog__list swiper-wrapper\">\n\t\t\t\t\t\t\t\t\t\t\t\t\t\t\t\t\t\t\t\t\t\t<li class=\"c-our-blog__list-item swiper-slide\">\n\t\t\t\t\t\t\t<a href=\"https:\/\/antoniuscaviar.com\/fr\/beef-tartare-with-caviar\/\" class=\"c-related-link\">\n\t\t\t<div class=\"c-related-link__media\">\n\t\t\t<figure class=\"c-related-link__figure\">\n\t\t\t\t<img decoding=\"async\" src=\"https:\/\/antoniuscaviar.com\/wp-content\/uploads\/2018\/06\/1_tatar_Large-296x456.png\" alt=\"\" class=\"c-related-link__img\">\n\t\t\t<\/figure>\n\t\t<\/div>\n\t\t<p class=\"c-related-link__category t-body\">Recipes<\/p>\n\t<h4 class=\"c-related-link__title t-headline-4 t-headline-5-mobile\">Beef tartare with caviar<\/h4>\n<\/a>\n\t\t\t\t\t\t<\/li>\n\t\t\t\t\t\t\t\t\t\t\t\t\t\t\t\t\t<li class=\"c-our-blog__list-item swiper-slide\">\n\t\t\t\t\t\t\t<a href=\"https:\/\/antoniuscaviar.com\/fr\/blinis-with-caviar\/\" class=\"c-related-link\">\n\t\t\t<div class=\"c-related-link__media\">\n\t\t\t<figure class=\"c-related-link__figure\">\n\t\t\t\t<img decoding=\"async\" src=\"https:\/\/antoniuscaviar.com\/wp-content\/uploads\/2018\/12\/ac_dania_II-255-1-296x456.jpg\" alt=\"\" class=\"c-related-link__img\">\n\t\t\t<\/figure>\n\t\t<\/div>\n\t\t<p class=\"c-related-link__category t-body\">Recipes<\/p>\n\t<h4 class=\"c-related-link__title t-headline-4 t-headline-5-mobile\">Blinis with caviar<\/h4>\n<\/a>\n\t\t\t\t\t\t<\/li>\n\t\t\t\t\t\t\t\t\t\t\t\t\t\t\t\t\t<li class=\"c-our-blog__list-item swiper-slide\">\n\t\t\t\t\t\t\t<a href=\"https:\/\/antoniuscaviar.com\/fr\/avocado-with-caviar\/\" class=\"c-related-link\">\n\t\t\t<div class=\"c-related-link__media\">\n\t\t\t<figure class=\"c-related-link__figure\">\n\t\t\t\t<img decoding=\"async\" src=\"https:\/\/antoniuscaviar.com\/wp-content\/uploads\/2018\/10\/ac_dania_II-161-1-296x456.jpg\" alt=\"\" class=\"c-related-link__img\">\n\t\t\t<\/figure>\n\t\t<\/div>\n\t\t<p class=\"c-related-link__category t-body\">Recipes<\/p>\n\t<h4 class=\"c-related-link__title t-headline-4 t-headline-5-mobile\">Avocado with caviar<\/h4>\n<\/a>\n\t\t\t\t\t\t<\/li>\n\t\t\t\t\t\t\t\t\t\t\t\t\t\t\t\t\t<li class=\"c-our-blog__list-item swiper-slide\">\n\t\t\t\t\t\t\t<a href=\"https:\/\/antoniuscaviar.com\/fr\/cod-with-caviar\/\" class=\"c-related-link\">\n\t\t\t<div class=\"c-related-link__media\">\n\t\t\t<figure class=\"c-related-link__figure\">\n\t\t\t\t<img decoding=\"async\" src=\"https:\/\/antoniuscaviar.com\/wp-content\/uploads\/2018\/09\/ac_dania_II-217-296x456.jpg\" alt=\"\" class=\"c-related-link__img\">\n\t\t\t<\/figure>\n\t\t<\/div>\n\t\t<p class=\"c-related-link__category t-body\">Recipes<\/p>\n\t<h4 class=\"c-related-link__title t-headline-4 t-headline-5-mobile\">Cod with caviar<\/h4>\n<\/a>\n\t\t\t\t\t\t<\/li>\n\t\t\t\t\t\t\t\t\t\t\t\t\t\t\t\t\t<li class=\"c-our-blog__list-item swiper-slide\">\n\t\t\t\t\t\t\t<a href=\"https:\/\/antoniuscaviar.com\/fr\/banana-with-caviar\/\" class=\"c-related-link\">\n\t\t\t<div class=\"c-related-link__media\">\n\t\t\t<figure class=\"c-related-link__figure\">\n\t\t\t\t<img decoding=\"async\" src=\"https:\/\/antoniuscaviar.com\/wp-content\/uploads\/2019\/07\/ac_dania_II-093-296x456.jpg\" alt=\"\" class=\"c-related-link__img\">\n\t\t\t<\/figure>\n\t\t<\/div>\n\t\t<p class=\"c-related-link__category t-body\">Recipes<\/p>\n\t<h4 class=\"c-related-link__title t-headline-4 t-headline-5-mobile\">Banana with caviar<\/h4>\n<\/a>\n\t\t\t\t\t\t<\/li>\n\t\t\t\t\t\t\t\t\t\t\t\t\t\t\t\t\t<li class=\"c-our-blog__list-item swiper-slide\">\n\t\t\t\t\t\t\t<a href=\"https:\/\/antoniuscaviar.com\/fr\/triangle-of-sadness-premiere-at-warsaws-muranow-cinema\/\" class=\"c-related-link\">\n\t\t\t<div class=\"c-related-link__media\">\n\t\t\t<figure class=\"c-related-link__figure\">\n\t\t\t\t<img decoding=\"async\" src=\"https:\/\/antoniuscaviar.com\/wp-content\/uploads\/2022\/12\/W-Trojkacie_large-1-296x456.jpg\" alt=\"\" class=\"c-related-link__img\">\n\t\t\t<\/figure>\n\t\t<\/div>\n\t\t<p class=\"c-related-link__category t-body\">Events<\/p>\n\t<h4 class=\"c-related-link__title t-headline-4 t-headline-5-mobile\">&lsquo;Triangle of Sadness&rsquo; &#8211; premiere at Warsaw&rsquo;s Muran\u00f3w Cinema<\/h4>\n<\/a>\n\t\t\t\t\t\t<\/li>\n\t\t\t\t\t\t\t\t\t\t\t\t\t\t<\/ul>\n\t\t\t\t<div class=\"c-our-blog__actions\">\n\t\t\t\t\t<nav class=\"c-our-blog__nav\">\n\t\t\t\t\t\t<div class=\"c-slider-nav\">\n\t\t\t\t\t\t\t<button class=\"c-slider-nav__button c-slider-nav__button--prev swiper-button-prev js-slider-prev-btn\">\n\t\t\t\t\t\t\t\t<span class=\"sr-only\">Previous slide><\/span>\n\t\t\t\t\t\t\t<\/button>\n\t\t\t\t\t\t\t<button class=\"c-slider-nav__button c-slider-nav__button--next swiper-button-next js-slider-next-btn\">\n\t\t\t\t\t\t\t\t<span class=\"sr-only\">Next slide><\/span>\n\t\t\t\t\t\t\t<\/button>\n\t\t\t\t\t\t<\/div>\n\t\t\t\t\t<\/nav>\n\t\t\t\t<\/div>\n\t\t\t<\/div>\n\t\t<\/div>\n\t<\/div>\n<\/section>\n\n\n<section class=\"l-spacing l-spacing--l\"><\/section>\n","protected":false},"excerpt":{"rendered":"","protected":false},"author":284,"featured_media":0,"parent":0,"menu_order":0,"comment_status":"closed","ping_status":"closed","template":"","meta":{"inline_featured_image":false},"acf":[],"yoast_head":"<!-- This site is optimized with the Yoast SEO plugin v19.10 - https:\/\/yoast.com\/wordpress\/plugins\/seo\/ -->\n<title>Homepage - Sklep \u2014 Antonius Caviar<\/title>\n<meta name=\"robots\" content=\"index, follow, max-snippet:-1, max-image-preview:large, max-video-preview:-1\" \/>\n<link rel=\"canonical\" href=\"https:\/\/antoniuscaviar.com\/fr\/\" \/>\n<meta property=\"og:locale\" content=\"fr_FR\" \/>\n<meta property=\"og:type\" content=\"article\" \/>\n<meta property=\"og:title\" content=\"Homepage - Sklep \u2014 Antonius Caviar\" \/>\n<meta property=\"og:url\" content=\"https:\/\/antoniuscaviar.com\/fr\/\" \/>\n<meta property=\"og:site_name\" content=\"Sklep \u2014 Antonius Caviar\" \/>\n<meta property=\"article:modified_time\" content=\"2024-07-25T05:28:20+00:00\" \/>\n<meta name=\"twitter:card\" content=\"summary_large_image\" \/>\n<script type=\"application\/ld+json\" class=\"yoast-schema-graph\">{\"@context\":\"https:\/\/schema.org\",\"@graph\":[{\"@type\":\"WebPage\",\"@id\":\"https:\/\/antoniuscaviar.com\/fr\/\",\"url\":\"https:\/\/antoniuscaviar.com\/fr\/\",\"name\":\"Homepage - Sklep \u2014 Antonius Caviar\",\"isPartOf\":{\"@id\":\"https:\/\/antoniuscaviar.com\/fr\/#website\"},\"datePublished\":\"2024-05-27T08:55:28+00:00\",\"dateModified\":\"2024-07-25T05:28:20+00:00\",\"breadcrumb\":{\"@id\":\"https:\/\/antoniuscaviar.com\/fr\/#breadcrumb\"},\"inLanguage\":\"fr-FR\",\"potentialAction\":[{\"@type\":\"ReadAction\",\"target\":[\"https:\/\/antoniuscaviar.com\/fr\/\"]}]},{\"@type\":\"BreadcrumbList\",\"@id\":\"https:\/\/antoniuscaviar.com\/fr\/#breadcrumb\",\"itemListElement\":[{\"@type\":\"ListItem\",\"position\":1,\"name\":\"Home\",\"item\":\"https:\/\/antoniuscaviar.com\/fr\/\"},{\"@type\":\"ListItem\",\"position\":2,\"name\":\"Homepage\"}]},{\"@type\":\"WebSite\",\"@id\":\"https:\/\/antoniuscaviar.com\/fr\/#website\",\"url\":\"https:\/\/antoniuscaviar.com\/fr\/\",\"name\":\"Sklep \u2014 Antonius Caviar\",\"description\":\"\",\"potentialAction\":[{\"@type\":\"SearchAction\",\"target\":{\"@type\":\"EntryPoint\",\"urlTemplate\":\"https:\/\/antoniuscaviar.com\/fr\/?s={search_term_string}\"},\"query-input\":\"required name=search_term_string\"}],\"inLanguage\":\"fr-FR\"}]}<\/script>\n<!-- \/ Yoast SEO plugin. -->","yoast_head_json":{"title":"Homepage - Sklep \u2014 Antonius Caviar","robots":{"index":"index","follow":"follow","max-snippet":"max-snippet:-1","max-image-preview":"max-image-preview:large","max-video-preview":"max-video-preview:-1"},"canonical":"https:\/\/antoniuscaviar.com\/fr\/","og_locale":"fr_FR","og_type":"article","og_title":"Homepage - Sklep \u2014 Antonius Caviar","og_url":"https:\/\/antoniuscaviar.com\/fr\/","og_site_name":"Sklep \u2014 Antonius Caviar","article_modified_time":"2024-07-25T05:28:20+00:00","twitter_card":"summary_large_image","schema":{"@context":"https:\/\/schema.org","@graph":[{"@type":"WebPage","@id":"https:\/\/antoniuscaviar.com\/fr\/","url":"https:\/\/antoniuscaviar.com\/fr\/","name":"Homepage - Sklep \u2014 Antonius Caviar","isPartOf":{"@id":"https:\/\/antoniuscaviar.com\/fr\/#website"},"datePublished":"2024-05-27T08:55:28+00:00","dateModified":"2024-07-25T05:28:20+00:00","breadcrumb":{"@id":"https:\/\/antoniuscaviar.com\/fr\/#breadcrumb"},"inLanguage":"fr-FR","potentialAction":[{"@type":"ReadAction","target":["https:\/\/antoniuscaviar.com\/fr\/"]}]},{"@type":"BreadcrumbList","@id":"https:\/\/antoniuscaviar.com\/fr\/#breadcrumb","itemListElement":[{"@type":"ListItem","position":1,"name":"Home","item":"https:\/\/antoniuscaviar.com\/fr\/"},{"@type":"ListItem","position":2,"name":"Homepage"}]},{"@type":"WebSite","@id":"https:\/\/antoniuscaviar.com\/fr\/#website","url":"https:\/\/antoniuscaviar.com\/fr\/","name":"Sklep \u2014 Antonius Caviar","description":"","potentialAction":[{"@type":"SearchAction","target":{"@type":"EntryPoint","urlTemplate":"https:\/\/antoniuscaviar.com\/fr\/?s={search_term_string}"},"query-input":"required name=search_term_string"}],"inLanguage":"fr-FR"}]}},"_links":{"self":[{"href":"https:\/\/antoniuscaviar.com\/fr\/wp-json\/wp\/v2\/pages\/16373"}],"collection":[{"href":"https:\/\/antoniuscaviar.com\/fr\/wp-json\/wp\/v2\/pages"}],"about":[{"href":"https:\/\/antoniuscaviar.com\/fr\/wp-json\/wp\/v2\/types\/page"}],"author":[{"embeddable":true,"href":"https:\/\/antoniuscaviar.com\/fr\/wp-json\/wp\/v2\/users\/284"}],"replies":[{"embeddable":true,"href":"https:\/\/antoniuscaviar.com\/fr\/wp-json\/wp\/v2\/comments?post=16373"}],"version-history":[{"count":41,"href":"https:\/\/antoniuscaviar.com\/fr\/wp-json\/wp\/v2\/pages\/16373\/revisions"}],"predecessor-version":[{"id":19450,"href":"https:\/\/antoniuscaviar.com\/fr\/wp-json\/wp\/v2\/pages\/16373\/revisions\/19450"}],"wp:attachment":[{"href":"https:\/\/antoniuscaviar.com\/fr\/wp-json\/wp\/v2\/media?parent=16373"}],"curies":[{"name":"wp","href":"https:\/\/api.w.org\/{rel}","templated":true}]}}