{"id":16433,"date":"2024-05-27T12:08:48","date_gmt":"2024-05-27T10:08:48","guid":{"rendered":"https:\/\/antoniuscaviar.com\/?page_id=16433"},"modified":"2024-12-23T15:16:26","modified_gmt":"2024-12-23T13:16:26","slug":"elevage","status":"publish","type":"page","link":"https:\/\/antoniuscaviar.com\/fr\/elevage\/","title":{"rendered":"\u00c9levage"},"content":{"rendered":"<div class=\"l-discover\">\n\t\t<div class=\"l-discover__resized-video js-resized-video-wrapper\">\n\t\t<span class=\"c-video-box__close js-video-close\">\n\t\t\t<svg width=\"32\" height=\"32\" viewBox=\"0 0 32 32\" xmlns=\"http:\/\/www.w3.org\/2000\/svg\">\n\t\t\t\t<path d=\"M4.93953 4.02002L4.01953 4.94002L15.0795 16L4.01953 27.06L4.93953 27.98L15.9995 16.92L27.0595 27.98L27.9795 27.06L16.9195 16L27.9795 4.94002L27.0595 4.02002L15.9995 15.08L4.93953 4.02002Z\"\/>\n\t\t\t<\/svg>\n\t\t<\/span>\n\t\t<div style=\"padding:56.25% 0 0 0;position:relative;\">\n\t\t\t<iframe class=\"js-resized-video l-discover__resized-video-iframe\" src=\"https:\/\/player.vimeo.com\/video\/776505902\" frameborder=\"0\" allow=\"autoplay; fullscreen; picture-in-picture\" allowfullscreen><\/iframe>\n\t\t<\/div>\n\t\t<script src=\"https:\/\/player.vimeo.com\/api\/player.js\"><\/script>\n\t<\/div>\n\t<div class=\"js-video-anim-trigger\">\n\t\t\t<nav class=\"l-discover__navigation\">\n\t\t<div class=\"l-inner\">\n\t\t\t<ul class=\"c-categories__list\">\n\t\t\t\t\t\t\t\t\t\t\t\t\t\t\t\t\t\t\t\t<li class=\"c-categories__list-item t-body-3 \" >\n\t\t\t\t\t\t\t<a href=\"https:\/\/antoniuscaviar.com\/fr\/a-propos-de-nous\/\" class=\"c-link c-link--border\">\u00c0 propos de nous<\/a>\n\t\t\t\t\t\t<\/li>\n\t\t\t\t\t\t\t\t\t\t\t\t\t\t\t\t\t\t\t\t\t\t\t\t\t<li class=\"c-categories__list-item t-body-3 \" >\n\t\t\t\t\t\t\t<a href=\"https:\/\/antoniuscaviar.com\/fr\/nos-valeurs\/\" class=\"c-link c-link--border\">Nos valeurs<\/a>\n\t\t\t\t\t\t<\/li>\n\t\t\t\t\t\t\t\t\t\t\t\t\t\t\t\t\t\t\t\t\t\t\t\t\t<li class=\"c-categories__list-item t-body-3  is-active\" >\n\t\t\t\t\t\t\t<a href=\"https:\/\/antoniuscaviar.com\/fr\/elevage\/\" class=\"c-link c-link--border\">\u00c9levage<\/a>\n\t\t\t\t\t\t<\/li>\n\t\t\t\t\t\t\t\t\t\t\t\t<\/ul>\n\t\t<\/div>\n\t<\/nav>\n\t\t<section class=\"l-spacing l-spacing--l\"><\/section>\n\t\t\t<section class=\"l-discover__section js-discover-heading-section\">\n\t\t<div class=\"l-inner\">\n\t\t\t<div class=\"c-discover__heading\">\n\t\t\t\t\t\t\t\t\t<h1 class=\"c-discover__heading-title t-headline-4 t-upper\">\n\t\t\t\t\t\tLA PERFECTION PREND SA SOURCE DANS L\u2019EAU DE ROCHE\t\t\t\t\t<\/h1>\n\t\t\t\t\t\t\t\t\t\t\t<\/div>\n\t\t<\/div>\n\t<\/section>\n\t\t<section class=\"l-spacing l-spacing--l\"><\/section>\n\t\t\t<section class=\"l-discover__section js-discover-video-section\">\n\t\t<div class=\"l-inner l-inner--fullwidth-mobile\">\n\t\t\t<div class=\"c-discover__video js-small-video-wrapper\">\n\t\t\t\t<span class=\"c-discover__video-icon\">\n\t\t\t\t\t\t\t\t\t\t\t<span class=\"c-button c-button--bordered-white\">\n\t\t\t\t\t\t\tRegardez le vid\u00e9o sur nous\t\t\t\t\t\t<\/span>\n\t\t\t\t\t\t\t\t\t<\/span>\n\t\t\t\t<div class=\"c-video-box\" style=\"background-image: url('https:\/\/antoniuscaviar.com\/wp-content\/uploads\/2022\/03\/hero.jpeg');\">\n\t\t\t\t\t<video class=\"c-video-box__video js-small-video\" poster=\"https:\/\/antoniuscaviar.com\/wp-content\/uploads\/2022\/03\/hero.jpeg\" autoplay muted loop playsinline data-keepplaying>\n\t\t\t\t\t\t<source src=\"https:\/\/antoniuscaviar.com\/wp-content\/uploads\/2022\/11\/teaser-2.mp4\" type=\"video\/mp4\">\n\t\t\t\t\t<\/video>\n\t\t\t\t<\/div>\n\t\t\t\t<img decoding=\"async\" src=\"https:\/\/antoniuscaviar.com\/wp-content\/uploads\/2022\/03\/hero.jpeg\" alt=\"\" class=\"c-discover__video-placeholder\">\n\t\t\t<\/div>\n\t\t<\/div>\n\t<\/section>\n\t<\/div>\n\t<section class=\"l-spacing l-spacing--l l-spacing--none-desktop\"><\/section>\n\n\t\t\t\t<section class=\"l-discover__section\">\n\t\t\t<div class=\"l-inner\">\n\t\t\t\t<div class=\"c-discover__image\">\n\t\t\t\t\t\t\t\t\t\t\t<p class=\"c-discover__image-text c-discover__image-text--alt c-discover__image-text--xl js-reveal-top\">\n\t\t\t\t\t\t\tDes eaux cristallines, une nature sauvage et intacte, un rythme de vie d\u00e9termin\u00e9 par les cycles de la nature. Nous croyons que la qualit\u00e9 de notre caviar est \u00e9troitement li\u00e9e au bien-\u00eatre de nos esturgeons.\t\t\t\t\t\t<\/p>\n\t\t\t\t\t\t\t\t\t\t\t\t\t\t\t\t<div class=\"c-discover__image-media c-discover__image-media--spacing-12 js-reveal-top\">\n\t\t\t\t\t\t\t<img decoding=\"async\" src=\"https:\/\/antoniuscaviar.com\/wp-content\/uploads\/2022\/03\/image-text-5.jpeg\" alt=\"\">\n\t\t\t\t\t\t<\/div>\n\t\t\t\t\t\t\t\t\t<\/div>\n\t\t\t<\/div>\n\t\t<\/section>\n\t\t<section class=\"l-spacing l-spacing--l l-spacing--none-desktop\"><\/section>\n\t\t\n\t\t\t\t<section class=\"l-discover__section\">\n\t\t\t<div class=\"l-inner\">\n\t\t\t\t<div class=\"c-discover__text c-discover__text--end js-reveal-top\">\n\t\t\t\t\t<p class=\"t-body-large\">\n\t\t\t\t\t\tDans le paysage idyllique de Varmie, de Cujavie et de Grande-Pologne se trouvent nos trois fermes piscicoles. Cach\u00e9es de la civilisation au milieu des prairies, des for\u00eats et des moraines glaciaires. Dans les zones Natura 2000. \u00c0 proximit\u00e9 de r\u00e9serves naturelles. Loin des villes et des gens.\t\t\t\t\t<\/p>\n\t\t\t\t<\/div>\n\t\t\t<\/div>\n\t\t<\/section>\n\t\t<section class=\"l-spacing l-spacing--l\"><\/section>\n\t\t\n\t\t\t\t<section class=\"l-discover__section\">\n\t\t\t<div class=\"l-inner\">\n\t\t\t\t<div class=\"c-discover__quote c-discover__quote--l js-reveal-top\">\n\t\t\t\t\t<p class=\"c-discover__quote-text\">\n\t\t\t\t\t\tC&rsquo;est ici que vivent nos esturgeons &#8211; notre fiert\u00e9, l&rsquo;objet de nos efforts et de nos pr\u00e9occupations.\t\t\t\t\t<\/p>\n\t\t\t\t<\/div>\n\t\t\t<\/div>\n\t\t<\/section>\n\t\t<section class=\"l-spacing l-spacing--l\"><\/section>\n\t\t\n\t\t\t\t<section class=\"l-discover__section\">\n\t\t\t<div class=\"l-inner\">\n\t\t\t\t<div class=\"c-discover__image c-discover__image--no-text js-reveal-top\">\n\t\t\t\t\t<div class=\"c-discover__image-media\">\n\t\t\t\t\t\t<img decoding=\"async\" src=\"https:\/\/antoniuscaviar.com\/wp-content\/uploads\/2022\/12\/MG_7690-1-e1669989293224.jpg\" alt=\"\">\n\t\t\t\t\t<\/div>\n\t\t\t\t<\/div>\n\t\t\t<\/div>\n\t\t<\/section>\n\t\t<section class=\"l-spacing l-spacing--l\"><\/section>\n\t\t\n\t\t\t\t<section class=\"l-discover__section\">\n\t\t\t<div class=\"l-inner\">\n\t\t\t\t<div class=\"c-discover__text c-discover__text--end js-reveal-top\">\n\t\t\t\t\t<p class=\"t-body-large\">\n\t\t\t\t\t\tNous les \u00e9levons dans les eaux claires des rivi\u00e8res voisines. Ils vivent en harmonie avec le rythme des saisons et se d\u00e9veloppent \u00e0 leur propre rythme &#8211; nous ne stimulons pas artificiellement leur croissance ni n&rsquo;acc\u00e9l\u00e9rons quoi que ce soit.\t\t\t\t\t<\/p>\n\t\t\t\t<\/div>\n\t\t\t<\/div>\n\t\t<\/section>\n\t\t<section class=\"l-spacing l-spacing--l\"><\/section>\n\t\t\n\t\t\t\t<section class=\"l-discover__section\">\n\t\t\t<div class=\"l-inner\">\n\t\t\t\t<figure class=\"c-simple-image js-reveal-top\">\n\t\t\t\t\t<img decoding=\"async\" src=\"https:\/\/antoniuscaviar.com\/wp-content\/uploads\/2022\/12\/MG_7634-1-1920x1050.jpg\" alt=\"\">\n\t\t\t\t<\/figure>\n\t\t\t<\/div>\n\t\t<\/section>\n\t\t<section class=\"l-spacing l-spacing--l\"><\/section>\n\t\t\n\t\t\t\t<section class=\"l-discover__section\">\n\t\t\t<div class=\"l-inner\">\n\t\t\t\t<div class=\"c-discover__heading js-reveal-top\">\n\t\t\t\t\t<h2 class=\"c-discover__heading-title t-headline-4 t-upper\">\n\t\t\t\t\t\tDouce tranquilit\u00e9\t\t\t\t\t<\/h2>\n\t\t\t\t<\/div>\n\t\t\t<\/div>\n\t\t<\/section>\n\t\t<section class=\"l-spacing l-spacing--l\"><\/section>\n\t\t\n\t\t\t\t<section class=\"l-discover__section\">\n\t\t\t<div class=\"l-inner l-inner--fullwidth-mobile\">\n\t\t\t\t<div class=\"c-discover__image c-discover__image--fullwidth\">\n\t\t\t\t\t\t\t\t\t\t\t<p class=\"c-discover__image-text c-discover__image-text--alt c-discover__image-text--xl js-reveal-top\">\n\t\t\t\t\t\t\tNous nourrissons nos poissons \u00e0 la main avec des aliments de qualit\u00e9 sup\u00e9rieure. Nous recr\u00e9ons dans les moindres d\u00e9tails les environnements dans lesquels les esturgeons vivent naturellement et en disposant de trois installations diff\u00e9rentes, nous sommes en mesure de fournir \u00e0 nos poissons exactement les conditions dont ils ont besoin \u00e0 un stade donn\u00e9 de leur vie.\t\t\t\t\t\t<\/p>\n\t\t\t\t\t\t\t\t\t\t\t\t\t\t\t\t<div class=\"c-discover__image-media c-discover__image-media--spacing-12 js-reveal-top\">\n\t\t\t\t\t\t\t<img decoding=\"async\" src=\"https:\/\/antoniuscaviar.com\/wp-content\/uploads\/2022\/03\/image-text-7.jpeg\" alt=\"\">\n\t\t\t\t\t\t<\/div>\n\t\t\t\t\t\t\t\t\t<\/div>\n\t\t\t<\/div>\n\t\t<\/section>\n\t\t<section class=\"l-spacing l-spacing--l l-spacing--none-desktop\"><\/section>\n\t\t\n\t\t\t\t<section class=\"l-discover__section\">\n\t\t\t<div class=\"l-inner\">\n\t\t\t\t<div class=\"c-discover__text c-discover__text--end js-reveal-top\">\n\t\t\t\t\t<p class=\"t-body-large\">\n\t\t\t\t\t\tL&rsquo;attention exceptionnelle port\u00e9e \u00e0 chaque d\u00e9tail, m\u00eame le plus petit, se refl\u00e8te dans la qualit\u00e9 du caviar. Ses perles sont fermes, souples, galb\u00e9es et brillantes. Sa texture est lisse et velout\u00e9e. Le go\u00fbt est net et distinctif.\t\t\t\t\t<\/p>\n\t\t\t\t<\/div>\n\t\t\t<\/div>\n\t\t<\/section>\n\t\t<section class=\"l-spacing l-spacing--l\"><\/section>\n\t\t\n\t\t\t\t<section class=\"l-discover__section\">\n\t\t\t<div class=\"l-inner\">\n\t\t\t\t<div class=\"c-discover__text js-reveal-top\">\n\t\t\t\t\t<p class=\"t-body-large\">\n\t\t\t\t\tCe go\u00fbt impeccable est d\u00fb aux eaux art\u00e9siennes pures et profondes. Dans celles-ci, nos esturgeons nagent au stade final de la reproduction. Gr\u00e2ce \u00e0 la temp\u00e9rature constante de ces eaux, nous pouvons produire du caviar presque en continu, tout au long de l&rsquo;ann\u00e9e, et nos clients peuvent savourer le go\u00fbt du caviar \u00e0 tout moment de l&rsquo;ann\u00e9e.\t\t\t\t\t<\/p>\n\t\t\t\t<\/div>\n\t\t\t<\/div>\n\t\t<\/section>\n\t\t<section class=\"l-spacing l-spacing--l\"><\/section>\n\t\t\n\t\t\t\t<section class=\"l-discover__section\">\n\t\t\t<div class=\"l-inner\">\n\t\t\t\t<div class=\"c-discover__heading js-reveal-top\">\n\t\t\t\t\t<h2 class=\"c-discover__heading-title t-headline-4 t-upper\">\n\t\t\t\t\t\tLA PERFECTION DANS CHAQUE ESP\u00c8CE\t\t\t\t\t<\/h2>\n\t\t\t\t<\/div>\n\t\t\t<\/div>\n\t\t<\/section>\n\t\t<section class=\"l-spacing l-spacing--l\"><\/section>\n\t\t\n\t\t\t\t<section class=\"l-discover__section\">\n\t\t\t<div class=\"l-inner l-inner--fullwidth-mobile\">\n\t\t\t\t<div class=\"c-discover__image c-discover__image--fullwidth\">\n\t\t\t\t\t\t\t\t\t\t\t<p class=\"c-discover__image-text c-discover__image-text--alt c-discover__image-text--l js-reveal-top\">\n\t\t\t\t\t\t\tDans nos fermes, nous \u00e9levons deux esp\u00e8ces d&rsquo;esturgeons : Acipenser gueldenstaedtii, \u00e0 partir duquel est fabriqu\u00e9 notre l\u00e9gendaire Oscietra, et Acipenser baerii, \u00e0 partir duquel nous obtenons notre  Siberian unique.\t\t\t\t\t\t<\/p>\n\t\t\t\t\t\t\t\t\t\t\t\t\t\t\t\t<div class=\"c-discover__image-media c-discover__image-media--spacing-12 js-reveal-top\">\n\t\t\t\t\t\t\t<img decoding=\"async\" src=\"https:\/\/antoniuscaviar.com\/wp-content\/uploads\/2022\/03\/image-text-8.jpeg\" alt=\"\">\n\t\t\t\t\t\t<\/div>\n\t\t\t\t\t\t\t\t\t<\/div>\n\t\t\t<\/div>\n\t\t<\/section>\n\t\t<section class=\"l-spacing l-spacing--l\"><\/section>\n\t\t\n\t\t\t\t<section class=\"l-discover__section\">\n\t\t\t<div class=\"l-inner\">\n\t\t\t\t<div class=\"c-discover__text js-reveal-top\">\n\t\t\t\t\t<p class=\"t-body-large\">\n\t\t\t\t\t\tChaque poisson fait l&rsquo;objet de nos soins constants et chaque param\u00e8tre de l&rsquo;\u00e9levage est contr\u00f4l\u00e9 24 heures sur 24 : de la composition et la quantit\u00e9 de nourriture \u00e0 la temp\u00e9rature de l&rsquo;air et de l&rsquo;eau en passant par des analyses microbiologiques, biochimiques et physico-chimiques d\u00e9taill\u00e9es de l&rsquo;ensemble de l&rsquo;\u00e9cosyst\u00e8me.<br \/>\r\n\t\t\t\t\t<\/p>\n\t\t\t\t<\/div>\n\t\t\t<\/div>\n\t\t<\/section>\n\t\t<section class=\"l-spacing l-spacing--l\"><\/section>\n\t\t\n\t\t<section class=\"l-discover__section l-discover__section--cta\">\n\t\t<div class=\"l-inner\">\n\t\t\t<div class=\"c-discover__cta js-reveal-top\">\n\t\t\t\t\t\t\t\t\t<p class=\"c-discover__cta-heading t-body-3\">\n\t\t\t\t\t\tD\u00e9couvrez plus\t\t\t\t\t<\/p>\n\t\t\t\t\t\t\t\t\t\t\t\t\t<a href=\"https:\/\/antoniuscaviar.com\/fr\/a-propos-de-nous\/\" class=\"c-discover__cta-link t-headline-4\"  >\n\t\t\t\t\t\t<div class=\"c-discover__cta-icon\">\n\t\t\t\t\t\t\t<svg width=\"24\" height=\"24\" viewBox=\"0 0 24 24\" xmlns=\"http:\/\/www.w3.org\/2000\/svg\">\n\t\t\t\t\t\t\t\t<path d=\"M6.71298 2.40548C6.71673 2.5311 6.76923 2.6511 6.8611 2.73923L16.1217 11.9999L6.8611 21.2605C6.76735 21.3505 6.71673 21.4742 6.71485 21.6036C6.71673 21.8005 6.83485 21.9749 7.01485 22.0499C7.19673 22.123 7.40298 22.0799 7.53985 21.9392L17.1399 12.3392C17.3274 12.1517 17.3274 11.848 17.1399 11.6605L7.53985 2.06048C7.40298 1.91798 7.1911 1.87485 7.00923 1.94985C6.82735 2.02673 6.70923 2.20673 6.71298 2.40548Z\" \/>\n\t\t\t\t\t\t\t<\/svg>\n\t\t\t\t\t\t<\/div>\n\t\t\t\t\t\t<p class=\"c-discover__cta-title\">\n\t\t\t\t\t\t\t\u00c0 PROPOS DE NOUS\t\t\t\t\t\t<\/p>\n\t\t\t\t\t<\/a>\n\t\t\t\t\t\t\t<\/div>\n\t\t<\/div>\n\t<\/section>\n\t<section class=\"l-spacing l-spacing--l\"><\/section>\n\t\t<section class=\"l-spacing l-spacing--l\"><\/section>\n<\/div>\n\n\n<section class=\"l-single-product-slider l-slider \">\n\t<div class=\"l-inner\">\n\t\t<div class=\"c-single-product-slider js-slider\" data-slider-type=\"singleProduct\">\n\t\t\t<ul class=\"c-single-product-slider__wrapper swiper-wrapper\">\n\t\t\t\t\t\t\t\t\t\t\t\t\t\t\t\t\t\t\t\t<li class=\"c-single-product-slider__slide swiper-slide\">\n\t\t\t\t\t\t\t<div class=\"c-single-product-box\">\n\t\t\t\t\t\t\t\t\t\t\t\t\t\t\t\t\t<div class=\"c-single-product-box__media\">\n\t\t\t\t\t\t\t\t\t\t<img decoding=\"async\" onClick='window.location.href = \"https:\/\/antoniuscaviar.com\/fr\/categorie-produit\/siberian-fr\/\"'\t\t\t\t\t\t\t\t\t\t src=\"https:\/\/antoniuscaviar.com\/wp-content\/uploads\/2022\/11\/can_siberian_6stars-288x288.png\" alt=\"\" \/>\n\t\t\t\t\t\t\t\t\t<\/div>\n\t\t\t\t\t\t\t\t\t\t\t\t\t\t\t\t<div class=\"c-single-product-box__content\">\n\t\t\t\t\t\t\t\t\t\t\t\t\t\t\t\t\t\t\t<h4 class=\"c-single-product-box__title t-headline-2\">\n\t\t\t\t\t\t\t\t\t\t\tSiberian caviar\t\t\t\t\t\t\t\t\t\t<\/h4>\n\t\t\t\t\t\t\t\t\t\t\t\t\t\t\t\t\t\t\t\t\t\t\t\t\t\t\t\t<p class=\"c-single-product-box__desc t-body-3\">\n\t\t\t\t\t\t\t\t\t\t\tLe caviar d&rsquo;esturgeons de l&rsquo;esp\u00e8ce Acipenser baerii (esturgeon de Sib\u00e9rie). Il se distingue par son go\u00fbt riche et complexe, avec une finale longue et prononc\u00e9e.\t\t\t\t\t\t\t\t\t\t<\/p>\n\t\t\t\t\t\t\t\t\t\t\t\t\t\t\t\t\t\t\t\t\t\t\t\t\t\t\t\t<div class=\"c-single-product-box__action\">\n\t\t\t\t\t\t\t\t\t\t\t\t\t\t\t\t\t\t\t\t\t\t\t\t\t\t\t\t\t\t\t\t\t\t\t\t\t\t\t\t\t\t\t\t\t\t\t\t\t\t\t\t\t\t\t\t\t\t\t\t\t\t<a href=\"https:\/\/antoniuscaviar.com\/fr\/boutique-en-ligne\/\" class=\"c-button c-button--bordered t-upper\" >BOUTIQUE<\/a>\n\t\t\t\t\t\t\t\t\t\t\t\t\t\t\t\t\t\t\t\t\t\t\t\t\t\t\t\t\t\t\t\t\t\t\t\t\t\t\t\t\t\t\t\t\t\t\t\t\t\t\t\t\t\t\t\t\t\t\t\t\t\t\t\t\t\t\t\t\t\t\t\t\t\t\t\t\t\t\t\t\t\t\t\t\t\t\t<a href=\"https:\/\/antoniuscaviar.com\/fr\/categorie-produit\/siberian-fr\/\" class=\"c-link t-upper\" >LIRE LA SUITE<\/a>\n\t\t\t\t\t\t\t\t\t\t\t\t\t\t\t\t\t\t\t\t\t\t\t\t\t\t\t\t\t\t\t\t\t\t\t\t\t\t\t\t\t\t\t\t\t\t<\/div>\n\t\t\t\t\t\t\t\t\t\t\t\t\t\t\t\t\t<\/div>\n\t\t\t\t\t\t\t<\/div>\n\t\t\t\t\t\t<\/li>\n\t\t\t\t\t\t\t\t\t\t\t\t\t\t\t\t\t\t\t\t\t\t\t\t\t<li class=\"c-single-product-slider__slide swiper-slide\">\n\t\t\t\t\t\t\t<div class=\"c-single-product-box\">\n\t\t\t\t\t\t\t\t\t\t\t\t\t\t\t\t\t<div class=\"c-single-product-box__media\">\n\t\t\t\t\t\t\t\t\t\t<img decoding=\"async\" onClick='window.location.href = \"https:\/\/antoniuscaviar.com\/fr\/categorie-produit\/oscietra-fr\/\"'\t\t\t\t\t\t\t\t\t\t src=\"https:\/\/antoniuscaviar.com\/wp-content\/uploads\/2022\/11\/can_oscietra_6stars-288x288.png\" alt=\"\" \/>\n\t\t\t\t\t\t\t\t\t<\/div>\n\t\t\t\t\t\t\t\t\t\t\t\t\t\t\t\t<div class=\"c-single-product-box__content\">\n\t\t\t\t\t\t\t\t\t\t\t\t\t\t\t\t\t\t\t<h4 class=\"c-single-product-box__title t-headline-2\">\n\t\t\t\t\t\t\t\t\t\t\tOscietra caviar\t\t\t\t\t\t\t\t\t\t<\/h4>\n\t\t\t\t\t\t\t\t\t\t\t\t\t\t\t\t\t\t\t\t\t\t\t\t\t\t\t\t<p class=\"c-single-product-box__desc t-body-3\">\n\t\t\t\t\t\t\t\t\t\t\tLe caviar d&rsquo;esturgeon de l&rsquo;esp\u00e8ce Acipenser gueldenstaedtii (esturgeon russe). Il est r\u00e9put\u00e9 pour son agr\u00e9able go\u00fbt de noisette, se terminant par une finale velout\u00e9e et beurr\u00e9e.\t\t\t\t\t\t\t\t\t\t<\/p>\n\t\t\t\t\t\t\t\t\t\t\t\t\t\t\t\t\t\t\t\t\t\t\t\t\t\t\t\t<div class=\"c-single-product-box__action\">\n\t\t\t\t\t\t\t\t\t\t\t\t\t\t\t\t\t\t\t\t\t\t\t\t\t\t\t\t\t\t\t\t\t\t\t\t\t\t\t\t\t\t\t\t\t\t\t\t\t\t\t\t\t\t\t\t\t\t\t\t\t\t<a href=\"https:\/\/antoniuscaviar.com\/fr\/boutique-en-ligne\/\" class=\"c-button c-button--bordered t-upper\" >BOUTIQUE<\/a>\n\t\t\t\t\t\t\t\t\t\t\t\t\t\t\t\t\t\t\t\t\t\t\t\t\t\t\t\t\t\t\t\t\t\t\t\t\t\t\t\t\t\t\t\t\t\t\t\t\t\t\t\t\t\t\t\t\t\t\t\t\t\t\t\t\t\t\t\t\t\t\t\t\t\t\t\t\t\t\t\t\t\t\t\t\t\t\t<a href=\"https:\/\/antoniuscaviar.com\/fr\/categorie-produit\/oscietra-fr\/\" class=\"c-link t-upper\" >LIRE LA SUITE<\/a>\n\t\t\t\t\t\t\t\t\t\t\t\t\t\t\t\t\t\t\t\t\t\t\t\t\t\t\t\t\t\t\t\t\t\t\t\t\t\t\t\t\t\t\t\t\t\t<\/div>\n\t\t\t\t\t\t\t\t\t\t\t\t\t\t\t\t\t<\/div>\n\t\t\t\t\t\t\t<\/div>\n\t\t\t\t\t\t<\/li>\n\t\t\t\t\t\t\t\t\t\t\t\t<\/ul>\n\t\t\t<div class=\"c-single-product-slider__actions\">\n\t\t\t\t<div class=\"c-single-product-slider__pagination js-slider-pagination\"><\/div>\n\t\t\t\t<nav class=\"c-single-product-slider__nav\">\n\t\t\t\t\t<div class=\"c-slider-nav\">\n\t\t\t\t\t\t<button class=\"c-slider-nav__button c-slider-nav__button--prev swiper-button-prev js-slider-prev-btn\">\n\t\t\t\t\t\t\t<span class=\"sr-only\">Previous slide><\/span>\n\t\t\t\t\t\t<\/button>\n\t\t\t\t\t\t<button class=\"c-slider-nav__button c-slider-nav__button--next swiper-button-next js-slider-next-btn\">\n\t\t\t\t\t\t\t<span class=\"sr-only\">Next slide><\/span>\n\t\t\t\t\t\t<\/button>\n\t\t\t\t\t<\/div>\n\t\t\t\t<\/nav>\n\t\t\t<\/div>\n\t\t<\/div>\n\t<\/div>\n<\/section>\n\n\n<section class=\"l-spacing l-spacing--l\"><\/section>\n","protected":false},"excerpt":{"rendered":"","protected":false},"author":284,"featured_media":0,"parent":0,"menu_order":0,"comment_status":"closed","ping_status":"closed","template":"","meta":{"inline_featured_image":false},"acf":[],"yoast_head":"<!-- This site is optimized with the Yoast SEO plugin v19.10 - https:\/\/yoast.com\/wordpress\/plugins\/seo\/ -->\n<title>\u00c9levage - Sklep \u2014 Antonius Caviar<\/title>\n<meta name=\"robots\" content=\"index, follow, max-snippet:-1, max-image-preview:large, max-video-preview:-1\" \/>\n<link rel=\"canonical\" href=\"https:\/\/antoniuscaviar.com\/fr\/elevage\/\" \/>\n<meta property=\"og:locale\" content=\"fr_FR\" \/>\n<meta property=\"og:type\" content=\"article\" \/>\n<meta property=\"og:title\" content=\"\u00c9levage - Sklep \u2014 Antonius Caviar\" \/>\n<meta property=\"og:url\" content=\"https:\/\/antoniuscaviar.com\/fr\/elevage\/\" \/>\n<meta property=\"og:site_name\" content=\"Sklep \u2014 Antonius Caviar\" \/>\n<meta property=\"article:modified_time\" content=\"2024-12-23T13:16:26+00:00\" \/>\n<meta name=\"twitter:card\" content=\"summary_large_image\" \/>\n<script type=\"application\/ld+json\" class=\"yoast-schema-graph\">{\"@context\":\"https:\/\/schema.org\",\"@graph\":[{\"@type\":\"WebPage\",\"@id\":\"https:\/\/antoniuscaviar.com\/fr\/elevage\/\",\"url\":\"https:\/\/antoniuscaviar.com\/fr\/elevage\/\",\"name\":\"\u00c9levage - Sklep \u2014 Antonius Caviar\",\"isPartOf\":{\"@id\":\"https:\/\/antoniuscaviar.com\/fr\/#website\"},\"datePublished\":\"2024-05-27T10:08:48+00:00\",\"dateModified\":\"2024-12-23T13:16:26+00:00\",\"breadcrumb\":{\"@id\":\"https:\/\/antoniuscaviar.com\/fr\/elevage\/#breadcrumb\"},\"inLanguage\":\"fr-FR\",\"potentialAction\":[{\"@type\":\"ReadAction\",\"target\":[\"https:\/\/antoniuscaviar.com\/fr\/elevage\/\"]}]},{\"@type\":\"BreadcrumbList\",\"@id\":\"https:\/\/antoniuscaviar.com\/fr\/elevage\/#breadcrumb\",\"itemListElement\":[{\"@type\":\"ListItem\",\"position\":1,\"name\":\"Home\",\"item\":\"https:\/\/antoniuscaviar.com\/fr\/\"},{\"@type\":\"ListItem\",\"position\":2,\"name\":\"\u00c9levage\"}]},{\"@type\":\"WebSite\",\"@id\":\"https:\/\/antoniuscaviar.com\/fr\/#website\",\"url\":\"https:\/\/antoniuscaviar.com\/fr\/\",\"name\":\"Sklep \u2014 Antonius Caviar\",\"description\":\"\",\"potentialAction\":[{\"@type\":\"SearchAction\",\"target\":{\"@type\":\"EntryPoint\",\"urlTemplate\":\"https:\/\/antoniuscaviar.com\/fr\/?s={search_term_string}\"},\"query-input\":\"required name=search_term_string\"}],\"inLanguage\":\"fr-FR\"}]}<\/script>\n<!-- \/ Yoast SEO plugin. -->","yoast_head_json":{"title":"\u00c9levage - Sklep \u2014 Antonius Caviar","robots":{"index":"index","follow":"follow","max-snippet":"max-snippet:-1","max-image-preview":"max-image-preview:large","max-video-preview":"max-video-preview:-1"},"canonical":"https:\/\/antoniuscaviar.com\/fr\/elevage\/","og_locale":"fr_FR","og_type":"article","og_title":"\u00c9levage - Sklep \u2014 Antonius Caviar","og_url":"https:\/\/antoniuscaviar.com\/fr\/elevage\/","og_site_name":"Sklep \u2014 Antonius Caviar","article_modified_time":"2024-12-23T13:16:26+00:00","twitter_card":"summary_large_image","schema":{"@context":"https:\/\/schema.org","@graph":[{"@type":"WebPage","@id":"https:\/\/antoniuscaviar.com\/fr\/elevage\/","url":"https:\/\/antoniuscaviar.com\/fr\/elevage\/","name":"\u00c9levage - Sklep \u2014 Antonius Caviar","isPartOf":{"@id":"https:\/\/antoniuscaviar.com\/fr\/#website"},"datePublished":"2024-05-27T10:08:48+00:00","dateModified":"2024-12-23T13:16:26+00:00","breadcrumb":{"@id":"https:\/\/antoniuscaviar.com\/fr\/elevage\/#breadcrumb"},"inLanguage":"fr-FR","potentialAction":[{"@type":"ReadAction","target":["https:\/\/antoniuscaviar.com\/fr\/elevage\/"]}]},{"@type":"BreadcrumbList","@id":"https:\/\/antoniuscaviar.com\/fr\/elevage\/#breadcrumb","itemListElement":[{"@type":"ListItem","position":1,"name":"Home","item":"https:\/\/antoniuscaviar.com\/fr\/"},{"@type":"ListItem","position":2,"name":"\u00c9levage"}]},{"@type":"WebSite","@id":"https:\/\/antoniuscaviar.com\/fr\/#website","url":"https:\/\/antoniuscaviar.com\/fr\/","name":"Sklep \u2014 Antonius Caviar","description":"","potentialAction":[{"@type":"SearchAction","target":{"@type":"EntryPoint","urlTemplate":"https:\/\/antoniuscaviar.com\/fr\/?s={search_term_string}"},"query-input":"required name=search_term_string"}],"inLanguage":"fr-FR"}]}},"_links":{"self":[{"href":"https:\/\/antoniuscaviar.com\/fr\/wp-json\/wp\/v2\/pages\/16433"}],"collection":[{"href":"https:\/\/antoniuscaviar.com\/fr\/wp-json\/wp\/v2\/pages"}],"about":[{"href":"https:\/\/antoniuscaviar.com\/fr\/wp-json\/wp\/v2\/types\/page"}],"author":[{"embeddable":true,"href":"https:\/\/antoniuscaviar.com\/fr\/wp-json\/wp\/v2\/users\/284"}],"replies":[{"embeddable":true,"href":"https:\/\/antoniuscaviar.com\/fr\/wp-json\/wp\/v2\/comments?post=16433"}],"version-history":[{"count":9,"href":"https:\/\/antoniuscaviar.com\/fr\/wp-json\/wp\/v2\/pages\/16433\/revisions"}],"predecessor-version":[{"id":20553,"href":"https:\/\/antoniuscaviar.com\/fr\/wp-json\/wp\/v2\/pages\/16433\/revisions\/20553"}],"wp:attachment":[{"href":"https:\/\/antoniuscaviar.com\/fr\/wp-json\/wp\/v2\/media?parent=16433"}],"curies":[{"name":"wp","href":"https:\/\/api.w.org\/{rel}","templated":true}]}}