{"id":16447,"date":"2024-05-27T12:22:49","date_gmt":"2024-05-27T10:22:49","guid":{"rendered":"https:\/\/antoniuscaviar.com\/?page_id=16447"},"modified":"2024-07-18T11:27:44","modified_gmt":"2024-07-18T09:27:44","slug":"politique-de-confidentialite-et-lavis-sur-le-traitement-des-donnees-personnelles","status":"publish","type":"page","link":"https:\/\/antoniuscaviar.com\/fr\/politique-de-confidentialite-et-lavis-sur-le-traitement-des-donnees-personnelles\/","title":{"rendered":"Politique de confidentialit\u00e9"},"content":{"rendered":"<div class=\"l-inner \">\n\t<div class=\"c-title-text\">\n\t\t\t\t\t\t\t<div class=\"c-title-text__content c-cms-content\">\n\t\t\t\t<h1 style=\"text-align: left\">Politique de confidentialit\u00e9 et l\u2019Avis sur le traitement des donn\u00e9es personnelles<\/h1>\n<p>&nbsp;<\/p>\n<h1>I. Fichiers cookies<\/h1>\n<ol>\n<li>Le site web www.antoniuscaviar.com, ci-apr\u00e8s d\u00e9nomm\u00e9 le \u00ab Site web \u00bb, utilise des cookies pour collecter des informations li\u00e9es \u00e0 l&rsquo;utilisation du Site web par l&rsquo;Utilisateur.<\/li>\n<li>Les cookies sont des fichiers texte stock\u00e9s par le navigateur web de l&rsquo;Utilisateur sur son ordinateur, permettant d&rsquo;identifier l&rsquo;Utilisateur et d&rsquo;enregistrer ses pr\u00e9f\u00e9rences en fonction de l&rsquo;historique des sites web visit\u00e9s. Les informations sont enregistr\u00e9es afin d&rsquo;adapter le Site web aux besoins individuels de l&rsquo;Utilisateur ainsi qu&rsquo;\u00e0 des fins publicitaires et statistiques.<\/li>\n<li>Dans le cadre du fonctionnement du Site web, son administrateur utilise les types de cookies suivants :\n<ol type=\"a\">\n<li>les cookies \u00ab essentiels \u00bb pour permettre l&rsquo;utilisation des services disponibles sur le Site web,<\/li>\n<li>les cookies de s\u00e9curit\u00e9,<\/li>\n<li>les cookies qui permettent de collecter des informations sur l&rsquo;utilisation du Site web :\n<ul>\n<li>des fichiers permettant l&rsquo;utilisation d&rsquo;outils de marketing tels que Google Ads, Facebook Custom Audiences\/ Facebook Pixel ou LinkedIn Insight Tag. Ces fichiers permettent, entre autres, de configurer, d&rsquo;adapter et d&rsquo;afficher des publicit\u00e9s en fonction du comportement ant\u00e9rieur sur le Site web. Ces outils sont \u00e9galement utilis\u00e9s pour collecter des donn\u00e9es analytiques et statistiques ;<\/li>\n<li>des plug-ins de m\u00e9dias sociaux, par exemple pour permettre d&rsquo;aimer notre page fan directement \u00e0 partir du Site web ;<\/li>\n<li>des fichiers pour l&rsquo;utilisation d&rsquo;outils analytiques, par exemple Google Analytics. Cet outil fournit, entre autres, des informations telles que le temps pass\u00e9 sur le Site web, les pages consult\u00e9es et les sources de trafic ;<\/li>\n<li>des fichiers permettant la lecture de vid\u00e9os, par exemple de YouTube. Ces fichiers sont charg\u00e9s lorsqu&rsquo;une vid\u00e9o est lue \u00e0 partir d&rsquo;un service sp\u00e9cifique (par exemple une recette de blog vid\u00e9o).<\/li>\n<\/ul>\n<\/li>\n<\/ol>\n<\/li>\n<li>Dans de nombreux cas, les navigateurs web autorisent par d\u00e9faut le stockage des cookies sur le terminal de l\u2019Utilisateur. Les utilisateurs du Site web peuvent modifier leurs param\u00e8tres de cookies \u00e0 tout moment. Ces param\u00e8tres peuvent \u00eatre modifi\u00e9s de mani\u00e8re \u00e0 bloquer le traitement automatique des cookies dans les param\u00e8tres du navigateur ou \u00e0 informer chaque fois qu&rsquo;ils sont enregistr\u00e9s sur le terminal de l&rsquo;utilisateur du Site web. Des informations d\u00e9taill\u00e9es sur la possibilit\u00e9 et les modes de traitement des cookies sont disponibles dans les param\u00e8tres de navigateur. Le fait de ne pas modifier les param\u00e8tres relatifs aux cookies signifie que ceux-ci seront enregistr\u00e9s sur le terminal de l&rsquo;Utilisateur et que des informations seront donc stock\u00e9es sur le terminal de l&rsquo;Utilisateur.<\/li>\n<\/ol>\n<p>&nbsp;<\/p>\n<h4>Instructions sur la fa\u00e7on de modifier vos param\u00e8tres de cookies<\/h4>\n<p>&nbsp;<\/p>\n<h5>Navigateur Mozilla Firefox<\/h5>\n<p>&nbsp;<\/p>\n<p>Dans le menu \u00ab Outils\u00bb , cliquer sur \u00ab Options \u00bb et s\u00e9lectionner l&rsquo;onglet \u00ab Confidentialit\u00e9 \u00bb. Le navigateur donne la possibilit\u00e9 de supprimer les cookies individuels de certains sites ou de bloquer compl\u00e8tement le suivi.<\/p>\n<p>&nbsp;<\/p>\n<h5>Navigateur Microsoft Internet Explorer<\/h5>\n<p>&nbsp;<\/p>\n<p>Dans le menu \u00ab Outils \u00bb cliquez sur \u00ab Options Internet \u00bb et s\u00e9lectionnez l&rsquo;onglet \u00ab Confidentialit\u00e9 \u00bb. Utiliser le curseur pour r\u00e9gler le niveau g\u00e9n\u00e9ral de confidentialit\u00e9 ou le bouton \u00ab Sites web \u00bb pour g\u00e9rer les param\u00e8tres de chaque site web.<\/p>\n<p>&nbsp;<\/p>\n<h5>Navigateur Google Chrome<\/h5>\n<p>&nbsp;<\/p>\n<p>Dans le coin sup\u00e9rieur droit, cliquer sur le menu (cach\u00e9 sous les trois tirets horizontaux), puis s\u00e9lectionner l&rsquo;onglet \u00ab Outils \u00bb et ensuite \u00ab Effacer les donn\u00e9es de navigation \u00bb. Le lien \u00ab Plus d&rsquo;informations \u00bb m\u00e8ne \u00e0 une description d\u00e9taill\u00e9e des fonctions de confidentialit\u00e9 du navigateur.<\/p>\n<p>&nbsp;<\/p>\n<h5>Navigateur Opera<\/h5>\n<p>&nbsp;<\/p>\n<p>Cliquez sur \u00ab Opera \u00bb dans le coin sup\u00e9rieur gauche, ouvrez le menu et s\u00e9lectionnez l&rsquo;onglet \u00ab Param\u00e8tres \u00bb. S\u00e9lectionnez ensuite l&rsquo;option \u00ab Effacer l&rsquo;historique de navigation&#8230; \u00bb. Le bouton \u00ab G\u00e9rer les cookies&#8230; \u00bb conduit \u00e0 des options avanc\u00e9es pour les diff\u00e9rents sites.<\/p>\n<p>&nbsp;<\/p>\n<h5>Navigateur Apple Safari<\/h5>\n<p>&nbsp;<\/p>\n<p>Dans le menu \u00ab Safari \u00bb, s\u00e9lectionnez l&rsquo;onglet \u00ab R\u00e9glages \u00bb, puis l&rsquo;onglet \u00ab Confidentialit\u00e9 \u00bb. Ici, vous pouvez sp\u00e9cifier vos options de cookies.<\/p>\n<p>&nbsp;<\/p>\n<h5>T\u00e9l\u00e9phones mobiles, tablettes et autres appareils mobiles<\/h5>\n<p>&nbsp;<\/p>\n<p>Les options relatives aux cookies sont d\u00e9finies diff\u00e9remment sur chaque mod\u00e8le de t\u00e9l\u00e9phone. Pour modifier les param\u00e8tres, reportez-vous \u00e0 la documentation de l&rsquo;appareil mobile concern\u00e9.<\/p>\n<p>&nbsp;<\/p>\n<h5>Google Analytics et Google Ads<\/h5>\n<p>&nbsp;<\/p>\n<p>Il est possible de r\u00e9voquer le consentement \u00e0 l&rsquo;utilisation par Google des cookies ou des identifiants d&rsquo;appareils mobiles sous \u00ab Param\u00e8tres des annonces \u00bb : <a href=\"https:\/\/adssettings.google.com\/authenticated\">https:\/\/adssettings.google.com\/authenticated<\/a>. Vous pouvez \u00e9galement installer un module compl\u00e9mentaire de navigateur pour bloquer Google Analytics : https:\/\/tools.google.com\/dlpage\/gaoptout. Pour retirer votre consentement \u00e0 l&rsquo;utilisation de cookies par de fournisseurs tiers, vous pouvez \u00e9galement utiliser la Network Advertising Initiative : <a href=\"http:\/\/optout.networkadvertising.org\/?c=1\">http:\/\/optout.networkadvertising.org\/?c=1<\/a>.<\/p>\n<p>&nbsp;<\/p>\n<h4>II. Profilage et remarketing<\/h4>\n<p>&nbsp;<\/p>\n<p>Le Site web est li\u00e9 \u00e0 des outils de marketing tels que Google Ads et Google Analytics. Ces outils collectent des informations (notamment par l&rsquo;utilisation de cookies) afin d&rsquo;identifier les comportements de l&rsquo;Utilisateur tels que le temps pass\u00e9 sur le Site web, la navigation vers une page particuli\u00e8re, la consultation de produits, la passation de commande ou l&rsquo;abandon de panier, etc. Ces cookies permettent ce que l&rsquo;on appelle le \u00ab profilage simple \u00bb qui est utilis\u00e9 pour afficher des publicit\u00e9s dans le cadre du remarketing &#8211; les Utilisateurs qui ont pr\u00e9c\u00e9demment visit\u00e9 le Site web verront nos publicit\u00e9s appara\u00eetre sur d&rsquo;autres sites, par exemple pour les encourager \u00e0 visiter \u00e0 nouveau le Site web. Google et d&rsquo;autres fournisseurs tiers peuvent afficher des publicit\u00e9s command\u00e9es par le propri\u00e9taire du Site web sur leurs sites web en mettant \u00e0 disposition leur espace publicitaire. Ils peuvent utiliser des cookies et d&rsquo;autres identifiants pour afficher des publicit\u00e9s \u00e0 la base des visites pr\u00e9c\u00e9dentes du Site web. L&rsquo;Utilisateur peut se retirer de l&rsquo;utilisation des cookies en suivant les instructions de la section pr\u00e9c\u00e9dente de cette page.<\/p>\n<p>L&rsquo;Utilisateur a le droit de s\u2019opposer au traitement de ses donn\u00e9es aux fins \u00e9nonc\u00e9es dans la pr\u00e9sente section. Dans ce cas, ses donn\u00e9es ne seront plus trait\u00e9es \u00e0 ces fins. Pour de plus amples informations sur la s\u00e9curit\u00e9 des donn\u00e9es dans Google Analytics et Google Ads : <a href=\"https:\/\/support.google.com\/analytics\/answer\/6004245\">https:\/\/support.google.com\/analytics\/answer\/6004245<\/a> et <a href=\"https:\/\/support.google.com\/adspolicy\/answer\/6020956?hl=pl\">https:\/\/support.google.com\/adspolicy\/answer\/6020956?hl=pl<\/a>.<\/p>\n<p>&nbsp;<\/p>\n<h4>III. Avis sur le traitement des donn\u00e9es personnelles<\/h4>\n<p>&nbsp;<\/p>\n<ol>\n<li>Le responsable du traitement de vos donn\u00e9es personnelles est la soci\u00e9t\u00e9 Gospodarstwo Rybackie \u00ab Gos\u0142awice \u00bb sp. z o.o. dont le si\u00e8ge social est situ\u00e9 \u00e0 Konin, ul. Rybacka 2, 62-510 Konin ; contact : t\u00e9l. +48 505 692 980 ; e-mail: <a href=\"mailto:contact@antoniuscaviar.com\">contact@antoniuscaviar.com<\/a>.<\/li>\n<li>La Soci\u00e9t\u00e9 traite les donn\u00e9es personnelles sur la base de l&rsquo;article 6, paragraphe 1, point b) du RGPD dans le cadre de l&rsquo;ex\u00e9cution d&rsquo;un contrat, et \u00e9galement sur la base de l&rsquo;article 6, paragraphe 1, point f) du RGPD, c&rsquo;est-\u00e0-dire que le traitement est n\u00e9cessaire \u00e0 des fins d\u00e9coulant des int\u00e9r\u00eats l\u00e9gitimes poursuivis par le responsable du traitement. L&rsquo;int\u00e9r\u00eat l\u00e9gitime vis\u00e9 \u00e0 la phrase pr\u00e9c\u00e9dente est l&rsquo;exercice des activit\u00e9s commerciales de la Soci\u00e9t\u00e9, notamment l&rsquo;offre de produits et de services, ainsi que la poursuite des revendications commerciales. Le traitement des donn\u00e9es apr\u00e8s la fin de la relation contractuelle sert \u00e9galement \u00e0 d&rsquo;autres objectifs commerciaux relatifs au marketing, \u00e0 l\u2019archivage, \u00e0 l\u2019analyse et aux statistiques. Les donn\u00e9es \u00e0 caract\u00e8re personnel peuvent \u00e9galement \u00eatre trait\u00e9es sur la base de l&rsquo;article 6, paragraphe 1, point c) du RGPD, dans la mesure o\u00f9 le traitement constitue l&rsquo;ex\u00e9cution d&rsquo;une obligation du responsable du traitement en vertu du droit g\u00e9n\u00e9ralement applicable, notamment la l\u00e9gislation fiscale.<\/li>\n<li>Aux fins \u00e9nonc\u00e9es ci-dessus, nous traitons vos donn\u00e9es personnelles comme suit : nom et pr\u00e9nom, adresse e-mail, num\u00e9ro de t\u00e9l\u00e9phone, adresse de r\u00e9sidence. Si vous passez une commande en tant qu\u2019 \u00ab entreprise \u00bb, les donn\u00e9es suivantes peuvent \u00e9galement \u00eatre trait\u00e9es : NIP (num\u00e9ro d&rsquo;identification fiscale), nom d\u2019entreprise, adresse professionnelle, adresse du si\u00e8ge social.<\/li>\n<li>Vos donn\u00e9es seront trait\u00e9es par la Soci\u00e9t\u00e9 pendant le temps n\u00e9cessaire \u00e0 la r\u00e9alisation des objectifs vis\u00e9s au paragraphe 2 ci-dessus. Les donn\u00e9es \u00e0 caract\u00e8re personnel peuvent \u00eatre trait\u00e9es plus longtemps si une telle obligation est impos\u00e9e au responsable du traitement par des dispositions imp\u00e9ratives du droit applicable, notamment le droit fiscal, du travail ou de la s\u00e9curit\u00e9 sociale.<\/li>\n<li>Vos donn\u00e9es peuvent \u00eatre transf\u00e9r\u00e9es \u00e0 des cat\u00e9gories de destinataires dans les domaines suivants :\n<ul>\n<li>traitement de paiements,<\/li>\n<li>comptabilit\u00e9 et respect des obligations impos\u00e9es par la r\u00e9glementation comptable,<\/li>\n<li>transfert dans le cadre de filiales au sens du code des soci\u00e9t\u00e9s commerciales polonais en vue de l&rsquo;exercice d&rsquo;activit\u00e9s commerciales (filiales : Gospodarstwo Rybackie Lubicz sp. z o. o. dont le si\u00e8ge social est situ\u00e9 \u00e0 Lubicz G\u00f3rny, inscrit au Registre des entrepreneurs du Registre judiciaire national sous le num\u00e9ro 179764 et Gospodarstwo Rybackie Olsztyn II sp. z o. o. dont le si\u00e8ge social est situ\u00e9 \u00e0 Ru\u015b, inscrit au Registre des entrepreneurs du Registre judiciaire national sous le num\u00e9ro 186171),<\/li>\n<li>maintenance des logiciels informatiques,<\/li>\n<li>services postaux, de courrier ou logistiques en rapport avec l&rsquo;ex\u00e9cution du contrat,<\/li>\n<li>campagnes de marketing.<\/li>\n<\/ul>\n<\/li>\n<li>Vos donn\u00e9es ne seront pas transf\u00e9r\u00e9es \u00e0 des destinataires situ\u00e9s en dehors de l&rsquo;Espace \u00e9conomique europ\u00e9en ou \u00e0 des organisations internationales.<\/li>\n<li>Vos donn\u00e9es ne seront pas utilis\u00e9es pour prendre des d\u00e9cisions fond\u00e9es uniquement sur un traitement automatis\u00e9, y compris le profilage, tel que vis\u00e9 \u00e0 l&rsquo;article 22 du RGPD.<\/li>\n<li>La fourniture des donn\u00e9es personnelles est volontaire, mais elle est \u00e9galement n\u00e9cessaire pour vous permettre d&rsquo;effectuer des achats dans la Boutique en ligne et pour le traitement correct de votre Commande. Si vous ne fournissez pas les donn\u00e9es requises, il ne sera pas possible d&rsquo;effectuer des achats dans la Boutique en ligne.<\/li>\n<li>Vos donn\u00e9es sont trait\u00e9es \u00e9lectroniquement (stock\u00e9es dans la base de donn\u00e9es de la Soci\u00e9t\u00e9) et sur papier.<\/li>\n<li>La Soci\u00e9t\u00e9 d\u00e9clare que les mesures organisationnelles et techniques qu&rsquo;elle utilise pour assurer la s\u00e9curit\u00e9 du traitement des donn\u00e9es personnelles sont conformes aux exigences \u00e9nonc\u00e9es dans le RGPD, en particulier aux dispositions de l&rsquo;article 32 du RGPD.<\/li>\n<li>En ce qui concerne le traitement de vos donn\u00e9es personnelles, nous vous informons que vous avez le droit de :\n<ul>\n<li>demander \u00e0 la Soci\u00e9t\u00e9 l&rsquo;acc\u00e8s aux donn\u00e9es personnelles et leur rectification (conform\u00e9ment aux articles 15 et 16 du RGPD),<\/li>\n<li>effacer ou limiter le traitement des donn\u00e9es personnelles (conform\u00e9ment aux articles 17 et 18 du RGPD),<\/li>\n<li>s&rsquo;opposer au traitement des donn\u00e9es personnelles (conform\u00e9ment \u00e0 l&rsquo;article 21 du RGPD),<\/li>\n<li>transmettre des donn\u00e9es personnelles (conform\u00e9ment \u00e0 l&rsquo;article 20 du RGPD),<\/li>\n<li>porter plainte aupr\u00e8s de l&rsquo;autorit\u00e9 de contr\u00f4le, qui est le pr\u00e9sident de l&rsquo;Office de protection des donn\u00e9es personnelles.<\/li>\n<\/ul>\n<\/li>\n<\/ol>\n\t\t\t<\/div>\n\t\t\t\t<section class=\"l-spacing l-spacing--l\"><\/section>\n\t<\/div>\n<\/div>\n","protected":false},"excerpt":{"rendered":"","protected":false},"author":284,"featured_media":0,"parent":0,"menu_order":0,"comment_status":"closed","ping_status":"closed","template":"","meta":{"inline_featured_image":false},"acf":[],"yoast_head":"<!-- This site is optimized with the Yoast SEO plugin v19.10 - https:\/\/yoast.com\/wordpress\/plugins\/seo\/ -->\n<title>Politique de confidentialit\u00e9 - Sklep \u2014 Antonius Caviar<\/title>\n<meta name=\"robots\" content=\"index, follow, max-snippet:-1, max-image-preview:large, max-video-preview:-1\" \/>\n<link rel=\"canonical\" href=\"https:\/\/antoniuscaviar.com\/fr\/politique-de-confidentialite-et-lavis-sur-le-traitement-des-donnees-personnelles\/\" \/>\n<meta property=\"og:locale\" content=\"fr_FR\" \/>\n<meta property=\"og:type\" content=\"article\" \/>\n<meta property=\"og:title\" content=\"Politique de confidentialit\u00e9 - Sklep \u2014 Antonius Caviar\" \/>\n<meta property=\"og:url\" content=\"https:\/\/antoniuscaviar.com\/fr\/politique-de-confidentialite-et-lavis-sur-le-traitement-des-donnees-personnelles\/\" \/>\n<meta property=\"og:site_name\" content=\"Sklep \u2014 Antonius Caviar\" \/>\n<meta property=\"article:modified_time\" content=\"2024-07-18T09:27:44+00:00\" \/>\n<meta name=\"twitter:card\" content=\"summary_large_image\" \/>\n<script type=\"application\/ld+json\" class=\"yoast-schema-graph\">{\"@context\":\"https:\/\/schema.org\",\"@graph\":[{\"@type\":\"WebPage\",\"@id\":\"https:\/\/antoniuscaviar.com\/fr\/politique-de-confidentialite-et-lavis-sur-le-traitement-des-donnees-personnelles\/\",\"url\":\"https:\/\/antoniuscaviar.com\/fr\/politique-de-confidentialite-et-lavis-sur-le-traitement-des-donnees-personnelles\/\",\"name\":\"Politique de confidentialit\u00e9 - Sklep \u2014 Antonius Caviar\",\"isPartOf\":{\"@id\":\"https:\/\/antoniuscaviar.com\/fr\/#website\"},\"datePublished\":\"2024-05-27T10:22:49+00:00\",\"dateModified\":\"2024-07-18T09:27:44+00:00\",\"breadcrumb\":{\"@id\":\"https:\/\/antoniuscaviar.com\/fr\/politique-de-confidentialite-et-lavis-sur-le-traitement-des-donnees-personnelles\/#breadcrumb\"},\"inLanguage\":\"fr-FR\",\"potentialAction\":[{\"@type\":\"ReadAction\",\"target\":[\"https:\/\/antoniuscaviar.com\/fr\/politique-de-confidentialite-et-lavis-sur-le-traitement-des-donnees-personnelles\/\"]}]},{\"@type\":\"BreadcrumbList\",\"@id\":\"https:\/\/antoniuscaviar.com\/fr\/politique-de-confidentialite-et-lavis-sur-le-traitement-des-donnees-personnelles\/#breadcrumb\",\"itemListElement\":[{\"@type\":\"ListItem\",\"position\":1,\"name\":\"Home\",\"item\":\"https:\/\/antoniuscaviar.com\/fr\/\"},{\"@type\":\"ListItem\",\"position\":2,\"name\":\"Politique de confidentialit\u00e9\"}]},{\"@type\":\"WebSite\",\"@id\":\"https:\/\/antoniuscaviar.com\/fr\/#website\",\"url\":\"https:\/\/antoniuscaviar.com\/fr\/\",\"name\":\"Sklep \u2014 Antonius Caviar\",\"description\":\"\",\"potentialAction\":[{\"@type\":\"SearchAction\",\"target\":{\"@type\":\"EntryPoint\",\"urlTemplate\":\"https:\/\/antoniuscaviar.com\/fr\/?s={search_term_string}\"},\"query-input\":\"required name=search_term_string\"}],\"inLanguage\":\"fr-FR\"}]}<\/script>\n<!-- \/ Yoast SEO plugin. -->","yoast_head_json":{"title":"Politique de confidentialit\u00e9 - Sklep \u2014 Antonius Caviar","robots":{"index":"index","follow":"follow","max-snippet":"max-snippet:-1","max-image-preview":"max-image-preview:large","max-video-preview":"max-video-preview:-1"},"canonical":"https:\/\/antoniuscaviar.com\/fr\/politique-de-confidentialite-et-lavis-sur-le-traitement-des-donnees-personnelles\/","og_locale":"fr_FR","og_type":"article","og_title":"Politique de confidentialit\u00e9 - Sklep \u2014 Antonius Caviar","og_url":"https:\/\/antoniuscaviar.com\/fr\/politique-de-confidentialite-et-lavis-sur-le-traitement-des-donnees-personnelles\/","og_site_name":"Sklep \u2014 Antonius Caviar","article_modified_time":"2024-07-18T09:27:44+00:00","twitter_card":"summary_large_image","schema":{"@context":"https:\/\/schema.org","@graph":[{"@type":"WebPage","@id":"https:\/\/antoniuscaviar.com\/fr\/politique-de-confidentialite-et-lavis-sur-le-traitement-des-donnees-personnelles\/","url":"https:\/\/antoniuscaviar.com\/fr\/politique-de-confidentialite-et-lavis-sur-le-traitement-des-donnees-personnelles\/","name":"Politique de confidentialit\u00e9 - Sklep \u2014 Antonius Caviar","isPartOf":{"@id":"https:\/\/antoniuscaviar.com\/fr\/#website"},"datePublished":"2024-05-27T10:22:49+00:00","dateModified":"2024-07-18T09:27:44+00:00","breadcrumb":{"@id":"https:\/\/antoniuscaviar.com\/fr\/politique-de-confidentialite-et-lavis-sur-le-traitement-des-donnees-personnelles\/#breadcrumb"},"inLanguage":"fr-FR","potentialAction":[{"@type":"ReadAction","target":["https:\/\/antoniuscaviar.com\/fr\/politique-de-confidentialite-et-lavis-sur-le-traitement-des-donnees-personnelles\/"]}]},{"@type":"BreadcrumbList","@id":"https:\/\/antoniuscaviar.com\/fr\/politique-de-confidentialite-et-lavis-sur-le-traitement-des-donnees-personnelles\/#breadcrumb","itemListElement":[{"@type":"ListItem","position":1,"name":"Home","item":"https:\/\/antoniuscaviar.com\/fr\/"},{"@type":"ListItem","position":2,"name":"Politique de confidentialit\u00e9"}]},{"@type":"WebSite","@id":"https:\/\/antoniuscaviar.com\/fr\/#website","url":"https:\/\/antoniuscaviar.com\/fr\/","name":"Sklep \u2014 Antonius Caviar","description":"","potentialAction":[{"@type":"SearchAction","target":{"@type":"EntryPoint","urlTemplate":"https:\/\/antoniuscaviar.com\/fr\/?s={search_term_string}"},"query-input":"required name=search_term_string"}],"inLanguage":"fr-FR"}]}},"_links":{"self":[{"href":"https:\/\/antoniuscaviar.com\/fr\/wp-json\/wp\/v2\/pages\/16447"}],"collection":[{"href":"https:\/\/antoniuscaviar.com\/fr\/wp-json\/wp\/v2\/pages"}],"about":[{"href":"https:\/\/antoniuscaviar.com\/fr\/wp-json\/wp\/v2\/types\/page"}],"author":[{"embeddable":true,"href":"https:\/\/antoniuscaviar.com\/fr\/wp-json\/wp\/v2\/users\/284"}],"replies":[{"embeddable":true,"href":"https:\/\/antoniuscaviar.com\/fr\/wp-json\/wp\/v2\/comments?post=16447"}],"version-history":[{"count":3,"href":"https:\/\/antoniuscaviar.com\/fr\/wp-json\/wp\/v2\/pages\/16447\/revisions"}],"predecessor-version":[{"id":18866,"href":"https:\/\/antoniuscaviar.com\/fr\/wp-json\/wp\/v2\/pages\/16447\/revisions\/18866"}],"wp:attachment":[{"href":"https:\/\/antoniuscaviar.com\/fr\/wp-json\/wp\/v2\/media?parent=16447"}],"curies":[{"name":"wp","href":"https:\/\/api.w.org\/{rel}","templated":true}]}}