{"id":16450,"date":"2024-05-27T12:23:50","date_gmt":"2024-05-27T10:23:50","guid":{"rendered":"https:\/\/antoniuscaviar.com\/?page_id=16450"},"modified":"2024-12-23T15:19:55","modified_gmt":"2024-12-23T13:19:55","slug":"cadeaux-pour-les-entreprises","status":"publish","type":"page","link":"https:\/\/antoniuscaviar.com\/fr\/cadeaux-pour-les-entreprises\/","title":{"rendered":"Cadeaux pour les entreprises"},"content":{"rendered":"<section class=\"l-spacing l-spacing--m\"><\/section>\n\n\n<div class=\"l-inner l-inner--fullwidth-mobile \">\n\t<div class=\"c-image-text \">\n\t\t\t\t\t<div class=\"c-image-text__media\">\n\t\t\t\t<img decoding=\"async\" src=\"https:\/\/antoniuscaviar.com\/wp-content\/uploads\/2022\/07\/wine-and-cavior.png\" alt=\"\" \/>\n\t\t\t<\/div>\n\t\t\t\t\t\t\t<div class=\"c-image-text__content c-cms-content\">\n\t\t\t\t<h1>Cadeaux pour les entreprises<\/h1>\n<h2>\u00cates-vous \u00e0 la recherche d&rsquo;un cadeau pour vos employ\u00e9s, partenaires commerciaux ou clients ?<\/h2>\n<p>Ils m\u00e9ritent d\u2019\u00eatre appr\u00e9ci\u00e9s d\u2019une fa\u00e7on remarquable. Ce r\u00e9gal l\u00e9gendaire sera parfait \u00e0 cette fin. Le produit sera id\u00e9al en solo ou en combinaison avec une bouteille d&rsquo;alcool de bonne qualit\u00e9 ou encore en faisant partie d&rsquo;un panier cadeau plus important. Consultez nos suggestions.<\/p>\n\t\t\t<\/div>\n\t\t\t<\/div>\n<\/div>\n\n\n<section class=\"l-spacing l-spacing--l\"><\/section>\n\n\n\n<div class=\"l-inner l-inner--fullwidth-mobile \">\n\t<div class=\"c-columns\">\n\t\t\t\t\t<div class=\"c-columns__column\">\n\t\t\t\t<div class=\"c-cms-content\">\n\t\t\t\t\t<h4>Bons cadeaux<\/h4>\n<p>Voici la solution la plus simple. Les bons sont disponibles dans une vari\u00e9t\u00e9 d&rsquo;options pour r\u00e9pondre \u00e0 des pr\u00e9f\u00e9rences et des budgets diff\u00e9rents.<\/p>\n<p>Vous pouvez les offrir \u00e0 tout moment ou les ajouter \u00e0 un autre cadeau. Le destinataire, quant \u00e0 lui, re\u00e7oit le produit \u00e0 sa convenance.<\/p>\n\t\t\t\t<\/div>\n\t\t\t<\/div>\n\t\t\t\t\t\t\t<div class=\"c-columns__column\">\n\t\t\t\t<div class=\"c-cms-content\">\n\t\t\t\t\t<h4>Caviar pour cadeau personnel<\/h4>\n<p>Vous organisez un \u00e9v\u00e9nement d&rsquo;entreprise, une conf\u00e9rence ou un gala ? Nous avons \u00e9galement des solutions d\u00e9di\u00e9es \u00e0 ce type d\u2019occasions. Des emballages sp\u00e9cialement con\u00e7us avec des p<span style=\"font-weight: 400;\">ains de glace<\/span> garantissent une temp\u00e9rature s\u00fbre lors de la remise d&rsquo;un cadeau et de son transport \u00e0 domicile.<\/p>\n\t\t\t\t<\/div>\n\t\t\t<\/div>\n\t\t\t<\/div>\n<\/div>\n\n\n<section class=\"l-spacing l-spacing--l\"><\/section>\n\n\n<div class=\"l-inner l-inner--fullwidth-mobile \">\n\t<div class=\"c-image-text c-image-text--reversed\">\n\t\t\t\t\t<div class=\"c-image-text__media\">\n\t\t\t\t<img decoding=\"async\" src=\"https:\/\/antoniuscaviar.com\/wp-content\/uploads\/2022\/07\/cavior-in-box.png\" alt=\"\" \/>\n\t\t\t<\/div>\n\t\t\t\t\t\t\t<div class=\"c-image-text__content c-cms-content\">\n\t\t\t\t<h2>Envois directs aux personnes d\u00e9sign\u00e9es<\/h2>\n<p>Nous pouvons livrer le produit par courrier directement \u00e0 vos employ\u00e9s, partenaires commerciaux ou clients.<\/p>\n\t\t\t<\/div>\n\t\t\t<\/div>\n<\/div>\n\n\n<section class=\"l-spacing l-spacing--l\"><\/section>\n\n\n\t<div class=\"c-image-info-box \" style=\"background-image: url('https:\/\/antoniuscaviar.com\/wp-content\/uploads\/2022\/07\/caviar-bon.jpg');\">\n\t\t<div class=\"l-inner c-image-info-box__inner\">\n\t\t\t<div class=\"c-image-info-box__wrapper\">\n\t\t\t\t\t\t\t\t\t<h3 class=\"c-image-info-box__head t-headline-3 t-headline-4-mobile\">Soyez g\u00e9n\u00e9reux envers ceux que vous appr\u00e9ciez.<\/h3>\n\t\t\t\t\t\t\t\t\t\t\t\t\t<p class=\"c-image-info-box__content t-body-3\">Soumettez une demande et nous vous aiderons \u00e0 choisir la meilleure solution.<\/p>\n\t\t\t\t\t\t\t\t\t\t\t\t\t<a href=\"https:\/\/antoniuscaviar.com\/fr\/contact\/\" class=\"c-link c-link--border c-link--border-light c-link--upper t-body-3\" target=\"_blank\">CONTACTEZ-NOUS<\/a>\n\t\t\t\t\t\t\t<\/div>\n\t\t<\/div>\n\t<\/div>\n","protected":false},"excerpt":{"rendered":"","protected":false},"author":284,"featured_media":0,"parent":0,"menu_order":0,"comment_status":"closed","ping_status":"closed","template":"","meta":{"inline_featured_image":false},"acf":[],"yoast_head":"<!-- This site is optimized with the Yoast SEO plugin v19.10 - https:\/\/yoast.com\/wordpress\/plugins\/seo\/ -->\n<title>Cadeaux pour les entreprises - Sklep \u2014 Antonius Caviar<\/title>\n<meta name=\"robots\" content=\"index, follow, max-snippet:-1, max-image-preview:large, max-video-preview:-1\" \/>\n<link rel=\"canonical\" href=\"https:\/\/antoniuscaviar.com\/fr\/cadeaux-pour-les-entreprises\/\" \/>\n<meta property=\"og:locale\" content=\"fr_FR\" \/>\n<meta property=\"og:type\" content=\"article\" \/>\n<meta property=\"og:title\" content=\"Cadeaux pour les entreprises - Sklep \u2014 Antonius Caviar\" \/>\n<meta property=\"og:url\" content=\"https:\/\/antoniuscaviar.com\/fr\/cadeaux-pour-les-entreprises\/\" \/>\n<meta property=\"og:site_name\" content=\"Sklep \u2014 Antonius Caviar\" \/>\n<meta property=\"article:modified_time\" content=\"2024-12-23T13:19:55+00:00\" \/>\n<meta name=\"twitter:card\" content=\"summary_large_image\" \/>\n<script type=\"application\/ld+json\" class=\"yoast-schema-graph\">{\"@context\":\"https:\/\/schema.org\",\"@graph\":[{\"@type\":\"WebPage\",\"@id\":\"https:\/\/antoniuscaviar.com\/fr\/cadeaux-pour-les-entreprises\/\",\"url\":\"https:\/\/antoniuscaviar.com\/fr\/cadeaux-pour-les-entreprises\/\",\"name\":\"Cadeaux pour les entreprises - Sklep \u2014 Antonius Caviar\",\"isPartOf\":{\"@id\":\"https:\/\/antoniuscaviar.com\/fr\/#website\"},\"datePublished\":\"2024-05-27T10:23:50+00:00\",\"dateModified\":\"2024-12-23T13:19:55+00:00\",\"breadcrumb\":{\"@id\":\"https:\/\/antoniuscaviar.com\/fr\/cadeaux-pour-les-entreprises\/#breadcrumb\"},\"inLanguage\":\"fr-FR\",\"potentialAction\":[{\"@type\":\"ReadAction\",\"target\":[\"https:\/\/antoniuscaviar.com\/fr\/cadeaux-pour-les-entreprises\/\"]}]},{\"@type\":\"BreadcrumbList\",\"@id\":\"https:\/\/antoniuscaviar.com\/fr\/cadeaux-pour-les-entreprises\/#breadcrumb\",\"itemListElement\":[{\"@type\":\"ListItem\",\"position\":1,\"name\":\"Home\",\"item\":\"https:\/\/antoniuscaviar.com\/fr\/\"},{\"@type\":\"ListItem\",\"position\":2,\"name\":\"Cadeaux pour les entreprises\"}]},{\"@type\":\"WebSite\",\"@id\":\"https:\/\/antoniuscaviar.com\/fr\/#website\",\"url\":\"https:\/\/antoniuscaviar.com\/fr\/\",\"name\":\"Sklep \u2014 Antonius Caviar\",\"description\":\"\",\"potentialAction\":[{\"@type\":\"SearchAction\",\"target\":{\"@type\":\"EntryPoint\",\"urlTemplate\":\"https:\/\/antoniuscaviar.com\/fr\/?s={search_term_string}\"},\"query-input\":\"required name=search_term_string\"}],\"inLanguage\":\"fr-FR\"}]}<\/script>\n<!-- \/ Yoast SEO plugin. -->","yoast_head_json":{"title":"Cadeaux pour les entreprises - Sklep \u2014 Antonius Caviar","robots":{"index":"index","follow":"follow","max-snippet":"max-snippet:-1","max-image-preview":"max-image-preview:large","max-video-preview":"max-video-preview:-1"},"canonical":"https:\/\/antoniuscaviar.com\/fr\/cadeaux-pour-les-entreprises\/","og_locale":"fr_FR","og_type":"article","og_title":"Cadeaux pour les entreprises - Sklep \u2014 Antonius Caviar","og_url":"https:\/\/antoniuscaviar.com\/fr\/cadeaux-pour-les-entreprises\/","og_site_name":"Sklep \u2014 Antonius Caviar","article_modified_time":"2024-12-23T13:19:55+00:00","twitter_card":"summary_large_image","schema":{"@context":"https:\/\/schema.org","@graph":[{"@type":"WebPage","@id":"https:\/\/antoniuscaviar.com\/fr\/cadeaux-pour-les-entreprises\/","url":"https:\/\/antoniuscaviar.com\/fr\/cadeaux-pour-les-entreprises\/","name":"Cadeaux pour les entreprises - Sklep \u2014 Antonius Caviar","isPartOf":{"@id":"https:\/\/antoniuscaviar.com\/fr\/#website"},"datePublished":"2024-05-27T10:23:50+00:00","dateModified":"2024-12-23T13:19:55+00:00","breadcrumb":{"@id":"https:\/\/antoniuscaviar.com\/fr\/cadeaux-pour-les-entreprises\/#breadcrumb"},"inLanguage":"fr-FR","potentialAction":[{"@type":"ReadAction","target":["https:\/\/antoniuscaviar.com\/fr\/cadeaux-pour-les-entreprises\/"]}]},{"@type":"BreadcrumbList","@id":"https:\/\/antoniuscaviar.com\/fr\/cadeaux-pour-les-entreprises\/#breadcrumb","itemListElement":[{"@type":"ListItem","position":1,"name":"Home","item":"https:\/\/antoniuscaviar.com\/fr\/"},{"@type":"ListItem","position":2,"name":"Cadeaux pour les entreprises"}]},{"@type":"WebSite","@id":"https:\/\/antoniuscaviar.com\/fr\/#website","url":"https:\/\/antoniuscaviar.com\/fr\/","name":"Sklep \u2014 Antonius Caviar","description":"","potentialAction":[{"@type":"SearchAction","target":{"@type":"EntryPoint","urlTemplate":"https:\/\/antoniuscaviar.com\/fr\/?s={search_term_string}"},"query-input":"required name=search_term_string"}],"inLanguage":"fr-FR"}]}},"_links":{"self":[{"href":"https:\/\/antoniuscaviar.com\/fr\/wp-json\/wp\/v2\/pages\/16450"}],"collection":[{"href":"https:\/\/antoniuscaviar.com\/fr\/wp-json\/wp\/v2\/pages"}],"about":[{"href":"https:\/\/antoniuscaviar.com\/fr\/wp-json\/wp\/v2\/types\/page"}],"author":[{"embeddable":true,"href":"https:\/\/antoniuscaviar.com\/fr\/wp-json\/wp\/v2\/users\/284"}],"replies":[{"embeddable":true,"href":"https:\/\/antoniuscaviar.com\/fr\/wp-json\/wp\/v2\/comments?post=16450"}],"version-history":[{"count":6,"href":"https:\/\/antoniuscaviar.com\/fr\/wp-json\/wp\/v2\/pages\/16450\/revisions"}],"predecessor-version":[{"id":20557,"href":"https:\/\/antoniuscaviar.com\/fr\/wp-json\/wp\/v2\/pages\/16450\/revisions\/20557"}],"wp:attachment":[{"href":"https:\/\/antoniuscaviar.com\/fr\/wp-json\/wp\/v2\/media?parent=16450"}],"curies":[{"name":"wp","href":"https:\/\/api.w.org\/{rel}","templated":true}]}}