{"id":16457,"date":"2024-05-27T12:28:27","date_gmt":"2024-05-27T10:28:27","guid":{"rendered":"https:\/\/antoniuscaviar.com\/?page_id=16457"},"modified":"2024-07-17T13:03:09","modified_gmt":"2024-07-17T11:03:09","slug":"restaurants","status":"publish","type":"page","link":"https:\/\/antoniuscaviar.com\/fr\/restaurants\/","title":{"rendered":"Restaurants"},"content":{"rendered":"<section class=\"l-spacing l-spacing--m\"><\/section>\n\n\n<div class=\"l-inner l-inner--fullwidth-mobile \">\n\t<div class=\"c-image-text \">\n\t\t\t\t\t<div class=\"c-image-text__media\">\n\t\t\t\t<img decoding=\"async\" src=\"https:\/\/antoniuscaviar.com\/wp-content\/uploads\/2022\/03\/restaurants-media-1.png\" alt=\"\" \/>\n\t\t\t<\/div>\n\t\t\t\t\t\t\t<div class=\"c-image-text__content c-cms-content\">\n\t\t\t\t<h1>Restaurants<\/h1>\n<h2>Notre caviar est appr\u00e9ci\u00e9 des plus grands chefs et servi sur les tables des meilleurs restaurants du monde entier.<\/h2>\n<p>Il s&rsquo;agit d&rsquo;un produit exclusivement frais, non pasteuris\u00e9, emball\u00e9 sous vide dans des bo\u00eetes raffin\u00e9es. Il est produit de mani\u00e8re artisanale uniquement \u00e0 partir d&rsquo;esturgeons provenant de nos propres \u00e9levages. Il ravit par son go\u00fbt excellent, net et plein qui se distingue des produits pasteuris\u00e9s ou de ceux reconditionn\u00e9s \u00e0 partir de bo\u00eetes plus grandes qui contiennent souvent des \u0153ufs de plusieurs poissons diff\u00e9rents.<\/p>\n<p>Aux menus des restaurants, Antonius Caviar s&rsquo;impose aussi bien en accompagnement des plats vedettes, qu&rsquo;en tant que menu d\u00e9gustation ind\u00e9pendant.<\/p>\n\t\t\t<\/div>\n\t\t\t<\/div>\n<\/div>\n\n\n<section class=\"l-spacing l-spacing--xl\"><\/section>\n\n\n<div class=\"l-inner \">\n\t<div class=\"c-offer-listing\">\n\t\t\t\t\t<h2 class=\"c-offer-listing__heading t-headline-3 t-headline-4-desktop\">\n\t\t\t\tQue proposons-nous ?\t\t\t<\/h2>\n\t\t\t\t\t\t\t<ul class=\"c-offer-listing__list g-row\">\n\t\t\t\t\t\t\t\t\t\t\t\t\t\t<li class=\"c-offer-listing__item g-col-12 g-col-mobile-6 g-col-tablet-4\">\n\t\t\t\t\t\t<div class=\"c-offer-listing__item-wrapper\">\n\t\t\t\t\t\t\t\t\t\t\t\t\t\t\t<h3 class=\"c-offer-listing__item-title t-headline-5 t-headline-4-desktop\">\n\t\t\t\t\t\t\t\t\tFormations professionnelles\t\t\t\t\t\t\t\t<\/h3>\n\t\t\t\t\t\t\t\t\t\t\t\t\t\t\t\t\t\t\t\t\t\t<p class=\"c-offer-listing__item-desc t-body-3\">\n\t\t\t\t\t\t\t\t\tPour vous et toute votre l&rsquo;\u00e9quipe. Nous vous ferons d\u00e9couvrir le monde passionnant du caviar.\t\t\t\t\t\t\t\t<\/p>\n\t\t\t\t\t\t\t\t\t\t\t\t\t<\/div>\n\t\t\t\t\t<\/li>\n\t\t\t\t\t\t\t\t\t\t\t\t\t\t<li class=\"c-offer-listing__item g-col-12 g-col-mobile-6 g-col-tablet-4\">\n\t\t\t\t\t\t<div class=\"c-offer-listing__item-wrapper\">\n\t\t\t\t\t\t\t\t\t\t\t\t\t\t\t<h3 class=\"c-offer-listing__item-title t-headline-5 t-headline-4-desktop\">\n\t\t\t\t\t\t\t\t\tD\u00e9gustations individuelles\t\t\t\t\t\t\t\t<\/h3>\n\t\t\t\t\t\t\t\t\t\t\t\t\t\t\t\t\t\t\t\t\t\t<p class=\"c-offer-listing__item-desc t-body-3\">\n\t\t\t\t\t\t\t\t\tPour vous et vos invit\u00e9s. Des moments pleins d&rsquo;histoires et de magie avec le caviar.\t\t\t\t\t\t\t\t<\/p>\n\t\t\t\t\t\t\t\t\t\t\t\t\t<\/div>\n\t\t\t\t\t<\/li>\n\t\t\t\t\t\t\t\t\t\t\t\t\t\t<li class=\"c-offer-listing__item g-col-12 g-col-mobile-6 g-col-tablet-4\">\n\t\t\t\t\t\t<div class=\"c-offer-listing__item-wrapper\">\n\t\t\t\t\t\t\t\t\t\t\t\t\t\t\t<h3 class=\"c-offer-listing__item-title t-headline-5 t-headline-4-desktop\">\n\t\t\t\t\t\t\t\t\tVisites des fermes\t\t\t\t\t\t\t\t<\/h3>\n\t\t\t\t\t\t\t\t\t\t\t\t\t\t\t\t\t\t\t\t\t\t<p class=\"c-offer-listing__item-desc t-body-3\">\n\t\t\t\t\t\t\t\t\tVoyez comment nous travaillons et d\u00e9couvrez notre approche de la production de caviar.\t\t\t\t\t\t\t\t<\/p>\n\t\t\t\t\t\t\t\t\t\t\t\t\t<\/div>\n\t\t\t\t\t<\/li>\n\t\t\t\t\t\t\t\t\t\t\t\t\t\t<li class=\"c-offer-listing__item g-col-12 g-col-mobile-6 g-col-tablet-4\">\n\t\t\t\t\t\t<div class=\"c-offer-listing__item-wrapper\">\n\t\t\t\t\t\t\t\t\t\t\t\t\t\t\t<h3 class=\"c-offer-listing__item-title t-headline-5 t-headline-4-desktop\">\n\t\t\t\t\t\t\t\t\tAcc\u00e8s aux photos et aux vid\u00e9os\t\t\t\t\t\t\t\t<\/h3>\n\t\t\t\t\t\t\t\t\t\t\t\t\t\t\t\t\t\t\t\t\t\t<p class=\"c-offer-listing__item-desc t-body-3\">\n\t\t\t\t\t\t\t\t\tSupports visuels de haute qualit\u00e9 \u00e0 votre disposition.\t\t\t\t\t\t\t\t<\/p>\n\t\t\t\t\t\t\t\t\t\t\t\t\t<\/div>\n\t\t\t\t\t<\/li>\n\t\t\t\t\t\t\t\t\t\t\t\t\t\t<li class=\"c-offer-listing__item g-col-12 g-col-mobile-6 g-col-tablet-4\">\n\t\t\t\t\t\t<div class=\"c-offer-listing__item-wrapper\">\n\t\t\t\t\t\t\t\t\t\t\t\t\t\t\t<h3 class=\"c-offer-listing__item-title t-headline-5 t-headline-4-desktop\">\n\t\t\t\t\t\t\t\t\tOffres sp\u00e9ciales et assistance\t\t\t\t\t\t\t\t<\/h3>\n\t\t\t\t\t\t\t\t\t\t\t\t\t\t\t\t\t\t\t\t\t\t<p class=\"c-offer-listing__item-desc t-body-3\">\n\t\t\t\t\t\t\t\t\tNous proposons des offres sp\u00e9ciales et assurons un soutien continu \u00e0 nos partenaires\t\t\t\t\t\t\t\t<\/p>\n\t\t\t\t\t\t\t\t\t\t\t\t\t<\/div>\n\t\t\t\t\t<\/li>\n\t\t\t\t\t\t\t<\/ul>\n\t\t\t<\/div>\n<\/div>\n\n\n<section class=\"l-spacing l-spacing--xl\"><\/section>\n\n\n\t<div class=\"c-image-info-box \" style=\"background-image: url('https:\/\/antoniuscaviar.com\/wp-content\/uploads\/2022\/08\/background-1920x933.jpg');\">\n\t\t<div class=\"l-inner c-image-info-box__inner\">\n\t\t\t<div class=\"c-image-info-box__wrapper\">\n\t\t\t\t\t\t\t\t\t<h3 class=\"c-image-info-box__head t-headline-3 t-headline-4-mobile\">Laissez appara\u00eetre le caviar \u00e0 la carte de votre restaurant <\/h3>\n\t\t\t\t\t\t\t\t\t\t\t\t\t<p class=\"c-image-info-box__content t-body-3\">D\u00e9couvrez notre offre d\u00e9di\u00e9e aux restaurateurs.<\/p>\n\t\t\t\t\t\t\t\t\t\t\t\t\t<a href=\"https:\/\/antoniuscaviar.com\/fr\/contact\/\" class=\"c-link c-link--border c-link--border-light c-link--upper t-body-3\" >CONTACTEZ-NOUS<\/a>\n\t\t\t\t\t\t\t<\/div>\n\t\t<\/div>\n\t<\/div>\n","protected":false},"excerpt":{"rendered":"","protected":false},"author":284,"featured_media":0,"parent":0,"menu_order":0,"comment_status":"closed","ping_status":"closed","template":"","meta":{"inline_featured_image":false},"acf":[],"yoast_head":"<!-- This site is optimized with the Yoast SEO plugin v19.10 - https:\/\/yoast.com\/wordpress\/plugins\/seo\/ -->\n<title>Restaurants - Sklep \u2014 Antonius Caviar<\/title>\n<meta name=\"robots\" content=\"index, follow, max-snippet:-1, max-image-preview:large, max-video-preview:-1\" \/>\n<link rel=\"canonical\" href=\"https:\/\/antoniuscaviar.com\/fr\/restaurants\/\" \/>\n<meta property=\"og:locale\" content=\"fr_FR\" \/>\n<meta property=\"og:type\" content=\"article\" \/>\n<meta property=\"og:title\" content=\"Restaurants - Sklep \u2014 Antonius Caviar\" \/>\n<meta property=\"og:url\" content=\"https:\/\/antoniuscaviar.com\/fr\/restaurants\/\" \/>\n<meta property=\"og:site_name\" content=\"Sklep \u2014 Antonius Caviar\" \/>\n<meta property=\"article:modified_time\" content=\"2024-07-17T11:03:09+00:00\" \/>\n<meta name=\"twitter:card\" content=\"summary_large_image\" \/>\n<script type=\"application\/ld+json\" class=\"yoast-schema-graph\">{\"@context\":\"https:\/\/schema.org\",\"@graph\":[{\"@type\":\"WebPage\",\"@id\":\"https:\/\/antoniuscaviar.com\/fr\/restaurants\/\",\"url\":\"https:\/\/antoniuscaviar.com\/fr\/restaurants\/\",\"name\":\"Restaurants - Sklep \u2014 Antonius Caviar\",\"isPartOf\":{\"@id\":\"https:\/\/antoniuscaviar.com\/fr\/#website\"},\"datePublished\":\"2024-05-27T10:28:27+00:00\",\"dateModified\":\"2024-07-17T11:03:09+00:00\",\"breadcrumb\":{\"@id\":\"https:\/\/antoniuscaviar.com\/fr\/restaurants\/#breadcrumb\"},\"inLanguage\":\"fr-FR\",\"potentialAction\":[{\"@type\":\"ReadAction\",\"target\":[\"https:\/\/antoniuscaviar.com\/fr\/restaurants\/\"]}]},{\"@type\":\"BreadcrumbList\",\"@id\":\"https:\/\/antoniuscaviar.com\/fr\/restaurants\/#breadcrumb\",\"itemListElement\":[{\"@type\":\"ListItem\",\"position\":1,\"name\":\"Home\",\"item\":\"https:\/\/antoniuscaviar.com\/fr\/\"},{\"@type\":\"ListItem\",\"position\":2,\"name\":\"Restaurants\"}]},{\"@type\":\"WebSite\",\"@id\":\"https:\/\/antoniuscaviar.com\/fr\/#website\",\"url\":\"https:\/\/antoniuscaviar.com\/fr\/\",\"name\":\"Sklep \u2014 Antonius Caviar\",\"description\":\"\",\"potentialAction\":[{\"@type\":\"SearchAction\",\"target\":{\"@type\":\"EntryPoint\",\"urlTemplate\":\"https:\/\/antoniuscaviar.com\/fr\/?s={search_term_string}\"},\"query-input\":\"required name=search_term_string\"}],\"inLanguage\":\"fr-FR\"}]}<\/script>\n<!-- \/ Yoast SEO plugin. -->","yoast_head_json":{"title":"Restaurants - Sklep \u2014 Antonius Caviar","robots":{"index":"index","follow":"follow","max-snippet":"max-snippet:-1","max-image-preview":"max-image-preview:large","max-video-preview":"max-video-preview:-1"},"canonical":"https:\/\/antoniuscaviar.com\/fr\/restaurants\/","og_locale":"fr_FR","og_type":"article","og_title":"Restaurants - Sklep \u2014 Antonius Caviar","og_url":"https:\/\/antoniuscaviar.com\/fr\/restaurants\/","og_site_name":"Sklep \u2014 Antonius Caviar","article_modified_time":"2024-07-17T11:03:09+00:00","twitter_card":"summary_large_image","schema":{"@context":"https:\/\/schema.org","@graph":[{"@type":"WebPage","@id":"https:\/\/antoniuscaviar.com\/fr\/restaurants\/","url":"https:\/\/antoniuscaviar.com\/fr\/restaurants\/","name":"Restaurants - Sklep \u2014 Antonius Caviar","isPartOf":{"@id":"https:\/\/antoniuscaviar.com\/fr\/#website"},"datePublished":"2024-05-27T10:28:27+00:00","dateModified":"2024-07-17T11:03:09+00:00","breadcrumb":{"@id":"https:\/\/antoniuscaviar.com\/fr\/restaurants\/#breadcrumb"},"inLanguage":"fr-FR","potentialAction":[{"@type":"ReadAction","target":["https:\/\/antoniuscaviar.com\/fr\/restaurants\/"]}]},{"@type":"BreadcrumbList","@id":"https:\/\/antoniuscaviar.com\/fr\/restaurants\/#breadcrumb","itemListElement":[{"@type":"ListItem","position":1,"name":"Home","item":"https:\/\/antoniuscaviar.com\/fr\/"},{"@type":"ListItem","position":2,"name":"Restaurants"}]},{"@type":"WebSite","@id":"https:\/\/antoniuscaviar.com\/fr\/#website","url":"https:\/\/antoniuscaviar.com\/fr\/","name":"Sklep \u2014 Antonius Caviar","description":"","potentialAction":[{"@type":"SearchAction","target":{"@type":"EntryPoint","urlTemplate":"https:\/\/antoniuscaviar.com\/fr\/?s={search_term_string}"},"query-input":"required name=search_term_string"}],"inLanguage":"fr-FR"}]}},"_links":{"self":[{"href":"https:\/\/antoniuscaviar.com\/fr\/wp-json\/wp\/v2\/pages\/16457"}],"collection":[{"href":"https:\/\/antoniuscaviar.com\/fr\/wp-json\/wp\/v2\/pages"}],"about":[{"href":"https:\/\/antoniuscaviar.com\/fr\/wp-json\/wp\/v2\/types\/page"}],"author":[{"embeddable":true,"href":"https:\/\/antoniuscaviar.com\/fr\/wp-json\/wp\/v2\/users\/284"}],"replies":[{"embeddable":true,"href":"https:\/\/antoniuscaviar.com\/fr\/wp-json\/wp\/v2\/comments?post=16457"}],"version-history":[{"count":7,"href":"https:\/\/antoniuscaviar.com\/fr\/wp-json\/wp\/v2\/pages\/16457\/revisions"}],"predecessor-version":[{"id":18822,"href":"https:\/\/antoniuscaviar.com\/fr\/wp-json\/wp\/v2\/pages\/16457\/revisions\/18822"}],"wp:attachment":[{"href":"https:\/\/antoniuscaviar.com\/fr\/wp-json\/wp\/v2\/media?parent=16457"}],"curies":[{"name":"wp","href":"https:\/\/api.w.org\/{rel}","templated":true}]}}