{"id":16400,"date":"2016-08-31T10:05:33","date_gmt":"2016-08-31T08:05:33","guid":{"rendered":"https:\/\/antoniuscaviar.com\/product\/caviar-antonius-premium\/"},"modified":"2024-06-12T11:59:36","modified_gmt":"2024-06-12T09:59:36","slug":"caviar-antonius-premium","status":"publish","type":"product","link":"https:\/\/antoniuscaviar.com\/fr\/produit\/caviar-antonius-premium\/","title":{"rendered":"Caviar Antonius Premium"},"content":{"rendered":"<p><strong>2 x Siberian 6*<\/strong><\/p>\n<p>&nbsp;<\/p>\n<p>Une perle parmi les caviars. La vari\u00e9t\u00e9 la plus noble de notre Siberian avec les plus grandes perles parmi tous les Siberians (plus de 2,7 mm de diam\u00e8tre) dans un coffret double.<\/p>\n<p>&nbsp;<\/p>\n<p>Bo\u00eetes de caviar plac\u00e9es dans un \u00e9l\u00e9gant coffret noir sur un coussin d\u2019\u00e9ponge floqu\u00e9e.<\/p>\n<p>Une \u00e9l\u00e9gante cuill\u00e8re en nacre naturelle inclue.<\/p>\n<p>&nbsp;<\/p>\n<p>Le coffret comprend :<\/p>\n<p>2 x Siberian 6*<\/p>\n<p>cuill\u00e8re en nacre<\/p>\n<p>coffret \u00e9l\u00e9gant<\/p>\n<p>&nbsp;<\/p>\n<p>Disponible en option : 2 x 30 g ou 2 x 50 g.<\/p>\n","protected":false},"excerpt":{"rendered":"<p>Double Siberian 6*<br \/>\navec une cuill\u00e8re en nacre.<\/p>\n","protected":false},"featured_media":20779,"comment_status":"closed","ping_status":"closed","template":"","meta":{"inline_featured_image":false},"product_cat":[299],"product_tag":[],"acf":[],"yoast_head":"<!-- This site is optimized with the Yoast SEO plugin v19.10 - https:\/\/yoast.com\/wordpress\/plugins\/seo\/ -->\n<title>Caviar Antonius Premium - Sklep \u2014 Antonius Caviar<\/title>\n<meta name=\"robots\" content=\"index, follow, max-snippet:-1, max-image-preview:large, max-video-preview:-1\" \/>\n<link rel=\"canonical\" href=\"https:\/\/antoniuscaviar.com\/fr\/produit\/caviar-antonius-premium\/\" \/>\n<meta property=\"og:locale\" content=\"fr_FR\" \/>\n<meta property=\"og:type\" content=\"article\" \/>\n<meta property=\"og:title\" content=\"Caviar Antonius Premium - Sklep \u2014 Antonius Caviar\" \/>\n<meta property=\"og:description\" content=\"Double Siberian 6* avec une cuill\u00e8re en nacre.\" \/>\n<meta property=\"og:url\" content=\"https:\/\/antoniuscaviar.com\/fr\/produit\/caviar-antonius-premium\/\" \/>\n<meta property=\"og:site_name\" content=\"Sklep \u2014 Antonius Caviar\" \/>\n<meta property=\"article:modified_time\" content=\"2024-06-12T09:59:36+00:00\" \/>\n<meta property=\"og:image\" content=\"https:\/\/antoniuscaviar.com\/wp-content\/uploads\/2016\/08\/set_03.png\" \/>\n\t<meta property=\"og:image:width\" content=\"1712\" \/>\n\t<meta property=\"og:image:height\" content=\"1712\" \/>\n\t<meta property=\"og:image:type\" content=\"image\/png\" \/>\n<meta name=\"twitter:card\" content=\"summary_large_image\" \/>\n<meta name=\"twitter:label1\" content=\"Est. reading time\" \/>\n\t<meta name=\"twitter:data1\" content=\"1 minute\" \/>\n<script type=\"application\/ld+json\" class=\"yoast-schema-graph\">{\"@context\":\"https:\/\/schema.org\",\"@graph\":[{\"@type\":\"WebPage\",\"@id\":\"https:\/\/antoniuscaviar.com\/fr\/produit\/caviar-antonius-premium\/\",\"url\":\"https:\/\/antoniuscaviar.com\/fr\/produit\/caviar-antonius-premium\/\",\"name\":\"Caviar Antonius Premium - Sklep \u2014 Antonius Caviar\",\"isPartOf\":{\"@id\":\"https:\/\/antoniuscaviar.com\/fr\/#website\"},\"datePublished\":\"2016-08-31T08:05:33+00:00\",\"dateModified\":\"2024-06-12T09:59:36+00:00\",\"breadcrumb\":{\"@id\":\"https:\/\/antoniuscaviar.com\/fr\/produit\/caviar-antonius-premium\/#breadcrumb\"},\"inLanguage\":\"fr-FR\",\"potentialAction\":[{\"@type\":\"ReadAction\",\"target\":[\"https:\/\/antoniuscaviar.com\/fr\/produit\/caviar-antonius-premium\/\"]}]},{\"@type\":\"BreadcrumbList\",\"@id\":\"https:\/\/antoniuscaviar.com\/fr\/produit\/caviar-antonius-premium\/#breadcrumb\",\"itemListElement\":[{\"@type\":\"ListItem\",\"position\":1,\"name\":\"Home\",\"item\":\"https:\/\/antoniuscaviar.com\/fr\/\"},{\"@type\":\"ListItem\",\"position\":2,\"name\":\"Boutique en ligne\",\"item\":\"https:\/\/antoniuscaviar.com\/fr\/boutique-en-ligne\/\"},{\"@type\":\"ListItem\",\"position\":3,\"name\":\"Caviar Antonius Premium\"}]},{\"@type\":\"WebSite\",\"@id\":\"https:\/\/antoniuscaviar.com\/fr\/#website\",\"url\":\"https:\/\/antoniuscaviar.com\/fr\/\",\"name\":\"Sklep \u2014 Antonius Caviar\",\"description\":\"\",\"potentialAction\":[{\"@type\":\"SearchAction\",\"target\":{\"@type\":\"EntryPoint\",\"urlTemplate\":\"https:\/\/antoniuscaviar.com\/fr\/?s={search_term_string}\"},\"query-input\":\"required name=search_term_string\"}],\"inLanguage\":\"fr-FR\"}]}<\/script>\n<!-- \/ Yoast SEO plugin. -->","yoast_head_json":{"title":"Caviar Antonius Premium - Sklep \u2014 Antonius Caviar","robots":{"index":"index","follow":"follow","max-snippet":"max-snippet:-1","max-image-preview":"max-image-preview:large","max-video-preview":"max-video-preview:-1"},"canonical":"https:\/\/antoniuscaviar.com\/fr\/produit\/caviar-antonius-premium\/","og_locale":"fr_FR","og_type":"article","og_title":"Caviar Antonius Premium - Sklep \u2014 Antonius Caviar","og_description":"Double Siberian 6* avec une cuill\u00e8re en nacre.","og_url":"https:\/\/antoniuscaviar.com\/fr\/produit\/caviar-antonius-premium\/","og_site_name":"Sklep \u2014 Antonius Caviar","article_modified_time":"2024-06-12T09:59:36+00:00","og_image":[{"width":1712,"height":1712,"url":"https:\/\/antoniuscaviar.com\/wp-content\/uploads\/2016\/08\/set_03.png","type":"image\/png"}],"twitter_card":"summary_large_image","twitter_misc":{"Est. reading time":"1 minute"},"schema":{"@context":"https:\/\/schema.org","@graph":[{"@type":"WebPage","@id":"https:\/\/antoniuscaviar.com\/fr\/produit\/caviar-antonius-premium\/","url":"https:\/\/antoniuscaviar.com\/fr\/produit\/caviar-antonius-premium\/","name":"Caviar Antonius Premium - Sklep \u2014 Antonius Caviar","isPartOf":{"@id":"https:\/\/antoniuscaviar.com\/fr\/#website"},"datePublished":"2016-08-31T08:05:33+00:00","dateModified":"2024-06-12T09:59:36+00:00","breadcrumb":{"@id":"https:\/\/antoniuscaviar.com\/fr\/produit\/caviar-antonius-premium\/#breadcrumb"},"inLanguage":"fr-FR","potentialAction":[{"@type":"ReadAction","target":["https:\/\/antoniuscaviar.com\/fr\/produit\/caviar-antonius-premium\/"]}]},{"@type":"BreadcrumbList","@id":"https:\/\/antoniuscaviar.com\/fr\/produit\/caviar-antonius-premium\/#breadcrumb","itemListElement":[{"@type":"ListItem","position":1,"name":"Home","item":"https:\/\/antoniuscaviar.com\/fr\/"},{"@type":"ListItem","position":2,"name":"Boutique en ligne","item":"https:\/\/antoniuscaviar.com\/fr\/boutique-en-ligne\/"},{"@type":"ListItem","position":3,"name":"Caviar Antonius Premium"}]},{"@type":"WebSite","@id":"https:\/\/antoniuscaviar.com\/fr\/#website","url":"https:\/\/antoniuscaviar.com\/fr\/","name":"Sklep \u2014 Antonius Caviar","description":"","potentialAction":[{"@type":"SearchAction","target":{"@type":"EntryPoint","urlTemplate":"https:\/\/antoniuscaviar.com\/fr\/?s={search_term_string}"},"query-input":"required name=search_term_string"}],"inLanguage":"fr-FR"}]}},"_links":{"self":[{"href":"https:\/\/antoniuscaviar.com\/fr\/wp-json\/wp\/v2\/product\/16400"}],"collection":[{"href":"https:\/\/antoniuscaviar.com\/fr\/wp-json\/wp\/v2\/product"}],"about":[{"href":"https:\/\/antoniuscaviar.com\/fr\/wp-json\/wp\/v2\/types\/product"}],"replies":[{"embeddable":true,"href":"https:\/\/antoniuscaviar.com\/fr\/wp-json\/wp\/v2\/comments?post=16400"}],"wp:featuredmedia":[{"embeddable":true,"href":"https:\/\/antoniuscaviar.com\/fr\/wp-json\/wp\/v2\/media\/20779"}],"wp:attachment":[{"href":"https:\/\/antoniuscaviar.com\/fr\/wp-json\/wp\/v2\/media?parent=16400"}],"wp:term":[{"taxonomy":"product_cat","embeddable":true,"href":"https:\/\/antoniuscaviar.com\/fr\/wp-json\/wp\/v2\/product_cat?post=16400"},{"taxonomy":"product_tag","embeddable":true,"href":"https:\/\/antoniuscaviar.com\/fr\/wp-json\/wp\/v2\/product_tag?post=16400"}],"curies":[{"name":"wp","href":"https:\/\/api.w.org\/{rel}","templated":true}]}}