{"id":16414,"date":"2015-12-05T10:44:46","date_gmt":"2015-12-05T08:44:46","guid":{"rendered":"https:\/\/antoniuscaviar.com\/product\/siberian-caviar-4\/"},"modified":"2025-04-01T13:48:07","modified_gmt":"2025-04-01T11:48:07","slug":"siberian-caviar-4","status":"publish","type":"product","link":"https:\/\/antoniuscaviar.com\/fr\/produit\/siberian-caviar-4\/","title":{"rendered":"Siberian Caviar 4*"},"content":{"rendered":"<p>Le Siberian est consid\u00e9r\u00e9 comme l&rsquo;un des meilleurs caviars au monde. Il est d\u00e9riv\u00e9 de l&rsquo;esp\u00e8ce d&rsquo;esturgeon Acipenser baerii (esturgeon de Sib\u00e9rie). Ses perles se caract\u00e9risent par un go\u00fbt intense, complexe et frais, avec une finale nette et prononc\u00e9e qui reste longtemps en bouche. Il pr\u00e9sente des notes \u00e9pic\u00e9es et bois\u00e9es, \u00e9quilibr\u00e9es par une l\u00e9g\u00e8re salinit\u00e9.<\/p>\n<p>&nbsp;<\/p>\n<p>Les sensations gustatives sont uniques gr\u00e2ce \u00e0 la combinaison de la fra\u00eecheur, de l&rsquo;intensit\u00e9 et de la profondeur. Il se distingue par une consistance agr\u00e9able, sa texture est velout\u00e9e et lisse, ses perles souples et brillantes.<\/p>\n<p>&nbsp;<\/p>\n<p>Notre Siberian 4 \u00e9toiles a les perles les plus petites de tous nos caviars de ce type. Les perles ont un diam\u00e8tre de 2,4 \u00e0 2,6 mm et les couleurs oscillent entre le noir, le gris et les nuances de brun.<\/p>\n<p>&nbsp;<\/p>\n<p>Il est pr\u00e9par\u00e9 selon la m\u00e9thode traditionnelle \u00ab Malossol \u00bb, c&rsquo;est-\u00e0-dire avec l&rsquo;ajout d&rsquo;une petite quantit\u00e9 de sel.<\/p>\n","protected":false},"excerpt":{"rendered":"<p>diam\u00e8tre d&rsquo;\u0153uf de 2,4 \u00e0 2,6 mm<\/p>\n","protected":false},"featured_media":15631,"comment_status":"closed","ping_status":"closed","template":"","meta":{"inline_featured_image":false},"product_cat":[297],"product_tag":[],"acf":[],"yoast_head":"<!-- This site is optimized with the Yoast SEO plugin v19.10 - https:\/\/yoast.com\/wordpress\/plugins\/seo\/ -->\n<title>Siberian Caviar 4* - Sklep \u2014 Antonius Caviar<\/title>\n<meta name=\"robots\" content=\"index, follow, max-snippet:-1, max-image-preview:large, max-video-preview:-1\" \/>\n<link rel=\"canonical\" href=\"https:\/\/antoniuscaviar.com\/fr\/produit\/siberian-caviar-4\/\" \/>\n<meta property=\"og:locale\" content=\"fr_FR\" \/>\n<meta property=\"og:type\" content=\"article\" \/>\n<meta property=\"og:title\" content=\"Siberian Caviar 4* - Sklep \u2014 Antonius Caviar\" \/>\n<meta property=\"og:description\" content=\"diam\u00e8tre d&#039;\u0153uf de 2,4 \u00e0 2,6 mm\" \/>\n<meta property=\"og:url\" content=\"https:\/\/antoniuscaviar.com\/fr\/produit\/siberian-caviar-4\/\" \/>\n<meta property=\"og:site_name\" content=\"Sklep \u2014 Antonius Caviar\" \/>\n<meta property=\"article:modified_time\" content=\"2025-04-01T11:48:07+00:00\" \/>\n<meta property=\"og:image\" content=\"https:\/\/antoniuscaviar.com\/wp-content\/uploads\/2015\/12\/can_siberian_4stars-1024x1024.png\" \/>\n\t<meta property=\"og:image:width\" content=\"1024\" \/>\n\t<meta property=\"og:image:height\" content=\"1024\" \/>\n\t<meta property=\"og:image:type\" content=\"image\/png\" \/>\n<meta name=\"twitter:card\" content=\"summary_large_image\" \/>\n<meta name=\"twitter:label1\" content=\"Est. reading time\" \/>\n\t<meta name=\"twitter:data1\" content=\"1 minute\" \/>\n<script type=\"application\/ld+json\" class=\"yoast-schema-graph\">{\"@context\":\"https:\/\/schema.org\",\"@graph\":[{\"@type\":\"WebPage\",\"@id\":\"https:\/\/antoniuscaviar.com\/fr\/produit\/siberian-caviar-4\/\",\"url\":\"https:\/\/antoniuscaviar.com\/fr\/produit\/siberian-caviar-4\/\",\"name\":\"Siberian Caviar 4* - Sklep \u2014 Antonius Caviar\",\"isPartOf\":{\"@id\":\"https:\/\/antoniuscaviar.com\/fr\/#website\"},\"datePublished\":\"2015-12-05T08:44:46+00:00\",\"dateModified\":\"2025-04-01T11:48:07+00:00\",\"breadcrumb\":{\"@id\":\"https:\/\/antoniuscaviar.com\/fr\/produit\/siberian-caviar-4\/#breadcrumb\"},\"inLanguage\":\"fr-FR\",\"potentialAction\":[{\"@type\":\"ReadAction\",\"target\":[\"https:\/\/antoniuscaviar.com\/fr\/produit\/siberian-caviar-4\/\"]}]},{\"@type\":\"BreadcrumbList\",\"@id\":\"https:\/\/antoniuscaviar.com\/fr\/produit\/siberian-caviar-4\/#breadcrumb\",\"itemListElement\":[{\"@type\":\"ListItem\",\"position\":1,\"name\":\"Home\",\"item\":\"https:\/\/antoniuscaviar.com\/fr\/\"},{\"@type\":\"ListItem\",\"position\":2,\"name\":\"Boutique en ligne\",\"item\":\"https:\/\/antoniuscaviar.com\/fr\/boutique-en-ligne\/\"},{\"@type\":\"ListItem\",\"position\":3,\"name\":\"Siberian Caviar 4*\"}]},{\"@type\":\"WebSite\",\"@id\":\"https:\/\/antoniuscaviar.com\/fr\/#website\",\"url\":\"https:\/\/antoniuscaviar.com\/fr\/\",\"name\":\"Sklep \u2014 Antonius Caviar\",\"description\":\"\",\"potentialAction\":[{\"@type\":\"SearchAction\",\"target\":{\"@type\":\"EntryPoint\",\"urlTemplate\":\"https:\/\/antoniuscaviar.com\/fr\/?s={search_term_string}\"},\"query-input\":\"required name=search_term_string\"}],\"inLanguage\":\"fr-FR\"}]}<\/script>\n<!-- \/ Yoast SEO plugin. -->","yoast_head_json":{"title":"Siberian Caviar 4* - Sklep \u2014 Antonius Caviar","robots":{"index":"index","follow":"follow","max-snippet":"max-snippet:-1","max-image-preview":"max-image-preview:large","max-video-preview":"max-video-preview:-1"},"canonical":"https:\/\/antoniuscaviar.com\/fr\/produit\/siberian-caviar-4\/","og_locale":"fr_FR","og_type":"article","og_title":"Siberian Caviar 4* - Sklep \u2014 Antonius Caviar","og_description":"diam\u00e8tre d'\u0153uf de 2,4 \u00e0 2,6 mm","og_url":"https:\/\/antoniuscaviar.com\/fr\/produit\/siberian-caviar-4\/","og_site_name":"Sklep \u2014 Antonius Caviar","article_modified_time":"2025-04-01T11:48:07+00:00","og_image":[{"width":1024,"height":1024,"url":"https:\/\/antoniuscaviar.com\/wp-content\/uploads\/2015\/12\/can_siberian_4stars-1024x1024.png","type":"image\/png"}],"twitter_card":"summary_large_image","twitter_misc":{"Est. reading time":"1 minute"},"schema":{"@context":"https:\/\/schema.org","@graph":[{"@type":"WebPage","@id":"https:\/\/antoniuscaviar.com\/fr\/produit\/siberian-caviar-4\/","url":"https:\/\/antoniuscaviar.com\/fr\/produit\/siberian-caviar-4\/","name":"Siberian Caviar 4* - Sklep \u2014 Antonius Caviar","isPartOf":{"@id":"https:\/\/antoniuscaviar.com\/fr\/#website"},"datePublished":"2015-12-05T08:44:46+00:00","dateModified":"2025-04-01T11:48:07+00:00","breadcrumb":{"@id":"https:\/\/antoniuscaviar.com\/fr\/produit\/siberian-caviar-4\/#breadcrumb"},"inLanguage":"fr-FR","potentialAction":[{"@type":"ReadAction","target":["https:\/\/antoniuscaviar.com\/fr\/produit\/siberian-caviar-4\/"]}]},{"@type":"BreadcrumbList","@id":"https:\/\/antoniuscaviar.com\/fr\/produit\/siberian-caviar-4\/#breadcrumb","itemListElement":[{"@type":"ListItem","position":1,"name":"Home","item":"https:\/\/antoniuscaviar.com\/fr\/"},{"@type":"ListItem","position":2,"name":"Boutique en ligne","item":"https:\/\/antoniuscaviar.com\/fr\/boutique-en-ligne\/"},{"@type":"ListItem","position":3,"name":"Siberian Caviar 4*"}]},{"@type":"WebSite","@id":"https:\/\/antoniuscaviar.com\/fr\/#website","url":"https:\/\/antoniuscaviar.com\/fr\/","name":"Sklep \u2014 Antonius Caviar","description":"","potentialAction":[{"@type":"SearchAction","target":{"@type":"EntryPoint","urlTemplate":"https:\/\/antoniuscaviar.com\/fr\/?s={search_term_string}"},"query-input":"required name=search_term_string"}],"inLanguage":"fr-FR"}]}},"_links":{"self":[{"href":"https:\/\/antoniuscaviar.com\/fr\/wp-json\/wp\/v2\/product\/16414"}],"collection":[{"href":"https:\/\/antoniuscaviar.com\/fr\/wp-json\/wp\/v2\/product"}],"about":[{"href":"https:\/\/antoniuscaviar.com\/fr\/wp-json\/wp\/v2\/types\/product"}],"replies":[{"embeddable":true,"href":"https:\/\/antoniuscaviar.com\/fr\/wp-json\/wp\/v2\/comments?post=16414"}],"wp:featuredmedia":[{"embeddable":true,"href":"https:\/\/antoniuscaviar.com\/fr\/wp-json\/wp\/v2\/media\/15631"}],"wp:attachment":[{"href":"https:\/\/antoniuscaviar.com\/fr\/wp-json\/wp\/v2\/media?parent=16414"}],"wp:term":[{"taxonomy":"product_cat","embeddable":true,"href":"https:\/\/antoniuscaviar.com\/fr\/wp-json\/wp\/v2\/product_cat?post=16414"},{"taxonomy":"product_tag","embeddable":true,"href":"https:\/\/antoniuscaviar.com\/fr\/wp-json\/wp\/v2\/product_tag?post=16414"}],"curies":[{"name":"wp","href":"https:\/\/api.w.org\/{rel}","templated":true}]}}