{"id":16418,"date":"2015-12-05T10:41:37","date_gmt":"2015-12-05T08:41:37","guid":{"rendered":"https:\/\/antoniuscaviar.com\/product\/oscietra-caviar-6\/"},"modified":"2026-03-31T14:27:50","modified_gmt":"2026-03-31T12:27:50","slug":"oscietra-caviar-6","status":"publish","type":"product","link":"https:\/\/antoniuscaviar.com\/fr\/produit\/oscietra-caviar-6\/","title":{"rendered":"Oscietra Caviar 6*"},"content":{"rendered":"<p>Une v\u00e9ritable perle parmi les caviars, l\u2019Oscietra provient d\u2019esturgeons de l\u2019esp\u00e8ce Acipenser gueldenstaedtii (esturgeon russe), \u00e9tant l\u2019un des caviars les plus pris\u00e9s au monde. Il a des grains fermes et souples \u00e0 consistance lisse et velout\u00e9e. Il se caract\u00e9rise par un go\u00fbt cr\u00e9meux, avec des notes d\u2019umami, des noisettes et de beurre, \u00e9quilibr\u00e9es par une salinit\u00e9 d\u00e9licate.<\/p>\n<p>&nbsp;<\/p>\n<p>L\u2019Oscietra fond dans la bouche avec une finale in\u00e9gal\u00e9e, lib\u00e9rant progressivement une palette de sensations complexes et raffin\u00e9es. Son go\u00fbt est consid\u00e9r\u00e9 comme d\u00e9licat et \u00e9l\u00e9gant, mais en m\u00eame temps satur\u00e9, riche et distinctif.<\/p>\n<p>&nbsp;<\/p>\n<p>Notre Oscietra 6 \u00e9toiles provient de nos femelles esturgeons les plus matures, \u00e9lev\u00e9es pendant jusqu\u2019\u00e0 15 ans. Il poss\u00e8de les plus grandes perles de tous nos Oscietras. Les perles ont un diam\u00e8tre de plus de 3 mm et les couleurs oscillent entre le gris, le brun et le vert olive avec des reflets dor\u00e9s. Les \u0153ufs de ce diam\u00e8tre peuvent pr\u00e9senter des couleurs exceptionnellement claires, particuli\u00e8rement appr\u00e9ci\u00e9es des connaisseurs. C\u2019est un joyau absolu de notre collection.<\/p>\n<p>&nbsp;<\/p>\n<p>Il est pr\u00e9par\u00e9 selon la m\u00e9thode traditionnelle \u00ab Malossol \u00bb, c&rsquo;est-\u00e0-dire avec l&rsquo;ajout d&rsquo;une petite quantit\u00e9 de sel.<\/p>\n","protected":false},"excerpt":{"rendered":"<p>diam\u00e8tre d&rsquo;\u0153uf sup\u00e9rieur \u00e0 3 mm<\/p>\n","protected":false},"featured_media":15633,"comment_status":"closed","ping_status":"closed","template":"","meta":{"inline_featured_image":false},"product_cat":[298],"product_tag":[],"acf":[],"yoast_head":"<!-- This site is optimized with the Yoast SEO plugin v19.10 - https:\/\/yoast.com\/wordpress\/plugins\/seo\/ -->\n<title>Oscietra Caviar 6* - Sklep \u2014 Antonius Caviar<\/title>\n<meta name=\"robots\" content=\"index, follow, max-snippet:-1, max-image-preview:large, max-video-preview:-1\" \/>\n<link rel=\"canonical\" href=\"https:\/\/antoniuscaviar.com\/fr\/produit\/oscietra-caviar-6\/\" \/>\n<meta property=\"og:locale\" content=\"fr_FR\" \/>\n<meta property=\"og:type\" content=\"article\" \/>\n<meta property=\"og:title\" content=\"Oscietra Caviar 6* - Sklep \u2014 Antonius Caviar\" \/>\n<meta property=\"og:description\" content=\"diam\u00e8tre d&#039;\u0153uf sup\u00e9rieur \u00e0 3 mm\" \/>\n<meta property=\"og:url\" content=\"https:\/\/antoniuscaviar.com\/fr\/produit\/oscietra-caviar-6\/\" \/>\n<meta property=\"og:site_name\" content=\"Sklep \u2014 Antonius Caviar\" \/>\n<meta property=\"article:modified_time\" content=\"2026-03-31T12:27:50+00:00\" \/>\n<meta property=\"og:image\" content=\"https:\/\/antoniuscaviar.com\/wp-content\/uploads\/2015\/12\/can_oscietra_6stars.png\" \/>\n\t<meta property=\"og:image:width\" content=\"1439\" \/>\n\t<meta property=\"og:image:height\" content=\"1439\" \/>\n\t<meta property=\"og:image:type\" content=\"image\/png\" \/>\n<meta name=\"twitter:card\" content=\"summary_large_image\" \/>\n<meta name=\"twitter:label1\" content=\"Est. reading time\" \/>\n\t<meta name=\"twitter:data1\" content=\"1 minute\" \/>\n<script type=\"application\/ld+json\" class=\"yoast-schema-graph\">{\"@context\":\"https:\/\/schema.org\",\"@graph\":[{\"@type\":\"WebPage\",\"@id\":\"https:\/\/antoniuscaviar.com\/fr\/produit\/oscietra-caviar-6\/\",\"url\":\"https:\/\/antoniuscaviar.com\/fr\/produit\/oscietra-caviar-6\/\",\"name\":\"Oscietra Caviar 6* - Sklep \u2014 Antonius Caviar\",\"isPartOf\":{\"@id\":\"https:\/\/antoniuscaviar.com\/fr\/#website\"},\"datePublished\":\"2015-12-05T08:41:37+00:00\",\"dateModified\":\"2026-03-31T12:27:50+00:00\",\"breadcrumb\":{\"@id\":\"https:\/\/antoniuscaviar.com\/fr\/produit\/oscietra-caviar-6\/#breadcrumb\"},\"inLanguage\":\"fr-FR\",\"potentialAction\":[{\"@type\":\"ReadAction\",\"target\":[\"https:\/\/antoniuscaviar.com\/fr\/produit\/oscietra-caviar-6\/\"]}]},{\"@type\":\"BreadcrumbList\",\"@id\":\"https:\/\/antoniuscaviar.com\/fr\/produit\/oscietra-caviar-6\/#breadcrumb\",\"itemListElement\":[{\"@type\":\"ListItem\",\"position\":1,\"name\":\"Home\",\"item\":\"https:\/\/antoniuscaviar.com\/fr\/\"},{\"@type\":\"ListItem\",\"position\":2,\"name\":\"Boutique en ligne\",\"item\":\"https:\/\/antoniuscaviar.com\/fr\/boutique-en-ligne\/\"},{\"@type\":\"ListItem\",\"position\":3,\"name\":\"Oscietra Caviar 6*\"}]},{\"@type\":\"WebSite\",\"@id\":\"https:\/\/antoniuscaviar.com\/fr\/#website\",\"url\":\"https:\/\/antoniuscaviar.com\/fr\/\",\"name\":\"Sklep \u2014 Antonius Caviar\",\"description\":\"\",\"potentialAction\":[{\"@type\":\"SearchAction\",\"target\":{\"@type\":\"EntryPoint\",\"urlTemplate\":\"https:\/\/antoniuscaviar.com\/fr\/?s={search_term_string}\"},\"query-input\":\"required name=search_term_string\"}],\"inLanguage\":\"fr-FR\"}]}<\/script>\n<!-- \/ Yoast SEO plugin. -->","yoast_head_json":{"title":"Oscietra Caviar 6* - Sklep \u2014 Antonius Caviar","robots":{"index":"index","follow":"follow","max-snippet":"max-snippet:-1","max-image-preview":"max-image-preview:large","max-video-preview":"max-video-preview:-1"},"canonical":"https:\/\/antoniuscaviar.com\/fr\/produit\/oscietra-caviar-6\/","og_locale":"fr_FR","og_type":"article","og_title":"Oscietra Caviar 6* - Sklep \u2014 Antonius Caviar","og_description":"diam\u00e8tre d'\u0153uf sup\u00e9rieur \u00e0 3 mm","og_url":"https:\/\/antoniuscaviar.com\/fr\/produit\/oscietra-caviar-6\/","og_site_name":"Sklep \u2014 Antonius Caviar","article_modified_time":"2026-03-31T12:27:50+00:00","og_image":[{"width":1439,"height":1439,"url":"https:\/\/antoniuscaviar.com\/wp-content\/uploads\/2015\/12\/can_oscietra_6stars.png","type":"image\/png"}],"twitter_card":"summary_large_image","twitter_misc":{"Est. reading time":"1 minute"},"schema":{"@context":"https:\/\/schema.org","@graph":[{"@type":"WebPage","@id":"https:\/\/antoniuscaviar.com\/fr\/produit\/oscietra-caviar-6\/","url":"https:\/\/antoniuscaviar.com\/fr\/produit\/oscietra-caviar-6\/","name":"Oscietra Caviar 6* - Sklep \u2014 Antonius Caviar","isPartOf":{"@id":"https:\/\/antoniuscaviar.com\/fr\/#website"},"datePublished":"2015-12-05T08:41:37+00:00","dateModified":"2026-03-31T12:27:50+00:00","breadcrumb":{"@id":"https:\/\/antoniuscaviar.com\/fr\/produit\/oscietra-caviar-6\/#breadcrumb"},"inLanguage":"fr-FR","potentialAction":[{"@type":"ReadAction","target":["https:\/\/antoniuscaviar.com\/fr\/produit\/oscietra-caviar-6\/"]}]},{"@type":"BreadcrumbList","@id":"https:\/\/antoniuscaviar.com\/fr\/produit\/oscietra-caviar-6\/#breadcrumb","itemListElement":[{"@type":"ListItem","position":1,"name":"Home","item":"https:\/\/antoniuscaviar.com\/fr\/"},{"@type":"ListItem","position":2,"name":"Boutique en ligne","item":"https:\/\/antoniuscaviar.com\/fr\/boutique-en-ligne\/"},{"@type":"ListItem","position":3,"name":"Oscietra Caviar 6*"}]},{"@type":"WebSite","@id":"https:\/\/antoniuscaviar.com\/fr\/#website","url":"https:\/\/antoniuscaviar.com\/fr\/","name":"Sklep \u2014 Antonius Caviar","description":"","potentialAction":[{"@type":"SearchAction","target":{"@type":"EntryPoint","urlTemplate":"https:\/\/antoniuscaviar.com\/fr\/?s={search_term_string}"},"query-input":"required name=search_term_string"}],"inLanguage":"fr-FR"}]}},"_links":{"self":[{"href":"https:\/\/antoniuscaviar.com\/fr\/wp-json\/wp\/v2\/product\/16418"}],"collection":[{"href":"https:\/\/antoniuscaviar.com\/fr\/wp-json\/wp\/v2\/product"}],"about":[{"href":"https:\/\/antoniuscaviar.com\/fr\/wp-json\/wp\/v2\/types\/product"}],"replies":[{"embeddable":true,"href":"https:\/\/antoniuscaviar.com\/fr\/wp-json\/wp\/v2\/comments?post=16418"}],"wp:featuredmedia":[{"embeddable":true,"href":"https:\/\/antoniuscaviar.com\/fr\/wp-json\/wp\/v2\/media\/15633"}],"wp:attachment":[{"href":"https:\/\/antoniuscaviar.com\/fr\/wp-json\/wp\/v2\/media?parent=16418"}],"wp:term":[{"taxonomy":"product_cat","embeddable":true,"href":"https:\/\/antoniuscaviar.com\/fr\/wp-json\/wp\/v2\/product_cat?post=16418"},{"taxonomy":"product_tag","embeddable":true,"href":"https:\/\/antoniuscaviar.com\/fr\/wp-json\/wp\/v2\/product_tag?post=16418"}],"curies":[{"name":"wp","href":"https:\/\/api.w.org\/{rel}","templated":true}]}}