{"id":16426,"date":"2015-12-05T01:22:43","date_gmt":"2015-12-04T23:22:43","guid":{"rendered":"https:\/\/antoniuscaviar.com\/product\/oscietra-caviar-4\/"},"modified":"2025-05-13T18:21:57","modified_gmt":"2025-05-13T16:21:57","slug":"oscietra-caviar-4","status":"publish","type":"product","link":"https:\/\/antoniuscaviar.com\/fr\/produit\/oscietra-caviar-4\/","title":{"rendered":"Oscietra Caviar 4*"},"content":{"rendered":"<p>L\u2019Oscietra provient d\u2019esturgeons de l\u2019esp\u00e8ce Acipenser gueldenstaedtii (esturgeon russe), \u00e9tant l\u2019un des caviars les plus pris\u00e9s au monde. Il a des grains fermes et souples \u00e0 consistance lisse et velout\u00e9e. Il se caract\u00e9rise par un go\u00fbt cr\u00e9meux, avec des notes d\u2019umami, des noisettes et de beurre, \u00e9quilibr\u00e9es par une salinit\u00e9 d\u00e9licate.<\/p>\n<p>&nbsp;<\/p>\n<p>L\u2019Oscietra fond dans la bouche avec une finale in\u00e9gal\u00e9e, lib\u00e9rant progressivement une palette de sensations complexes et raffin\u00e9es. Son go\u00fbt est consid\u00e9r\u00e9 comme d\u00e9licat et \u00e9l\u00e9gant, mais en m\u00eame temps satur\u00e9, riche et distinctif.<\/p>\n<p>&nbsp;<\/p>\n<p>Notre Oscietra 4 \u00e9toiles a les perles les plus petites de tous nos caviars de ce type. Les perles ont un diam\u00e8tre de 2,7 \u00e0 2,9 mm et leurs couleurs oscillent entre le gris, le brun et le vert olive avec des reflets dor\u00e9s.<\/p>\n<p>&nbsp;<\/p>\n<p>Il est pr\u00e9par\u00e9 selon la m\u00e9thode traditionnelle \u00ab Malossol \u00bb, c&rsquo;est-\u00e0-dire avec l&rsquo;ajout d&rsquo;une petite quantit\u00e9 de sel.<\/p>\n","protected":false},"excerpt":{"rendered":"<p>diam\u00e8tre d&rsquo;\u0153uf de 2,7 \u00e0 2,9 mm<\/p>\n","protected":false},"featured_media":15637,"comment_status":"closed","ping_status":"closed","template":"","meta":{"inline_featured_image":false},"product_cat":[298],"product_tag":[],"acf":[],"yoast_head":"<!-- This site is optimized with the Yoast SEO plugin v19.10 - https:\/\/yoast.com\/wordpress\/plugins\/seo\/ -->\n<title>Oscietra Caviar 4* - Sklep \u2014 Antonius Caviar<\/title>\n<meta name=\"robots\" content=\"index, follow, max-snippet:-1, max-image-preview:large, max-video-preview:-1\" \/>\n<link rel=\"canonical\" href=\"https:\/\/antoniuscaviar.com\/fr\/produit\/oscietra-caviar-4\/\" \/>\n<meta property=\"og:locale\" content=\"fr_FR\" \/>\n<meta property=\"og:type\" content=\"article\" \/>\n<meta property=\"og:title\" content=\"Oscietra Caviar 4* - Sklep \u2014 Antonius Caviar\" \/>\n<meta property=\"og:description\" content=\"diam\u00e8tre d&#039;\u0153uf de 2,7 \u00e0 2,9 mm\" \/>\n<meta property=\"og:url\" content=\"https:\/\/antoniuscaviar.com\/fr\/produit\/oscietra-caviar-4\/\" \/>\n<meta property=\"og:site_name\" content=\"Sklep \u2014 Antonius Caviar\" \/>\n<meta property=\"article:modified_time\" content=\"2025-05-13T16:21:57+00:00\" \/>\n<meta property=\"og:image\" content=\"https:\/\/antoniuscaviar.com\/wp-content\/uploads\/2015\/12\/can_oscietra_4stars-1024x1024.png\" \/>\n\t<meta property=\"og:image:width\" content=\"1024\" \/>\n\t<meta property=\"og:image:height\" content=\"1024\" \/>\n\t<meta property=\"og:image:type\" content=\"image\/png\" \/>\n<meta name=\"twitter:card\" content=\"summary_large_image\" \/>\n<meta name=\"twitter:label1\" content=\"Est. reading time\" \/>\n\t<meta name=\"twitter:data1\" content=\"1 minute\" \/>\n<script type=\"application\/ld+json\" class=\"yoast-schema-graph\">{\"@context\":\"https:\/\/schema.org\",\"@graph\":[{\"@type\":\"WebPage\",\"@id\":\"https:\/\/antoniuscaviar.com\/fr\/produit\/oscietra-caviar-4\/\",\"url\":\"https:\/\/antoniuscaviar.com\/fr\/produit\/oscietra-caviar-4\/\",\"name\":\"Oscietra Caviar 4* - Sklep \u2014 Antonius Caviar\",\"isPartOf\":{\"@id\":\"https:\/\/antoniuscaviar.com\/fr\/#website\"},\"datePublished\":\"2015-12-04T23:22:43+00:00\",\"dateModified\":\"2025-05-13T16:21:57+00:00\",\"breadcrumb\":{\"@id\":\"https:\/\/antoniuscaviar.com\/fr\/produit\/oscietra-caviar-4\/#breadcrumb\"},\"inLanguage\":\"fr-FR\",\"potentialAction\":[{\"@type\":\"ReadAction\",\"target\":[\"https:\/\/antoniuscaviar.com\/fr\/produit\/oscietra-caviar-4\/\"]}]},{\"@type\":\"BreadcrumbList\",\"@id\":\"https:\/\/antoniuscaviar.com\/fr\/produit\/oscietra-caviar-4\/#breadcrumb\",\"itemListElement\":[{\"@type\":\"ListItem\",\"position\":1,\"name\":\"Home\",\"item\":\"https:\/\/antoniuscaviar.com\/fr\/\"},{\"@type\":\"ListItem\",\"position\":2,\"name\":\"Boutique en ligne\",\"item\":\"https:\/\/antoniuscaviar.com\/fr\/boutique-en-ligne\/\"},{\"@type\":\"ListItem\",\"position\":3,\"name\":\"Oscietra Caviar 4*\"}]},{\"@type\":\"WebSite\",\"@id\":\"https:\/\/antoniuscaviar.com\/fr\/#website\",\"url\":\"https:\/\/antoniuscaviar.com\/fr\/\",\"name\":\"Sklep \u2014 Antonius Caviar\",\"description\":\"\",\"potentialAction\":[{\"@type\":\"SearchAction\",\"target\":{\"@type\":\"EntryPoint\",\"urlTemplate\":\"https:\/\/antoniuscaviar.com\/fr\/?s={search_term_string}\"},\"query-input\":\"required name=search_term_string\"}],\"inLanguage\":\"fr-FR\"}]}<\/script>\n<!-- \/ Yoast SEO plugin. -->","yoast_head_json":{"title":"Oscietra Caviar 4* - Sklep \u2014 Antonius Caviar","robots":{"index":"index","follow":"follow","max-snippet":"max-snippet:-1","max-image-preview":"max-image-preview:large","max-video-preview":"max-video-preview:-1"},"canonical":"https:\/\/antoniuscaviar.com\/fr\/produit\/oscietra-caviar-4\/","og_locale":"fr_FR","og_type":"article","og_title":"Oscietra Caviar 4* - Sklep \u2014 Antonius Caviar","og_description":"diam\u00e8tre d'\u0153uf de 2,7 \u00e0 2,9 mm","og_url":"https:\/\/antoniuscaviar.com\/fr\/produit\/oscietra-caviar-4\/","og_site_name":"Sklep \u2014 Antonius Caviar","article_modified_time":"2025-05-13T16:21:57+00:00","og_image":[{"width":1024,"height":1024,"url":"https:\/\/antoniuscaviar.com\/wp-content\/uploads\/2015\/12\/can_oscietra_4stars-1024x1024.png","type":"image\/png"}],"twitter_card":"summary_large_image","twitter_misc":{"Est. reading time":"1 minute"},"schema":{"@context":"https:\/\/schema.org","@graph":[{"@type":"WebPage","@id":"https:\/\/antoniuscaviar.com\/fr\/produit\/oscietra-caviar-4\/","url":"https:\/\/antoniuscaviar.com\/fr\/produit\/oscietra-caviar-4\/","name":"Oscietra Caviar 4* - Sklep \u2014 Antonius Caviar","isPartOf":{"@id":"https:\/\/antoniuscaviar.com\/fr\/#website"},"datePublished":"2015-12-04T23:22:43+00:00","dateModified":"2025-05-13T16:21:57+00:00","breadcrumb":{"@id":"https:\/\/antoniuscaviar.com\/fr\/produit\/oscietra-caviar-4\/#breadcrumb"},"inLanguage":"fr-FR","potentialAction":[{"@type":"ReadAction","target":["https:\/\/antoniuscaviar.com\/fr\/produit\/oscietra-caviar-4\/"]}]},{"@type":"BreadcrumbList","@id":"https:\/\/antoniuscaviar.com\/fr\/produit\/oscietra-caviar-4\/#breadcrumb","itemListElement":[{"@type":"ListItem","position":1,"name":"Home","item":"https:\/\/antoniuscaviar.com\/fr\/"},{"@type":"ListItem","position":2,"name":"Boutique en ligne","item":"https:\/\/antoniuscaviar.com\/fr\/boutique-en-ligne\/"},{"@type":"ListItem","position":3,"name":"Oscietra Caviar 4*"}]},{"@type":"WebSite","@id":"https:\/\/antoniuscaviar.com\/fr\/#website","url":"https:\/\/antoniuscaviar.com\/fr\/","name":"Sklep \u2014 Antonius Caviar","description":"","potentialAction":[{"@type":"SearchAction","target":{"@type":"EntryPoint","urlTemplate":"https:\/\/antoniuscaviar.com\/fr\/?s={search_term_string}"},"query-input":"required name=search_term_string"}],"inLanguage":"fr-FR"}]}},"_links":{"self":[{"href":"https:\/\/antoniuscaviar.com\/fr\/wp-json\/wp\/v2\/product\/16426"}],"collection":[{"href":"https:\/\/antoniuscaviar.com\/fr\/wp-json\/wp\/v2\/product"}],"about":[{"href":"https:\/\/antoniuscaviar.com\/fr\/wp-json\/wp\/v2\/types\/product"}],"replies":[{"embeddable":true,"href":"https:\/\/antoniuscaviar.com\/fr\/wp-json\/wp\/v2\/comments?post=16426"}],"wp:featuredmedia":[{"embeddable":true,"href":"https:\/\/antoniuscaviar.com\/fr\/wp-json\/wp\/v2\/media\/15637"}],"wp:attachment":[{"href":"https:\/\/antoniuscaviar.com\/fr\/wp-json\/wp\/v2\/media?parent=16426"}],"wp:term":[{"taxonomy":"product_cat","embeddable":true,"href":"https:\/\/antoniuscaviar.com\/fr\/wp-json\/wp\/v2\/product_cat?post=16426"},{"taxonomy":"product_tag","embeddable":true,"href":"https:\/\/antoniuscaviar.com\/fr\/wp-json\/wp\/v2\/product_tag?post=16426"}],"curies":[{"name":"wp","href":"https:\/\/api.w.org\/{rel}","templated":true}]}}