{"id":4208,"date":"2020-06-30T08:19:23","date_gmt":"2020-06-30T06:19:23","guid":{"rendered":"http:\/\/antonius-caviar.loc\/?page_id=4208"},"modified":"2022-11-14T00:07:34","modified_gmt":"2022-11-13T22:07:34","slug":"polityka-prywatnosci-i-informacja-o-przetwarzaniu-danych-osobowych","status":"publish","type":"page","link":"https:\/\/antoniuscaviar.com\/pl\/polityka-prywatnosci-i-informacja-o-przetwarzaniu-danych-osobowych\/","title":{"rendered":"Polityka prywatno\u015bci"},"content":{"rendered":"<div class=\"l-inner \">\n\t<div class=\"c-title-text\">\n\t\t\t\t\t\t\t<div class=\"c-title-text__content c-cms-content\">\n\t\t\t\t<h1>Polityka prywatno\u015bci i informacja o przetwarzaniu danych osobowych<\/h1>\n<p>&nbsp;<\/p>\n<h1>I. Pliki \u201ecookies\u201d<\/h1>\n<p>&nbsp;<\/p>\n<ol>\n<li>Strona internetowa www.antoniuscaviar.com, zwana dalej Stron\u0105 Internetow\u0105, wykorzystuje pliki typu \u201ecookies\u201d w celu gromadzenia informacji zwi\u0105zanych z korzystaniem ze Strony Internetowej przez U\u017cytkownika.<\/li>\n<li>Plikami typu \u201ecookies\u201d s\u0105 pliki tekstowe zapisywane przez przegl\u0105dark\u0119 internetow\u0105 U\u017cytkownika na jego komputerze, pozwalaj\u0105ce na identyfikacj\u0119 U\u017cytkownika oraz utrwalaj\u0105ce jego preferencje na podstawie historii odwiedzanych witryn internetowych. Informacje s\u0105 zapisywane w celu dostosowania Strony Internetowej do indywidualnych potrzeb U\u017cytkownika, a tak\u017ce w celach reklamowych i statystycznych.<\/li>\n<li>W ramach prowadzenia Strony Internetowej, jej administrator stosuje nast\u0119puj\u0105ce rodzaje plik\u00f3w \u201ecookies\u201d:\n<ol type=\"a\">\n<li>&#8222;niezb\u0119dne&#8221; pliki \u201ecookies\u201d, umo\u017cliwiaj\u0105ce korzystanie z us\u0142ug dost\u0119pnych w ramach Strony Internetowej,<\/li>\n<li>pliki \u201ecookies\u201d s\u0142u\u017c\u0105ce do zapewnienia bezpiecze\u0144stwa,<\/li>\n<li>pliki \u201ecookies\u201d, umo\u017cliwiaj\u0105ce zbieranie informacji o sposobie korzystania ze Strony Internetowej:\n<ul>\n<li>pliki umo\u017cliwiaj\u0105ce korzystanie z narz\u0119dzi marketingowych, takich jak Google Ads, Facebook Custom Audiences\/ Pixel Facebooka czy LinkedIn Insight Tag. Dzi\u0119ki tym plikom mo\u017cliwe jest m.in. odpowiednie skonfigurowanie, dopasowanie i wy\u015bwietlanie reklam na podstawie wcze\u015bniejszych zachowa\u0144 na Stronie Internetowej. Narz\u0119dzia te s\u0142u\u017c\u0105 tak\u017ce do zbierania danych analitycznych i statystycznych;<\/li>\n<li>pliki zwi\u0105zane z wtyczkami serwis\u00f3w spo\u0142eczno\u015bciowych, dzi\u0119ki nim mo\u017cna np. polubi\u0107 nasz fanpage bezpo\u015brednio ze Strony Internetowej;<\/li>\n<li>pliki s\u0142u\u017c\u0105ce do korzystania z narz\u0119dzi analitycznych, np. Google Analytics. Narz\u0119dzie dostarcza m.in. takich informacji jak: czas sp\u0119dzony na Stronie Internetowej, przej\u015bcia na podstrony, czy \u017ar\u00f3d\u0142a ruchu;<\/li>\n<li>pliki pozwalaj\u0105ce na odtworzenie wideo, np. z YouTube. Za\u0142adowanie tych plik\u00f3w nast\u0119puje w przypadku odtwarzania wideo z konkretnego serwisu (np. wideo-przepisy na blogu).<\/li>\n<\/ul>\n<\/li>\n<\/ol>\n<\/li>\n<li>W wielu przypadkach przegl\u0105darki internetowe domy\u015blnie dopuszczaj\u0105 przechowywanie plik\u00f3w \u201ecookies\u201d w urz\u0105dzeniu ko\u0144cowym U\u017cytkownika. U\u017cytkownicy Strony Internetowej mog\u0105 dokona\u0107 w ka\u017cdym czasie zmiany ustawie\u0144 dotycz\u0105cych plik\u00f3w \u201ecookies\u201d. Ustawienia te mog\u0105 zosta\u0107 zmienione tak, by blokowa\u0107 automatyczn\u0105 obs\u0142ug\u0119 plik\u00f3w \u201ecookies\u201d w ustawieniach przegl\u0105darki internetowej b\u0105d\u017a informowa\u0107 o ich ka\u017cdorazowym zamieszczeniu w urz\u0105dzeniu u\u017cytkownika Strony Internetowej. Szczeg\u00f3\u0142owe informacje o mo\u017cliwo\u015bci i sposobach obs\u0142ugi plik\u00f3w \u201ecookies\u201d dost\u0119pne s\u0105 w ustawieniach przegl\u0105darki internetowej. Niedokonanie zmiany ustawie\u0144 w zakresie \u201ecookies\u201d oznacza, \u017ce b\u0119d\u0105 one zamieszczone w urz\u0105dzeniu ko\u0144cowym U\u017cytkownika, a tym samym informacje b\u0119d\u0105 przechowywane w urz\u0105dzeniu ko\u0144cowym U\u017cytkownika.<\/li>\n<\/ol>\n<p>&nbsp;<\/p>\n<h4>Instrukcja zmiany ustawie\u0144 dotycz\u0105cych plik\u00f3w Cookies<\/h4>\n<p>&nbsp;<\/p>\n<h5>Przegl\u0105darka Mozilla Firefox<\/h5>\n<p>W menu &#8222;Narz\u0119dzia&#8221; nale\u017cy klikn\u0105\u0107 w &#8222;Opcje&#8221; i w nich wybra\u0107 zak\u0142adk\u0119 &#8222;Prywatno\u015b\u0107&#8221;. Przegl\u0105darka daje mo\u017cliwo\u015b\u0107 usuni\u0119cia pojedynczych ciasteczek poszczeg\u00f3lnych witryn lub ca\u0142kowitej blokady \u015bledzenia.<\/p>\n<h5>Przegl\u0105darka Microsoft Internet Explorer<\/h5>\n<p>W menu &#8222;Narz\u0119dzia&#8221; nale\u017cy klikn\u0105\u0107 w &#8222;Opcje internetowe&#8221; i w nich wybra\u0107 zak\u0142adk\u0119 &#8222;Prywatno\u015b\u0107&#8221;. Suwakiem mo\u017cna regulowa\u0107 og\u00f3lny poziom prywatno\u015bci lub przyciskiem &#8222;Witryny&#8221; mo\u017cna zarz\u0105dza\u0107 ustawieniami poszczeg\u00f3lnych serwis\u00f3w internetowych.<\/p>\n<h5>Przegl\u0105darka Google Chrome<\/h5>\n<p>W prawym g\u00f3rnym rogu nale\u017cy klikn\u0105\u0107 w menu (ukryte pod trzema poziomymi kreskami), nast\u0119pnie nale\u017cy wybra\u0107 zak\u0142adk\u0119 &#8222;Narz\u0119dzia&#8221;, a dalej &#8222;Wyczy\u015b\u0107 dane przegl\u0105dania. Link &#8222;Wi\u0119cej informacji&#8221; prowadzi do szczeg\u00f3\u0142owego opisu funkcji prywatno\u015bci przegl\u0105darki.<\/p>\n<h5>Przegl\u0105darka Opera<\/h5>\n<p>W lewym g\u00f3rnym rogu nale\u017cy klikn\u0105\u0107 w &#8222;Opera&#8221;, otworzy\u0107 menu i wybra\u0107 w nim zak\u0142adk\u0119 &#8222;Ustawienia\u201d. Nast\u0119pnie nale\u017cy wybra\u0107 opcj\u0119 &#8222;Wyczy\u015b\u0107 histori\u0119 przegl\u0105dania&#8230;&#8221;Przycisk &#8222;Zarz\u0105dzaj ciasteczkami&#8230;&#8221; prowadzi do zaawansowanych opcji dla poszczeg\u00f3lnych witryn.<\/p>\n<h5>Przegl\u0105darka Apple Safari<\/h5>\n<p>W menu &#8222;Safari&#8221; nale\u017cy wybra\u0107 zak\u0142adk\u0119 &#8222;Preferencje&#8221;, a nast\u0119pnie zak\u0142adk\u0119 &#8222;Prywatno\u015b\u0107&#8221;. W tym miejscu mo\u017cna okre\u015bli\u0107 opcje plik\u00f3w cookies.<\/p>\n<h5>Telefony kom\u00f3rkowe, tablety i inne urz\u0105dzenia mobilne<\/h5>\n<p>W ka\u017cdym modelu telefonu opcje dotycz\u0105ce plik\u00f3w cookies okre\u015bla si\u0119 w inny spos\u00f3b. Aby zmieni\u0107 ustawienia, nale\u017cy zapozna\u0107 si\u0119 z dokumentacj\u0105 danego urz\u0105dzenia mobilnego.<\/p>\n<h5>Google Analytics i Google Ads<\/h5>\n<p>Zgod\u0119 na korzystanie przez Google z plik\u00f3w cookies lub identyfikator\u00f3w urz\u0105dze\u0144 mobilnych mo\u017cna cofn\u0105\u0107 w sekcji Ustawienia Reklam: <a href=\"https:\/\/adssettings.google.com\/authenticated\">https:\/\/adssettings.google.com\/authenticated<\/a>.<\/p>\n<p>Mo\u017cna r\u00f3wnie\u017c zainstalowa\u0107 dodatek do przegl\u0105darki blokuj\u0105cy Google Analytics: <a href=\"https:\/\/tools.google.com\/dlpage\/gaoptout\">https:\/\/tools.google.com\/dlpage\/gaoptout<\/a>.<\/p>\n<p>Aby cofn\u0105\u0107 zgod\u0119 na korzystanie przez innych dostawc\u00f3w zewn\u0119trznych z plik\u00f3w cookies, mo\u017cna tak\u017ce skorzysta\u0107 z Network Advertising Initiative: <a href=\"http:\/\/optout.networkadvertising.org\/?c=1\">http:\/\/optout.networkadvertising.org\/?c=1<\/a>.<\/p>\n<p>&nbsp;<\/p>\n<p>&nbsp;<\/p>\n<h3>II. Profilowanie i remarketing<\/h3>\n<p>&nbsp;<\/p>\n<p>Strona Internetowa jest powi\u0105zana z takimi narz\u0119dziami marketingowymi jak Google Ads i Google Analytics. Narz\u0119dzia te zbieraj\u0105 informacje (w szczeg\u00f3lno\u015bci z wykorzystaniem plik\u00f3w cookies) pozwalaj\u0105ce na identyfikacj\u0119 zachowa\u0144 U\u017cytkownika, takich jak np. czas sp\u0119dzony na Stronie Internetowej, przej\u015bcie do danej podstrony, wy\u015bwietlanie produkt\u00f3w, z\u0142o\u017cenie zam\u00f3wienia lub porzucenie koszyka itp. Pliki te umo\u017cliwiaj\u0105 tzw. \u201eprofilowanie zwyk\u0142e\u201d, kt\u00f3re s\u0142u\u017cy do wy\u015bwietlania reklam w ramach\u00a0 remarketingu \u2013 u\u017cytkownikom, kt\u00f3rzy ju\u017c wcze\u015bniej odwiedzili Stron\u0119 Internetow\u0105, na innych stronach internetowych b\u0119d\u0105 si\u0119 pojawia\u0107 si\u0119 nasze reklamy, np. zach\u0119caj\u0105ce do ponownego odwiedzenia Strony Internetowej. Google oraz inni dostawcy zewn\u0119trzni mog\u0105 wy\u015bwietla\u0107 reklamy zlecane przez w\u0142a\u015bciciela Strony Internetowej na ich stronach internetowych poprzez udost\u0119pnienie swojej powierzchni reklamowej. Mog\u0105 oni u\u017cywa\u0107 plik\u00f3w cookies i innych identyfikator\u00f3w do wy\u015bwietlania reklam na podstawie poprzednich odwiedzin na Stronie Internetowej. U\u017cytkownik mo\u017ce zrezygnowa\u0107 z wykorzystywania plik\u00f3w cookies wed\u0142ug wskaz\u00f3wek zawartych we wcze\u015bniejszej sekcji niniejszej podstrony.<\/p>\n<p>&nbsp;<\/p>\n<p>U\u017cytkownik ma prawo wniesienia sprzeciwu co do przetwarzania jego danych w celach okre\u015blonych w niniejszym dziale. W razie wniesienia sprzeciwu dane U\u017cytkownika nie b\u0119d\u0105 ju\u017c w tych celach przetwarzane.<\/p>\n<p>&nbsp;<\/p>\n<p>Wi\u0119cej informacji o bezpiecze\u0144stwie danych w Google Analytics i Google Ads mo\u017cna znale\u017a\u0107 na stronach: <a href=\"https:\/\/support.google.com\/analytics\/answer\/6004245\">https:\/\/support.google.com\/analytics\/answer\/6004245 <\/a>oraz\u00a0<a href=\"https:\/\/support.google.com\/adspolicy\/answer\/6020956?hl=pl\">https:\/\/support.google.com\/adspolicy\/answer\/6020956?hl=pl<\/a>.<\/p>\n<p>&nbsp;<\/p>\n<p>&nbsp;<\/p>\n<h3>III. Informacja o przetwarzaniu danych osobowych<\/h3>\n<p>&nbsp;<\/p>\n<ol>\n<li>Administratorem Pana\/Pani danych osobowych jest Sp\u00f3\u0142ka Gospodarstwo Rybackie \u201eGos\u0142awice\u201d sp. z o.o. z siedzib\u0105 w Koninie ul. Rybacka 2, 62-510 Konin; kontakt: tel. +48 505 692 980; e-mail: contact@antoniuscaviar.com.<\/li>\n<li>Sp\u00f3\u0142ka przetwarza dane osobowe w oparciu o art. 6 ust.1 lit. b) RODO, w zwi\u0105zku z wykonywaniem umowy, a tak\u017ce na podstawie art. 6 ust. 1 lit. f) RODO, tzn. przetwarzanie danych jest niezb\u0119dne do cel\u00f3w wynikaj\u0105cych z prawnie uzasadnionych interes\u00f3w realizowanych przez administratora. Prawnie uzasadnionym interesem, o kt\u00f3rym mowa w zdaniu poprzedzaj\u0105cym, jest wykonywanie przez Sp\u00f3\u0142k\u0119 dzia\u0142alno\u015bci gospodarczej, w szczeg\u00f3lno\u015bci oferowanie produkt\u00f3w i us\u0142ug, a tak\u017ce dochodzenie roszcze\u0144 z tytu\u0142u prowadzonej dzia\u0142alno\u015bci gospodarczej. Przetwarzanie danych po ustaniu stosunku umownego, s\u0142u\u017cy r\u00f3wnie\u017c innym celom zwi\u0105zanym z wykonywan\u0105 dzia\u0142alno\u015bci\u0105 gospodarcz\u0105<br \/>\ntakim jak cele marketingowe, archiwalne, analityczne i statystyczne. Dane osobowe mog\u0105 by\u0107 r\u00f3wnie\u017c przetwarzane w oparciu o art. 6 ust. 1 lit. c) RODO w zakresie, w jakim przetwarzanie stanowi wype\u0142nienie obowi\u0105zku administratora wynikaj\u0105cego z przepis\u00f3w powszechnie obowi\u0105zuj\u0105cego prawa, w szczeg\u00f3lno\u015bci przepis\u00f3w podatkowych.<\/li>\n<li>W okre\u015blonych wy\u017cej celach przetwarzamy Pana\/Pani nast\u0119puj\u0105ce dane osobowe: imi\u0119 i nazwisko, adres e-mail, numer telefonu, adres zamieszkania. Je\u015bli sk\u0142ada Pan\/Pani zam\u00f3wienie jako \u201efirma\u201d przetwarzaniu mog\u0105 ponadto podlega\u0107 nast\u0119puj\u0105ce dane: NIP, nazwa firmy, adres prowadzenia dzia\u0142alno\u015bci gospodarczej, adres siedziby firmy.<\/li>\n<li>Pana\/Pani dane b\u0119d\u0105 przetwarzane przez Sp\u00f3\u0142k\u0119 przez czas niezb\u0119dny do zrealizowania cel\u00f3w, o kt\u00f3rych mowa w ust.2 powy\u017cej. Dane osobowe mog\u0105 by\u0107 przetwarzane d\u0142u\u017cej, je\u015bli na administratora taki obowi\u0105zek nak\u0142adaj\u0105 bezwzgl\u0119dnie wi\u0105\u017c\u0105ce przepisy obowi\u0105zuj\u0105cego prawa, w szczeg\u00f3lno\u015bci przepisy podatkowe, prawa pracy, czy z zakresu ubezpiecze\u0144 spo\u0142ecznych.<\/li>\n<li>Pana\/Pani dane mog\u0105 by\u0107 przekazywane kategoriom odbiorc\u00f3w w nast\u0119puj\u0105cych obszarach:\n<ol type=\"a\">\n<li>obs\u0142uga p\u0142atno\u015bci,<\/li>\n<li>ksi\u0119gowo\u015b\u0107 i realizacja obowi\u0105zk\u00f3w na\u0142o\u017conych przepisami o rachunkowo\u015bci,<\/li>\n<li>przekazywanie w ramach sp\u00f3\u0142ek zale\u017cnych w rozumieniu Kodeksu sp\u00f3\u0142ek handlowych dla cel\u00f3w prowadzenia dzia\u0142alno\u015bci gospodarczej (sp\u00f3\u0142ki zale\u017cne: Gospodarstwo Rybackie Lubicz sp. o. o. z siedzib\u0105 w Lubiczu G\u00f3rnym, wpisane do Rejestru Przedsi\u0119biorc\u00f3w KRS pod numerem 179764 oraz Gospodarstwo Rybackie Olsztyn II sp. z o. o. z siedzib\u0105 w Rusi, wpisane do Rejestru Przedsi\u0119biorc\u00f3w KRS pod numerem 186171),<\/li>\n<li>serwisowanie oprogramowania komputerowego,<\/li>\n<li>us\u0142ugi pocztowe, us\u0142ugi kurierskie czy logistyczne w zwi\u0105zku z realizacj\u0105 umowy,<\/li>\n<li>kampanie marketingowe.<\/li>\n<\/ol>\n<\/li>\n<li>Pana\/Pani dane nie b\u0119d\u0105 przekazywane do odbiorc\u00f3w poza Europejski Obszar Gospodarczy lub do organizacji mi\u0119dzynarodowych.<\/li>\n<li>Pana\/Pani dane nie b\u0119d\u0105 s\u0142u\u017cy\u0142y do podejmowania decyzji, kt\u00f3re opieraj\u0105 si\u0119 wy\u0142\u0105cznie na zautomatyzowanym przetwarzaniu, w\u00a0tym profilowaniu, o kt\u00f3rych mowa w art. 22 RODO.<\/li>\n<li>Podanie danych osobowych jest dobrowolne, jednak\u017ce jednocze\u015bnie jest konieczne dla dokonania przez Pana\/Pani\u0105 zakup\u00f3w w Sklepie Internetowym oraz prawid\u0142owej realizacji zam\u00f3wienia. W razie niepodania wymaganych danych, dokonanie zakup\u00f3w w Sklepie Internetowym nie b\u0119dzie mo\u017cliwe.<\/li>\n<li>Pana\/Pani dane s\u0105 przetwarzane w formie elektronicznej (przechowywane w bazie danych Sp\u00f3\u0142ki) oraz w formie papierowej.<\/li>\n<li>Sp\u00f3\u0142ka o\u015bwiadcza, \u017ce stosowane przez ni\u0105 \u015brodki organizacyjne i techniczne w celu zapewnienia bezpiecze\u0144stwa procesom przetwarzania danych osobowych odpowiadaj\u0105 wymaganiom okre\u015blonym w RODO, w szczeg\u00f3lno\u015bci postanowieniom art. 32 RODO.<\/li>\n<li>Maj\u0105c na uwadze przetwarzanie Pana\/Pani danych osobowych, informujemy, \u017ce ma Pan\/Pani prawo do:\n<ol type=\"a\">\n<li>\u017c\u0105dania od Sp\u00f3\u0142ki dost\u0119pu do danych osobowych oraz ich sprostowania (zgodnie z art. 15 i 16 RODO),<\/li>\n<li>usuni\u0119cia lub ograniczenia przetwarzania danych osobowych (zgodnie z art. 17 i 18 RODO),<\/li>\n<li>wniesienia sprzeciwu co do przetwarzania danych osobowych (zgodnie z art. 21 RODO),<\/li>\n<li>przenoszenia danych osobowych (zgodnie z art. 20 RODO),<\/li>\n<li>wniesienia skargi do organu nadzorczego, kt\u00f3rym jest Prezes Urz\u0119du Ochrony Danych Osobowych.<\/li>\n<\/ol>\n<\/li>\n<\/ol>\n\t\t\t<\/div>\n\t\t\t\t<section class=\"l-spacing l-spacing--l\"><\/section>\n\t<\/div>\n<\/div>\n","protected":false},"excerpt":{"rendered":"","protected":false},"author":11,"featured_media":0,"parent":0,"menu_order":0,"comment_status":"closed","ping_status":"closed","template":"","meta":{"inline_featured_image":false},"acf":[],"yoast_head":"<!-- This site is optimized with the Yoast SEO plugin v19.10 - https:\/\/yoast.com\/wordpress\/plugins\/seo\/ -->\n<title>Polityka prywatno\u015bci - Sklep \u2014 Antonius Caviar<\/title>\n<meta name=\"robots\" content=\"index, follow, max-snippet:-1, max-image-preview:large, max-video-preview:-1\" \/>\n<link rel=\"canonical\" href=\"https:\/\/antoniuscaviar.com\/pl\/polityka-prywatnosci-i-informacja-o-przetwarzaniu-danych-osobowych\/\" \/>\n<meta property=\"og:locale\" content=\"pl_PL\" \/>\n<meta property=\"og:type\" content=\"article\" \/>\n<meta property=\"og:title\" content=\"Polityka prywatno\u015bci - Sklep \u2014 Antonius Caviar\" \/>\n<meta property=\"og:url\" content=\"https:\/\/antoniuscaviar.com\/pl\/polityka-prywatnosci-i-informacja-o-przetwarzaniu-danych-osobowych\/\" \/>\n<meta property=\"og:site_name\" content=\"Sklep \u2014 Antonius Caviar\" \/>\n<meta property=\"article:modified_time\" content=\"2022-11-13T22:07:34+00:00\" \/>\n<meta name=\"twitter:card\" content=\"summary_large_image\" \/>\n<script type=\"application\/ld+json\" class=\"yoast-schema-graph\">{\"@context\":\"https:\/\/schema.org\",\"@graph\":[{\"@type\":\"WebPage\",\"@id\":\"https:\/\/antoniuscaviar.com\/pl\/polityka-prywatnosci-i-informacja-o-przetwarzaniu-danych-osobowych\/\",\"url\":\"https:\/\/antoniuscaviar.com\/pl\/polityka-prywatnosci-i-informacja-o-przetwarzaniu-danych-osobowych\/\",\"name\":\"Polityka prywatno\u015bci - Sklep \u2014 Antonius Caviar\",\"isPartOf\":{\"@id\":\"https:\/\/antoniuscaviar.com\/pl\/#website\"},\"datePublished\":\"2020-06-30T06:19:23+00:00\",\"dateModified\":\"2022-11-13T22:07:34+00:00\",\"breadcrumb\":{\"@id\":\"https:\/\/antoniuscaviar.com\/pl\/polityka-prywatnosci-i-informacja-o-przetwarzaniu-danych-osobowych\/#breadcrumb\"},\"inLanguage\":\"pl-PL\",\"potentialAction\":[{\"@type\":\"ReadAction\",\"target\":[\"https:\/\/antoniuscaviar.com\/pl\/polityka-prywatnosci-i-informacja-o-przetwarzaniu-danych-osobowych\/\"]}]},{\"@type\":\"BreadcrumbList\",\"@id\":\"https:\/\/antoniuscaviar.com\/pl\/polityka-prywatnosci-i-informacja-o-przetwarzaniu-danych-osobowych\/#breadcrumb\",\"itemListElement\":[{\"@type\":\"ListItem\",\"position\":1,\"name\":\"Home\",\"item\":\"https:\/\/antoniuscaviar.com\/pl\/\"},{\"@type\":\"ListItem\",\"position\":2,\"name\":\"Polityka prywatno\u015bci\"}]},{\"@type\":\"WebSite\",\"@id\":\"https:\/\/antoniuscaviar.com\/pl\/#website\",\"url\":\"https:\/\/antoniuscaviar.com\/pl\/\",\"name\":\"Sklep \u2014 Antonius Caviar\",\"description\":\"\",\"potentialAction\":[{\"@type\":\"SearchAction\",\"target\":{\"@type\":\"EntryPoint\",\"urlTemplate\":\"https:\/\/antoniuscaviar.com\/pl\/?s={search_term_string}\"},\"query-input\":\"required name=search_term_string\"}],\"inLanguage\":\"pl-PL\"}]}<\/script>\n<!-- \/ Yoast SEO plugin. -->","yoast_head_json":{"title":"Polityka prywatno\u015bci - Sklep \u2014 Antonius Caviar","robots":{"index":"index","follow":"follow","max-snippet":"max-snippet:-1","max-image-preview":"max-image-preview:large","max-video-preview":"max-video-preview:-1"},"canonical":"https:\/\/antoniuscaviar.com\/pl\/polityka-prywatnosci-i-informacja-o-przetwarzaniu-danych-osobowych\/","og_locale":"pl_PL","og_type":"article","og_title":"Polityka prywatno\u015bci - Sklep \u2014 Antonius Caviar","og_url":"https:\/\/antoniuscaviar.com\/pl\/polityka-prywatnosci-i-informacja-o-przetwarzaniu-danych-osobowych\/","og_site_name":"Sklep \u2014 Antonius Caviar","article_modified_time":"2022-11-13T22:07:34+00:00","twitter_card":"summary_large_image","schema":{"@context":"https:\/\/schema.org","@graph":[{"@type":"WebPage","@id":"https:\/\/antoniuscaviar.com\/pl\/polityka-prywatnosci-i-informacja-o-przetwarzaniu-danych-osobowych\/","url":"https:\/\/antoniuscaviar.com\/pl\/polityka-prywatnosci-i-informacja-o-przetwarzaniu-danych-osobowych\/","name":"Polityka prywatno\u015bci - Sklep \u2014 Antonius Caviar","isPartOf":{"@id":"https:\/\/antoniuscaviar.com\/pl\/#website"},"datePublished":"2020-06-30T06:19:23+00:00","dateModified":"2022-11-13T22:07:34+00:00","breadcrumb":{"@id":"https:\/\/antoniuscaviar.com\/pl\/polityka-prywatnosci-i-informacja-o-przetwarzaniu-danych-osobowych\/#breadcrumb"},"inLanguage":"pl-PL","potentialAction":[{"@type":"ReadAction","target":["https:\/\/antoniuscaviar.com\/pl\/polityka-prywatnosci-i-informacja-o-przetwarzaniu-danych-osobowych\/"]}]},{"@type":"BreadcrumbList","@id":"https:\/\/antoniuscaviar.com\/pl\/polityka-prywatnosci-i-informacja-o-przetwarzaniu-danych-osobowych\/#breadcrumb","itemListElement":[{"@type":"ListItem","position":1,"name":"Home","item":"https:\/\/antoniuscaviar.com\/pl\/"},{"@type":"ListItem","position":2,"name":"Polityka prywatno\u015bci"}]},{"@type":"WebSite","@id":"https:\/\/antoniuscaviar.com\/pl\/#website","url":"https:\/\/antoniuscaviar.com\/pl\/","name":"Sklep \u2014 Antonius Caviar","description":"","potentialAction":[{"@type":"SearchAction","target":{"@type":"EntryPoint","urlTemplate":"https:\/\/antoniuscaviar.com\/pl\/?s={search_term_string}"},"query-input":"required name=search_term_string"}],"inLanguage":"pl-PL"}]}},"_links":{"self":[{"href":"https:\/\/antoniuscaviar.com\/pl\/wp-json\/wp\/v2\/pages\/4208"}],"collection":[{"href":"https:\/\/antoniuscaviar.com\/pl\/wp-json\/wp\/v2\/pages"}],"about":[{"href":"https:\/\/antoniuscaviar.com\/pl\/wp-json\/wp\/v2\/types\/page"}],"author":[{"embeddable":true,"href":"https:\/\/antoniuscaviar.com\/pl\/wp-json\/wp\/v2\/users\/11"}],"replies":[{"embeddable":true,"href":"https:\/\/antoniuscaviar.com\/pl\/wp-json\/wp\/v2\/comments?post=4208"}],"version-history":[{"count":39,"href":"https:\/\/antoniuscaviar.com\/pl\/wp-json\/wp\/v2\/pages\/4208\/revisions"}],"predecessor-version":[{"id":8150,"href":"https:\/\/antoniuscaviar.com\/pl\/wp-json\/wp\/v2\/pages\/4208\/revisions\/8150"}],"wp:attachment":[{"href":"https:\/\/antoniuscaviar.com\/pl\/wp-json\/wp\/v2\/media?parent=4208"}],"curies":[{"name":"wp","href":"https:\/\/api.w.org\/{rel}","templated":true}]}}