{"id":7624,"date":"2022-07-12T12:47:23","date_gmt":"2022-07-12T10:47:23","guid":{"rendered":"https:\/\/antoniuscaviar.com\/?page_id=7624"},"modified":"2022-11-04T10:12:34","modified_gmt":"2022-11-04T08:12:34","slug":"prezenty-dla-firm","status":"publish","type":"page","link":"https:\/\/antoniuscaviar.com\/pl\/prezenty-dla-firm\/","title":{"rendered":"Prezenty dla firm"},"content":{"rendered":"<section class=\"l-spacing l-spacing--m\"><\/section>\n\n\n<div class=\"l-inner l-inner--fullwidth-mobile \">\n\t<div class=\"c-image-text \">\n\t\t\t\t\t<div class=\"c-image-text__media\">\n\t\t\t\t<img decoding=\"async\" src=\"https:\/\/antoniuscaviar.com\/wp-content\/uploads\/2022\/07\/wine-and-cavior.png\" alt=\"Wine and cab\" \/>\n\t\t\t<\/div>\n\t\t\t\t\t\t\t<div class=\"c-image-text__content c-cms-content\">\n\t\t\t\t<h1>Prezenty dla firm<\/h1>\n<h2>Poszukujesz prezentu dla swoich pracownik\u00f3w, partner\u00f3w biznesowych lub klient\u00f3w?<\/h2>\n<p>Warto doceni\u0107 ich w niebanalny spos\u00f3b. Legendarny przysmak, jakim jest kawior, b\u0119dzie ku temu idealny. Produkt doskonale sprawdzi si\u0119 zar\u00f3wno solo, jak i w po\u0142\u0105czeniu z butelk\u0105 dobrej jako\u015bci alkoholu czy jako cz\u0119\u015b\u0107 wi\u0119kszego kosza prezentowego. Sprawd\u017a nasze propozycje.<\/p>\n\t\t\t<\/div>\n\t\t\t<\/div>\n<\/div>\n\n\n<section class=\"l-spacing l-spacing--l\"><\/section>\n\n\n\n<div class=\"l-inner l-inner--fullwidth-mobile \">\n\t<div class=\"c-columns\">\n\t\t\t\t\t<div class=\"c-columns__column\">\n\t\t\t\t<div class=\"c-cms-content\">\n\t\t\t\t\t<h4>Bony podarunkowe<\/h4>\n<p>To najprostsze rozwi\u0105zanie. Bony dost\u0119pne s\u0105 w r\u00f3\u017cnych wariantach dostosowanych do preferencji i bud\u017cetu.<br \/>\nMo\u017cesz je wygodnie wr\u0119czy\u0107 w ka\u017cdej chwili lub do\u0142o\u017cy\u0107 do innego prezentu. Obdarowana osoba otrzymuje natomiast produkt w dogodnym dla siebie terminie.<\/p>\n\t\t\t\t<\/div>\n\t\t\t<\/div>\n\t\t\t\t\t\t\t<div class=\"c-columns__column\">\n\t\t\t\t<div class=\"c-cms-content\">\n\t\t\t\t\t<h4>Kawior do osobistego wr\u0119czenia<\/h4>\n<p>Planujesz firmowy event, konferencj\u0119 czy gal\u0119? Posiadamy r\u00f3wnie\u017c dedykowane rozwi\u0105zania na takie okazje. Specjalnie zaprojektowane opakowania z wk\u0142adami termicznymi zagwarantuj\u0105 bezpieczn\u0105 temperatur\u0119 podczas wr\u0119czania prezentu i jego transportu do domu.<\/p>\n\t\t\t\t<\/div>\n\t\t\t<\/div>\n\t\t\t<\/div>\n<\/div>\n\n\n<section class=\"l-spacing l-spacing--l\"><\/section>\n\n\n<div class=\"l-inner l-inner--fullwidth-mobile \">\n\t<div class=\"c-image-text c-image-text--reversed\">\n\t\t\t\t\t<div class=\"c-image-text__media\">\n\t\t\t\t<img decoding=\"async\" src=\"https:\/\/antoniuscaviar.com\/wp-content\/uploads\/2022\/07\/cavior-in-box.png\" alt=\"Cavior in box\" \/>\n\t\t\t<\/div>\n\t\t\t\t\t\t\t<div class=\"c-image-text__content c-cms-content\">\n\t\t\t\t<h2>Bezpo\u015brednie wysy\u0142ki do wskazanych os\u00f3b<\/h2>\n<p>Produkt mo\u017cemy dostarczy\u0107 przesy\u0142k\u0105 kuriersk\u0105 bezpo\u015brednio do Twoich pracownik\u00f3w, partner\u00f3w biznesowych czy klient\u00f3w.<\/p>\n\t\t\t<\/div>\n\t\t\t<\/div>\n<\/div>\n\n\n<section class=\"l-spacing l-spacing--l\"><\/section>\n\n\n\t<div class=\"c-image-info-box \" style=\"background-image: url('https:\/\/antoniuscaviar.com\/wp-content\/uploads\/2022\/07\/caviar-bon.jpg');\">\n\t\t<div class=\"l-inner c-image-info-box__inner\">\n\t\t\t<div class=\"c-image-info-box__wrapper\">\n\t\t\t\t\t\t\t\t\t<h3 class=\"c-image-info-box__head t-headline-3 t-headline-4-mobile\">Obdaruj tych, kt\u00f3rych cenisz.<\/h3>\n\t\t\t\t\t\t\t\t\t\t\t\t\t<p class=\"c-image-info-box__content t-body-3\">Prze\u015blij zapytanie, a pomo\u017cemy Ci wybra\u0107 najlepsze rozwi\u0105zanie.<\/p>\n\t\t\t\t\t\t\t\t\t\t\t\t\t<a href=\"https:\/\/antoniuscaviar.com\/pl\/kontakt\/\" class=\"c-link c-link--border c-link--border-light c-link--upper t-body-3\" target=\"_blank\">Skontaktuj si\u0119 z nami<\/a>\n\t\t\t\t\t\t\t<\/div>\n\t\t<\/div>\n\t<\/div>\n","protected":false},"excerpt":{"rendered":"","protected":false},"author":284,"featured_media":0,"parent":0,"menu_order":0,"comment_status":"closed","ping_status":"closed","template":"","meta":{"inline_featured_image":false},"acf":[],"yoast_head":"<!-- This site is optimized with the Yoast SEO plugin v19.10 - https:\/\/yoast.com\/wordpress\/plugins\/seo\/ -->\n<title>Prezenty dla firm - Sklep \u2014 Antonius Caviar<\/title>\n<meta name=\"robots\" content=\"index, follow, max-snippet:-1, max-image-preview:large, max-video-preview:-1\" \/>\n<link rel=\"canonical\" href=\"https:\/\/antoniuscaviar.com\/pl\/prezenty-dla-firm\/\" \/>\n<meta property=\"og:locale\" content=\"pl_PL\" \/>\n<meta property=\"og:type\" content=\"article\" \/>\n<meta property=\"og:title\" content=\"Prezenty dla firm - Sklep \u2014 Antonius Caviar\" \/>\n<meta property=\"og:url\" content=\"https:\/\/antoniuscaviar.com\/pl\/prezenty-dla-firm\/\" \/>\n<meta property=\"og:site_name\" content=\"Sklep \u2014 Antonius Caviar\" \/>\n<meta property=\"article:modified_time\" content=\"2022-11-04T08:12:34+00:00\" \/>\n<meta name=\"twitter:card\" content=\"summary_large_image\" \/>\n<script type=\"application\/ld+json\" class=\"yoast-schema-graph\">{\"@context\":\"https:\/\/schema.org\",\"@graph\":[{\"@type\":\"WebPage\",\"@id\":\"https:\/\/antoniuscaviar.com\/pl\/prezenty-dla-firm\/\",\"url\":\"https:\/\/antoniuscaviar.com\/pl\/prezenty-dla-firm\/\",\"name\":\"Prezenty dla firm - Sklep \u2014 Antonius Caviar\",\"isPartOf\":{\"@id\":\"https:\/\/antoniuscaviar.com\/pl\/#website\"},\"datePublished\":\"2022-07-12T10:47:23+00:00\",\"dateModified\":\"2022-11-04T08:12:34+00:00\",\"breadcrumb\":{\"@id\":\"https:\/\/antoniuscaviar.com\/pl\/prezenty-dla-firm\/#breadcrumb\"},\"inLanguage\":\"pl-PL\",\"potentialAction\":[{\"@type\":\"ReadAction\",\"target\":[\"https:\/\/antoniuscaviar.com\/pl\/prezenty-dla-firm\/\"]}]},{\"@type\":\"BreadcrumbList\",\"@id\":\"https:\/\/antoniuscaviar.com\/pl\/prezenty-dla-firm\/#breadcrumb\",\"itemListElement\":[{\"@type\":\"ListItem\",\"position\":1,\"name\":\"Home\",\"item\":\"https:\/\/antoniuscaviar.com\/pl\/\"},{\"@type\":\"ListItem\",\"position\":2,\"name\":\"Prezenty dla firm\"}]},{\"@type\":\"WebSite\",\"@id\":\"https:\/\/antoniuscaviar.com\/pl\/#website\",\"url\":\"https:\/\/antoniuscaviar.com\/pl\/\",\"name\":\"Sklep \u2014 Antonius Caviar\",\"description\":\"\",\"potentialAction\":[{\"@type\":\"SearchAction\",\"target\":{\"@type\":\"EntryPoint\",\"urlTemplate\":\"https:\/\/antoniuscaviar.com\/pl\/?s={search_term_string}\"},\"query-input\":\"required name=search_term_string\"}],\"inLanguage\":\"pl-PL\"}]}<\/script>\n<!-- \/ Yoast SEO plugin. -->","yoast_head_json":{"title":"Prezenty dla firm - Sklep \u2014 Antonius Caviar","robots":{"index":"index","follow":"follow","max-snippet":"max-snippet:-1","max-image-preview":"max-image-preview:large","max-video-preview":"max-video-preview:-1"},"canonical":"https:\/\/antoniuscaviar.com\/pl\/prezenty-dla-firm\/","og_locale":"pl_PL","og_type":"article","og_title":"Prezenty dla firm - Sklep \u2014 Antonius Caviar","og_url":"https:\/\/antoniuscaviar.com\/pl\/prezenty-dla-firm\/","og_site_name":"Sklep \u2014 Antonius Caviar","article_modified_time":"2022-11-04T08:12:34+00:00","twitter_card":"summary_large_image","schema":{"@context":"https:\/\/schema.org","@graph":[{"@type":"WebPage","@id":"https:\/\/antoniuscaviar.com\/pl\/prezenty-dla-firm\/","url":"https:\/\/antoniuscaviar.com\/pl\/prezenty-dla-firm\/","name":"Prezenty dla firm - Sklep \u2014 Antonius Caviar","isPartOf":{"@id":"https:\/\/antoniuscaviar.com\/pl\/#website"},"datePublished":"2022-07-12T10:47:23+00:00","dateModified":"2022-11-04T08:12:34+00:00","breadcrumb":{"@id":"https:\/\/antoniuscaviar.com\/pl\/prezenty-dla-firm\/#breadcrumb"},"inLanguage":"pl-PL","potentialAction":[{"@type":"ReadAction","target":["https:\/\/antoniuscaviar.com\/pl\/prezenty-dla-firm\/"]}]},{"@type":"BreadcrumbList","@id":"https:\/\/antoniuscaviar.com\/pl\/prezenty-dla-firm\/#breadcrumb","itemListElement":[{"@type":"ListItem","position":1,"name":"Home","item":"https:\/\/antoniuscaviar.com\/pl\/"},{"@type":"ListItem","position":2,"name":"Prezenty dla firm"}]},{"@type":"WebSite","@id":"https:\/\/antoniuscaviar.com\/pl\/#website","url":"https:\/\/antoniuscaviar.com\/pl\/","name":"Sklep \u2014 Antonius Caviar","description":"","potentialAction":[{"@type":"SearchAction","target":{"@type":"EntryPoint","urlTemplate":"https:\/\/antoniuscaviar.com\/pl\/?s={search_term_string}"},"query-input":"required name=search_term_string"}],"inLanguage":"pl-PL"}]}},"_links":{"self":[{"href":"https:\/\/antoniuscaviar.com\/pl\/wp-json\/wp\/v2\/pages\/7624"}],"collection":[{"href":"https:\/\/antoniuscaviar.com\/pl\/wp-json\/wp\/v2\/pages"}],"about":[{"href":"https:\/\/antoniuscaviar.com\/pl\/wp-json\/wp\/v2\/types\/page"}],"author":[{"embeddable":true,"href":"https:\/\/antoniuscaviar.com\/pl\/wp-json\/wp\/v2\/users\/284"}],"replies":[{"embeddable":true,"href":"https:\/\/antoniuscaviar.com\/pl\/wp-json\/wp\/v2\/comments?post=7624"}],"version-history":[{"count":44,"href":"https:\/\/antoniuscaviar.com\/pl\/wp-json\/wp\/v2\/pages\/7624\/revisions"}],"predecessor-version":[{"id":7900,"href":"https:\/\/antoniuscaviar.com\/pl\/wp-json\/wp\/v2\/pages\/7624\/revisions\/7900"}],"wp:attachment":[{"href":"https:\/\/antoniuscaviar.com\/pl\/wp-json\/wp\/v2\/media?parent=7624"}],"curies":[{"name":"wp","href":"https:\/\/api.w.org\/{rel}","templated":true}]}}