{"id":7884,"date":"2020-06-30T13:04:14","date_gmt":"2020-06-30T11:04:14","guid":{"rendered":"https:\/\/antoniuscaviar.com\/contact\/"},"modified":"2023-02-13T11:48:34","modified_gmt":"2023-02-13T09:48:34","slug":"kontakt","status":"publish","type":"page","link":"https:\/\/antoniuscaviar.com\/pl\/kontakt\/","title":{"rendered":"Kontakt"},"content":{"rendered":"<section class=\"c-contact \">\n\t<div class=\"l-inner\">\n\t\t\t\t\t<h1 class=\"c-contact__head t-headline-3\">\n\t\t\t\tKontakt\t\t\t<\/h1>\n\t\t\t\t<div class=\"c-contact__wrapper\">\n\t\t\t<div class=\"c-contact__info c-contact-info\">\n\t\t\t\t\t\t\t\t\t<p class=\"c-contact-info__head t-body-3\">Wybierz kraj docelowy<\/p>\n\t\t\t\t\t\t\t\t\t\t\t\t\t<div class=\"c-contact-info__select c-custom-select\">\n\t\t\t\t\t\t<select name=\"contact-select\" id=\"contact-select\" class=\"c-custom-select__select js-custom-contact-select\" style=\"width: 100%;\">\n\t\t\t\t\t\t\t\t\t\t\t\t\t\t\t\t\t\t\t\t\t\t\t\t\t\t\t\t\t\t\t\t\t\t\t\t\t\t\t\t<option value=\"PL\">Polska<\/option>\n\t\t\t\t\t\t\t\t\t\t\t\t\t\t\t\t\t\t\t\t\t<\/select>\n\t\t\t\t\t<\/div>\n\t\t\t\t\t<div class=\"c-contact-info__wrapper\">\n\t\t\t\t\t\t\t\t\t\t\t\t\t\t\t\t\t\t\t\t\t\t\t\t\t\t\t\t<div class=\"c-contact-info__content c-cms-content js-contact-wysiwyg-texts  is-active\" data-country=\"PL\">\n\t\t\t\t\t\t\t\t\t<p>+48 505 692 980<\/p>\n<p><a href=\"mailto:contact@antoniuscaviar.com\">contact@antoniuscaviar.com<\/a><\/p>\n<p>&nbsp;<\/p>\n<p>Jeste\u015bmy do dyspozycji od poniedzia\u0142ku do pi\u0105tku, w godzinach 8:00-16:00<\/p>\n\t\t\t\t\t\t\t\t<\/div>\n\t\t\t\t\t\t\t\t\t\t\t\t\t\t\t\t\t\t<\/div>\n\t\t\t\t\t\t\t<\/div>\n\t\t\t\t\t\t\t\t\t\t\t<div class=\"c-contact__form\">\n\t\t\t\t\t\t\t\t\t\t\t<h5 class=\"c-contact__form-head t-headline-5\">Formularz kontaktowy<\/h5>\n\t\t\t\t\t\t\t\t\t\t\t\t\t\t\t\t<p class=\"c-contact__form-subhead t-body-3\">Wy\u015blij nam wiadomo\u015b\u0107 lub zostaw swoje dane, aby\u015bmy mogli si\u0119 z Tob\u0105 skontaktowa\u0107 bezpo\u015brednio.<\/p>\n\t\t\t\t\t\t\t\t\t\t\t\t\t\t\t\t<div role=\"form\" class=\"wpcf7\" id=\"wpcf7-f10446-o1\" lang=\"en-US\" dir=\"ltr\">\n<div class=\"screen-reader-response\"><p role=\"status\" aria-live=\"polite\" aria-atomic=\"true\"><\/p> <ul><\/ul><\/div>\n<form action=\"\/pl\/wp-json\/wp\/v2\/pages\/7884#wpcf7-f10446-o1\" method=\"post\" class=\"wpcf7-form init c-form c-form--contact\" novalidate=\"novalidate\" data-status=\"init\">\n<div style=\"display: none;\">\n<input type=\"hidden\" name=\"_wpcf7\" value=\"10446\" \/>\n<input type=\"hidden\" name=\"_wpcf7_version\" value=\"5.6.4\" \/>\n<input type=\"hidden\" name=\"_wpcf7_locale\" value=\"en_US\" \/>\n<input type=\"hidden\" name=\"_wpcf7_unit_tag\" value=\"wpcf7-f10446-o1\" \/>\n<input type=\"hidden\" name=\"_wpcf7_container_post\" value=\"0\" \/>\n<input type=\"hidden\" name=\"_wpcf7_posted_data_hash\" value=\"\" \/>\n<input type=\"hidden\" name=\"_wpcf7_recaptcha_response\" value=\"\" \/>\n<\/div>\n<div class=\"c-form__row c-form__row--select\">\n<span class=\"wpcf7-form-control-wrap\" data-name=\"distribution\"><select name=\"distribution\" class=\"wpcf7-form-control wpcf7-select wpcf7-validates-as-required custom-class t-body-3 c-form__select c-form__select--half js-custom-select\" aria-required=\"true\" aria-invalid=\"false\"><option value=\"\">Kraj\/Dystrybucja<\/option><option value=\"Polska\">Polska<\/option><option value=\"Europa\">Europa<\/option><option value=\"Afryka\">Afryka<\/option><option value=\"Ameryka P\u00f3\u0142nocna\">Ameryka P\u00f3\u0142nocna<\/option><option value=\"Ameryka Po\u0142udniowa\">Ameryka Po\u0142udniowa<\/option><option value=\"Australia\">Australia<\/option><option value=\"Azja\">Azja<\/option><\/select><\/span>\n\n<span class=\"wpcf7-form-control-wrap\" data-name=\"topic\"><select name=\"topic\" class=\"wpcf7-form-control wpcf7-select wpcf7-validates-as-required custom-class t-body-3 c-form__select c-form__select--half js-custom-select\" aria-required=\"true\" aria-invalid=\"false\"><option value=\"\">Temat<\/option><option value=\"Zam\u00f3wienia e-sklep\">Zam\u00f3wienia e-sklep<\/option><option value=\"Wsp\u00f3\u0142praca (HoReCa, sklepy, dystrybucja)\">Wsp\u00f3\u0142praca (HoReCa, sklepy, dystrybucja)<\/option><option value=\"Propozycja wsp\u00f3\u0142pracy (prasa, marketing, eventy, targi, transport)\">Propozycja wsp\u00f3\u0142pracy (prasa, marketing, eventy, targi, transport)<\/option><option value=\"Inne\">Inne<\/option><\/select><\/span>\n<\/div>\n\n<div class=\"c-form__row js-input-wrapper\">\n<label class=\"c-form__label t-body-3\" for=\"contact-email\">Tw\u00f3j adres email<\/label>\n<span class=\"wpcf7-form-control-wrap\" data-name=\"your_email\"><input type=\"email\" name=\"your_email\" value=\"\" size=\"40\" class=\"wpcf7-form-control wpcf7-text wpcf7-email wpcf7-validates-as-required wpcf7-validates-as-email c-form__input js-input t-body-3 custom-class\" id=\"contact-email\" aria-required=\"true\" aria-invalid=\"false\" \/><\/span>\n<\/div>\n\n<div class=\"c-form__row js-input-wrapper\">\n<label class=\"c-form__label t-body-3\" for=\"name\">Imi\u0119 i nazwisko<\/label>\n<span class=\"wpcf7-form-control-wrap\" data-name=\"your_name\"><input type=\"text\" name=\"your_name\" value=\"\" size=\"40\" class=\"wpcf7-form-control wpcf7-text wpcf7-validates-as-required c-form__input t-body-3 custom-class js-input\" id=\"name\" aria-required=\"true\" aria-invalid=\"false\" \/><\/span>\n<\/div>\n\n<div class=\"c-form__row js-input-wrapper\">\n<label class=\"c-form__label t-body-3\" for=\"message\">Wiadomo\u015b\u0107<\/label>\n<span class=\"wpcf7-form-control-wrap\" data-name=\"your_message\"><textarea name=\"your_message\" cols=\"10\" rows=\"1\" maxlength=\"600\" class=\"wpcf7-form-control wpcf7-textarea wpcf7-validates-as-required c-form__textarea t-body-3 js-input custom-class\" id=\"message\" aria-required=\"true\" aria-invalid=\"false\"><\/textarea><\/span>\n<span class=\"wpcf7-character-count up\" data-target-name=\"your_message\" data-starting-value=\"0\" data-current-value=\"0\" data-maximum-value=\"600\">0<\/span>\n<\/div>\n\n<input type=\"submit\" value=\"WY\u015aLIJ WIADOMO\u015a\u0106\" class=\"wpcf7-form-control has-spinner wpcf7-submit custom-class c-button c-button--light t-body-3\" \/><div class=\"wpcf7-response-output\" aria-hidden=\"true\"><\/div><\/form><\/div>\t\t\t\t\t\t\t\t\t<\/div>\n\t\t\t\t\t<\/div>\n\t<\/div>\n<\/section>\n<section class=\"c-follow\">\n\t<div class=\"l-inner\">\n\t\t<div class=\"c-follow__wrapper\">\n\t\t\t<span class=\"c-follow__title t-body-3\">\n\t\t\t\tObserwuj nas:\t\t\t<\/span>\n\t\t\t<ul class=\"c-follow__list\">\n\t\t\t\t<li class=\"c-follow__list-item\">\n\t\t\t\t\t<a href=\"https:\/\/www.facebook.com\/antoniuscaviar\" target=\"_blank\" rel=\"noopener noreferrer\" class=\"c-follow__list-link\">\n\t\t\t\t\t\t<svg xmlns=\"http:\/\/www.w3.org\/2000\/svg\" width=\"20\" height=\"20\" fill=\"currentColor\"><title>Facebook<\/title><path d=\"M10 2a8 8 0 1 0 0 16 8 8 0 0 0 0-16Zm2.787 5.333h-1.152c-.718 0-.968.379-.968 1.146v.854h2.102l-.285 2h-1.817v5.3a6.707 6.707 0 0 1-2-.1v-5.2h-2v-2h2V8.26c0-2.033.99-2.926 2.68-2.926.81 0 1.238.06 1.44.088v1.912Z\"\/><\/svg>\n\t\t\t\t\t<\/a>\n\t\t\t\t<\/li>\n\t\t\t\t<li class=\"c-follow__list-item\">\n\t\t\t\t\t<a href=\"https:\/\/www.instagram.com\/antoniuscaviar\/\" target=\"_blank\" rel=\"noopener noreferrer\" class=\"c-follow__list-link\">\n\t\t\t\t\t\t<svg xmlns=\"http:\/\/www.w3.org\/2000\/svg\" width=\"20\" height=\"20\" fill=\"currentColor\"><title>Instagram<\/title><path d=\"M6.665 2A4.672 4.672 0 0 0 2 6.668v6.667A4.672 4.672 0 0 0 6.668 18h6.667A4.672 4.672 0 0 0 18 13.332V6.665A4.672 4.672 0 0 0 13.332 2H6.665Zm8.002 2.667a.667.667 0 1 1 0 1.333.667.667 0 0 1 0-1.333ZM10 6c2.206 0 4 1.794 4 4s-1.794 4-4 4-4-1.794-4-4 1.794-4 4-4Zm0 1.333a2.667 2.667 0 1 0 0 5.334 2.667 2.667 0 0 0 0-5.334Z\"\/><\/svg>\n\t\t\t\t\t<\/a>\n\t\t\t\t<\/li>\n\t\t\t\t<li class=\"c-follow__list-item\">\n\t\t\t\t\t<a href=\"https:\/\/www.linkedin.com\/company\/antoniuscaviar\" target=\"_blank\" rel=\"noopener noreferrer\" class=\"c-follow__list-link\">\n\t\t\t\t\t\t<svg width=\"20\" height=\"20\" viewBox=\"0 0 20 20\" fill=\"currentColor\" xmlns=\"http:\/\/www.w3.org\/2000\/svg\"><title>LinkedIn<\/title><path fill-rule=\"evenodd\" clip-rule=\"evenodd\" d=\"M3.70483 5.29933C4.78305 5.29933 5.47253 4.56652 5.47253 3.661C5.45186 2.71147 4.78304 2 3.72549 2C2.6686 2 1.97914 2.71147 2.00048 3.661C1.97914 4.56652 2.66862 5.29933 3.70483 5.29933ZM2.08717 6.59359V17.1404H5.36516V6.59359H2.08717ZM7.90599 6.595C7.94933 7.52252 7.99268 8.64408 7.99268 9.95968H7.994V17.1425H11.272V11.0599C11.272 10.7572 11.3147 10.4558 11.4014 10.2397C11.6168 9.63628 12.1555 9.01082 13.0617 9.01082C14.248 9.01082 14.722 9.93767 14.722 11.2973V17.1425H18.0001V10.8865C18.0001 7.78191 16.3824 6.35828 14.226 6.35828C12.4789 6.35828 11.4007 7.37116 10.9693 8.03996H10.9046L10.7532 6.595H7.90599Z\"\/><\/svg>\n\t\t\t\t\t<\/a>\n\t\t\t\t<\/li>\n\t\t\t\t<li class=\"c-follow__list-item\">\n\t\t\t\t\t<a href=\"https:\/\/www.youtube.com\/@antoniuscaviar\" target=\"_blank\" rel=\"noopener noreferrer\" class=\"c-follow__list-link\">\n\t\t\t\t\t\t<svg width=\"20\" height=\"20\" viewBox=\"0 0 20 20\" fill=\"currentColor\" xmlns=\"http:\/\/www.w3.org\/2000\/svg\"><title>Youtube<\/title><path fill-rule=\"evenodd\" clip-rule=\"evenodd\" d=\"M18 6.39234C18.0001 6.07817 17.9383 5.76707 17.8181 5.4768C17.698 5.18652 17.5218 4.92277 17.2997 4.70061C17.0775 4.47844 16.8138 4.30222 16.5236 4.18201C16.2333 4.0618 15.9222 3.99995 15.6081 4H4.39155C4.07742 4 3.76637 4.06188 3.47616 4.18212C3.18595 4.30236 2.92228 4.47859 2.70019 4.70075C2.4781 4.92291 2.30196 5.18664 2.18182 5.47689C2.06168 5.76713 1.9999 6.07821 2 6.39234V12.8073C1.99995 13.1214 2.06177 13.4324 2.18193 13.7227C2.30208 14.0129 2.47823 14.2766 2.70031 14.4987C2.92238 14.7209 3.18604 14.8971 3.47622 15.0174C3.76641 15.1376 4.07744 15.1996 4.39155 15.1996H15.6081C15.9222 15.1997 16.2333 15.1378 16.5236 15.0176C16.8138 14.8974 17.0775 14.7212 17.2997 14.499C17.5218 14.2768 17.698 14.0131 17.8181 13.7228C17.9383 13.4325 18.0001 13.1214 18 12.8073V6.39234ZM8.4 12.3062V6.28072L12.9701 9.29285L8.4 12.3062Z\"\/><\/svg>\n\t\t\t\t\t<\/a>\n\t\t\t\t<\/li>\n\t\t\t<\/ul>\n\t\t<\/div>\n\t<\/div>\n<\/section>\n\t<section class=\"c-distribution-info\">\n\t\t<div class=\"l-inner c-distribution-info__inner\">\n\t\t\t<ul class=\"c-distribution-info__list\">\n\t\t\t\t\t\t\t\t\t\t\t\t\t\t\t\t\t\t\t\t<li class=\"c-distribution-info__list-item js-contact-distribution-item  is-active\" data-country=\"Polska\">\n\t\t\t\t\t\t\t<div class=\"c-distribution-item\">\n\t\t\t\t\t\t\t\t\t\t\t\t\t\t\t\t\t<h3 class=\"c-distribution-item__head t-headline-3\">\n\t\t\t\t\t\t\t\t\t\tAntonius Caviar siedziba g\u0142\u00f3wna\t\t\t\t\t\t\t\t\t<\/h3>\n\t\t\t\t\t\t\t\t\t\t\t\t\t\t\t\t<div class=\"c-distribution-item__wrapper\">\n\t\t\t\t\t\t\t\t\t\t\t\t\t\t\t\t\t\t\t<div class=\"c-distribution-item__content c-cms-content\">\n\t\t\t\t\t\t\t\t\t\t\t<p>Gospodarstwo Rybackie<br \/>\n\u201cGOS\u0141AWICE\u201d sp. z o.o.<\/p>\n<p>ul. Rybacka 2,<br \/>\n62-510 Konin,<br \/>\nPolska<\/p>\n<p>VAT ID: PL6652552177<br \/>\nKRS: 0000019417<br \/>\nREGON: 311495660<\/p>\n\t\t\t\t\t\t\t\t\t\t<\/div>\n\t\t\t\t\t\t\t\t\t\t\t\t\t\t\t\t\t\t\t\t\t\t\t\t\t\t\t\t<div class=\"c-distribution-item__note c-cms-content\">\n\t\t\t\t\t\t\t\t\t\t\t<p>Uwaga &#8211; w tej lokalizacji nie prowadzimy sprzeda\u017cy detalicznej. W celu dokonania zakup\u00f3w zapraszamy do naszego sklepu internetowego lub do kontaktu telefonicznego.<\/p>\n\t\t\t\t\t\t\t\t\t\t<\/div>\n\t\t\t\t\t\t\t\t\t\t\t\t\t\t\t\t\t<\/div>\n\t\t\t\t\t\t\t<\/div>\n\t\t\t\t\t\t<\/li>\n\t\t\t\t\t\t\t\t\t\t\t\t<\/ul>\n\t\t<\/div>\n\t<\/section>\n\n\n\t<div class=\"c-image-info-box \" style=\"background-image: url('https:\/\/antoniuscaviar.com\/wp-content\/uploads\/2022\/11\/MG_9550-uciet1.jpg');\">\n\t\t<div class=\"l-inner c-image-info-box__inner\">\n\t\t\t<div class=\"c-image-info-box__wrapper\">\n\t\t\t\t\t\t\t\t\t<h3 class=\"c-image-info-box__head t-headline-3 t-headline-4-mobile\">Poznaj naszych przedstawicieli w innych krajach<\/h3>\n\t\t\t\t\t\t\t\t\t\t\t\t\t<p class=\"c-image-info-box__content t-body-3\">Wsp\u00f3\u0142pracujemy z dystrybutorami na ca\u0142ym \u015bwiecie. Zobacz, gdzie nas znajdziesz.<\/p>\n\t\t\t\t\t\t\t\t\t\t\t\t\t<a href=\"https:\/\/antoniuscaviar.com\/pl\/dystrybutorzy\/\" class=\"c-link c-link--border c-link--border-light c-link--upper t-body-3\" >Dystrybutorzy<\/a>\n\t\t\t\t\t\t\t<\/div>\n\t\t<\/div>\n\t<\/div>\n","protected":false},"excerpt":{"rendered":"","protected":false},"author":11,"featured_media":0,"parent":0,"menu_order":0,"comment_status":"closed","ping_status":"closed","template":"","meta":{"inline_featured_image":false},"acf":[],"yoast_head":"<!-- This site is optimized with the Yoast SEO plugin v19.10 - https:\/\/yoast.com\/wordpress\/plugins\/seo\/ -->\n<title>Kontakt - Sklep \u2014 Antonius Caviar<\/title>\n<meta name=\"robots\" content=\"index, follow, max-snippet:-1, max-image-preview:large, max-video-preview:-1\" \/>\n<link rel=\"canonical\" href=\"https:\/\/antoniuscaviar.com\/pl\/kontakt\/\" \/>\n<meta property=\"og:locale\" content=\"pl_PL\" \/>\n<meta property=\"og:type\" content=\"article\" \/>\n<meta property=\"og:title\" content=\"Kontakt - Sklep \u2014 Antonius Caviar\" \/>\n<meta property=\"og:url\" content=\"https:\/\/antoniuscaviar.com\/pl\/kontakt\/\" \/>\n<meta property=\"og:site_name\" content=\"Sklep \u2014 Antonius Caviar\" \/>\n<meta property=\"article:modified_time\" content=\"2023-02-13T09:48:34+00:00\" \/>\n<meta name=\"twitter:card\" content=\"summary_large_image\" \/>\n<script type=\"application\/ld+json\" class=\"yoast-schema-graph\">{\"@context\":\"https:\/\/schema.org\",\"@graph\":[{\"@type\":\"WebPage\",\"@id\":\"https:\/\/antoniuscaviar.com\/pl\/kontakt\/\",\"url\":\"https:\/\/antoniuscaviar.com\/pl\/kontakt\/\",\"name\":\"Kontakt - Sklep \u2014 Antonius Caviar\",\"isPartOf\":{\"@id\":\"https:\/\/antoniuscaviar.com\/pl\/#website\"},\"datePublished\":\"2020-06-30T11:04:14+00:00\",\"dateModified\":\"2023-02-13T09:48:34+00:00\",\"breadcrumb\":{\"@id\":\"https:\/\/antoniuscaviar.com\/pl\/kontakt\/#breadcrumb\"},\"inLanguage\":\"pl-PL\",\"potentialAction\":[{\"@type\":\"ReadAction\",\"target\":[\"https:\/\/antoniuscaviar.com\/pl\/kontakt\/\"]}]},{\"@type\":\"BreadcrumbList\",\"@id\":\"https:\/\/antoniuscaviar.com\/pl\/kontakt\/#breadcrumb\",\"itemListElement\":[{\"@type\":\"ListItem\",\"position\":1,\"name\":\"Home\",\"item\":\"https:\/\/antoniuscaviar.com\/pl\/\"},{\"@type\":\"ListItem\",\"position\":2,\"name\":\"Kontakt\"}]},{\"@type\":\"WebSite\",\"@id\":\"https:\/\/antoniuscaviar.com\/pl\/#website\",\"url\":\"https:\/\/antoniuscaviar.com\/pl\/\",\"name\":\"Sklep \u2014 Antonius Caviar\",\"description\":\"\",\"potentialAction\":[{\"@type\":\"SearchAction\",\"target\":{\"@type\":\"EntryPoint\",\"urlTemplate\":\"https:\/\/antoniuscaviar.com\/pl\/?s={search_term_string}\"},\"query-input\":\"required name=search_term_string\"}],\"inLanguage\":\"pl-PL\"}]}<\/script>\n<!-- \/ Yoast SEO plugin. -->","yoast_head_json":{"title":"Kontakt - Sklep \u2014 Antonius Caviar","robots":{"index":"index","follow":"follow","max-snippet":"max-snippet:-1","max-image-preview":"max-image-preview:large","max-video-preview":"max-video-preview:-1"},"canonical":"https:\/\/antoniuscaviar.com\/pl\/kontakt\/","og_locale":"pl_PL","og_type":"article","og_title":"Kontakt - Sklep \u2014 Antonius Caviar","og_url":"https:\/\/antoniuscaviar.com\/pl\/kontakt\/","og_site_name":"Sklep \u2014 Antonius Caviar","article_modified_time":"2023-02-13T09:48:34+00:00","twitter_card":"summary_large_image","schema":{"@context":"https:\/\/schema.org","@graph":[{"@type":"WebPage","@id":"https:\/\/antoniuscaviar.com\/pl\/kontakt\/","url":"https:\/\/antoniuscaviar.com\/pl\/kontakt\/","name":"Kontakt - Sklep \u2014 Antonius Caviar","isPartOf":{"@id":"https:\/\/antoniuscaviar.com\/pl\/#website"},"datePublished":"2020-06-30T11:04:14+00:00","dateModified":"2023-02-13T09:48:34+00:00","breadcrumb":{"@id":"https:\/\/antoniuscaviar.com\/pl\/kontakt\/#breadcrumb"},"inLanguage":"pl-PL","potentialAction":[{"@type":"ReadAction","target":["https:\/\/antoniuscaviar.com\/pl\/kontakt\/"]}]},{"@type":"BreadcrumbList","@id":"https:\/\/antoniuscaviar.com\/pl\/kontakt\/#breadcrumb","itemListElement":[{"@type":"ListItem","position":1,"name":"Home","item":"https:\/\/antoniuscaviar.com\/pl\/"},{"@type":"ListItem","position":2,"name":"Kontakt"}]},{"@type":"WebSite","@id":"https:\/\/antoniuscaviar.com\/pl\/#website","url":"https:\/\/antoniuscaviar.com\/pl\/","name":"Sklep \u2014 Antonius Caviar","description":"","potentialAction":[{"@type":"SearchAction","target":{"@type":"EntryPoint","urlTemplate":"https:\/\/antoniuscaviar.com\/pl\/?s={search_term_string}"},"query-input":"required name=search_term_string"}],"inLanguage":"pl-PL"}]}},"_links":{"self":[{"href":"https:\/\/antoniuscaviar.com\/pl\/wp-json\/wp\/v2\/pages\/7884"}],"collection":[{"href":"https:\/\/antoniuscaviar.com\/pl\/wp-json\/wp\/v2\/pages"}],"about":[{"href":"https:\/\/antoniuscaviar.com\/pl\/wp-json\/wp\/v2\/types\/page"}],"author":[{"embeddable":true,"href":"https:\/\/antoniuscaviar.com\/pl\/wp-json\/wp\/v2\/users\/11"}],"replies":[{"embeddable":true,"href":"https:\/\/antoniuscaviar.com\/pl\/wp-json\/wp\/v2\/comments?post=7884"}],"version-history":[{"count":41,"href":"https:\/\/antoniuscaviar.com\/pl\/wp-json\/wp\/v2\/pages\/7884\/revisions"}],"predecessor-version":[{"id":12377,"href":"https:\/\/antoniuscaviar.com\/pl\/wp-json\/wp\/v2\/pages\/7884\/revisions\/12377"}],"wp:attachment":[{"href":"https:\/\/antoniuscaviar.com\/pl\/wp-json\/wp\/v2\/media?parent=7884"}],"curies":[{"name":"wp","href":"https:\/\/api.w.org\/{rel}","templated":true}]}}