{"id":7908,"date":"2022-01-14T14:49:29","date_gmt":"2022-01-14T12:49:29","guid":{"rendered":"https:\/\/antoniuscaviar.com\/about-us\/"},"modified":"2023-01-20T11:02:26","modified_gmt":"2023-01-20T09:02:26","slug":"o-nas","status":"publish","type":"page","link":"https:\/\/antoniuscaviar.com\/pl\/o-nas\/","title":{"rendered":"O nas"},"content":{"rendered":"<div class=\"l-discover\">\n\t\t<div class=\"l-discover__resized-video js-resized-video-wrapper\">\n\t\t<span class=\"c-video-box__close js-video-close\">\n\t\t\t<svg width=\"32\" height=\"32\" viewBox=\"0 0 32 32\" xmlns=\"http:\/\/www.w3.org\/2000\/svg\">\n\t\t\t\t<path d=\"M4.93953 4.02002L4.01953 4.94002L15.0795 16L4.01953 27.06L4.93953 27.98L15.9995 16.92L27.0595 27.98L27.9795 27.06L16.9195 16L27.9795 4.94002L27.0595 4.02002L15.9995 15.08L4.93953 4.02002Z\"\/>\n\t\t\t<\/svg>\n\t\t<\/span>\n\t\t<div style=\"padding:56.25% 0 0 0;position:relative;\">\n\t\t\t<iframe class=\"js-resized-video l-discover__resized-video-iframe\" src=\"https:\/\/player.vimeo.com\/video\/776505902\" frameborder=\"0\" allow=\"autoplay; fullscreen; picture-in-picture\" allowfullscreen><\/iframe>\n\t\t<\/div>\n\t\t<script src=\"https:\/\/player.vimeo.com\/api\/player.js\"><\/script>\n\t<\/div>\n\t<div class=\"js-video-anim-trigger\">\n\t\t\t<nav class=\"l-discover__navigation\">\n\t\t<div class=\"l-inner\">\n\t\t\t<ul class=\"c-categories__list\">\n\t\t\t\t\t\t\t\t\t\t\t\t\t\t\t\t\t\t\t\t<li class=\"c-categories__list-item t-body-3  is-active\" >\n\t\t\t\t\t\t\t<a href=\"https:\/\/antoniuscaviar.com\/pl\/o-nas\/\" class=\"c-link c-link--border\">O nas<\/a>\n\t\t\t\t\t\t<\/li>\n\t\t\t\t\t\t\t\t\t\t\t\t\t\t\t\t\t\t\t\t\t\t\t\t\t<li class=\"c-categories__list-item t-body-3 \" >\n\t\t\t\t\t\t\t<a href=\"https:\/\/antoniuscaviar.com\/pl\/nasze-wartosci\/\" class=\"c-link c-link--border\">Nasze warto\u015bci<\/a>\n\t\t\t\t\t\t<\/li>\n\t\t\t\t\t\t\t\t\t\t\t\t\t\t\t\t\t\t\t\t\t\t\t\t\t<li class=\"c-categories__list-item t-body-3 \" >\n\t\t\t\t\t\t\t<a href=\"https:\/\/antoniuscaviar.com\/pl\/hodowla\/\" class=\"c-link c-link--border\">Hodowla<\/a>\n\t\t\t\t\t\t<\/li>\n\t\t\t\t\t\t\t\t\t\t\t\t<\/ul>\n\t\t<\/div>\n\t<\/nav>\n\t\t<section class=\"l-spacing l-spacing--l\"><\/section>\n\t\t\t<section class=\"l-discover__section js-discover-heading-section\">\n\t\t<div class=\"l-inner\">\n\t\t\t<div class=\"c-discover__heading\">\n\t\t\t\t\t\t\t\t\t<h1 class=\"c-discover__heading-title t-headline-4 t-upper\">\n\t\t\t\t\t\tNASZA PASJA, NASZA DUMA, NASZE \u017bYCIE\t\t\t\t\t<\/h1>\n\t\t\t\t\t\t\t\t\t\t\t\t\t<p class=\"c-discover__heading-desc t-body-large\">\n\t\t\t\t\t\tFirma i ludzie\t\t\t\t\t<\/p>\n\t\t\t\t\t\t\t<\/div>\n\t\t<\/div>\n\t<\/section>\n\t\t<section class=\"l-spacing l-spacing--l\"><\/section>\n\t\t\t<section class=\"l-discover__section js-discover-video-section\">\n\t\t<div class=\"l-inner l-inner--fullwidth-mobile\">\n\t\t\t<div class=\"c-discover__video js-small-video-wrapper\">\n\t\t\t\t<span class=\"c-discover__video-icon\">\n\t\t\t\t\t\t\t\t\t\t\t<span class=\"c-button c-button--bordered-white\">\n\t\t\t\t\t\t\tObejrzyj film o nas\t\t\t\t\t\t<\/span>\n\t\t\t\t\t\t\t\t\t<\/span>\n\t\t\t\t<div class=\"c-video-box\" style=\"background-image: url('https:\/\/antoniuscaviar.com\/wp-content\/uploads\/2022\/03\/hero.jpeg');\">\n\t\t\t\t\t<video class=\"c-video-box__video js-small-video\" poster=\"https:\/\/antoniuscaviar.com\/wp-content\/uploads\/2022\/03\/hero.jpeg\" autoplay muted loop playsinline data-keepplaying>\n\t\t\t\t\t\t<source src=\"https:\/\/antoniuscaviar.com\/wp-content\/uploads\/2022\/11\/teaser-1.mp4\" type=\"video\/mp4\">\n\t\t\t\t\t<\/video>\n\t\t\t\t<\/div>\n\t\t\t\t<img decoding=\"async\" src=\"https:\/\/antoniuscaviar.com\/wp-content\/uploads\/2022\/03\/hero.jpeg\" alt=\"\" class=\"c-discover__video-placeholder\">\n\t\t\t<\/div>\n\t\t<\/div>\n\t<\/section>\n\t<\/div>\n\t<section class=\"l-spacing l-spacing--l l-spacing--none-desktop\"><\/section>\n\n\t\t\t\t<section class=\"l-discover__section\">\n\t\t\t<div class=\"l-inner\">\n\t\t\t\t<div class=\"c-discover__image\">\n\t\t\t\t\t\t\t\t\t\t\t<p class=\"c-discover__image-text t-body-large js-reveal-top\">\n\t\t\t\t\t\t\tJeste\u015bmy firm\u0105 rodzinn\u0105 z wieloletnimi tradycjami hodowlanymi. Nasza pasja do ryb zacz\u0119\u0142a si\u0119 kilkadziesi\u0105t lat temu  &#8211; zapocz\u0105tkowa\u0142 j\u0105 Antoni \u0141akomiak. To od jego imienia &#8211; wedle pomys\u0142u i woli pracownik\u00f3w, jako uhonorowanie jego wk\u0142adu                       w rozw\u00f3j firmy, nazw\u0119 otrzyma\u0142a marka naszego kawioru. W \u015blad za ojcem posz\u0142y dzieci, wypracowuj\u0105c najlepsze praktyki \u015bwiatowej akwakultury. Pracuj\u0105 z nami ca\u0142e wielopokoleniowe rodziny. \t\t\t\t\t\t<\/p>\n\t\t\t\t\t\t\t\t\t\t\t\t\t\t\t\t<div class=\"c-discover__image-media c-discover__image-media--spacing-9 js-reveal-top\">\n\t\t\t\t\t\t\t<img decoding=\"async\" src=\"https:\/\/antoniuscaviar.com\/wp-content\/uploads\/2022\/03\/image-text-1.jpeg\" alt=\"\">\n\t\t\t\t\t\t<\/div>\n\t\t\t\t\t\t\t\t\t<\/div>\n\t\t\t<\/div>\n\t\t<\/section>\n\t\t<section class=\"l-spacing l-spacing--l\"><\/section>\n\t\t\n\t\t\t\t<section class=\"l-discover__section js-reveal-top\">\n\t\t\t<div class=\"l-inner\">\n\t\t\t\t<div class=\"c-discover__quote\">\n\t\t\t\t\t<p class=\"c-discover__quote-text\">\n\t\t\t\t\t\tTworzymy z\u017cyt\u0105 spo\u0142eczno\u015b\u0107, kt\u00f3rej bliski jest etos ci\u0119\u017ckiej pracy, szczera troska o dobrostan ryb i g\u0142\u0119bokie poszanowanie natury.\t\t\t\t\t<\/p>\n\t\t\t\t<\/div>\n\t\t\t<\/div>\n\t\t<\/section>\n\t\t<section class=\"l-spacing l-spacing--l\"><\/section>\n\t\t\n\t\t\t\t<section class=\"l-discover__section\">\n\t\t\t<div class=\"l-inner l-inner--fullwidth-mobile\">\n\t\t\t\t<div class=\"c-discover__image c-discover__image--space-between c-discover__image--reverse c-discover__image--fullwidth\">\n\t\t\t\t\t\t\t\t\t\t\t<p class=\"c-discover__image-text t-body-large js-reveal-top\">\n\t\t\t\t\t\t\tDo rozpocz\u0119cia produkcji kawioru dochodzili\u015bmy stopniowo.\u00a0Antonius Caviar jest owocem wieloletniej hodowli jesiotr\u00f3w po\u0142\u0105czonej z dekad\u0105 intensywnych przygotowa\u0144. Marka powsta\u0142a w 2014 roku na bazie ogromnej wiedzy naszych pracownik\u00f3w i ich \u015bcis\u0142ej wsp\u00f3\u0142pracy z naukowcami.\u00a0Dzi\u0119ki cierpliwo\u015bci i skupieniu na ka\u017cdym detalu tworzymy produkt doceniany przez smakoszy na ca\u0142ym \u015bwiecie. <br \/>\r\nObecnie nasza firma jest ju\u017c pierwszym w Europie i drugim na \u015bwiecie producentem kawioru z jesiotra.\t\t\t\t\t\t<\/p>\n\t\t\t\t\t\t\t\t\t\t<div class=\"c-discover__image-media js-reveal-top\">\n\t\t\t\t\t\t<img decoding=\"async\" src=\"https:\/\/antoniuscaviar.com\/wp-content\/uploads\/2022\/03\/image-text-2.jpeg\" alt=\"\">\n\t\t\t\t\t<\/div>\n\t\t\t\t<\/div>\n\t\t\t<\/div>\n\t\t<\/section>\n\t\t<section class=\"l-spacing l-spacing--l l-spacing--xl-desktop\"><\/section>\n\t\t\n\t\t\t\t\t\t<section class=\"l-discover__section\">\n\t\t\t<div class=\"l-inner\">\n\t\t\t\t<ul class=\"c-numbers\">\n\t\t\t\t\t<li class=\"c-numbers__item js-number\">\n\t\t\t\t\t\t<div class=\"c-numbers__item-wrapper\">\n\t\t\t\t\t\t\t\t\t\t\t\t\t\t\t<h3 class=\"c-numbers__heading t-upper\">\n\t\t\t\t\t\t\t\t\t50 lat\t\t\t\t\t\t\t\t<\/h3>\n\t\t\t\t\t\t\t\t\t\t\t\t\t\t\t\t\t\t\t\t\t\t<p class=\"c-numbers__desc t-body-large\">\n\t\t\t\t\t\t\t\t\tdo\u015bwiadczenia\t\t\t\t\t\t\t\t<\/p>\n\t\t\t\t\t\t\t\t\t\t\t\t\t<\/div>\n\t\t\t\t\t<\/li>\n\t\t\t\t\t<li class=\"c-numbers__item c-numbers__item--dual js-number\">\n\t\t\t\t\t\t<div class=\"c-numbers__item-wrapper\">\n\t\t\t\t\t\t\t\t\t\t\t\t\t\t\t<h3 class=\"c-numbers__heading t-upper\">\n\t\t\t\t\t\t\t\t\t2\t\t\t\t\t\t\t\t<\/h3>\n\t\t\t\t\t\t\t\t\t\t\t\t\t\t\t\t\t\t\t\t\t\t<p class=\"c-numbers__desc t-body-large\">\n\t\t\t\t\t\t\t\t\tproducent kawioru na \u015bwiecie\t\t\t\t\t\t\t\t<\/p>\n\t\t\t\t\t\t\t\t\t\t\t\t\t<\/div>\n\t\t\t\t\t\t<div class=\"c-numbers__item-wrapper\">\n\t\t\t\t\t\t\t\t\t\t\t\t\t\t\t<h3 class=\"c-numbers__heading t-upper\">\n\t\t\t\t\t\t\t\t\t1\t\t\t\t\t\t\t\t<\/h3>\n\t\t\t\t\t\t\t\t\t\t\t\t\t\t\t\t\t\t\t\t\t\t<p class=\"c-numbers__desc t-body-large\">\n\t\t\t\t\t\t\t\t\tproducent kawioru w Europie\t\t\t\t\t\t\t\t<\/p>\n\t\t\t\t\t\t\t\t\t\t\t\t\t<\/div>\n\t\t\t\t\t<\/li>\n\t\t\t\t<\/ul>\n\t\t\t<\/div>\n\t\t<\/section>\n\t\t<section class=\"l-spacing l-spacing--l l-spacing--xl-desktop\"><\/section>\n\t\t\n\t\t\t\t<section class=\"l-discover__section js-reveal-top\">\n\t\t\t<div class=\"l-inner\">\n\t\t\t\t<figure class=\"c-simple-image\">\n\t\t\t\t\t<img decoding=\"async\" src=\"https:\/\/antoniuscaviar.com\/wp-content\/uploads\/2022\/03\/simple-image-2.jpeg\" alt=\"\">\n\t\t\t\t<\/figure>\n\t\t\t<\/div>\n\t\t<\/section>\n\t\t<section class=\"l-spacing l-spacing--l\"><\/section>\n\t\t\n\t\t\t\t<section class=\"l-discover__section js-reveal-top\">\n\t\t\t<div class=\"l-inner\">\n\t\t\t\t<div class=\"c-discover__heading\">\n\t\t\t\t\t<h2 class=\"c-discover__heading-title t-headline-4 t-upper\">\n\t\t\t\t\t\tWprawna r\u0119ka, czujne oko, otwarte serce\t\t\t\t\t<\/h2>\n\t\t\t\t<\/div>\n\t\t\t<\/div>\n\t\t<\/section>\n\t\t<section class=\"l-spacing l-spacing--l\"><\/section>\n\t\t\n\t\t\t\t<section class=\"l-discover__section\">\n\t\t\t<div class=\"l-inner l-inner--fullwidth-mobile\">\n\t\t\t\t<div class=\"c-discover__image c-discover__image--fullwidth\">\n\t\t\t\t\t\t\t\t\t\t\t<p class=\"c-discover__image-text t-body-large js-reveal-top\">\n\t\t\t\t\t\t\tNa sukces marki pracuje bezustannie ca\u0142e grono pasjonat\u00f3w. S\u0105 w\u015br\u00f3d nich rybacy, ichtiolodzy, technolodzy \u017cywno\u015bci, biolodzy, naukowcy i specjali\u015bci wielu innych fach\u00f3w. To ich wsp\u00f3lny trud, uwaga i dba\u0142o\u015b\u0107 o najmniejsze detale przek\u0142adaj\u0105 si\u0119 na wyj\u0105tkow\u0105 jako\u015b\u0107 naszego produktu. Zaanga\u017cowanie pracownik\u00f3w, ich mi\u0142o\u015b\u0107 do ryb i kawioru oraz zakorzenienie w strukturach gospodarstwa to filary funkcjonowania naszej firmy. Jeste\u015bmy pe\u0142ni zapa\u0142u do pracy i zarazem, nauczeni wieloletnim do\u015bwiadczeniem, pokorni wobec si\u0142 natury. <br \/>\r\n\t\t\t\t\t\t<\/p>\n\t\t\t\t\t\t\t\t\t\t\t\t\t\t\t\t<div class=\"c-discover__image-media c-discover__image-media--spacing-12 js-reveal-top\">\n\t\t\t\t\t\t\t<img decoding=\"async\" src=\"https:\/\/antoniuscaviar.com\/wp-content\/uploads\/2022\/03\/image-text-3.jpeg\" alt=\"\">\n\t\t\t\t\t\t<\/div>\n\t\t\t\t\t\t\t\t\t<\/div>\n\t\t\t<\/div>\n\t\t<\/section>\n\t\t<section class=\"l-spacing l-spacing--l\"><\/section>\n\t\t\t\n\t\t\t\t<section class=\"l-discover__section\">\n\t\t\t<div class=\"l-inner\">\n\t\t\t\t<div class=\"c-discover__quote c-discover__quote--end c-discover__quote--xl js-reveal-top\">\n\t\t\t\t\t<p class=\"c-discover__quote-text\">\n\t\t\t\t\t\tNale\u017cymy do niewielu firm na \u015bwiecie, kt\u00f3re pozyskuj\u0105 ikr\u0119 tylko i wy\u0142\u0105cznie z ryb z w\u0142asnych hodowli.\t\t\t\t\t<\/p>\n\t\t\t\t<\/div>\n\t\t\t<\/div>\n\t\t<\/section>\n\t\t<section class=\"l-spacing l-spacing--l l-spacing--none-desktop\"><\/section>\n\t\t\n\t\t\t\t<section class=\"l-discover__section\">\n\t\t\t<div class=\"l-inner\">\n\t\t\t\t<div class=\"c-discover__text c-discover__text--start js-reveal-top\">\n\t\t\t\t\t<p class=\"t-body-large\">\n\t\t\t\t\t\tDzi\u0119ki temu, ju\u017c od samego pocz\u0105tku mamy wp\u0142yw na jako\u015b\u0107 i niezmienno\u015b\u0107 naszego kawioru. R\u00f3wnie\u017c jako jedni z nielicznych posiadamy a\u017c trzy farmy o zr\u00f3\u017cnicowanych parametrach wody. Dzi\u0119ki temu nasze ryby \u201ew\u0119druj\u0105\u201d mi\u0119dzy r\u00f3\u017cnymi ekosystemami, co na\u015bladuje ich migracje w naturalnych warunkach.\t\t\t\t\t<\/p>\n\t\t\t\t<\/div>\n\t\t\t<\/div>\n\t\t<\/section>\n\t\t<section class=\"l-spacing l-spacing--l\"><\/section>\n\t\t\n\t\t\t\t<section class=\"l-discover__section\">\n\t\t\t<div class=\"l-inner\">\n\t\t\t\t<div class=\"c-discover__text js-reveal-top\">\n\t\t\t\t\t<p class=\"t-body-large\">\n\t\t\t\t\t\tJeste\u015bmy wierni tradycyjnym metodom i produkujemy wy\u0142\u0105cznie kawior \u015bwie\u017cy, niepasteryzowany, z ikry nieowulowanej. To dlatego jego konsystencja jest tak jedwabi\u015bcie g\u0142adka, a sam kawior delikatnie rozp\u0142ywa si\u0119 na podniebieniu zamiast &#8222;strzela\u0107&#8221; na j\u0119zyku, co ma miejsce w przypadku popularnych produkt\u00f3w pasteryzowanych. \t\t\t\t\t<\/p>\n\t\t\t\t<\/div>\n\t\t\t<\/div>\n\t\t<\/section>\n\t\t<section class=\"l-spacing l-spacing--l\"><\/section>\n\t\t\n\t\t\t\t<section class=\"l-discover__section\">\n\t\t\t<div class=\"l-inner\">\n\t\t\t\t<div class=\"c-discover__heading js-reveal-top\">\n\t\t\t\t\t<h2 class=\"c-discover__heading-title t-headline-4 t-upper\">\n\t\t\t\t\t\tKa\u017cda puszka kawioru to ma\u0142e arcydzie\u0142o\t\t\t\t\t<\/h2>\n\t\t\t\t<\/div>\n\t\t\t<\/div>\n\t\t<\/section>\n\t\t<section class=\"l-spacing l-spacing--l\"><\/section>\n\t\t\n\t\t\t\t<section class=\"l-discover__section\">\n\t\t\t<div class=\"l-inner l-inner--fullwidth-mobile\">\n\t\t\t\t<div class=\"c-discover__image c-discover__image--fullwidth c-discover__image--reverse js-reveal-top\">\n\t\t\t\t\t\t\t\t\t\t\t<p class=\"c-discover__image-text c-discover__image-text--alt c-discover__image-text--l\">\n\t\t\t\t\t\t\tWytwarzamy kawior w spos\u00f3b tradycyjny, z zastosowaniem znanej od wiek\u00f3w metody \u201eMalossol\u201d (tzn. z dodatkiem niewielkiej ilo\u015bci soli). Ca\u0142y proces produkcji odbywa si\u0119 r\u0119cznie, z wyj\u0105tkow\u0105 pieczo\u0142owito\u015bci\u0105, pod czujnym okiem technolog\u00f3w, kt\u00f3rzy swoje pierwsze szlify zdobywali u najwybitniejszych Caviar Master\u00f3w na \u015bwiecie. \t\t\t\t\t\t<\/p>\n\t\t\t\t\t\t\t\t\t\t\t\t\t\t\t\t<div class=\"c-discover__image-media c-discover__image-media--spacing-12 js-reveal-top\">\n\t\t\t\t\t\t\t<img decoding=\"async\" src=\"https:\/\/antoniuscaviar.com\/wp-content\/uploads\/2022\/03\/image-text-4.jpeg\" alt=\"\">\n\t\t\t\t\t\t<\/div>\n\t\t\t\t\t\t\t\t\t<\/div>\n\t\t\t<\/div>\n\t\t<\/section>\n\t\t<section class=\"l-spacing l-spacing--l l-spacing--none-desktop\"><\/section>\n\t\t\n\t\t\t\t<section class=\"l-discover__section\">\n\t\t\t<div class=\"l-inner\">\n\t\t\t\t<div class=\"c-discover__text c-discover__text--end js-reveal-top\">\n\t\t\t\t\t<p class=\"t-body-large\">\n\t\t\t\t\t\tWyj\u0105tkowa dba\u0142o\u015b\u0107 o najmniejsze detale oraz indywidualne podej\u015bcie do ka\u017cdej porcji ikry sprawiaj\u0105, \u017ce produkcja kawioru jest dla nas nie tylko tradycyjnym rzemios\u0142em, ale przede wszystkim prawdziw\u0105 sztuk\u0105. Konsumpcja kawioru Antonius Caviar daje mo\u017cliwo\u015b\u0107 tej sztuki do\u015bwiadczy\u0107.\t\t\t\t\t<\/p>\n\t\t\t\t<\/div>\n\t\t\t<\/div>\n\t\t<\/section>\n\t\t<section class=\"l-spacing l-spacing--l\"><\/section>\n\t\t\n\t\t\t\t<section class=\"l-discover__section\">\n\t\t\t<div class=\"l-inner\">\n\t\t\t\t<div class=\"c-discover__text js-reveal-top\">\n\t\t\t\t\t<p class=\"t-body-large\">\n\t\t\t\t\t\tProdukcja kawioru Antonius Caviar odbywa si\u0119 w najnowocze\u015bniejszej przetw\u00f3rni tego typu na \u015bwiecie, z zachowaniem rygorystycznych standard\u00f3w. Jedn\u0105 z naczelnych warto\u015bci, jakimi kierujemy si\u0119 w codziennej pracy, jest szczeg\u00f3lna dba\u0142o\u015b\u0107 o higien\u0119 i bezpiecze\u0144stwo produkcji. Jeste\u015bmy certyfikowani wed\u0142ug IFS Food Standard oraz BRC Global Standard for Food Safety, najwy\u017cszych standard\u00f3w w zakresie jako\u015bci i bezpiecze\u0144stwa \u017cywno\u015bci. Jeste\u015bmy odpowiedzialni za nasz produkt. \t\t\t\t\t<\/p>\n\t\t\t\t<\/div>\n\t\t\t<\/div>\n\t\t<\/section>\n\t\t<section class=\"l-spacing l-spacing--l\"><\/section>\n\t\t\n\t\t<section class=\"l-discover__section l-discover__section--cta\">\n\t\t<div class=\"l-inner\">\n\t\t\t<div class=\"c-discover__cta js-reveal-top\">\n\t\t\t\t\t\t\t\t\t<p class=\"c-discover__cta-heading t-body-3\">\n\t\t\t\t\t\tOdkryj wi\u0119cej\t\t\t\t\t<\/p>\n\t\t\t\t\t\t\t\t\t\t\t\t\t<a href=\"https:\/\/antoniuscaviar.com\/pl\/nasze-wartosci\/\" class=\"c-discover__cta-link t-headline-4\"  >\n\t\t\t\t\t\t<div class=\"c-discover__cta-icon\">\n\t\t\t\t\t\t\t<svg width=\"24\" height=\"24\" viewBox=\"0 0 24 24\" xmlns=\"http:\/\/www.w3.org\/2000\/svg\">\n\t\t\t\t\t\t\t\t<path d=\"M6.71298 2.40548C6.71673 2.5311 6.76923 2.6511 6.8611 2.73923L16.1217 11.9999L6.8611 21.2605C6.76735 21.3505 6.71673 21.4742 6.71485 21.6036C6.71673 21.8005 6.83485 21.9749 7.01485 22.0499C7.19673 22.123 7.40298 22.0799 7.53985 21.9392L17.1399 12.3392C17.3274 12.1517 17.3274 11.848 17.1399 11.6605L7.53985 2.06048C7.40298 1.91798 7.1911 1.87485 7.00923 1.94985C6.82735 2.02673 6.70923 2.20673 6.71298 2.40548Z\" \/>\n\t\t\t\t\t\t\t<\/svg>\n\t\t\t\t\t\t<\/div>\n\t\t\t\t\t\t<p class=\"c-discover__cta-title\">\n\t\t\t\t\t\t\tNasze warto\u015bci\t\t\t\t\t\t<\/p>\n\t\t\t\t\t<\/a>\n\t\t\t\t\t\t\t<\/div>\n\t\t<\/div>\n\t<\/section>\n\t<section class=\"l-spacing l-spacing--l\"><\/section>\n<\/div>\n\n\n<section class=\"l-single-product-slider l-slider \">\n\t<div class=\"l-inner\">\n\t\t<div class=\"c-single-product-slider js-slider\" data-slider-type=\"singleProduct\">\n\t\t\t<ul class=\"c-single-product-slider__wrapper swiper-wrapper\">\n\t\t\t\t\t\t\t\t\t\t\t\t\t\t\t\t\t\t\t\t<li class=\"c-single-product-slider__slide swiper-slide\">\n\t\t\t\t\t\t\t<div class=\"c-single-product-box\">\n\t\t\t\t\t\t\t\t\t\t\t\t\t\t\t\t\t<div class=\"c-single-product-box__media\">\n\t\t\t\t\t\t\t\t\t\t<img decoding=\"async\" onClick='window.location.href = \"https:\/\/antoniuscaviar.com\/pl\/kategoria-produktu\/siberian\/\"'\t\t\t\t\t\t\t\t\t\t src=\"https:\/\/antoniuscaviar.com\/wp-content\/uploads\/2022\/11\/can_siberian_6stars-288x288.png\" alt=\"\" \/>\n\t\t\t\t\t\t\t\t\t<\/div>\n\t\t\t\t\t\t\t\t\t\t\t\t\t\t\t\t<div class=\"c-single-product-box__content\">\n\t\t\t\t\t\t\t\t\t\t\t\t\t\t\t\t\t\t\t<h4 class=\"c-single-product-box__title t-headline-2\">\n\t\t\t\t\t\t\t\t\t\t\tSiberian caviar\t\t\t\t\t\t\t\t\t\t<\/h4>\n\t\t\t\t\t\t\t\t\t\t\t\t\t\t\t\t\t\t\t\t\t\t\t\t\t\t\t\t<p class=\"c-single-product-box__desc t-body-3\">\n\t\t\t\t\t\t\t\t\t\t\tKawior z jesiotr\u00f3w gatunku Acipenser baerii (jesiotr syberyjski). Wyr\u00f3\u017cnia si\u0119 bogatym, z\u0142o\u017conym smakiem z wyra\u017anym i d\u0142ugim finiszem.\t\t\t\t\t\t\t\t\t\t<\/p>\n\t\t\t\t\t\t\t\t\t\t\t\t\t\t\t\t\t\t\t\t\t\t\t\t\t\t\t\t<div class=\"c-single-product-box__action\">\n\t\t\t\t\t\t\t\t\t\t\t\t\t\t\t\t\t\t\t\t\t\t\t\t\t\t\t\t\t\t\t\t\t\t\t\t\t\t\t\t\t\t\t\t\t\t\t\t\t\t\t\t\t\t\t\t\t\t\t\t\t\t<a href=\"https:\/\/antoniuscaviar.com\/pl\/sklep\/\" class=\"c-button c-button--bordered t-upper\" >Sklep<\/a>\n\t\t\t\t\t\t\t\t\t\t\t\t\t\t\t\t\t\t\t\t\t\t\t\t\t\t\t\t\t\t\t\t\t\t\t\t\t\t\t\t\t\t\t\t\t\t\t\t\t\t\t\t\t\t\t\t\t\t\t\t\t\t\t\t\t\t\t\t\t\t\t\t\t\t\t\t\t\t\t\t\t\t\t\t\t\t\t<a href=\"https:\/\/antoniuscaviar.com\/pl\/kategoria-produktu\/siberian\/\" class=\"c-link t-upper\" >CZYTAJ WI\u0118CEJ<\/a>\n\t\t\t\t\t\t\t\t\t\t\t\t\t\t\t\t\t\t\t\t\t\t\t\t\t\t\t\t\t\t\t\t\t\t\t\t\t\t\t\t\t\t\t\t\t\t<\/div>\n\t\t\t\t\t\t\t\t\t\t\t\t\t\t\t\t\t<\/div>\n\t\t\t\t\t\t\t<\/div>\n\t\t\t\t\t\t<\/li>\n\t\t\t\t\t\t\t\t\t\t\t\t\t\t\t\t\t\t\t\t\t\t\t\t\t<li class=\"c-single-product-slider__slide swiper-slide\">\n\t\t\t\t\t\t\t<div class=\"c-single-product-box\">\n\t\t\t\t\t\t\t\t\t\t\t\t\t\t\t\t\t<div class=\"c-single-product-box__media\">\n\t\t\t\t\t\t\t\t\t\t<img decoding=\"async\" onClick='window.location.href = \"https:\/\/antoniuscaviar.com\/pl\/kategoria-produktu\/oscietra\/\"'\t\t\t\t\t\t\t\t\t\t src=\"https:\/\/antoniuscaviar.com\/wp-content\/uploads\/2022\/11\/can_oscietra_6stars-288x288.png\" alt=\"\" \/>\n\t\t\t\t\t\t\t\t\t<\/div>\n\t\t\t\t\t\t\t\t\t\t\t\t\t\t\t\t<div class=\"c-single-product-box__content\">\n\t\t\t\t\t\t\t\t\t\t\t\t\t\t\t\t\t\t\t<h4 class=\"c-single-product-box__title t-headline-2\">\n\t\t\t\t\t\t\t\t\t\t\tOscietra caviar\t\t\t\t\t\t\t\t\t\t<\/h4>\n\t\t\t\t\t\t\t\t\t\t\t\t\t\t\t\t\t\t\t\t\t\t\t\t\t\t\t\t<p class=\"c-single-product-box__desc t-body-3\">\n\t\t\t\t\t\t\t\t\t\t\tKawior z jesiotr\u00f3w gatunku Acipenser gueldenstaedtii (jesiotr rosyjski). S\u0142ynie z przyjemnie orzechowego smaku zako\u0144czonego aksamitnym, ma\u015blanym finiszem.\t\t\t\t\t\t\t\t\t\t<\/p>\n\t\t\t\t\t\t\t\t\t\t\t\t\t\t\t\t\t\t\t\t\t\t\t\t\t\t\t\t<div class=\"c-single-product-box__action\">\n\t\t\t\t\t\t\t\t\t\t\t\t\t\t\t\t\t\t\t\t\t\t\t\t\t\t\t\t\t\t\t\t\t\t\t\t\t\t\t\t\t\t\t\t\t\t\t\t\t\t\t\t\t\t\t\t\t\t\t\t\t\t<a href=\"https:\/\/antoniuscaviar.com\/pl\/sklep\/\" class=\"c-button c-button--bordered t-upper\" >Sklep<\/a>\n\t\t\t\t\t\t\t\t\t\t\t\t\t\t\t\t\t\t\t\t\t\t\t\t\t\t\t\t\t\t\t\t\t\t\t\t\t\t\t\t\t\t\t\t\t\t\t\t\t\t\t\t\t\t\t\t\t\t\t\t\t\t\t\t\t\t\t\t\t\t\t\t\t\t\t\t\t\t\t\t\t\t\t\t\t\t\t<a href=\"https:\/\/antoniuscaviar.com\/pl\/kategoria-produktu\/oscietra\/\" class=\"c-link t-upper\" >CZYTAJ WI\u0118CEJ<\/a>\n\t\t\t\t\t\t\t\t\t\t\t\t\t\t\t\t\t\t\t\t\t\t\t\t\t\t\t\t\t\t\t\t\t\t\t\t\t\t\t\t\t\t\t\t\t\t<\/div>\n\t\t\t\t\t\t\t\t\t\t\t\t\t\t\t\t\t<\/div>\n\t\t\t\t\t\t\t<\/div>\n\t\t\t\t\t\t<\/li>\n\t\t\t\t\t\t\t\t\t\t\t\t<\/ul>\n\t\t\t<div class=\"c-single-product-slider__actions\">\n\t\t\t\t<div class=\"c-single-product-slider__pagination js-slider-pagination\"><\/div>\n\t\t\t\t<nav class=\"c-single-product-slider__nav\">\n\t\t\t\t\t<div class=\"c-slider-nav\">\n\t\t\t\t\t\t<button class=\"c-slider-nav__button c-slider-nav__button--prev swiper-button-prev js-slider-prev-btn\">\n\t\t\t\t\t\t\t<span class=\"sr-only\">Previous slide><\/span>\n\t\t\t\t\t\t<\/button>\n\t\t\t\t\t\t<button class=\"c-slider-nav__button c-slider-nav__button--next swiper-button-next js-slider-next-btn\">\n\t\t\t\t\t\t\t<span class=\"sr-only\">Next slide><\/span>\n\t\t\t\t\t\t<\/button>\n\t\t\t\t\t<\/div>\n\t\t\t\t<\/nav>\n\t\t\t<\/div>\n\t\t<\/div>\n\t<\/div>\n<\/section>\n\n\n<section class=\"l-spacing l-spacing--l\"><\/section>\n","protected":false},"excerpt":{"rendered":"","protected":false},"author":284,"featured_media":0,"parent":0,"menu_order":0,"comment_status":"closed","ping_status":"closed","template":"","meta":{"inline_featured_image":false},"acf":[],"yoast_head":"<!-- This site is optimized with the Yoast SEO plugin v19.10 - https:\/\/yoast.com\/wordpress\/plugins\/seo\/ -->\n<title>O nas - Sklep \u2014 Antonius Caviar<\/title>\n<meta name=\"robots\" content=\"index, follow, max-snippet:-1, max-image-preview:large, max-video-preview:-1\" \/>\n<link rel=\"canonical\" href=\"https:\/\/antoniuscaviar.com\/pl\/o-nas\/\" \/>\n<meta property=\"og:locale\" content=\"pl_PL\" \/>\n<meta property=\"og:type\" content=\"article\" \/>\n<meta property=\"og:title\" content=\"O nas - Sklep \u2014 Antonius Caviar\" \/>\n<meta property=\"og:url\" content=\"https:\/\/antoniuscaviar.com\/pl\/o-nas\/\" \/>\n<meta property=\"og:site_name\" content=\"Sklep \u2014 Antonius Caviar\" \/>\n<meta property=\"article:modified_time\" content=\"2023-01-20T09:02:26+00:00\" \/>\n<meta name=\"twitter:card\" content=\"summary_large_image\" \/>\n<script type=\"application\/ld+json\" class=\"yoast-schema-graph\">{\"@context\":\"https:\/\/schema.org\",\"@graph\":[{\"@type\":\"WebPage\",\"@id\":\"https:\/\/antoniuscaviar.com\/pl\/o-nas\/\",\"url\":\"https:\/\/antoniuscaviar.com\/pl\/o-nas\/\",\"name\":\"O nas - Sklep \u2014 Antonius Caviar\",\"isPartOf\":{\"@id\":\"https:\/\/antoniuscaviar.com\/pl\/#website\"},\"datePublished\":\"2022-01-14T12:49:29+00:00\",\"dateModified\":\"2023-01-20T09:02:26+00:00\",\"breadcrumb\":{\"@id\":\"https:\/\/antoniuscaviar.com\/pl\/o-nas\/#breadcrumb\"},\"inLanguage\":\"pl-PL\",\"potentialAction\":[{\"@type\":\"ReadAction\",\"target\":[\"https:\/\/antoniuscaviar.com\/pl\/o-nas\/\"]}]},{\"@type\":\"BreadcrumbList\",\"@id\":\"https:\/\/antoniuscaviar.com\/pl\/o-nas\/#breadcrumb\",\"itemListElement\":[{\"@type\":\"ListItem\",\"position\":1,\"name\":\"Home\",\"item\":\"https:\/\/antoniuscaviar.com\/pl\/\"},{\"@type\":\"ListItem\",\"position\":2,\"name\":\"O nas\"}]},{\"@type\":\"WebSite\",\"@id\":\"https:\/\/antoniuscaviar.com\/pl\/#website\",\"url\":\"https:\/\/antoniuscaviar.com\/pl\/\",\"name\":\"Sklep \u2014 Antonius Caviar\",\"description\":\"\",\"potentialAction\":[{\"@type\":\"SearchAction\",\"target\":{\"@type\":\"EntryPoint\",\"urlTemplate\":\"https:\/\/antoniuscaviar.com\/pl\/?s={search_term_string}\"},\"query-input\":\"required name=search_term_string\"}],\"inLanguage\":\"pl-PL\"}]}<\/script>\n<!-- \/ Yoast SEO plugin. -->","yoast_head_json":{"title":"O nas - Sklep \u2014 Antonius Caviar","robots":{"index":"index","follow":"follow","max-snippet":"max-snippet:-1","max-image-preview":"max-image-preview:large","max-video-preview":"max-video-preview:-1"},"canonical":"https:\/\/antoniuscaviar.com\/pl\/o-nas\/","og_locale":"pl_PL","og_type":"article","og_title":"O nas - Sklep \u2014 Antonius Caviar","og_url":"https:\/\/antoniuscaviar.com\/pl\/o-nas\/","og_site_name":"Sklep \u2014 Antonius Caviar","article_modified_time":"2023-01-20T09:02:26+00:00","twitter_card":"summary_large_image","schema":{"@context":"https:\/\/schema.org","@graph":[{"@type":"WebPage","@id":"https:\/\/antoniuscaviar.com\/pl\/o-nas\/","url":"https:\/\/antoniuscaviar.com\/pl\/o-nas\/","name":"O nas - Sklep \u2014 Antonius Caviar","isPartOf":{"@id":"https:\/\/antoniuscaviar.com\/pl\/#website"},"datePublished":"2022-01-14T12:49:29+00:00","dateModified":"2023-01-20T09:02:26+00:00","breadcrumb":{"@id":"https:\/\/antoniuscaviar.com\/pl\/o-nas\/#breadcrumb"},"inLanguage":"pl-PL","potentialAction":[{"@type":"ReadAction","target":["https:\/\/antoniuscaviar.com\/pl\/o-nas\/"]}]},{"@type":"BreadcrumbList","@id":"https:\/\/antoniuscaviar.com\/pl\/o-nas\/#breadcrumb","itemListElement":[{"@type":"ListItem","position":1,"name":"Home","item":"https:\/\/antoniuscaviar.com\/pl\/"},{"@type":"ListItem","position":2,"name":"O nas"}]},{"@type":"WebSite","@id":"https:\/\/antoniuscaviar.com\/pl\/#website","url":"https:\/\/antoniuscaviar.com\/pl\/","name":"Sklep \u2014 Antonius Caviar","description":"","potentialAction":[{"@type":"SearchAction","target":{"@type":"EntryPoint","urlTemplate":"https:\/\/antoniuscaviar.com\/pl\/?s={search_term_string}"},"query-input":"required name=search_term_string"}],"inLanguage":"pl-PL"}]}},"_links":{"self":[{"href":"https:\/\/antoniuscaviar.com\/pl\/wp-json\/wp\/v2\/pages\/7908"}],"collection":[{"href":"https:\/\/antoniuscaviar.com\/pl\/wp-json\/wp\/v2\/pages"}],"about":[{"href":"https:\/\/antoniuscaviar.com\/pl\/wp-json\/wp\/v2\/types\/page"}],"author":[{"embeddable":true,"href":"https:\/\/antoniuscaviar.com\/pl\/wp-json\/wp\/v2\/users\/284"}],"replies":[{"embeddable":true,"href":"https:\/\/antoniuscaviar.com\/pl\/wp-json\/wp\/v2\/comments?post=7908"}],"version-history":[{"count":81,"href":"https:\/\/antoniuscaviar.com\/pl\/wp-json\/wp\/v2\/pages\/7908\/revisions"}],"predecessor-version":[{"id":12281,"href":"https:\/\/antoniuscaviar.com\/pl\/wp-json\/wp\/v2\/pages\/7908\/revisions\/12281"}],"wp:attachment":[{"href":"https:\/\/antoniuscaviar.com\/pl\/wp-json\/wp\/v2\/media?parent=7908"}],"curies":[{"name":"wp","href":"https:\/\/api.w.org\/{rel}","templated":true}]}}