{"id":7944,"date":"2022-01-14T14:50:01","date_gmt":"2022-01-14T12:50:01","guid":{"rendered":"https:\/\/antoniuscaviar.com\/our-farm\/"},"modified":"2024-12-09T12:49:09","modified_gmt":"2024-12-09T10:49:09","slug":"hodowla","status":"publish","type":"page","link":"https:\/\/antoniuscaviar.com\/pl\/hodowla\/","title":{"rendered":"Hodowla"},"content":{"rendered":"<div class=\"l-discover\">\n\t\t<div class=\"l-discover__resized-video js-resized-video-wrapper\">\n\t\t<span class=\"c-video-box__close js-video-close\">\n\t\t\t<svg width=\"32\" height=\"32\" viewBox=\"0 0 32 32\" xmlns=\"http:\/\/www.w3.org\/2000\/svg\">\n\t\t\t\t<path d=\"M4.93953 4.02002L4.01953 4.94002L15.0795 16L4.01953 27.06L4.93953 27.98L15.9995 16.92L27.0595 27.98L27.9795 27.06L16.9195 16L27.9795 4.94002L27.0595 4.02002L15.9995 15.08L4.93953 4.02002Z\"\/>\n\t\t\t<\/svg>\n\t\t<\/span>\n\t\t<div style=\"padding:56.25% 0 0 0;position:relative;\">\n\t\t\t<iframe class=\"js-resized-video l-discover__resized-video-iframe\" src=\"https:\/\/player.vimeo.com\/video\/776505902\" frameborder=\"0\" allow=\"autoplay; fullscreen; picture-in-picture\" allowfullscreen><\/iframe>\n\t\t<\/div>\n\t\t<script src=\"https:\/\/player.vimeo.com\/api\/player.js\"><\/script>\n\t<\/div>\n\t<div class=\"js-video-anim-trigger\">\n\t\t\t<nav class=\"l-discover__navigation\">\n\t\t<div class=\"l-inner\">\n\t\t\t<ul class=\"c-categories__list\">\n\t\t\t\t\t\t\t\t\t\t\t\t\t\t\t\t\t\t\t\t<li class=\"c-categories__list-item t-body-3 \" >\n\t\t\t\t\t\t\t<a href=\"https:\/\/antoniuscaviar.com\/pl\/o-nas\/\" class=\"c-link c-link--border\">O nas<\/a>\n\t\t\t\t\t\t<\/li>\n\t\t\t\t\t\t\t\t\t\t\t\t\t\t\t\t\t\t\t\t\t\t\t\t\t<li class=\"c-categories__list-item t-body-3 \" >\n\t\t\t\t\t\t\t<a href=\"https:\/\/antoniuscaviar.com\/pl\/nasze-wartosci\/\" class=\"c-link c-link--border\">Nasze warto\u015bci<\/a>\n\t\t\t\t\t\t<\/li>\n\t\t\t\t\t\t\t\t\t\t\t\t\t\t\t\t\t\t\t\t\t\t\t\t\t<li class=\"c-categories__list-item t-body-3  is-active\" >\n\t\t\t\t\t\t\t<a href=\"https:\/\/antoniuscaviar.com\/pl\/hodowla\/\" class=\"c-link c-link--border\">Hodowla<\/a>\n\t\t\t\t\t\t<\/li>\n\t\t\t\t\t\t\t\t\t\t\t\t<\/ul>\n\t\t<\/div>\n\t<\/nav>\n\t\t<section class=\"l-spacing l-spacing--l\"><\/section>\n\t\t\t<section class=\"l-discover__section js-discover-heading-section\">\n\t\t<div class=\"l-inner\">\n\t\t\t<div class=\"c-discover__heading\">\n\t\t\t\t\t\t\t\t\t<h1 class=\"c-discover__heading-title t-headline-4 t-upper\">\n\t\t\t\t\t\tDoskona\u0142o\u015b\u0107 ma swoje \u017ar\u00f3d\u0142o w nieskazitelnie czystej wodzie\t\t\t\t\t<\/h1>\n\t\t\t\t\t\t\t\t\t\t\t<\/div>\n\t\t<\/div>\n\t<\/section>\n\t\t<section class=\"l-spacing l-spacing--l\"><\/section>\n\t\t\t<section class=\"l-discover__section js-discover-video-section\">\n\t\t<div class=\"l-inner l-inner--fullwidth-mobile\">\n\t\t\t<div class=\"c-discover__video js-small-video-wrapper\">\n\t\t\t\t<span class=\"c-discover__video-icon\">\n\t\t\t\t\t\t\t\t\t\t\t<span class=\"c-button c-button--bordered-white\">\n\t\t\t\t\t\t\tObejrzyj film o nas\t\t\t\t\t\t<\/span>\n\t\t\t\t\t\t\t\t\t<\/span>\n\t\t\t\t<div class=\"c-video-box\" style=\"background-image: url('https:\/\/antoniuscaviar.com\/wp-content\/uploads\/2022\/03\/hero.jpeg');\">\n\t\t\t\t\t<video class=\"c-video-box__video js-small-video\" poster=\"https:\/\/antoniuscaviar.com\/wp-content\/uploads\/2022\/03\/hero.jpeg\" autoplay muted loop playsinline data-keepplaying>\n\t\t\t\t\t\t<source src=\"https:\/\/antoniuscaviar.com\/wp-content\/uploads\/2022\/11\/teaser-2.mp4\" type=\"video\/mp4\">\n\t\t\t\t\t<\/video>\n\t\t\t\t<\/div>\n\t\t\t\t<img decoding=\"async\" src=\"https:\/\/antoniuscaviar.com\/wp-content\/uploads\/2022\/03\/hero.jpeg\" alt=\"\" class=\"c-discover__video-placeholder\">\n\t\t\t<\/div>\n\t\t<\/div>\n\t<\/section>\n\t<\/div>\n\t<section class=\"l-spacing l-spacing--l l-spacing--none-desktop\"><\/section>\n\n\t\t\t\t<section class=\"l-discover__section\">\n\t\t\t<div class=\"l-inner\">\n\t\t\t\t<div class=\"c-discover__image\">\n\t\t\t\t\t\t\t\t\t\t\t<p class=\"c-discover__image-text c-discover__image-text--alt c-discover__image-text--xl js-reveal-top\">\n\t\t\t\t\t\t\tKrystalicznie czyste wody, dzika, niczym nieska\u017cona przyroda, rytm \u017cycia wyznaczany cyklami natury. Wierzymy, \u017ce jako\u015b\u0107 naszego kawioru zale\u017cy bezpo\u015brednio od dobrostanu naszych jesiotr\u00f3w. \t\t\t\t\t\t<\/p>\n\t\t\t\t\t\t\t\t\t\t\t\t\t\t\t\t<div class=\"c-discover__image-media c-discover__image-media--spacing-12 js-reveal-top\">\n\t\t\t\t\t\t\t<img decoding=\"async\" src=\"https:\/\/antoniuscaviar.com\/wp-content\/uploads\/2022\/03\/image-text-5.jpeg\" alt=\"\">\n\t\t\t\t\t\t<\/div>\n\t\t\t\t\t\t\t\t\t<\/div>\n\t\t\t<\/div>\n\t\t<\/section>\n\t\t<section class=\"l-spacing l-spacing--l l-spacing--none-desktop\"><\/section>\n\t\t\n\t\t\t\t<section class=\"l-discover__section\">\n\t\t\t<div class=\"l-inner\">\n\t\t\t\t<div class=\"c-discover__text c-discover__text--end js-reveal-top\">\n\t\t\t\t\t<p class=\"t-body-large\">\n\t\t\t\t\t\tW idyllicznym krajobrazie Warmii, Kujaw i Wielkopolski po\u0142o\u017cone s\u0105 nasze trzy gospodarstwa&nbsp;rybackie. Skryte&nbsp;przed cywilizacj\u0105 po\u015br\u00f3d \u0142\u0105k, las\u00f3w i polodowcowych moren. Na terenach obj\u0119tych programem Natura 2000. W bezpo\u015brednim s\u0105siedztwie rezerwat\u00f3w przyrody. Z dala od miast i ludzi. \t\t\t\t\t<\/p>\n\t\t\t\t<\/div>\n\t\t\t<\/div>\n\t\t<\/section>\n\t\t<section class=\"l-spacing l-spacing--l\"><\/section>\n\t\t\n\t\t\t\t<section class=\"l-discover__section\">\n\t\t\t<div class=\"l-inner\">\n\t\t\t\t<div class=\"c-discover__quote c-discover__quote--l js-reveal-top\">\n\t\t\t\t\t<p class=\"c-discover__quote-text\">\n\t\t\t\t\t\tTo tu \u017cyj\u0105 nasze jesiotry &#8211; nasza duma, obiekt naszych stara\u0144 i trosk.\t\t\t\t\t<\/p>\n\t\t\t\t<\/div>\n\t\t\t<\/div>\n\t\t<\/section>\n\t\t<section class=\"l-spacing l-spacing--l\"><\/section>\n\t\t\n\t\t\t\t<section class=\"l-discover__section\">\n\t\t\t<div class=\"l-inner\">\n\t\t\t\t<div class=\"c-discover__image c-discover__image--no-text js-reveal-top\">\n\t\t\t\t\t<div class=\"c-discover__image-media\">\n\t\t\t\t\t\t<img decoding=\"async\" src=\"https:\/\/antoniuscaviar.com\/wp-content\/uploads\/2022\/12\/MG_7690-1-e1669989293224.jpg\" alt=\"\">\n\t\t\t\t\t<\/div>\n\t\t\t\t<\/div>\n\t\t\t<\/div>\n\t\t<\/section>\n\t\t<section class=\"l-spacing l-spacing--l\"><\/section>\n\t\t\n\t\t\t\t<section class=\"l-discover__section\">\n\t\t\t<div class=\"l-inner\">\n\t\t\t\t<div class=\"c-discover__text c-discover__text--end js-reveal-top\">\n\t\t\t\t\t<p class=\"t-body-large\">\n\t\t\t\t\t\tHodujemy je w czystych wodach z pobliskich rzek. \u017byj\u0105 w zgodzie z rytmem p\u00f3r roku i rozwijaj\u0105 si\u0119 we w\u0142asnym tempie &#8211; nie stymulujemy sztucznie ich wzrostu i niczego nie przyspieszamy. \t\t\t\t\t<\/p>\n\t\t\t\t<\/div>\n\t\t\t<\/div>\n\t\t<\/section>\n\t\t<section class=\"l-spacing l-spacing--l\"><\/section>\n\t\t\n\t\t\t\t<section class=\"l-discover__section\">\n\t\t\t<div class=\"l-inner\">\n\t\t\t\t<figure class=\"c-simple-image js-reveal-top\">\n\t\t\t\t\t<img decoding=\"async\" src=\"https:\/\/antoniuscaviar.com\/wp-content\/uploads\/2022\/12\/MG_7634-1-1920x1050.jpg\" alt=\"\">\n\t\t\t\t<\/figure>\n\t\t\t<\/div>\n\t\t<\/section>\n\t\t<section class=\"l-spacing l-spacing--l\"><\/section>\n\t\t\n\t\t\t\t<section class=\"l-discover__section\">\n\t\t\t<div class=\"l-inner\">\n\t\t\t\t<div class=\"c-discover__heading js-reveal-top\">\n\t\t\t\t\t<h2 class=\"c-discover__heading-title t-headline-4 t-upper\">\n\t\t\t\t\t\tJeste\u015bmy cierpliwi\t\t\t\t\t<\/h2>\n\t\t\t\t<\/div>\n\t\t\t<\/div>\n\t\t<\/section>\n\t\t<section class=\"l-spacing l-spacing--l\"><\/section>\n\t\t\n\t\t\t\t<section class=\"l-discover__section\">\n\t\t\t<div class=\"l-inner l-inner--fullwidth-mobile\">\n\t\t\t\t<div class=\"c-discover__image c-discover__image--fullwidth\">\n\t\t\t\t\t\t\t\t\t\t\t<p class=\"c-discover__image-text c-discover__image-text--alt c-discover__image-text--xl js-reveal-top\">\n\t\t\t\t\t\t\tNasze ryby karmimy r\u0119cznie najwy\u017cszej jako\u015bci pokarmem. W ka\u017cdym szczeg\u00f3le odtwarzamy \u015brodowiska, w kt\u00f3rych jesiotry naturalnie bytuj\u0105, a dzi\u0119ki temu, \u017ce posiadamy trzy r\u00f3\u017cne obiekty, jeste\u015bmy w stanie zapewni\u0107 naszym rybom dok\u0142adnie takie warunki, jakich potrzebuj\u0105 na danym etapie swojego \u017cycia.  \t\t\t\t\t\t<\/p>\n\t\t\t\t\t\t\t\t\t\t\t\t\t\t\t\t<div class=\"c-discover__image-media c-discover__image-media--spacing-12 js-reveal-top\">\n\t\t\t\t\t\t\t<img decoding=\"async\" src=\"https:\/\/antoniuscaviar.com\/wp-content\/uploads\/2022\/03\/image-text-7.jpeg\" alt=\"\">\n\t\t\t\t\t\t<\/div>\n\t\t\t\t\t\t\t\t\t<\/div>\n\t\t\t<\/div>\n\t\t<\/section>\n\t\t<section class=\"l-spacing l-spacing--l l-spacing--none-desktop\"><\/section>\n\t\t\n\t\t\t\t<section class=\"l-discover__section\">\n\t\t\t<div class=\"l-inner\">\n\t\t\t\t<div class=\"c-discover__text c-discover__text--end js-reveal-top\">\n\t\t\t\t\t<p class=\"t-body-large\">\n\t\t\t\t\t\tWyj\u0105tkowa dba\u0142o\u015b\u0107 o ka\u017cdy, nawet najmniejszy szczeg\u00f3\u0142, znajduje swoje odzwierciedlenie w jako\u015bci kawioru. Jego per\u0142y s\u0105 j\u0119drne, spr\u0119\u017cyste, kszta\u0142tne i l\u015bni\u0105ce, a tekstura g\u0142adka i aksamitna. Smak czysty i wyrazisty.\t\t\t\t\t<\/p>\n\t\t\t\t<\/div>\n\t\t\t<\/div>\n\t\t<\/section>\n\t\t<section class=\"l-spacing l-spacing--l\"><\/section>\n\t\t\n\t\t\t\t<section class=\"l-discover__section\">\n\t\t\t<div class=\"l-inner\">\n\t\t\t\t<div class=\"c-discover__text js-reveal-top\">\n\t\t\t\t\t<p class=\"t-body-large\">\n\t\t\t\t\tTa nieskazitelno\u015b\u0107 smaku to zas\u0142uga czystych, g\u0142\u0119binowych w\u00f3d artezyjskich. W nich nasze jesiotry p\u0142ywaj\u0105 na ostatnim etapie hodowli. Dzi\u0119ki sta\u0142ej temperaturze  tych w\u00f3d mo\u017cemy wytwarza\u0107 kawior niemal nieprzerwanie przez ca\u0142y rok, a nasi klienci mog\u0105 delektowa\u0107 si\u0119 jego smakiem o ka\u017cdej porze roku.\t\t\t\t\t<\/p>\n\t\t\t\t<\/div>\n\t\t\t<\/div>\n\t\t<\/section>\n\t\t<section class=\"l-spacing l-spacing--l\"><\/section>\n\t\t\n\t\t\t\t<section class=\"l-discover__section\">\n\t\t\t<div class=\"l-inner\">\n\t\t\t\t<div class=\"c-discover__heading js-reveal-top\">\n\t\t\t\t\t<h2 class=\"c-discover__heading-title t-headline-4 t-upper\">\n\t\t\t\t\t\tPerfekcja w ka\u017cdym gatunku\t\t\t\t\t<\/h2>\n\t\t\t\t<\/div>\n\t\t\t<\/div>\n\t\t<\/section>\n\t\t<section class=\"l-spacing l-spacing--l\"><\/section>\n\t\t\n\t\t\t\t<section class=\"l-discover__section\">\n\t\t\t<div class=\"l-inner l-inner--fullwidth-mobile\">\n\t\t\t\t<div class=\"c-discover__image c-discover__image--fullwidth\">\n\t\t\t\t\t\t\t\t\t\t\t<p class=\"c-discover__image-text c-discover__image-text--alt c-discover__image-text--l js-reveal-top\">\n\t\t\t\t\t\t\tW naszych gospodarstwach hodujemy dwa gatunki jesiotr\u00f3w: Acipenser gueldenstaedtii, z kt\u00f3rego powstaje nasza legendarna Oscietra i Acipenser baerii, z kt\u00f3rego pozyskujemy naszego wyj\u0105tkowego Siberiana. \t\t\t\t\t\t<\/p>\n\t\t\t\t\t\t\t\t\t\t\t\t\t\t\t\t<div class=\"c-discover__image-media c-discover__image-media--spacing-12 js-reveal-top\">\n\t\t\t\t\t\t\t<img decoding=\"async\" src=\"https:\/\/antoniuscaviar.com\/wp-content\/uploads\/2022\/03\/image-text-8.jpeg\" alt=\"\">\n\t\t\t\t\t\t<\/div>\n\t\t\t\t\t\t\t\t\t<\/div>\n\t\t\t<\/div>\n\t\t<\/section>\n\t\t<section class=\"l-spacing l-spacing--l\"><\/section>\n\t\t\n\t\t\t\t<section class=\"l-discover__section\">\n\t\t\t<div class=\"l-inner\">\n\t\t\t\t<div class=\"c-discover__text js-reveal-top\">\n\t\t\t\t\t<p class=\"t-body-large\">\n\t\t\t\t\t\tKa\u017cda ryba jest pod nasz\u0105 nieustann\u0105 opiek\u0105, a ka\u017cdy parametr hodowli jest monitorowany 24&nbsp;godziny na dob\u0119. Od sk\u0142adu i ilo\u015bci po\u017cywienia, przez temperatur\u0119 powietrza i wody, po szczeg\u00f3\u0142owe analizy mikrobiologiczne, biochemiczne i fizykochemiczne ca\u0142ego ekosystemu.\t\t\t\t\t<\/p>\n\t\t\t\t<\/div>\n\t\t\t<\/div>\n\t\t<\/section>\n\t\t<section class=\"l-spacing l-spacing--l\"><\/section>\n\t\t\n\t\t<section class=\"l-discover__section l-discover__section--cta\">\n\t\t<div class=\"l-inner\">\n\t\t\t<div class=\"c-discover__cta js-reveal-top\">\n\t\t\t\t\t\t\t\t\t<p class=\"c-discover__cta-heading t-body-3\">\n\t\t\t\t\t\tOdkryj wi\u0119cej\t\t\t\t\t<\/p>\n\t\t\t\t\t\t\t\t\t\t\t\t\t<a href=\"https:\/\/antoniuscaviar.com\/pl\/o-nas\/\" class=\"c-discover__cta-link t-headline-4\"  >\n\t\t\t\t\t\t<div class=\"c-discover__cta-icon\">\n\t\t\t\t\t\t\t<svg width=\"24\" height=\"24\" viewBox=\"0 0 24 24\" xmlns=\"http:\/\/www.w3.org\/2000\/svg\">\n\t\t\t\t\t\t\t\t<path d=\"M6.71298 2.40548C6.71673 2.5311 6.76923 2.6511 6.8611 2.73923L16.1217 11.9999L6.8611 21.2605C6.76735 21.3505 6.71673 21.4742 6.71485 21.6036C6.71673 21.8005 6.83485 21.9749 7.01485 22.0499C7.19673 22.123 7.40298 22.0799 7.53985 21.9392L17.1399 12.3392C17.3274 12.1517 17.3274 11.848 17.1399 11.6605L7.53985 2.06048C7.40298 1.91798 7.1911 1.87485 7.00923 1.94985C6.82735 2.02673 6.70923 2.20673 6.71298 2.40548Z\" \/>\n\t\t\t\t\t\t\t<\/svg>\n\t\t\t\t\t\t<\/div>\n\t\t\t\t\t\t<p class=\"c-discover__cta-title\">\n\t\t\t\t\t\t\tO nas\t\t\t\t\t\t<\/p>\n\t\t\t\t\t<\/a>\n\t\t\t\t\t\t\t<\/div>\n\t\t<\/div>\n\t<\/section>\n\t<section class=\"l-spacing l-spacing--l\"><\/section>\n\t\t<section class=\"l-spacing l-spacing--l\"><\/section>\n<\/div>\n\n\n<section class=\"l-single-product-slider l-slider \">\n\t<div class=\"l-inner\">\n\t\t<div class=\"c-single-product-slider js-slider\" data-slider-type=\"singleProduct\">\n\t\t\t<ul class=\"c-single-product-slider__wrapper swiper-wrapper\">\n\t\t\t\t\t\t\t\t\t\t\t\t\t\t\t\t\t\t\t\t<li class=\"c-single-product-slider__slide swiper-slide\">\n\t\t\t\t\t\t\t<div class=\"c-single-product-box\">\n\t\t\t\t\t\t\t\t\t\t\t\t\t\t\t\t\t<div class=\"c-single-product-box__media\">\n\t\t\t\t\t\t\t\t\t\t<img decoding=\"async\" onClick='window.location.href = \"https:\/\/antoniuscaviar.com\/pl\/kategoria-produktu\/siberian\/\"'\t\t\t\t\t\t\t\t\t\t src=\"https:\/\/antoniuscaviar.com\/wp-content\/uploads\/2022\/11\/can_siberian_6stars-288x288.png\" alt=\"\" \/>\n\t\t\t\t\t\t\t\t\t<\/div>\n\t\t\t\t\t\t\t\t\t\t\t\t\t\t\t\t<div class=\"c-single-product-box__content\">\n\t\t\t\t\t\t\t\t\t\t\t\t\t\t\t\t\t\t\t<h4 class=\"c-single-product-box__title t-headline-2\">\n\t\t\t\t\t\t\t\t\t\t\tSiberian caviar\t\t\t\t\t\t\t\t\t\t<\/h4>\n\t\t\t\t\t\t\t\t\t\t\t\t\t\t\t\t\t\t\t\t\t\t\t\t\t\t\t\t<p class=\"c-single-product-box__desc t-body-3\">\n\t\t\t\t\t\t\t\t\t\t\tKawior z jesiotr\u00f3w gatunku Acipenser baerii (jesiotr syberyjski). Wyr\u00f3\u017cnia si\u0119 bogatym, z\u0142o\u017conym smakiem z wyra\u017anym i d\u0142ugim finiszem.\t\t\t\t\t\t\t\t\t\t<\/p>\n\t\t\t\t\t\t\t\t\t\t\t\t\t\t\t\t\t\t\t\t\t\t\t\t\t\t\t\t<div class=\"c-single-product-box__action\">\n\t\t\t\t\t\t\t\t\t\t\t\t\t\t\t\t\t\t\t\t\t\t\t\t\t\t\t\t\t\t\t\t\t\t\t\t\t\t\t\t\t\t\t\t\t\t\t\t\t\t\t\t\t\t\t\t\t\t\t\t\t\t<a href=\"https:\/\/antoniuscaviar.com\/pl\/sklep\/\" class=\"c-button c-button--bordered t-upper\" >Sklep<\/a>\n\t\t\t\t\t\t\t\t\t\t\t\t\t\t\t\t\t\t\t\t\t\t\t\t\t\t\t\t\t\t\t\t\t\t\t\t\t\t\t\t\t\t\t\t\t\t\t\t\t\t\t\t\t\t\t\t\t\t\t\t\t\t\t\t\t\t\t\t\t\t\t\t\t\t\t\t\t\t\t\t\t\t\t\t\t\t\t<a href=\"https:\/\/antoniuscaviar.com\/pl\/kategoria-produktu\/siberian\/\" class=\"c-link t-upper\" >CZYTAJ WI\u0118CEJ<\/a>\n\t\t\t\t\t\t\t\t\t\t\t\t\t\t\t\t\t\t\t\t\t\t\t\t\t\t\t\t\t\t\t\t\t\t\t\t\t\t\t\t\t\t\t\t\t\t<\/div>\n\t\t\t\t\t\t\t\t\t\t\t\t\t\t\t\t\t<\/div>\n\t\t\t\t\t\t\t<\/div>\n\t\t\t\t\t\t<\/li>\n\t\t\t\t\t\t\t\t\t\t\t\t\t\t\t\t\t\t\t\t\t\t\t\t\t<li class=\"c-single-product-slider__slide swiper-slide\">\n\t\t\t\t\t\t\t<div class=\"c-single-product-box\">\n\t\t\t\t\t\t\t\t\t\t\t\t\t\t\t\t\t<div class=\"c-single-product-box__media\">\n\t\t\t\t\t\t\t\t\t\t<img decoding=\"async\" onClick='window.location.href = \"https:\/\/antoniuscaviar.com\/pl\/kategoria-produktu\/oscietra\/\"'\t\t\t\t\t\t\t\t\t\t src=\"https:\/\/antoniuscaviar.com\/wp-content\/uploads\/2022\/11\/can_oscietra_6stars-288x288.png\" alt=\"\" \/>\n\t\t\t\t\t\t\t\t\t<\/div>\n\t\t\t\t\t\t\t\t\t\t\t\t\t\t\t\t<div class=\"c-single-product-box__content\">\n\t\t\t\t\t\t\t\t\t\t\t\t\t\t\t\t\t\t\t<h4 class=\"c-single-product-box__title t-headline-2\">\n\t\t\t\t\t\t\t\t\t\t\tOscietra caviar\t\t\t\t\t\t\t\t\t\t<\/h4>\n\t\t\t\t\t\t\t\t\t\t\t\t\t\t\t\t\t\t\t\t\t\t\t\t\t\t\t\t<p class=\"c-single-product-box__desc t-body-3\">\n\t\t\t\t\t\t\t\t\t\t\tKawior z jesiotr\u00f3w gatunku Acipenser gueldenstaedtii (jesiotr rosyjski). S\u0142ynie z przyjemnie orzechowego smaku zako\u0144czonego aksamitnym, ma\u015blanym finiszem.\t\t\t\t\t\t\t\t\t\t<\/p>\n\t\t\t\t\t\t\t\t\t\t\t\t\t\t\t\t\t\t\t\t\t\t\t\t\t\t\t\t<div class=\"c-single-product-box__action\">\n\t\t\t\t\t\t\t\t\t\t\t\t\t\t\t\t\t\t\t\t\t\t\t\t\t\t\t\t\t\t\t\t\t\t\t\t\t\t\t\t\t\t\t\t\t\t\t\t\t\t\t\t\t\t\t\t\t\t\t\t\t\t<a href=\"https:\/\/antoniuscaviar.com\/pl\/sklep\/\" class=\"c-button c-button--bordered t-upper\" >Sklep<\/a>\n\t\t\t\t\t\t\t\t\t\t\t\t\t\t\t\t\t\t\t\t\t\t\t\t\t\t\t\t\t\t\t\t\t\t\t\t\t\t\t\t\t\t\t\t\t\t\t\t\t\t\t\t\t\t\t\t\t\t\t\t\t\t\t\t\t\t\t\t\t\t\t\t\t\t\t\t\t\t\t\t\t\t\t\t\t\t\t<a href=\"https:\/\/antoniuscaviar.com\/pl\/kategoria-produktu\/oscietra\/\" class=\"c-link t-upper\" >CZYTAJ WI\u0118CEJ<\/a>\n\t\t\t\t\t\t\t\t\t\t\t\t\t\t\t\t\t\t\t\t\t\t\t\t\t\t\t\t\t\t\t\t\t\t\t\t\t\t\t\t\t\t\t\t\t\t<\/div>\n\t\t\t\t\t\t\t\t\t\t\t\t\t\t\t\t\t<\/div>\n\t\t\t\t\t\t\t<\/div>\n\t\t\t\t\t\t<\/li>\n\t\t\t\t\t\t\t\t\t\t\t\t<\/ul>\n\t\t\t<div class=\"c-single-product-slider__actions\">\n\t\t\t\t<div class=\"c-single-product-slider__pagination js-slider-pagination\"><\/div>\n\t\t\t\t<nav class=\"c-single-product-slider__nav\">\n\t\t\t\t\t<div class=\"c-slider-nav\">\n\t\t\t\t\t\t<button class=\"c-slider-nav__button c-slider-nav__button--prev swiper-button-prev js-slider-prev-btn\">\n\t\t\t\t\t\t\t<span class=\"sr-only\">Previous slide><\/span>\n\t\t\t\t\t\t<\/button>\n\t\t\t\t\t\t<button class=\"c-slider-nav__button c-slider-nav__button--next swiper-button-next js-slider-next-btn\">\n\t\t\t\t\t\t\t<span class=\"sr-only\">Next slide><\/span>\n\t\t\t\t\t\t<\/button>\n\t\t\t\t\t<\/div>\n\t\t\t\t<\/nav>\n\t\t\t<\/div>\n\t\t<\/div>\n\t<\/div>\n<\/section>\n\n\n<section class=\"l-spacing l-spacing--l\"><\/section>\n","protected":false},"excerpt":{"rendered":"","protected":false},"author":284,"featured_media":0,"parent":0,"menu_order":0,"comment_status":"closed","ping_status":"closed","template":"","meta":{"inline_featured_image":false},"acf":[],"yoast_head":"<!-- This site is optimized with the Yoast SEO plugin v19.10 - https:\/\/yoast.com\/wordpress\/plugins\/seo\/ -->\n<title>Hodowla - Sklep \u2014 Antonius Caviar<\/title>\n<meta name=\"robots\" content=\"index, follow, max-snippet:-1, max-image-preview:large, max-video-preview:-1\" \/>\n<link rel=\"canonical\" href=\"https:\/\/antoniuscaviar.com\/pl\/hodowla\/\" \/>\n<meta property=\"og:locale\" content=\"pl_PL\" \/>\n<meta property=\"og:type\" content=\"article\" \/>\n<meta property=\"og:title\" content=\"Hodowla - Sklep \u2014 Antonius Caviar\" \/>\n<meta property=\"og:url\" content=\"https:\/\/antoniuscaviar.com\/pl\/hodowla\/\" \/>\n<meta property=\"og:site_name\" content=\"Sklep \u2014 Antonius Caviar\" \/>\n<meta property=\"article:modified_time\" content=\"2024-12-09T10:49:09+00:00\" \/>\n<meta name=\"twitter:card\" content=\"summary_large_image\" \/>\n<script type=\"application\/ld+json\" class=\"yoast-schema-graph\">{\"@context\":\"https:\/\/schema.org\",\"@graph\":[{\"@type\":\"WebPage\",\"@id\":\"https:\/\/antoniuscaviar.com\/pl\/hodowla\/\",\"url\":\"https:\/\/antoniuscaviar.com\/pl\/hodowla\/\",\"name\":\"Hodowla - Sklep \u2014 Antonius Caviar\",\"isPartOf\":{\"@id\":\"https:\/\/antoniuscaviar.com\/pl\/#website\"},\"datePublished\":\"2022-01-14T12:50:01+00:00\",\"dateModified\":\"2024-12-09T10:49:09+00:00\",\"breadcrumb\":{\"@id\":\"https:\/\/antoniuscaviar.com\/pl\/hodowla\/#breadcrumb\"},\"inLanguage\":\"pl-PL\",\"potentialAction\":[{\"@type\":\"ReadAction\",\"target\":[\"https:\/\/antoniuscaviar.com\/pl\/hodowla\/\"]}]},{\"@type\":\"BreadcrumbList\",\"@id\":\"https:\/\/antoniuscaviar.com\/pl\/hodowla\/#breadcrumb\",\"itemListElement\":[{\"@type\":\"ListItem\",\"position\":1,\"name\":\"Home\",\"item\":\"https:\/\/antoniuscaviar.com\/pl\/\"},{\"@type\":\"ListItem\",\"position\":2,\"name\":\"Hodowla\"}]},{\"@type\":\"WebSite\",\"@id\":\"https:\/\/antoniuscaviar.com\/pl\/#website\",\"url\":\"https:\/\/antoniuscaviar.com\/pl\/\",\"name\":\"Sklep \u2014 Antonius Caviar\",\"description\":\"\",\"potentialAction\":[{\"@type\":\"SearchAction\",\"target\":{\"@type\":\"EntryPoint\",\"urlTemplate\":\"https:\/\/antoniuscaviar.com\/pl\/?s={search_term_string}\"},\"query-input\":\"required name=search_term_string\"}],\"inLanguage\":\"pl-PL\"}]}<\/script>\n<!-- \/ Yoast SEO plugin. -->","yoast_head_json":{"title":"Hodowla - Sklep \u2014 Antonius Caviar","robots":{"index":"index","follow":"follow","max-snippet":"max-snippet:-1","max-image-preview":"max-image-preview:large","max-video-preview":"max-video-preview:-1"},"canonical":"https:\/\/antoniuscaviar.com\/pl\/hodowla\/","og_locale":"pl_PL","og_type":"article","og_title":"Hodowla - Sklep \u2014 Antonius Caviar","og_url":"https:\/\/antoniuscaviar.com\/pl\/hodowla\/","og_site_name":"Sklep \u2014 Antonius Caviar","article_modified_time":"2024-12-09T10:49:09+00:00","twitter_card":"summary_large_image","schema":{"@context":"https:\/\/schema.org","@graph":[{"@type":"WebPage","@id":"https:\/\/antoniuscaviar.com\/pl\/hodowla\/","url":"https:\/\/antoniuscaviar.com\/pl\/hodowla\/","name":"Hodowla - Sklep \u2014 Antonius Caviar","isPartOf":{"@id":"https:\/\/antoniuscaviar.com\/pl\/#website"},"datePublished":"2022-01-14T12:50:01+00:00","dateModified":"2024-12-09T10:49:09+00:00","breadcrumb":{"@id":"https:\/\/antoniuscaviar.com\/pl\/hodowla\/#breadcrumb"},"inLanguage":"pl-PL","potentialAction":[{"@type":"ReadAction","target":["https:\/\/antoniuscaviar.com\/pl\/hodowla\/"]}]},{"@type":"BreadcrumbList","@id":"https:\/\/antoniuscaviar.com\/pl\/hodowla\/#breadcrumb","itemListElement":[{"@type":"ListItem","position":1,"name":"Home","item":"https:\/\/antoniuscaviar.com\/pl\/"},{"@type":"ListItem","position":2,"name":"Hodowla"}]},{"@type":"WebSite","@id":"https:\/\/antoniuscaviar.com\/pl\/#website","url":"https:\/\/antoniuscaviar.com\/pl\/","name":"Sklep \u2014 Antonius Caviar","description":"","potentialAction":[{"@type":"SearchAction","target":{"@type":"EntryPoint","urlTemplate":"https:\/\/antoniuscaviar.com\/pl\/?s={search_term_string}"},"query-input":"required name=search_term_string"}],"inLanguage":"pl-PL"}]}},"_links":{"self":[{"href":"https:\/\/antoniuscaviar.com\/pl\/wp-json\/wp\/v2\/pages\/7944"}],"collection":[{"href":"https:\/\/antoniuscaviar.com\/pl\/wp-json\/wp\/v2\/pages"}],"about":[{"href":"https:\/\/antoniuscaviar.com\/pl\/wp-json\/wp\/v2\/types\/page"}],"author":[{"embeddable":true,"href":"https:\/\/antoniuscaviar.com\/pl\/wp-json\/wp\/v2\/users\/284"}],"replies":[{"embeddable":true,"href":"https:\/\/antoniuscaviar.com\/pl\/wp-json\/wp\/v2\/comments?post=7944"}],"version-history":[{"count":90,"href":"https:\/\/antoniuscaviar.com\/pl\/wp-json\/wp\/v2\/pages\/7944\/revisions"}],"predecessor-version":[{"id":20170,"href":"https:\/\/antoniuscaviar.com\/pl\/wp-json\/wp\/v2\/pages\/7944\/revisions\/20170"}],"wp:attachment":[{"href":"https:\/\/antoniuscaviar.com\/pl\/wp-json\/wp\/v2\/media?parent=7944"}],"curies":[{"name":"wp","href":"https:\/\/api.w.org\/{rel}","templated":true}]}}