{"id":7974,"date":"2022-01-17T14:59:40","date_gmt":"2022-01-17T12:59:40","guid":{"rendered":"https:\/\/antoniuscaviar.com\/restaurants\/"},"modified":"2022-11-28T11:17:31","modified_gmt":"2022-11-28T09:17:31","slug":"restauracje","status":"publish","type":"page","link":"https:\/\/antoniuscaviar.com\/pl\/restauracje\/","title":{"rendered":"Restauracje"},"content":{"rendered":"<section class=\"l-spacing l-spacing--m\"><\/section>\n\n\n<div class=\"l-inner l-inner--fullwidth-mobile \">\n\t<div class=\"c-image-text \">\n\t\t\t\t\t<div class=\"c-image-text__media\">\n\t\t\t\t<img decoding=\"async\" src=\"https:\/\/antoniuscaviar.com\/wp-content\/uploads\/2022\/03\/restaurants-media-1.png\" alt=\"\" \/>\n\t\t\t<\/div>\n\t\t\t\t\t\t\t<div class=\"c-image-text__content c-cms-content\">\n\t\t\t\t<h1>Restauracje<\/h1>\n<h2>Nasz kawior jest doceniany przez najlepszych szef\u00f3w kuchni i serwowany na sto\u0142ach topowych restauracji na ca\u0142ym \u015bwiecie.<\/h2>\n<p>To produkt wy\u0142\u0105cznie \u015bwie\u017cy, niepasteryzowany, pakowany pr\u00f3\u017cniowo w eleganckie puszki. Jest produkowany w rzemie\u015blniczy spos\u00f3b tylko z jesiotr\u00f3w z w\u0142asnych hodowli. Zachwyca doskona\u0142ym, czystym i pe\u0142nym smakiem, kt\u00f3ry wyr\u00f3\u017cnia si\u0119 na tle produkt\u00f3w pasteryzowanych czy te\u017c przepakowywanych z wi\u0119kszych puszek, zawieraj\u0105cych cz\u0119sto ikr\u0119 z kilku r\u00f3\u017cnych ryb.<\/p>\n<p>W menu restauracyjnym Antonius Caviar b\u0142yszczy zar\u00f3wno jako dodatek do autorskich, popisowych da\u0144, jak i w roli samodzielnego menu degustacyjnego.<\/p>\n\t\t\t<\/div>\n\t\t\t<\/div>\n<\/div>\n\n\n<section class=\"l-spacing l-spacing--xl\"><\/section>\n\n\n<div class=\"l-inner \">\n\t<div class=\"c-offer-listing\">\n\t\t\t\t\t<h2 class=\"c-offer-listing__heading t-headline-3 t-headline-4-desktop\">\n\t\t\t\tCo&nbsp;oferujemy?\t\t\t<\/h2>\n\t\t\t\t\t\t\t<ul class=\"c-offer-listing__list g-row\">\n\t\t\t\t\t\t\t\t\t\t\t\t\t\t<li class=\"c-offer-listing__item g-col-12 g-col-mobile-6 g-col-tablet-4\">\n\t\t\t\t\t\t<div class=\"c-offer-listing__item-wrapper\">\n\t\t\t\t\t\t\t\t\t\t\t\t\t\t\t<h3 class=\"c-offer-listing__item-title t-headline-5 t-headline-4-desktop\">\n\t\t\t\t\t\t\t\t\tProfesjonalne szkolenia\t\t\t\t\t\t\t\t<\/h3>\n\t\t\t\t\t\t\t\t\t\t\t\t\t\t\t\t\t\t\t\t\t\t<p class=\"c-offer-listing__item-desc t-body-3\">\n\t\t\t\t\t\t\t\t\tDla Ciebie i ca\u0142ego zespo\u0142u. Wprowadzimy Was w fascynuj\u0105cy \u015bwiat kawioru.<br \/>\r\n\t\t\t\t\t\t\t\t<\/p>\n\t\t\t\t\t\t\t\t\t\t\t\t\t<\/div>\n\t\t\t\t\t<\/li>\n\t\t\t\t\t\t\t\t\t\t\t\t\t\t<li class=\"c-offer-listing__item g-col-12 g-col-mobile-6 g-col-tablet-4\">\n\t\t\t\t\t\t<div class=\"c-offer-listing__item-wrapper\">\n\t\t\t\t\t\t\t\t\t\t\t\t\t\t\t<h3 class=\"c-offer-listing__item-title t-headline-5 t-headline-4-desktop\">\n\t\t\t\t\t\t\t\t\tIndywidualne degustacje\t\t\t\t\t\t\t\t<\/h3>\n\t\t\t\t\t\t\t\t\t\t\t\t\t\t\t\t\t\t\t\t\t\t<p class=\"c-offer-listing__item-desc t-body-3\">\n\t\t\t\t\t\t\t\t\tDla Ciebie i Twoich go\u015bci. Pe\u0142ne opowie\u015bci i magiczne chwile z kawiorem.\t\t\t\t\t\t\t\t<\/p>\n\t\t\t\t\t\t\t\t\t\t\t\t\t<\/div>\n\t\t\t\t\t<\/li>\n\t\t\t\t\t\t\t\t\t\t\t\t\t\t<li class=\"c-offer-listing__item g-col-12 g-col-mobile-6 g-col-tablet-4\">\n\t\t\t\t\t\t<div class=\"c-offer-listing__item-wrapper\">\n\t\t\t\t\t\t\t\t\t\t\t\t\t\t\t<h3 class=\"c-offer-listing__item-title t-headline-5 t-headline-4-desktop\">\n\t\t\t\t\t\t\t\t\tZwiedzanie gospodarstw\t\t\t\t\t\t\t\t<\/h3>\n\t\t\t\t\t\t\t\t\t\t\t\t\t\t\t\t\t\t\t\t\t\t<p class=\"c-offer-listing__item-desc t-body-3\">\n\t\t\t\t\t\t\t\t\tZobacz, jak pracujemy i poznaj nasze podej\u015bcie do produkcji kawioru.\t\t\t\t\t\t\t\t<\/p>\n\t\t\t\t\t\t\t\t\t\t\t\t\t<\/div>\n\t\t\t\t\t<\/li>\n\t\t\t\t\t\t\t\t\t\t\t\t\t\t<li class=\"c-offer-listing__item g-col-12 g-col-mobile-6 g-col-tablet-4\">\n\t\t\t\t\t\t<div class=\"c-offer-listing__item-wrapper\">\n\t\t\t\t\t\t\t\t\t\t\t\t\t\t\t<h3 class=\"c-offer-listing__item-title t-headline-5 t-headline-4-desktop\">\n\t\t\t\t\t\t\t\t\tDost\u0119p do zdj\u0119\u0107 i film\u00f3w\t\t\t\t\t\t\t\t<\/h3>\n\t\t\t\t\t\t\t\t\t\t\t\t\t\t\t\t\t\t\t\t\t\t<p class=\"c-offer-listing__item-desc t-body-3\">\n\t\t\t\t\t\t\t\t\tWysokiej jako\u015bci materia\u0142y wizualne do Twojego u\u017cytku.\t\t\t\t\t\t\t\t<\/p>\n\t\t\t\t\t\t\t\t\t\t\t\t\t<\/div>\n\t\t\t\t\t<\/li>\n\t\t\t\t\t\t\t\t\t\t\t\t\t\t<li class=\"c-offer-listing__item g-col-12 g-col-mobile-6 g-col-tablet-4\">\n\t\t\t\t\t\t<div class=\"c-offer-listing__item-wrapper\">\n\t\t\t\t\t\t\t\t\t\t\t\t\t\t\t<h3 class=\"c-offer-listing__item-title t-headline-5 t-headline-4-desktop\">\n\t\t\t\t\t\t\t\t\tOferty specjalne i pomoc\t\t\t\t\t\t\t\t<\/h3>\n\t\t\t\t\t\t\t\t\t\t\t\t\t\t\t\t\t\t\t\t\t\t<p class=\"c-offer-listing__item-desc t-body-3\">\n\t\t\t\t\t\t\t\t\tNaszym partnerom oferujemy oferty specjalne i zapewniamy sta\u0142e wsparcie.\t\t\t\t\t\t\t\t<\/p>\n\t\t\t\t\t\t\t\t\t\t\t\t\t<\/div>\n\t\t\t\t\t<\/li>\n\t\t\t\t\t\t\t<\/ul>\n\t\t\t<\/div>\n<\/div>\n\n\n<section class=\"l-spacing l-spacing--xl\"><\/section>\n\n\n\t<div class=\"c-image-info-box \" style=\"background-image: url('https:\/\/antoniuscaviar.com\/wp-content\/uploads\/2022\/08\/background-1920x933.jpg');\">\n\t\t<div class=\"l-inner c-image-info-box__inner\">\n\t\t\t<div class=\"c-image-info-box__wrapper\">\n\t\t\t\t\t\t\t\t\t<h3 class=\"c-image-info-box__head t-headline-3 t-headline-4-mobile\">Niech kawior zago\u015bci w menu Twojej restauracji.<\/h3>\n\t\t\t\t\t\t\t\t\t\t\t\t\t<p class=\"c-image-info-box__content t-body-3\">Poznaj dedykowan\u0105 ofert\u0119 dla restaurator\u00f3w.<\/p>\n\t\t\t\t\t\t\t\t\t\t\t\t\t<a href=\"https:\/\/antoniuscaviar.com\/pl\/kontakt\/\" class=\"c-link c-link--border c-link--border-light c-link--upper t-body-3\" >Skontaktuj si\u0119 z nami<\/a>\n\t\t\t\t\t\t\t<\/div>\n\t\t<\/div>\n\t<\/div>\n","protected":false},"excerpt":{"rendered":"","protected":false},"author":284,"featured_media":0,"parent":0,"menu_order":0,"comment_status":"closed","ping_status":"closed","template":"","meta":{"inline_featured_image":false},"acf":[],"yoast_head":"<!-- This site is optimized with the Yoast SEO plugin v19.10 - https:\/\/yoast.com\/wordpress\/plugins\/seo\/ -->\n<title>Restauracje - Sklep \u2014 Antonius Caviar<\/title>\n<meta name=\"robots\" content=\"index, follow, max-snippet:-1, max-image-preview:large, max-video-preview:-1\" \/>\n<link rel=\"canonical\" href=\"https:\/\/antoniuscaviar.com\/pl\/restauracje\/\" \/>\n<meta property=\"og:locale\" content=\"pl_PL\" \/>\n<meta property=\"og:type\" content=\"article\" \/>\n<meta property=\"og:title\" content=\"Restauracje - Sklep \u2014 Antonius Caviar\" \/>\n<meta property=\"og:url\" content=\"https:\/\/antoniuscaviar.com\/pl\/restauracje\/\" \/>\n<meta property=\"og:site_name\" content=\"Sklep \u2014 Antonius Caviar\" \/>\n<meta property=\"article:modified_time\" content=\"2022-11-28T09:17:31+00:00\" \/>\n<meta name=\"twitter:card\" content=\"summary_large_image\" \/>\n<script type=\"application\/ld+json\" class=\"yoast-schema-graph\">{\"@context\":\"https:\/\/schema.org\",\"@graph\":[{\"@type\":\"WebPage\",\"@id\":\"https:\/\/antoniuscaviar.com\/pl\/restauracje\/\",\"url\":\"https:\/\/antoniuscaviar.com\/pl\/restauracje\/\",\"name\":\"Restauracje - Sklep \u2014 Antonius Caviar\",\"isPartOf\":{\"@id\":\"https:\/\/antoniuscaviar.com\/pl\/#website\"},\"datePublished\":\"2022-01-17T12:59:40+00:00\",\"dateModified\":\"2022-11-28T09:17:31+00:00\",\"breadcrumb\":{\"@id\":\"https:\/\/antoniuscaviar.com\/pl\/restauracje\/#breadcrumb\"},\"inLanguage\":\"pl-PL\",\"potentialAction\":[{\"@type\":\"ReadAction\",\"target\":[\"https:\/\/antoniuscaviar.com\/pl\/restauracje\/\"]}]},{\"@type\":\"BreadcrumbList\",\"@id\":\"https:\/\/antoniuscaviar.com\/pl\/restauracje\/#breadcrumb\",\"itemListElement\":[{\"@type\":\"ListItem\",\"position\":1,\"name\":\"Home\",\"item\":\"https:\/\/antoniuscaviar.com\/pl\/\"},{\"@type\":\"ListItem\",\"position\":2,\"name\":\"Restauracje\"}]},{\"@type\":\"WebSite\",\"@id\":\"https:\/\/antoniuscaviar.com\/pl\/#website\",\"url\":\"https:\/\/antoniuscaviar.com\/pl\/\",\"name\":\"Sklep \u2014 Antonius Caviar\",\"description\":\"\",\"potentialAction\":[{\"@type\":\"SearchAction\",\"target\":{\"@type\":\"EntryPoint\",\"urlTemplate\":\"https:\/\/antoniuscaviar.com\/pl\/?s={search_term_string}\"},\"query-input\":\"required name=search_term_string\"}],\"inLanguage\":\"pl-PL\"}]}<\/script>\n<!-- \/ Yoast SEO plugin. -->","yoast_head_json":{"title":"Restauracje - Sklep \u2014 Antonius Caviar","robots":{"index":"index","follow":"follow","max-snippet":"max-snippet:-1","max-image-preview":"max-image-preview:large","max-video-preview":"max-video-preview:-1"},"canonical":"https:\/\/antoniuscaviar.com\/pl\/restauracje\/","og_locale":"pl_PL","og_type":"article","og_title":"Restauracje - Sklep \u2014 Antonius Caviar","og_url":"https:\/\/antoniuscaviar.com\/pl\/restauracje\/","og_site_name":"Sklep \u2014 Antonius Caviar","article_modified_time":"2022-11-28T09:17:31+00:00","twitter_card":"summary_large_image","schema":{"@context":"https:\/\/schema.org","@graph":[{"@type":"WebPage","@id":"https:\/\/antoniuscaviar.com\/pl\/restauracje\/","url":"https:\/\/antoniuscaviar.com\/pl\/restauracje\/","name":"Restauracje - Sklep \u2014 Antonius Caviar","isPartOf":{"@id":"https:\/\/antoniuscaviar.com\/pl\/#website"},"datePublished":"2022-01-17T12:59:40+00:00","dateModified":"2022-11-28T09:17:31+00:00","breadcrumb":{"@id":"https:\/\/antoniuscaviar.com\/pl\/restauracje\/#breadcrumb"},"inLanguage":"pl-PL","potentialAction":[{"@type":"ReadAction","target":["https:\/\/antoniuscaviar.com\/pl\/restauracje\/"]}]},{"@type":"BreadcrumbList","@id":"https:\/\/antoniuscaviar.com\/pl\/restauracje\/#breadcrumb","itemListElement":[{"@type":"ListItem","position":1,"name":"Home","item":"https:\/\/antoniuscaviar.com\/pl\/"},{"@type":"ListItem","position":2,"name":"Restauracje"}]},{"@type":"WebSite","@id":"https:\/\/antoniuscaviar.com\/pl\/#website","url":"https:\/\/antoniuscaviar.com\/pl\/","name":"Sklep \u2014 Antonius Caviar","description":"","potentialAction":[{"@type":"SearchAction","target":{"@type":"EntryPoint","urlTemplate":"https:\/\/antoniuscaviar.com\/pl\/?s={search_term_string}"},"query-input":"required name=search_term_string"}],"inLanguage":"pl-PL"}]}},"_links":{"self":[{"href":"https:\/\/antoniuscaviar.com\/pl\/wp-json\/wp\/v2\/pages\/7974"}],"collection":[{"href":"https:\/\/antoniuscaviar.com\/pl\/wp-json\/wp\/v2\/pages"}],"about":[{"href":"https:\/\/antoniuscaviar.com\/pl\/wp-json\/wp\/v2\/types\/page"}],"author":[{"embeddable":true,"href":"https:\/\/antoniuscaviar.com\/pl\/wp-json\/wp\/v2\/users\/284"}],"replies":[{"embeddable":true,"href":"https:\/\/antoniuscaviar.com\/pl\/wp-json\/wp\/v2\/comments?post=7974"}],"version-history":[{"count":29,"href":"https:\/\/antoniuscaviar.com\/pl\/wp-json\/wp\/v2\/pages\/7974\/revisions"}],"predecessor-version":[{"id":9017,"href":"https:\/\/antoniuscaviar.com\/pl\/wp-json\/wp\/v2\/pages\/7974\/revisions\/9017"}],"wp:attachment":[{"href":"https:\/\/antoniuscaviar.com\/pl\/wp-json\/wp\/v2\/media?parent=7974"}],"curies":[{"name":"wp","href":"https:\/\/api.w.org\/{rel}","templated":true}]}}