{"id":21499,"date":"2025-05-16T09:56:37","date_gmt":"2025-05-16T07:56:37","guid":{"rendered":"https:\/\/antoniuscaviar.com\/?post_type=product&#038;p=21499"},"modified":"2026-03-23T21:11:14","modified_gmt":"2026-03-23T19:11:14","slug":"antonius-caviar-x-naszyjnik-orska","status":"publish","type":"product","link":"https:\/\/antoniuscaviar.com\/pl\/produkt\/antonius-caviar-x-naszyjnik-orska\/","title":{"rendered":"Antonius Caviar x Naszyjnik ORSKA"},"content":{"rendered":"<p><strong>Zestaw prezentowy Antonius Caviar x ORSKA<\/strong><\/p>\n<p>Prezent, kt\u00f3ry \u0142\u0105czy wyrafinowany smak i rzemios\u0142o sztuki bi\u017cuteryjnej. W eleganckim opakowaniu znajduj\u0105 si\u0119 dwie per\u0142y naszej kolekcji w prawdziwie kr\u00f3lewskim duecie: 6-gwiazdkowa Oscietra (\u015brednica ziarna powy\u017cej 3 mm) oraz 6-gwiazdkowy Siberian (\u015brednica ziarna powy\u017cej 2,7 mm).<\/p>\n<p>Dope\u0142nieniem zestawu jest niebanalny naszyjnik zaprojektowany przez Ann\u0119 Orsk\u0105. R\u0119cznie robiona bi\u017cuteria z poz\u0142acanego mosi\u0105dzu przywo\u0142uje motywy inspirowane natur\u0105.<\/p>\n<p>Zestaw zawiera:<\/p>\n<ul>\n<li>Oscietra 6*<\/li>\n<li>Siberian 6*<\/li>\n<li>naszyjnik z poz\u0142acanego mosi\u0105dzu Antonius Caviar x ORSKA<\/li>\n<li>\u0142y\u017ceczka z masy per\u0142owej<\/li>\n<li>eleganckie pude\u0142ko<\/li>\n<\/ul>\n<p>Dost\u0119pny w opcji: 30 g + 30 g lub 50 g + 50 g.<\/p>\n","protected":false},"excerpt":{"rendered":"<p>6-gwiazdkowa Oscietra i 6-gwiazdkowy Siberian<br \/>\nwraz z \u0142y\u017ceczk\u0105 z masy per\u0142owej<\/p>\n","protected":false},"featured_media":21483,"comment_status":"closed","ping_status":"closed","template":"","meta":{"inline_featured_image":false},"product_cat":[391],"product_tag":[],"acf":[],"yoast_head":"<!-- This site is optimized with the Yoast SEO plugin v19.10 - https:\/\/yoast.com\/wordpress\/plugins\/seo\/ -->\n<title>Antonius Caviar x Naszyjnik ORSKA - Sklep \u2014 Antonius Caviar<\/title>\n<meta name=\"robots\" content=\"index, follow, max-snippet:-1, max-image-preview:large, max-video-preview:-1\" \/>\n<link rel=\"canonical\" href=\"https:\/\/antoniuscaviar.com\/pl\/produkt\/antonius-caviar-x-naszyjnik-orska\/\" \/>\n<meta property=\"og:locale\" content=\"pl_PL\" \/>\n<meta property=\"og:type\" content=\"article\" \/>\n<meta property=\"og:title\" content=\"Antonius Caviar x Naszyjnik ORSKA - Sklep \u2014 Antonius Caviar\" \/>\n<meta property=\"og:description\" content=\"6-gwiazdkowa Oscietra i 6-gwiazdkowy Siberian wraz z \u0142y\u017ceczk\u0105 z masy per\u0142owej\" \/>\n<meta property=\"og:url\" content=\"https:\/\/antoniuscaviar.com\/pl\/produkt\/antonius-caviar-x-naszyjnik-orska\/\" \/>\n<meta property=\"og:site_name\" content=\"Sklep \u2014 Antonius Caviar\" \/>\n<meta property=\"article:modified_time\" content=\"2026-03-23T19:11:14+00:00\" \/>\n<meta property=\"og:image\" content=\"https:\/\/antoniuscaviar.com\/wp-content\/uploads\/2025\/05\/naszyjnik-1.png\" \/>\n\t<meta property=\"og:image:width\" content=\"1200\" \/>\n\t<meta property=\"og:image:height\" content=\"1200\" \/>\n\t<meta property=\"og:image:type\" content=\"image\/png\" \/>\n<meta name=\"twitter:card\" content=\"summary_large_image\" \/>\n<meta name=\"twitter:label1\" content=\"Szacowany czas czytania\" \/>\n\t<meta name=\"twitter:data1\" content=\"1 minuta\" \/>\n<script type=\"application\/ld+json\" class=\"yoast-schema-graph\">{\"@context\":\"https:\/\/schema.org\",\"@graph\":[{\"@type\":\"WebPage\",\"@id\":\"https:\/\/antoniuscaviar.com\/pl\/produkt\/antonius-caviar-x-naszyjnik-orska\/\",\"url\":\"https:\/\/antoniuscaviar.com\/pl\/produkt\/antonius-caviar-x-naszyjnik-orska\/\",\"name\":\"Antonius Caviar x Naszyjnik ORSKA - Sklep \u2014 Antonius Caviar\",\"isPartOf\":{\"@id\":\"https:\/\/antoniuscaviar.com\/pl\/#website\"},\"datePublished\":\"2025-05-16T07:56:37+00:00\",\"dateModified\":\"2026-03-23T19:11:14+00:00\",\"breadcrumb\":{\"@id\":\"https:\/\/antoniuscaviar.com\/pl\/produkt\/antonius-caviar-x-naszyjnik-orska\/#breadcrumb\"},\"inLanguage\":\"pl-PL\",\"potentialAction\":[{\"@type\":\"ReadAction\",\"target\":[\"https:\/\/antoniuscaviar.com\/pl\/produkt\/antonius-caviar-x-naszyjnik-orska\/\"]}]},{\"@type\":\"BreadcrumbList\",\"@id\":\"https:\/\/antoniuscaviar.com\/pl\/produkt\/antonius-caviar-x-naszyjnik-orska\/#breadcrumb\",\"itemListElement\":[{\"@type\":\"ListItem\",\"position\":1,\"name\":\"Home\",\"item\":\"https:\/\/antoniuscaviar.com\/pl\/\"},{\"@type\":\"ListItem\",\"position\":2,\"name\":\"Pe\u0142na oferta\",\"item\":\"https:\/\/antoniuscaviar.com\/pl\/sklep\/\"},{\"@type\":\"ListItem\",\"position\":3,\"name\":\"Antonius Caviar x Naszyjnik ORSKA\"}]},{\"@type\":\"WebSite\",\"@id\":\"https:\/\/antoniuscaviar.com\/pl\/#website\",\"url\":\"https:\/\/antoniuscaviar.com\/pl\/\",\"name\":\"Sklep \u2014 Antonius Caviar\",\"description\":\"\",\"potentialAction\":[{\"@type\":\"SearchAction\",\"target\":{\"@type\":\"EntryPoint\",\"urlTemplate\":\"https:\/\/antoniuscaviar.com\/pl\/?s={search_term_string}\"},\"query-input\":\"required name=search_term_string\"}],\"inLanguage\":\"pl-PL\"}]}<\/script>\n<!-- \/ Yoast SEO plugin. -->","yoast_head_json":{"title":"Antonius Caviar x Naszyjnik ORSKA - Sklep \u2014 Antonius Caviar","robots":{"index":"index","follow":"follow","max-snippet":"max-snippet:-1","max-image-preview":"max-image-preview:large","max-video-preview":"max-video-preview:-1"},"canonical":"https:\/\/antoniuscaviar.com\/pl\/produkt\/antonius-caviar-x-naszyjnik-orska\/","og_locale":"pl_PL","og_type":"article","og_title":"Antonius Caviar x Naszyjnik ORSKA - Sklep \u2014 Antonius Caviar","og_description":"6-gwiazdkowa Oscietra i 6-gwiazdkowy Siberian wraz z \u0142y\u017ceczk\u0105 z masy per\u0142owej","og_url":"https:\/\/antoniuscaviar.com\/pl\/produkt\/antonius-caviar-x-naszyjnik-orska\/","og_site_name":"Sklep \u2014 Antonius Caviar","article_modified_time":"2026-03-23T19:11:14+00:00","og_image":[{"width":1200,"height":1200,"url":"https:\/\/antoniuscaviar.com\/wp-content\/uploads\/2025\/05\/naszyjnik-1.png","type":"image\/png"}],"twitter_card":"summary_large_image","twitter_misc":{"Szacowany czas czytania":"1 minuta"},"schema":{"@context":"https:\/\/schema.org","@graph":[{"@type":"WebPage","@id":"https:\/\/antoniuscaviar.com\/pl\/produkt\/antonius-caviar-x-naszyjnik-orska\/","url":"https:\/\/antoniuscaviar.com\/pl\/produkt\/antonius-caviar-x-naszyjnik-orska\/","name":"Antonius Caviar x Naszyjnik ORSKA - Sklep \u2014 Antonius Caviar","isPartOf":{"@id":"https:\/\/antoniuscaviar.com\/pl\/#website"},"datePublished":"2025-05-16T07:56:37+00:00","dateModified":"2026-03-23T19:11:14+00:00","breadcrumb":{"@id":"https:\/\/antoniuscaviar.com\/pl\/produkt\/antonius-caviar-x-naszyjnik-orska\/#breadcrumb"},"inLanguage":"pl-PL","potentialAction":[{"@type":"ReadAction","target":["https:\/\/antoniuscaviar.com\/pl\/produkt\/antonius-caviar-x-naszyjnik-orska\/"]}]},{"@type":"BreadcrumbList","@id":"https:\/\/antoniuscaviar.com\/pl\/produkt\/antonius-caviar-x-naszyjnik-orska\/#breadcrumb","itemListElement":[{"@type":"ListItem","position":1,"name":"Home","item":"https:\/\/antoniuscaviar.com\/pl\/"},{"@type":"ListItem","position":2,"name":"Pe\u0142na oferta","item":"https:\/\/antoniuscaviar.com\/pl\/sklep\/"},{"@type":"ListItem","position":3,"name":"Antonius Caviar x Naszyjnik ORSKA"}]},{"@type":"WebSite","@id":"https:\/\/antoniuscaviar.com\/pl\/#website","url":"https:\/\/antoniuscaviar.com\/pl\/","name":"Sklep \u2014 Antonius Caviar","description":"","potentialAction":[{"@type":"SearchAction","target":{"@type":"EntryPoint","urlTemplate":"https:\/\/antoniuscaviar.com\/pl\/?s={search_term_string}"},"query-input":"required name=search_term_string"}],"inLanguage":"pl-PL"}]}},"_links":{"self":[{"href":"https:\/\/antoniuscaviar.com\/pl\/wp-json\/wp\/v2\/product\/21499"}],"collection":[{"href":"https:\/\/antoniuscaviar.com\/pl\/wp-json\/wp\/v2\/product"}],"about":[{"href":"https:\/\/antoniuscaviar.com\/pl\/wp-json\/wp\/v2\/types\/product"}],"replies":[{"embeddable":true,"href":"https:\/\/antoniuscaviar.com\/pl\/wp-json\/wp\/v2\/comments?post=21499"}],"wp:featuredmedia":[{"embeddable":true,"href":"https:\/\/antoniuscaviar.com\/pl\/wp-json\/wp\/v2\/media\/21483"}],"wp:attachment":[{"href":"https:\/\/antoniuscaviar.com\/pl\/wp-json\/wp\/v2\/media?parent=21499"}],"wp:term":[{"taxonomy":"product_cat","embeddable":true,"href":"https:\/\/antoniuscaviar.com\/pl\/wp-json\/wp\/v2\/product_cat?post=21499"},{"taxonomy":"product_tag","embeddable":true,"href":"https:\/\/antoniuscaviar.com\/pl\/wp-json\/wp\/v2\/product_tag?post=21499"}],"curies":[{"name":"wp","href":"https:\/\/api.w.org\/{rel}","templated":true}]}}