{"id":23291,"date":"2026-02-19T19:47:20","date_gmt":"2026-03-06T17:34:14","guid":{"rendered":"https:\/\/antoniuscaviar.com\/?post_type=product&#038;p=23291"},"modified":"2026-03-06T19:34:14","modified_gmt":"2026-03-06T17:34:14","slug":"tin-opener","status":"publish","type":"product","link":"https:\/\/antoniuscaviar.com\/pl\/produkt\/tin-opener\/","title":{"rendered":"Otwieracz Antonius"},"content":{"rendered":"<p><span style=\"font-weight: 400;\" data-mce-style=\"font-weight: 400;\">Wykonany z najwy\u017cszej jako\u015bci stali chirurgicznej o jubilerskim wyko\u0144czeniu. Zaprojektowany specjalnie po to, by zapewni\u0107 wygodne otwieranie puszek z naszym kawiorem.<\/span><\/p>\n","protected":false},"excerpt":{"rendered":"<p><span style=\"font-weight: 400;\" data-mce-style=\"font-weight: 400;\">Wykonany z najwy\u017cszej jako\u015bci stali chirurgicznej o jubilerskim wyko\u0144czeniu. Zaprojektowany specjalnie po to, by zapewni\u0107 wygodne otwieranie puszek z naszym kawiorem.<\/span><\/p>\n","protected":false},"featured_media":23302,"comment_status":"closed","ping_status":"closed","template":"","meta":{"inline_featured_image":false},"product_cat":[391],"product_tag":[],"acf":[],"yoast_head":"<!-- This site is optimized with the Yoast SEO plugin v19.10 - https:\/\/yoast.com\/wordpress\/plugins\/seo\/ -->\n<title>Otwieracz Antonius - Sklep \u2014 Antonius Caviar<\/title>\n<meta name=\"robots\" content=\"index, follow, max-snippet:-1, max-image-preview:large, max-video-preview:-1\" \/>\n<link rel=\"canonical\" href=\"https:\/\/antoniuscaviar.com\/pl\/produkt\/tin-opener\/\" \/>\n<meta property=\"og:locale\" content=\"pl_PL\" \/>\n<meta property=\"og:type\" content=\"article\" \/>\n<meta property=\"og:title\" content=\"Otwieracz Antonius - Sklep \u2014 Antonius Caviar\" \/>\n<meta property=\"og:description\" content=\"Wykonany z najwy\u017cszej jako\u015bci stali chirurgicznej o jubilerskim wyko\u0144czeniu. Zaprojektowany specjalnie po to, by zapewni\u0107 wygodne otwieranie puszek z naszym kawiorem.\" \/>\n<meta property=\"og:url\" content=\"https:\/\/antoniuscaviar.com\/pl\/produkt\/tin-opener\/\" \/>\n<meta property=\"og:site_name\" content=\"Sklep \u2014 Antonius Caviar\" \/>\n<meta property=\"og:image\" content=\"https:\/\/antoniuscaviar.com\/wp-content\/uploads\/2026\/02\/kluczyk_E_v001_1.png\" \/>\n\t<meta property=\"og:image:width\" content=\"1080\" \/>\n\t<meta property=\"og:image:height\" content=\"1080\" \/>\n\t<meta property=\"og:image:type\" content=\"image\/png\" \/>\n<meta name=\"twitter:card\" content=\"summary_large_image\" \/>\n<script type=\"application\/ld+json\" class=\"yoast-schema-graph\">{\"@context\":\"https:\/\/schema.org\",\"@graph\":[{\"@type\":\"WebPage\",\"@id\":\"https:\/\/antoniuscaviar.com\/pl\/produkt\/tin-opener\/\",\"url\":\"https:\/\/antoniuscaviar.com\/pl\/produkt\/tin-opener\/\",\"name\":\"Otwieracz Antonius - Sklep \u2014 Antonius Caviar\",\"isPartOf\":{\"@id\":\"https:\/\/antoniuscaviar.com\/pl\/#website\"},\"datePublished\":\"2026-03-06T17:34:14+00:00\",\"dateModified\":\"2026-03-06T17:34:14+00:00\",\"breadcrumb\":{\"@id\":\"https:\/\/antoniuscaviar.com\/pl\/produkt\/tin-opener\/#breadcrumb\"},\"inLanguage\":\"pl-PL\",\"potentialAction\":[{\"@type\":\"ReadAction\",\"target\":[\"https:\/\/antoniuscaviar.com\/pl\/produkt\/tin-opener\/\"]}]},{\"@type\":\"BreadcrumbList\",\"@id\":\"https:\/\/antoniuscaviar.com\/pl\/produkt\/tin-opener\/#breadcrumb\",\"itemListElement\":[{\"@type\":\"ListItem\",\"position\":1,\"name\":\"Home\",\"item\":\"https:\/\/antoniuscaviar.com\/pl\/\"},{\"@type\":\"ListItem\",\"position\":2,\"name\":\"Pe\u0142na oferta\",\"item\":\"https:\/\/antoniuscaviar.com\/pl\/sklep\/\"},{\"@type\":\"ListItem\",\"position\":3,\"name\":\"Otwieracz Antonius\"}]},{\"@type\":\"WebSite\",\"@id\":\"https:\/\/antoniuscaviar.com\/pl\/#website\",\"url\":\"https:\/\/antoniuscaviar.com\/pl\/\",\"name\":\"Sklep \u2014 Antonius Caviar\",\"description\":\"\",\"potentialAction\":[{\"@type\":\"SearchAction\",\"target\":{\"@type\":\"EntryPoint\",\"urlTemplate\":\"https:\/\/antoniuscaviar.com\/pl\/?s={search_term_string}\"},\"query-input\":\"required name=search_term_string\"}],\"inLanguage\":\"pl-PL\"}]}<\/script>\n<!-- \/ Yoast SEO plugin. -->","yoast_head_json":{"title":"Otwieracz Antonius - Sklep \u2014 Antonius Caviar","robots":{"index":"index","follow":"follow","max-snippet":"max-snippet:-1","max-image-preview":"max-image-preview:large","max-video-preview":"max-video-preview:-1"},"canonical":"https:\/\/antoniuscaviar.com\/pl\/produkt\/tin-opener\/","og_locale":"pl_PL","og_type":"article","og_title":"Otwieracz Antonius - Sklep \u2014 Antonius Caviar","og_description":"Wykonany z najwy\u017cszej jako\u015bci stali chirurgicznej o jubilerskim wyko\u0144czeniu. Zaprojektowany specjalnie po to, by zapewni\u0107 wygodne otwieranie puszek z naszym kawiorem.","og_url":"https:\/\/antoniuscaviar.com\/pl\/produkt\/tin-opener\/","og_site_name":"Sklep \u2014 Antonius Caviar","og_image":[{"width":1080,"height":1080,"url":"https:\/\/antoniuscaviar.com\/wp-content\/uploads\/2026\/02\/kluczyk_E_v001_1.png","type":"image\/png"}],"twitter_card":"summary_large_image","schema":{"@context":"https:\/\/schema.org","@graph":[{"@type":"WebPage","@id":"https:\/\/antoniuscaviar.com\/pl\/produkt\/tin-opener\/","url":"https:\/\/antoniuscaviar.com\/pl\/produkt\/tin-opener\/","name":"Otwieracz Antonius - Sklep \u2014 Antonius Caviar","isPartOf":{"@id":"https:\/\/antoniuscaviar.com\/pl\/#website"},"datePublished":"2026-03-06T17:34:14+00:00","dateModified":"2026-03-06T17:34:14+00:00","breadcrumb":{"@id":"https:\/\/antoniuscaviar.com\/pl\/produkt\/tin-opener\/#breadcrumb"},"inLanguage":"pl-PL","potentialAction":[{"@type":"ReadAction","target":["https:\/\/antoniuscaviar.com\/pl\/produkt\/tin-opener\/"]}]},{"@type":"BreadcrumbList","@id":"https:\/\/antoniuscaviar.com\/pl\/produkt\/tin-opener\/#breadcrumb","itemListElement":[{"@type":"ListItem","position":1,"name":"Home","item":"https:\/\/antoniuscaviar.com\/pl\/"},{"@type":"ListItem","position":2,"name":"Pe\u0142na oferta","item":"https:\/\/antoniuscaviar.com\/pl\/sklep\/"},{"@type":"ListItem","position":3,"name":"Otwieracz Antonius"}]},{"@type":"WebSite","@id":"https:\/\/antoniuscaviar.com\/pl\/#website","url":"https:\/\/antoniuscaviar.com\/pl\/","name":"Sklep \u2014 Antonius Caviar","description":"","potentialAction":[{"@type":"SearchAction","target":{"@type":"EntryPoint","urlTemplate":"https:\/\/antoniuscaviar.com\/pl\/?s={search_term_string}"},"query-input":"required name=search_term_string"}],"inLanguage":"pl-PL"}]}},"_links":{"self":[{"href":"https:\/\/antoniuscaviar.com\/pl\/wp-json\/wp\/v2\/product\/23291"}],"collection":[{"href":"https:\/\/antoniuscaviar.com\/pl\/wp-json\/wp\/v2\/product"}],"about":[{"href":"https:\/\/antoniuscaviar.com\/pl\/wp-json\/wp\/v2\/types\/product"}],"replies":[{"embeddable":true,"href":"https:\/\/antoniuscaviar.com\/pl\/wp-json\/wp\/v2\/comments?post=23291"}],"wp:featuredmedia":[{"embeddable":true,"href":"https:\/\/antoniuscaviar.com\/pl\/wp-json\/wp\/v2\/media\/23302"}],"wp:attachment":[{"href":"https:\/\/antoniuscaviar.com\/pl\/wp-json\/wp\/v2\/media?parent=23291"}],"wp:term":[{"taxonomy":"product_cat","embeddable":true,"href":"https:\/\/antoniuscaviar.com\/pl\/wp-json\/wp\/v2\/product_cat?post=23291"},{"taxonomy":"product_tag","embeddable":true,"href":"https:\/\/antoniuscaviar.com\/pl\/wp-json\/wp\/v2\/product_tag?post=23291"}],"curies":[{"name":"wp","href":"https:\/\/api.w.org\/{rel}","templated":true}]}}