{"id":25,"date":"2015-12-05T10:41:37","date_gmt":"2015-12-05T10:41:37","guid":{"rendered":"https:\/\/antoniuscaviar.com\/produkt\/oscietra-caviar-6-star\/"},"modified":"2026-04-24T13:48:39","modified_gmt":"2026-04-24T11:48:39","slug":"oscietra-caviar-6-star","status":"publish","type":"product","link":"https:\/\/antoniuscaviar.com\/pl\/produkt\/oscietra-caviar-6-star\/","title":{"rendered":"Oscietra Caviar 6*"},"content":{"rendered":"<p>Prawdziwa per\u0142a w\u015br\u00f3d kawior\u00f3w &#8211; Oscietra pochodzi z jesiotr\u00f3w gatunku Acipenser gueldenstaedtii (jesiotr rosyjski) i jest jednym z najwy\u017cej cenionych kawior\u00f3w na \u015bwiecie. Posiada zwarte, spr\u0119\u017cyste ziarenka o g\u0142adkiej i aksamitnej konsystencji. Charakteryzuje si\u0119 kremowym smakiem, z nutami umami, orzech\u00f3w i mas\u0142a, zr\u00f3wnowa\u017conymi delikatn\u0105 s\u0142ono\u015bci\u0105.<\/p>\n<p>&nbsp;<\/p>\n<p>Oscietra rozp\u0142ywa si\u0119\u00a0 w ustach z niezr\u00f3wnanym finiszem na podniebieniu, stopniowo uwalniaj\u0105c z\u0142o\u017con\u0105 i wyrafinowan\u0105 palet\u0119 dozna\u0144. Jej smak jest uwa\u017cany za delikatny i elegancki, a jednocze\u015bnie nasycony, bogaty i wyrazisty.<\/p>\n<p>&nbsp;<\/p>\n<p>Nasza 6-gwiazdkowa Oscietra pochodzi z naszych najdojrzalszych, hodowanych nawet 15 lat samic jesiotra. Posiada najwi\u0119ksze koraliki ikry ze wszystkich naszych Oscietr. Per\u0142y maj\u0105 \u015brednic\u0119 powy\u017cej 3 mm, a kolory oscyluj\u0105 pomi\u0119dzy szarym, br\u0105zowym i oliwkowym, ze z\u0142otymi refleksami. W ikrze o tej \u015brednicy spotka\u0107 mo\u017cna wyj\u0105tkowo jasne barwy &#8211; szczeg\u00f3lnie cenione przez koneser\u00f3w. To absolutna per\u0142a naszej kolekcji.<\/p>\n<p>&nbsp;<\/p>\n<p>Przyrz\u0105dzamy j\u0105 tradycyjn\u0105 metod\u0105 Malossol, czyli z dodatkiem niewielkiej ilo\u015bci soli.<\/p>\n","protected":false},"excerpt":{"rendered":"<p>\u015brednica ziarna powy\u017cej 3 mm<\/p>\n","protected":false},"featured_media":8328,"comment_status":"closed","ping_status":"closed","template":"","meta":{"inline_featured_image":false},"product_cat":[7],"product_tag":[],"acf":[],"yoast_head":"<!-- This site is optimized with the Yoast SEO plugin v19.10 - https:\/\/yoast.com\/wordpress\/plugins\/seo\/ -->\n<title>Oscietra Caviar 6* - Sklep \u2014 Antonius Caviar<\/title>\n<meta name=\"robots\" content=\"index, follow, max-snippet:-1, max-image-preview:large, max-video-preview:-1\" \/>\n<link rel=\"canonical\" href=\"https:\/\/antoniuscaviar.com\/pl\/produkt\/oscietra-caviar-6-star\/\" \/>\n<meta property=\"og:locale\" content=\"pl_PL\" \/>\n<meta property=\"og:type\" content=\"article\" \/>\n<meta property=\"og:title\" content=\"Oscietra Caviar 6* - Sklep \u2014 Antonius Caviar\" \/>\n<meta property=\"og:description\" content=\"\u015brednica ziarna powy\u017cej 3 mm\" \/>\n<meta property=\"og:url\" content=\"https:\/\/antoniuscaviar.com\/pl\/produkt\/oscietra-caviar-6-star\/\" \/>\n<meta property=\"og:site_name\" content=\"Sklep \u2014 Antonius Caviar\" \/>\n<meta property=\"article:modified_time\" content=\"2026-04-24T11:48:39+00:00\" \/>\n<meta property=\"og:image\" content=\"https:\/\/antoniuscaviar.com\/wp-content\/uploads\/2015\/12\/can_oscietra_6stars.png\" \/>\n\t<meta property=\"og:image:width\" content=\"1439\" \/>\n\t<meta property=\"og:image:height\" content=\"1439\" \/>\n\t<meta property=\"og:image:type\" content=\"image\/png\" \/>\n<meta name=\"twitter:card\" content=\"summary_large_image\" \/>\n<meta name=\"twitter:label1\" content=\"Szacowany czas czytania\" \/>\n\t<meta name=\"twitter:data1\" content=\"1 minuta\" \/>\n<script type=\"application\/ld+json\" class=\"yoast-schema-graph\">{\"@context\":\"https:\/\/schema.org\",\"@graph\":[{\"@type\":\"WebPage\",\"@id\":\"https:\/\/antoniuscaviar.com\/pl\/produkt\/oscietra-caviar-6-star\/\",\"url\":\"https:\/\/antoniuscaviar.com\/pl\/produkt\/oscietra-caviar-6-star\/\",\"name\":\"Oscietra Caviar 6* - Sklep \u2014 Antonius Caviar\",\"isPartOf\":{\"@id\":\"https:\/\/antoniuscaviar.com\/pl\/#website\"},\"datePublished\":\"2015-12-05T10:41:37+00:00\",\"dateModified\":\"2026-04-24T11:48:39+00:00\",\"breadcrumb\":{\"@id\":\"https:\/\/antoniuscaviar.com\/pl\/produkt\/oscietra-caviar-6-star\/#breadcrumb\"},\"inLanguage\":\"pl-PL\",\"potentialAction\":[{\"@type\":\"ReadAction\",\"target\":[\"https:\/\/antoniuscaviar.com\/pl\/produkt\/oscietra-caviar-6-star\/\"]}]},{\"@type\":\"BreadcrumbList\",\"@id\":\"https:\/\/antoniuscaviar.com\/pl\/produkt\/oscietra-caviar-6-star\/#breadcrumb\",\"itemListElement\":[{\"@type\":\"ListItem\",\"position\":1,\"name\":\"Home\",\"item\":\"https:\/\/antoniuscaviar.com\/pl\/\"},{\"@type\":\"ListItem\",\"position\":2,\"name\":\"Pe\u0142na oferta\",\"item\":\"https:\/\/antoniuscaviar.com\/pl\/sklep\/\"},{\"@type\":\"ListItem\",\"position\":3,\"name\":\"Oscietra Caviar 6*\"}]},{\"@type\":\"WebSite\",\"@id\":\"https:\/\/antoniuscaviar.com\/pl\/#website\",\"url\":\"https:\/\/antoniuscaviar.com\/pl\/\",\"name\":\"Sklep \u2014 Antonius Caviar\",\"description\":\"\",\"potentialAction\":[{\"@type\":\"SearchAction\",\"target\":{\"@type\":\"EntryPoint\",\"urlTemplate\":\"https:\/\/antoniuscaviar.com\/pl\/?s={search_term_string}\"},\"query-input\":\"required name=search_term_string\"}],\"inLanguage\":\"pl-PL\"}]}<\/script>\n<!-- \/ Yoast SEO plugin. -->","yoast_head_json":{"title":"Oscietra Caviar 6* - Sklep \u2014 Antonius Caviar","robots":{"index":"index","follow":"follow","max-snippet":"max-snippet:-1","max-image-preview":"max-image-preview:large","max-video-preview":"max-video-preview:-1"},"canonical":"https:\/\/antoniuscaviar.com\/pl\/produkt\/oscietra-caviar-6-star\/","og_locale":"pl_PL","og_type":"article","og_title":"Oscietra Caviar 6* - Sklep \u2014 Antonius Caviar","og_description":"\u015brednica ziarna powy\u017cej 3 mm","og_url":"https:\/\/antoniuscaviar.com\/pl\/produkt\/oscietra-caviar-6-star\/","og_site_name":"Sklep \u2014 Antonius Caviar","article_modified_time":"2026-04-24T11:48:39+00:00","og_image":[{"width":1439,"height":1439,"url":"https:\/\/antoniuscaviar.com\/wp-content\/uploads\/2015\/12\/can_oscietra_6stars.png","type":"image\/png"}],"twitter_card":"summary_large_image","twitter_misc":{"Szacowany czas czytania":"1 minuta"},"schema":{"@context":"https:\/\/schema.org","@graph":[{"@type":"WebPage","@id":"https:\/\/antoniuscaviar.com\/pl\/produkt\/oscietra-caviar-6-star\/","url":"https:\/\/antoniuscaviar.com\/pl\/produkt\/oscietra-caviar-6-star\/","name":"Oscietra Caviar 6* - Sklep \u2014 Antonius Caviar","isPartOf":{"@id":"https:\/\/antoniuscaviar.com\/pl\/#website"},"datePublished":"2015-12-05T10:41:37+00:00","dateModified":"2026-04-24T11:48:39+00:00","breadcrumb":{"@id":"https:\/\/antoniuscaviar.com\/pl\/produkt\/oscietra-caviar-6-star\/#breadcrumb"},"inLanguage":"pl-PL","potentialAction":[{"@type":"ReadAction","target":["https:\/\/antoniuscaviar.com\/pl\/produkt\/oscietra-caviar-6-star\/"]}]},{"@type":"BreadcrumbList","@id":"https:\/\/antoniuscaviar.com\/pl\/produkt\/oscietra-caviar-6-star\/#breadcrumb","itemListElement":[{"@type":"ListItem","position":1,"name":"Home","item":"https:\/\/antoniuscaviar.com\/pl\/"},{"@type":"ListItem","position":2,"name":"Pe\u0142na oferta","item":"https:\/\/antoniuscaviar.com\/pl\/sklep\/"},{"@type":"ListItem","position":3,"name":"Oscietra Caviar 6*"}]},{"@type":"WebSite","@id":"https:\/\/antoniuscaviar.com\/pl\/#website","url":"https:\/\/antoniuscaviar.com\/pl\/","name":"Sklep \u2014 Antonius Caviar","description":"","potentialAction":[{"@type":"SearchAction","target":{"@type":"EntryPoint","urlTemplate":"https:\/\/antoniuscaviar.com\/pl\/?s={search_term_string}"},"query-input":"required name=search_term_string"}],"inLanguage":"pl-PL"}]}},"_links":{"self":[{"href":"https:\/\/antoniuscaviar.com\/pl\/wp-json\/wp\/v2\/product\/25"}],"collection":[{"href":"https:\/\/antoniuscaviar.com\/pl\/wp-json\/wp\/v2\/product"}],"about":[{"href":"https:\/\/antoniuscaviar.com\/pl\/wp-json\/wp\/v2\/types\/product"}],"replies":[{"embeddable":true,"href":"https:\/\/antoniuscaviar.com\/pl\/wp-json\/wp\/v2\/comments?post=25"}],"wp:featuredmedia":[{"embeddable":true,"href":"https:\/\/antoniuscaviar.com\/pl\/wp-json\/wp\/v2\/media\/8328"}],"wp:attachment":[{"href":"https:\/\/antoniuscaviar.com\/pl\/wp-json\/wp\/v2\/media?parent=25"}],"wp:term":[{"taxonomy":"product_cat","embeddable":true,"href":"https:\/\/antoniuscaviar.com\/pl\/wp-json\/wp\/v2\/product_cat?post=25"},{"taxonomy":"product_tag","embeddable":true,"href":"https:\/\/antoniuscaviar.com\/pl\/wp-json\/wp\/v2\/product_tag?post=25"}],"curies":[{"name":"wp","href":"https:\/\/api.w.org\/{rel}","templated":true}]}}