{"id":29,"date":"2015-12-05T10:44:46","date_gmt":"2015-12-05T10:44:46","guid":{"rendered":"https:\/\/antoniuscaviar.com\/produkt\/siberian-caviar-4-star\/"},"modified":"2026-04-22T19:42:56","modified_gmt":"2026-04-22T17:42:56","slug":"siberian-caviar-4-star","status":"publish","type":"product","link":"https:\/\/antoniuscaviar.com\/pl\/produkt\/siberian-caviar-4-star\/","title":{"rendered":"Siberian Caviar 4*"},"content":{"rendered":"<p>Siberian uwa\u017cany jest za jeden z najlepszych kawior\u00f3w na \u015bwiecie. Pochodzi z jesiotr\u00f3w gatunku Acipenser baerii (jesiotr syberyjski). Jego per\u0142y charakteryzuj\u0105 si\u0119 intensywnym, z\u0142o\u017conym, rze\u015bkim smakiem z wyra\u017anym i czystym finiszem, kt\u00f3ry d\u0142ugo utrzymuje si\u0119 w ustach. Da si\u0119 w nim wyczu\u0107 obecno\u015b\u0107 nut korzennych i drzewnych, zbalansowanych przez \u0142agodn\u0105 s\u0142ono\u015b\u0107.<\/p>\n<p>&nbsp;<\/p>\n<p>Do\u015bwiadczenia smakowe s\u0105 wyj\u0105tkowe dzi\u0119ki po\u0142\u0105czeniu \u015bwie\u017co\u015bci, intensywno\u015bci i g\u0142\u0119bi. Wyr\u00f3\u017cnia si\u0119 przyjemn\u0105 konsystencj\u0105, jego tekstura jest aksamitna i g\u0142adka, per\u0142y spr\u0119\u017cyste i l\u015bni\u0105ce.<\/p>\n<p>&nbsp;<\/p>\n<p>W\u015br\u00f3d naszych Siberian\u00f3w Siberian 4-gwiazdkowy posiada najmniejsze koraliki ikry. Per\u0142y maj\u0105 \u015brednic\u0119 od 2,4 do 2,6 mm, a kolory oscyluj\u0105 pomi\u0119dzy czerni\u0105, szaro\u015bci\u0105 i odcieniami br\u0105zu.<\/p>\n<p>&nbsp;<\/p>\n<p>Przyrz\u0105dzamy go tradycyjn\u0105 metod\u0105 Malossol, czyli z dodatkiem niewielkiej ilo\u015bci soli.<\/p>\n","protected":false},"excerpt":{"rendered":"<p>\u015brednica ziarna 2,4-2,6 mm<\/p>\n","protected":false},"featured_media":8322,"comment_status":"closed","ping_status":"closed","template":"","meta":{"inline_featured_image":false},"product_cat":[8],"product_tag":[],"acf":[],"yoast_head":"<!-- This site is optimized with the Yoast SEO plugin v19.10 - https:\/\/yoast.com\/wordpress\/plugins\/seo\/ -->\n<title>Siberian Caviar 4* - Sklep \u2014 Antonius Caviar<\/title>\n<meta name=\"robots\" content=\"index, follow, max-snippet:-1, max-image-preview:large, max-video-preview:-1\" \/>\n<link rel=\"canonical\" href=\"https:\/\/antoniuscaviar.com\/pl\/produkt\/siberian-caviar-4-star\/\" \/>\n<meta property=\"og:locale\" content=\"pl_PL\" \/>\n<meta property=\"og:type\" content=\"article\" \/>\n<meta property=\"og:title\" content=\"Siberian Caviar 4* - Sklep \u2014 Antonius Caviar\" \/>\n<meta property=\"og:description\" content=\"\u015brednica ziarna 2,4-2,6 mm\" \/>\n<meta property=\"og:url\" content=\"https:\/\/antoniuscaviar.com\/pl\/produkt\/siberian-caviar-4-star\/\" \/>\n<meta property=\"og:site_name\" content=\"Sklep \u2014 Antonius Caviar\" \/>\n<meta property=\"article:modified_time\" content=\"2026-04-22T17:42:56+00:00\" \/>\n<meta property=\"og:image\" content=\"https:\/\/antoniuscaviar.com\/wp-content\/uploads\/2015\/12\/can_siberian_4stars-1024x1024.png\" \/>\n\t<meta property=\"og:image:width\" content=\"1024\" \/>\n\t<meta property=\"og:image:height\" content=\"1024\" \/>\n\t<meta property=\"og:image:type\" content=\"image\/png\" \/>\n<meta name=\"twitter:card\" content=\"summary_large_image\" \/>\n<meta name=\"twitter:label1\" content=\"Szacowany czas czytania\" \/>\n\t<meta name=\"twitter:data1\" content=\"1 minuta\" \/>\n<script type=\"application\/ld+json\" class=\"yoast-schema-graph\">{\"@context\":\"https:\/\/schema.org\",\"@graph\":[{\"@type\":\"WebPage\",\"@id\":\"https:\/\/antoniuscaviar.com\/pl\/produkt\/siberian-caviar-4-star\/\",\"url\":\"https:\/\/antoniuscaviar.com\/pl\/produkt\/siberian-caviar-4-star\/\",\"name\":\"Siberian Caviar 4* - Sklep \u2014 Antonius Caviar\",\"isPartOf\":{\"@id\":\"https:\/\/antoniuscaviar.com\/pl\/#website\"},\"datePublished\":\"2015-12-05T10:44:46+00:00\",\"dateModified\":\"2026-04-22T17:42:56+00:00\",\"breadcrumb\":{\"@id\":\"https:\/\/antoniuscaviar.com\/pl\/produkt\/siberian-caviar-4-star\/#breadcrumb\"},\"inLanguage\":\"pl-PL\",\"potentialAction\":[{\"@type\":\"ReadAction\",\"target\":[\"https:\/\/antoniuscaviar.com\/pl\/produkt\/siberian-caviar-4-star\/\"]}]},{\"@type\":\"BreadcrumbList\",\"@id\":\"https:\/\/antoniuscaviar.com\/pl\/produkt\/siberian-caviar-4-star\/#breadcrumb\",\"itemListElement\":[{\"@type\":\"ListItem\",\"position\":1,\"name\":\"Home\",\"item\":\"https:\/\/antoniuscaviar.com\/pl\/\"},{\"@type\":\"ListItem\",\"position\":2,\"name\":\"Pe\u0142na oferta\",\"item\":\"https:\/\/antoniuscaviar.com\/pl\/sklep\/\"},{\"@type\":\"ListItem\",\"position\":3,\"name\":\"Siberian Caviar 4*\"}]},{\"@type\":\"WebSite\",\"@id\":\"https:\/\/antoniuscaviar.com\/pl\/#website\",\"url\":\"https:\/\/antoniuscaviar.com\/pl\/\",\"name\":\"Sklep \u2014 Antonius Caviar\",\"description\":\"\",\"potentialAction\":[{\"@type\":\"SearchAction\",\"target\":{\"@type\":\"EntryPoint\",\"urlTemplate\":\"https:\/\/antoniuscaviar.com\/pl\/?s={search_term_string}\"},\"query-input\":\"required name=search_term_string\"}],\"inLanguage\":\"pl-PL\"}]}<\/script>\n<!-- \/ Yoast SEO plugin. -->","yoast_head_json":{"title":"Siberian Caviar 4* - Sklep \u2014 Antonius Caviar","robots":{"index":"index","follow":"follow","max-snippet":"max-snippet:-1","max-image-preview":"max-image-preview:large","max-video-preview":"max-video-preview:-1"},"canonical":"https:\/\/antoniuscaviar.com\/pl\/produkt\/siberian-caviar-4-star\/","og_locale":"pl_PL","og_type":"article","og_title":"Siberian Caviar 4* - Sklep \u2014 Antonius Caviar","og_description":"\u015brednica ziarna 2,4-2,6 mm","og_url":"https:\/\/antoniuscaviar.com\/pl\/produkt\/siberian-caviar-4-star\/","og_site_name":"Sklep \u2014 Antonius Caviar","article_modified_time":"2026-04-22T17:42:56+00:00","og_image":[{"width":1024,"height":1024,"url":"https:\/\/antoniuscaviar.com\/wp-content\/uploads\/2015\/12\/can_siberian_4stars-1024x1024.png","type":"image\/png"}],"twitter_card":"summary_large_image","twitter_misc":{"Szacowany czas czytania":"1 minuta"},"schema":{"@context":"https:\/\/schema.org","@graph":[{"@type":"WebPage","@id":"https:\/\/antoniuscaviar.com\/pl\/produkt\/siberian-caviar-4-star\/","url":"https:\/\/antoniuscaviar.com\/pl\/produkt\/siberian-caviar-4-star\/","name":"Siberian Caviar 4* - Sklep \u2014 Antonius Caviar","isPartOf":{"@id":"https:\/\/antoniuscaviar.com\/pl\/#website"},"datePublished":"2015-12-05T10:44:46+00:00","dateModified":"2026-04-22T17:42:56+00:00","breadcrumb":{"@id":"https:\/\/antoniuscaviar.com\/pl\/produkt\/siberian-caviar-4-star\/#breadcrumb"},"inLanguage":"pl-PL","potentialAction":[{"@type":"ReadAction","target":["https:\/\/antoniuscaviar.com\/pl\/produkt\/siberian-caviar-4-star\/"]}]},{"@type":"BreadcrumbList","@id":"https:\/\/antoniuscaviar.com\/pl\/produkt\/siberian-caviar-4-star\/#breadcrumb","itemListElement":[{"@type":"ListItem","position":1,"name":"Home","item":"https:\/\/antoniuscaviar.com\/pl\/"},{"@type":"ListItem","position":2,"name":"Pe\u0142na oferta","item":"https:\/\/antoniuscaviar.com\/pl\/sklep\/"},{"@type":"ListItem","position":3,"name":"Siberian Caviar 4*"}]},{"@type":"WebSite","@id":"https:\/\/antoniuscaviar.com\/pl\/#website","url":"https:\/\/antoniuscaviar.com\/pl\/","name":"Sklep \u2014 Antonius Caviar","description":"","potentialAction":[{"@type":"SearchAction","target":{"@type":"EntryPoint","urlTemplate":"https:\/\/antoniuscaviar.com\/pl\/?s={search_term_string}"},"query-input":"required name=search_term_string"}],"inLanguage":"pl-PL"}]}},"_links":{"self":[{"href":"https:\/\/antoniuscaviar.com\/pl\/wp-json\/wp\/v2\/product\/29"}],"collection":[{"href":"https:\/\/antoniuscaviar.com\/pl\/wp-json\/wp\/v2\/product"}],"about":[{"href":"https:\/\/antoniuscaviar.com\/pl\/wp-json\/wp\/v2\/types\/product"}],"replies":[{"embeddable":true,"href":"https:\/\/antoniuscaviar.com\/pl\/wp-json\/wp\/v2\/comments?post=29"}],"wp:featuredmedia":[{"embeddable":true,"href":"https:\/\/antoniuscaviar.com\/pl\/wp-json\/wp\/v2\/media\/8322"}],"wp:attachment":[{"href":"https:\/\/antoniuscaviar.com\/pl\/wp-json\/wp\/v2\/media?parent=29"}],"wp:term":[{"taxonomy":"product_cat","embeddable":true,"href":"https:\/\/antoniuscaviar.com\/pl\/wp-json\/wp\/v2\/product_cat?post=29"},{"taxonomy":"product_tag","embeddable":true,"href":"https:\/\/antoniuscaviar.com\/pl\/wp-json\/wp\/v2\/product_tag?post=29"}],"curies":[{"name":"wp","href":"https:\/\/api.w.org\/{rel}","templated":true}]}}