{"id":98,"date":"2016-08-31T10:05:33","date_gmt":"2016-08-31T10:05:33","guid":{"rendered":"https:\/\/antoniuscaviar.com\/?post_type=product&#038;p=98"},"modified":"2026-04-20T21:07:29","modified_gmt":"2026-04-20T19:07:29","slug":"antonius-caviar-premium","status":"publish","type":"product","link":"https:\/\/antoniuscaviar.com\/pl\/produkt\/antonius-caviar-premium\/","title":{"rendered":"Antonius Caviar Premium"},"content":{"rendered":"<p><strong>2 x Siberian 6*<\/strong><\/p>\n<p>&nbsp;<\/p>\n<p>Per\u0142a w\u015br\u00f3d kawior\u00f3w. Najbardziej szlachetna odmiana naszego Siberiana o najwi\u0119kszych w\u015br\u00f3d Siberian\u00f3w koralikach ikry (\u015brednica powy\u017cej 2,7 mm) w podw\u00f3jnym zestawie.<\/p>\n<p>&nbsp;<\/p>\n<p>Puszki kawioru umieszczone w czarnym jubilerskim pude\u0142ku na pos\u0142aniu z flokowanej g\u0105bki.<\/p>\n<p>W zestawie elegancka \u0142y\u017ceczka z prawdziwej masy per\u0142owej.<\/p>\n<p>&nbsp;<\/p>\n<p>Zestaw zawiera:<\/p>\n<p>2 x Siberian 6*<\/p>\n<p>\u0142y\u017ceczka z masy per\u0142owej<\/p>\n<p>eleganckie pude\u0142ko<\/p>\n<p>&nbsp;<\/p>\n<p>Dost\u0119pny w opcji: 2 x 30 g lub 2 x 50 g.<\/p>\n","protected":false},"excerpt":{"rendered":"<p>Podw\u00f3jny 6-gwiazdkowy Siberian<br \/>\nwraz z \u0142y\u017ceczk\u0105 z masy per\u0142owej<\/p>\n","protected":false},"featured_media":20781,"comment_status":"closed","ping_status":"closed","template":"","meta":{"inline_featured_image":false},"product_cat":[12],"product_tag":[],"acf":[],"yoast_head":"<!-- This site is optimized with the Yoast SEO plugin v19.10 - https:\/\/yoast.com\/wordpress\/plugins\/seo\/ -->\n<title>Antonius Caviar Premium - Sklep \u2014 Antonius Caviar<\/title>\n<meta name=\"robots\" content=\"index, follow, max-snippet:-1, max-image-preview:large, max-video-preview:-1\" \/>\n<link rel=\"canonical\" href=\"https:\/\/antoniuscaviar.com\/pl\/produkt\/antonius-caviar-premium\/\" \/>\n<meta property=\"og:locale\" content=\"pl_PL\" \/>\n<meta property=\"og:type\" content=\"article\" \/>\n<meta property=\"og:title\" content=\"Antonius Caviar Premium - Sklep \u2014 Antonius Caviar\" \/>\n<meta property=\"og:description\" content=\"Podw\u00f3jny 6-gwiazdkowy Siberian wraz z \u0142y\u017ceczk\u0105 z masy per\u0142owej\" \/>\n<meta property=\"og:url\" content=\"https:\/\/antoniuscaviar.com\/pl\/produkt\/antonius-caviar-premium\/\" \/>\n<meta property=\"og:site_name\" content=\"Sklep \u2014 Antonius Caviar\" \/>\n<meta property=\"article:modified_time\" content=\"2026-04-20T19:07:29+00:00\" \/>\n<meta property=\"og:image\" content=\"https:\/\/antoniuscaviar.com\/wp-content\/uploads\/2016\/08\/premium.png\" \/>\n\t<meta property=\"og:image:width\" content=\"1433\" \/>\n\t<meta property=\"og:image:height\" content=\"1433\" \/>\n\t<meta property=\"og:image:type\" content=\"image\/png\" \/>\n<meta name=\"twitter:card\" content=\"summary_large_image\" \/>\n<meta name=\"twitter:label1\" content=\"Szacowany czas czytania\" \/>\n\t<meta name=\"twitter:data1\" content=\"1 minuta\" \/>\n<script type=\"application\/ld+json\" class=\"yoast-schema-graph\">{\"@context\":\"https:\/\/schema.org\",\"@graph\":[{\"@type\":\"WebPage\",\"@id\":\"https:\/\/antoniuscaviar.com\/pl\/produkt\/antonius-caviar-premium\/\",\"url\":\"https:\/\/antoniuscaviar.com\/pl\/produkt\/antonius-caviar-premium\/\",\"name\":\"Antonius Caviar Premium - Sklep \u2014 Antonius Caviar\",\"isPartOf\":{\"@id\":\"https:\/\/antoniuscaviar.com\/pl\/#website\"},\"datePublished\":\"2016-08-31T10:05:33+00:00\",\"dateModified\":\"2026-04-20T19:07:29+00:00\",\"breadcrumb\":{\"@id\":\"https:\/\/antoniuscaviar.com\/pl\/produkt\/antonius-caviar-premium\/#breadcrumb\"},\"inLanguage\":\"pl-PL\",\"potentialAction\":[{\"@type\":\"ReadAction\",\"target\":[\"https:\/\/antoniuscaviar.com\/pl\/produkt\/antonius-caviar-premium\/\"]}]},{\"@type\":\"BreadcrumbList\",\"@id\":\"https:\/\/antoniuscaviar.com\/pl\/produkt\/antonius-caviar-premium\/#breadcrumb\",\"itemListElement\":[{\"@type\":\"ListItem\",\"position\":1,\"name\":\"Home\",\"item\":\"https:\/\/antoniuscaviar.com\/pl\/\"},{\"@type\":\"ListItem\",\"position\":2,\"name\":\"Pe\u0142na oferta\",\"item\":\"https:\/\/antoniuscaviar.com\/pl\/sklep\/\"},{\"@type\":\"ListItem\",\"position\":3,\"name\":\"Antonius Caviar Premium\"}]},{\"@type\":\"WebSite\",\"@id\":\"https:\/\/antoniuscaviar.com\/pl\/#website\",\"url\":\"https:\/\/antoniuscaviar.com\/pl\/\",\"name\":\"Sklep \u2014 Antonius Caviar\",\"description\":\"\",\"potentialAction\":[{\"@type\":\"SearchAction\",\"target\":{\"@type\":\"EntryPoint\",\"urlTemplate\":\"https:\/\/antoniuscaviar.com\/pl\/?s={search_term_string}\"},\"query-input\":\"required name=search_term_string\"}],\"inLanguage\":\"pl-PL\"}]}<\/script>\n<!-- \/ Yoast SEO plugin. -->","yoast_head_json":{"title":"Antonius Caviar Premium - Sklep \u2014 Antonius Caviar","robots":{"index":"index","follow":"follow","max-snippet":"max-snippet:-1","max-image-preview":"max-image-preview:large","max-video-preview":"max-video-preview:-1"},"canonical":"https:\/\/antoniuscaviar.com\/pl\/produkt\/antonius-caviar-premium\/","og_locale":"pl_PL","og_type":"article","og_title":"Antonius Caviar Premium - Sklep \u2014 Antonius Caviar","og_description":"Podw\u00f3jny 6-gwiazdkowy Siberian wraz z \u0142y\u017ceczk\u0105 z masy per\u0142owej","og_url":"https:\/\/antoniuscaviar.com\/pl\/produkt\/antonius-caviar-premium\/","og_site_name":"Sklep \u2014 Antonius Caviar","article_modified_time":"2026-04-20T19:07:29+00:00","og_image":[{"width":1433,"height":1433,"url":"https:\/\/antoniuscaviar.com\/wp-content\/uploads\/2016\/08\/premium.png","type":"image\/png"}],"twitter_card":"summary_large_image","twitter_misc":{"Szacowany czas czytania":"1 minuta"},"schema":{"@context":"https:\/\/schema.org","@graph":[{"@type":"WebPage","@id":"https:\/\/antoniuscaviar.com\/pl\/produkt\/antonius-caviar-premium\/","url":"https:\/\/antoniuscaviar.com\/pl\/produkt\/antonius-caviar-premium\/","name":"Antonius Caviar Premium - Sklep \u2014 Antonius Caviar","isPartOf":{"@id":"https:\/\/antoniuscaviar.com\/pl\/#website"},"datePublished":"2016-08-31T10:05:33+00:00","dateModified":"2026-04-20T19:07:29+00:00","breadcrumb":{"@id":"https:\/\/antoniuscaviar.com\/pl\/produkt\/antonius-caviar-premium\/#breadcrumb"},"inLanguage":"pl-PL","potentialAction":[{"@type":"ReadAction","target":["https:\/\/antoniuscaviar.com\/pl\/produkt\/antonius-caviar-premium\/"]}]},{"@type":"BreadcrumbList","@id":"https:\/\/antoniuscaviar.com\/pl\/produkt\/antonius-caviar-premium\/#breadcrumb","itemListElement":[{"@type":"ListItem","position":1,"name":"Home","item":"https:\/\/antoniuscaviar.com\/pl\/"},{"@type":"ListItem","position":2,"name":"Pe\u0142na oferta","item":"https:\/\/antoniuscaviar.com\/pl\/sklep\/"},{"@type":"ListItem","position":3,"name":"Antonius Caviar Premium"}]},{"@type":"WebSite","@id":"https:\/\/antoniuscaviar.com\/pl\/#website","url":"https:\/\/antoniuscaviar.com\/pl\/","name":"Sklep \u2014 Antonius Caviar","description":"","potentialAction":[{"@type":"SearchAction","target":{"@type":"EntryPoint","urlTemplate":"https:\/\/antoniuscaviar.com\/pl\/?s={search_term_string}"},"query-input":"required name=search_term_string"}],"inLanguage":"pl-PL"}]}},"_links":{"self":[{"href":"https:\/\/antoniuscaviar.com\/pl\/wp-json\/wp\/v2\/product\/98"}],"collection":[{"href":"https:\/\/antoniuscaviar.com\/pl\/wp-json\/wp\/v2\/product"}],"about":[{"href":"https:\/\/antoniuscaviar.com\/pl\/wp-json\/wp\/v2\/types\/product"}],"replies":[{"embeddable":true,"href":"https:\/\/antoniuscaviar.com\/pl\/wp-json\/wp\/v2\/comments?post=98"}],"wp:featuredmedia":[{"embeddable":true,"href":"https:\/\/antoniuscaviar.com\/pl\/wp-json\/wp\/v2\/media\/20781"}],"wp:attachment":[{"href":"https:\/\/antoniuscaviar.com\/pl\/wp-json\/wp\/v2\/media?parent=98"}],"wp:term":[{"taxonomy":"product_cat","embeddable":true,"href":"https:\/\/antoniuscaviar.com\/pl\/wp-json\/wp\/v2\/product_cat?post=98"},{"taxonomy":"product_tag","embeddable":true,"href":"https:\/\/antoniuscaviar.com\/pl\/wp-json\/wp\/v2\/product_tag?post=98"}],"curies":[{"name":"wp","href":"https:\/\/api.w.org\/{rel}","templated":true}]}}